{"id":9615,"date":"2024-04-22T17:05:43","date_gmt":"2024-04-22T22:05:43","guid":{"rendered":"https:\/\/hsdp.gov.co\/portal\/?page_id=9615"},"modified":"2024-04-22T17:09:34","modified_gmt":"2024-04-22T22:09:34","slug":"traslado-asistencial","status":"publish","type":"page","link":"https:\/\/hsdp.gov.co\/portal\/traslado-asistencial\/","title":{"rendered":"TRASLADO ASISTENCIAL"},"content":{"rendered":"\n<div class=\"container section-title-container\" ><h2 class=\"section-title section-title-center\"><b><\/b><span class=\"section-title-main\" style=\"color:rgb(134, 193, 99);\">TRASLADO ASISTENCIAL<\/span><b><\/b><\/h2><\/div><!-- .section-title -->\n\n<div class=\"row\"  id=\"row-593038831\">\n\n<div class=\"col medium-6 small-12 large-6\"  ><div class=\"col-inner\"  >\n\n<h3 style=\"text-align: center;\"><span style=\"color: #116896;\"><strong>TRANSPORTE DE AMBULANCIAS<\/strong><\/span><\/h3>\n<h4 style=\"text-align: center;\"><strong>MEDICALIZADO<\/strong><\/h4>\n<p style=\"text-align: center;\">Equipo especializado y veh\u00edculo m\u00e9dico equipado para transportar a pacientes en estado cr\u00edtico o que requieren atenci\u00f3n m\u00e9dica avanzada de un lugar a otro, como desde un hospital a otro, desde un lugar de accidente a un centro m\u00e9dico, o de un hospital a UCI.<\/p>\n<h4 style=\"text-align: center;\"><strong>B\u00c1SICO<\/strong><\/h4>\n<p style=\"text-align: center;\">Equipo y veh\u00edculo de transporte m\u00e9dico dise\u00f1ado para llevar a cabo el traslado de pacientes que no requieren atenci\u00f3n m\u00e9dica avanzada durante el transporte, pero que necesitan ser movilizados de manera segura de un lugar a otro, como desde su hogar a un hospital.<\/p>\n\n<\/div><\/div>\n<div class=\"col medium-6 small-12 large-6\"  ><div class=\"col-inner\"  >\n\n<h3 style=\"text-align: center;\"><span style=\"color: #116896;\"><strong>REFERENCIA Y CONTRAREFERENCIA<\/strong><\/span><\/h3>\n<p style=\"text-align: center;\">La referencia y contrarreferencia son procesos fundamentales en el \u00e1mbito de la atenci\u00f3n m\u00e9dica, especialmente en el contexto hospitalario. Su importancia radica en varios aspectos clave que benefician tanto a los pacientes como al sistema de salud en general teniendo en cuenta la continuidad de la atenci\u00f3n, optimizaci\u00f3n de recursos, acceso oportuno a especialistas, comunicaci\u00f3n efectiva entre profesionales de la salud, eficiencia en el sistema de salud, entre otros proporcionando una atenci\u00f3n m\u00e9dica integral, eficiente y de calidad<\/p>\n\n<\/div><\/div>\n\n<\/div>\n\n","protected":false},"excerpt":{"rendered":"","protected":false},"author":1,"featured_media":0,"parent":0,"menu_order":0,"comment_status":"closed","ping_status":"closed","template":"","meta":{"footnotes":""},"_links":{"self":[{"href":"https:\/\/hsdp.gov.co\/portal\/wp-json\/wp\/v2\/pages\/9615"}],"collection":[{"href":"https:\/\/hsdp.gov.co\/portal\/wp-json\/wp\/v2\/pages"}],"about":[{"href":"https:\/\/hsdp.gov.co\/portal\/wp-json\/wp\/v2\/types\/page"}],"author":[{"embeddable":true,"href":"https:\/\/hsdp.gov.co\/portal\/wp-json\/wp\/v2\/users\/1"}],"replies":[{"embeddable":true,"href":"https:\/\/hsdp.gov.co\/portal\/wp-json\/wp\/v2\/comments?post=9615"}],"version-history":[{"count":2,"href":"https:\/\/hsdp.gov.co\/portal\/wp-json\/wp\/v2\/pages\/9615\/revisions"}],"predecessor-version":[{"id":9618,"href":"https:\/\/hsdp.gov.co\/portal\/wp-json\/wp\/v2\/pages\/9615\/revisions\/9618"}],"wp:attachment":[{"href":"https:\/\/hsdp.gov.co\/portal\/wp-json\/wp\/v2\/media?parent=9615"}],"curies":[{"name":"wp","href":"https:\/\/api.w.org\/{rel}","templated":true}]}}