{"id":9609,"date":"2024-04-22T16:48:07","date_gmt":"2024-04-22T21:48:07","guid":{"rendered":"https:\/\/hsdp.gov.co\/portal\/?page_id=9609"},"modified":"2024-04-22T16:56:10","modified_gmt":"2024-04-22T21:56:10","slug":"apoyo-terapeutico","status":"publish","type":"page","link":"https:\/\/hsdp.gov.co\/portal\/apoyo-terapeutico\/","title":{"rendered":"APOYO TERAP\u00c9UTICO"},"content":{"rendered":"\n<div class=\"container section-title-container\" ><h2 class=\"section-title section-title-center\"><b><\/b><span class=\"section-title-main\" style=\"color:rgb(134, 193, 99);\">APOYO TERAP\u00c9UTICO<\/span><b><\/b><\/h2><\/div><!-- .section-title -->\n\n<div class=\"row\"  id=\"row-132112123\">\n\n<div class=\"col medium-6 small-12 large-6\"  ><div class=\"col-inner\"  >\n\n<h3 style=\"text-align: center;\"><span style=\"color: #116896;\"><strong>FISIOTERAPIA<\/strong><\/span><\/h3>\n<p style=\"text-align: center;\">Es una disciplina de la atenci\u00f3n m\u00e9dica que se enfoca en la evaluaci\u00f3n, diagn\u00f3stico, tratamiento y prevenci\u00f3n de trastornos f\u00edsicos y funcionales del cuerpo. Se utiliza una variedad de t\u00e9cnicas y modalidades terap\u00e9uticas para mejorar la funci\u00f3n f\u00edsica, reducir el dolor, promover la movilidad y la recuperaci\u00f3n en pacientes de todas las edades.<\/p>\n\n<\/div><\/div>\n<div class=\"col medium-6 small-12 large-6\"  ><div class=\"col-inner\"  >\n\n<h3 style=\"text-align: center;\"><span style=\"color: #116896;\"><strong>TERAPIA RESPIRATORIA<\/strong><\/span><\/h3>\n<p style=\"text-align: center;\">El servicio de terapia respiratoria es una forma de atenci\u00f3n de salud y rehabilitaci\u00f3n que se enfoca en ayudar a las personas a desarrollar o recuperar habilidades relacionadas con el aparato respiratorio, necesarias para llevar a cabo actividades diarias significativas y funcionales.<\/p>\n\n<\/div><\/div>\n\n<\/div>\n<div class=\"row\"  id=\"row-1375527439\">\n\n<div class=\"col medium-6 small-12 large-6\"  ><div class=\"col-inner\"  >\n\n<h3 style=\"text-align: center;\"><span style=\"color: #116896;\"><strong>TERAPIA OCUPACIONAL<\/strong><\/span><\/h3>\n<p style=\"text-align: center;\">El servicio de terapia ocupacional se destaca por la atenci\u00f3n de salud y rehabilitaci\u00f3n que se enfoca en ayudar a las personas a desarrollar o recuperar habilidades necesarias para llevar a cabo actividades diarias significativas y funcionales.<\/p>\n\n<\/div><\/div>\n<div class=\"col medium-6 small-12 large-6\"  ><div class=\"col-inner\"  >\n\n<h3 style=\"text-align: center;\"><span style=\"color: #116896;\"><strong>FONOAUDIOLOG\u00cdA<\/strong><\/span><\/h3>\n<p style=\"text-align: center;\">Se centra en la evaluaci\u00f3n, diagn\u00f3stico, tratamiento y prevenci\u00f3n de trastornos relacionados con la comunicaci\u00f3n tanto en el habla como en el lenguaje. Los profesionales trabajan con personas de todas las edades y abordar problemas relacionados con la comunicaci\u00f3n y la degluci\u00f3n.<\/p>\n\n<\/div><\/div>\n\n<\/div>\n<div class=\"row\"  id=\"row-509823718\">\n\n<div class=\"col medium-6 small-12 large-6\"  ><div class=\"col-inner\"  >\n\n<h3 style=\"text-align: center;\"><span style=\"color: #116896;\"><strong>SERVICIO FARMAC\u00c9UTICO<\/strong><\/span><\/h3>\n<p style=\"text-align: center;\">Ofrecen una amplia gama de servicios relacionados con medicamentos y terapias farmacol\u00f3gicas a pacientes hospitalizados, m\u00e9dicos, enfermeras. Su objetivo principal es garantizar el uso seguro, efectivo y adecuado de los medicamentos, as\u00ed como optimizar la terapia farmacol\u00f3gica de los pacientes.<\/p>\n\n<\/div><\/div>\n<div class=\"col medium-6 small-12 large-6\"  ><div class=\"col-inner\"  >\n\n<h3 style=\"text-align: center;\"><span style=\"color: #116896;\"><strong>TRABAJO SOCIAL<\/strong><\/span><\/h3>\n<p style=\"text-align: center;\">Implica la participaci\u00f3n de profesionales que trabajan en colaboraci\u00f3n con el equipo de atenci\u00f3n m\u00e9dica para abordar las necesidades sociales, emocionales y psicol\u00f3gicas de los pacientes y sus familias mientras est\u00e1n hospitalizados.<br \/>Contribuye significativamente a los pacientes y sus familias durante un momento de vulnerabilidad ayudando a garantizar que los pacientes reciban la atenci\u00f3n integral que necesitan, tanto dentro como fuera del hospital, y desempe\u00f1a un papel fundamental en la coordinaci\u00f3n de la atenci\u00f3n m\u00e9dica.<\/p>\n\n<\/div><\/div>\n\n<\/div>\n\n","protected":false},"excerpt":{"rendered":"","protected":false},"author":1,"featured_media":0,"parent":0,"menu_order":0,"comment_status":"closed","ping_status":"closed","template":"","meta":{"footnotes":""},"_links":{"self":[{"href":"https:\/\/hsdp.gov.co\/portal\/wp-json\/wp\/v2\/pages\/9609"}],"collection":[{"href":"https:\/\/hsdp.gov.co\/portal\/wp-json\/wp\/v2\/pages"}],"about":[{"href":"https:\/\/hsdp.gov.co\/portal\/wp-json\/wp\/v2\/types\/page"}],"author":[{"embeddable":true,"href":"https:\/\/hsdp.gov.co\/portal\/wp-json\/wp\/v2\/users\/1"}],"replies":[{"embeddable":true,"href":"https:\/\/hsdp.gov.co\/portal\/wp-json\/wp\/v2\/comments?post=9609"}],"version-history":[{"count":3,"href":"https:\/\/hsdp.gov.co\/portal\/wp-json\/wp\/v2\/pages\/9609\/revisions"}],"predecessor-version":[{"id":9613,"href":"https:\/\/hsdp.gov.co\/portal\/wp-json\/wp\/v2\/pages\/9609\/revisions\/9613"}],"wp:attachment":[{"href":"https:\/\/hsdp.gov.co\/portal\/wp-json\/wp\/v2\/media?parent=9609"}],"curies":[{"name":"wp","href":"https:\/\/api.w.org\/{rel}","templated":true}]}}