{"id":9606,"date":"2024-04-22T16:43:27","date_gmt":"2024-04-22T21:43:27","guid":{"rendered":"https:\/\/hsdp.gov.co\/portal\/?page_id=9606"},"modified":"2024-04-22T16:43:29","modified_gmt":"2024-04-22T21:43:29","slug":"apoyo-diagnostico","status":"publish","type":"page","link":"https:\/\/hsdp.gov.co\/portal\/apoyo-diagnostico\/","title":{"rendered":"APOYO DIAGN\u00d3STICO"},"content":{"rendered":"\n<div class=\"container section-title-container\" ><h2 class=\"section-title section-title-center\"><b><\/b><span class=\"section-title-main\" style=\"color:rgb(134, 193, 99);\">APOYO DIAGN\u00d3STICO<\/span><b><\/b><\/h2><\/div><!-- .section-title -->\n\n<div class=\"row\"  id=\"row-208779542\">\n\n<div class=\"col medium-6 small-12 large-6\"  ><div class=\"col-inner\"  >\n\n<h3 style=\"text-align: center;\"><span style=\"color: #116896;\"><strong>RADIOLOG\u00cdA E IMAGENES DIAGN\u00d3STICAS<\/strong><\/span><\/h3>\n<p style=\"text-align: center;\">La Radiolog\u00eda e Im\u00e1genes Diagn\u00f3sticas son fundamentales para la toma de decisiones m\u00e9dicas y para proporcionar diagn\u00f3sticos precisos. Estas t\u00e9cnicas ayudan a identificar enfermedades y lesiones en etapas tempranas, lo que permite un tratamiento m\u00e1s efectivo. Tambi\u00e9n son esenciales en la planificaci\u00f3n de procedimientos m\u00e9dicos y quir\u00fargicos.<\/p>\n\n<\/div><\/div>\n<div class=\"col medium-6 small-12 large-6\"  ><div class=\"col-inner\"  >\n\n<h3 style=\"text-align: center;\"><span style=\"color: #116896;\"><strong>LABORATORIO CL\u00cdNICO<\/strong><\/span><\/h3>\n<p style=\"text-align: center;\">El servicio de Laboratorio Cl\u00ednico es una parte fundamental de la atenci\u00f3n m\u00e9dica que se centra en la realizaci\u00f3n de pruebas y an\u00e1lisis de muestras biol\u00f3gicas, como sangre, orina, tejidos y fluidos corporales, con el fin de diagnosticar enfermedades, evaluar la salud del paciente, monitorear la respuesta al tratamiento y proporcionar informaci\u00f3n valiosa para la toma de decisiones cl\u00ednicas<\/p>\n\n<\/div><\/div>\n\n<\/div>\n","protected":false},"excerpt":{"rendered":"","protected":false},"author":1,"featured_media":0,"parent":0,"menu_order":0,"comment_status":"closed","ping_status":"closed","template":"","meta":{"footnotes":""},"_links":{"self":[{"href":"https:\/\/hsdp.gov.co\/portal\/wp-json\/wp\/v2\/pages\/9606"}],"collection":[{"href":"https:\/\/hsdp.gov.co\/portal\/wp-json\/wp\/v2\/pages"}],"about":[{"href":"https:\/\/hsdp.gov.co\/portal\/wp-json\/wp\/v2\/types\/page"}],"author":[{"embeddable":true,"href":"https:\/\/hsdp.gov.co\/portal\/wp-json\/wp\/v2\/users\/1"}],"replies":[{"embeddable":true,"href":"https:\/\/hsdp.gov.co\/portal\/wp-json\/wp\/v2\/comments?post=9606"}],"version-history":[{"count":1,"href":"https:\/\/hsdp.gov.co\/portal\/wp-json\/wp\/v2\/pages\/9606\/revisions"}],"predecessor-version":[{"id":9607,"href":"https:\/\/hsdp.gov.co\/portal\/wp-json\/wp\/v2\/pages\/9606\/revisions\/9607"}],"wp:attachment":[{"href":"https:\/\/hsdp.gov.co\/portal\/wp-json\/wp\/v2\/media?parent=9606"}],"curies":[{"name":"wp","href":"https:\/\/api.w.org\/{rel}","templated":true}]}}