{"id":9334,"date":"2024-02-20T17:41:17","date_gmt":"2024-02-20T22:41:17","guid":{"rendered":"https:\/\/hsdp.gov.co\/portal\/?page_id=9334"},"modified":"2024-04-11T15:16:06","modified_gmt":"2024-04-11T20:16:06","slug":"rendicion-de-cuentas-vigencia-2023","status":"publish","type":"page","link":"https:\/\/hsdp.gov.co\/portal\/rendicion-de-cuentas-vigencia-2023\/","title":{"rendered":"Rendici\u00f3n de Cuentas Vigencia 2023"},"content":{"rendered":"\n<div class=\"container section-title-container\" ><h2 class=\"section-title section-title-center\"><b><\/b><span class=\"section-title-main\" style=\"color:rgb(26, 92, 141);\">Audiencia p\u00fablica de rendici\u00f3n de cuentas vigencia 2023<\/span><b><\/b><\/h2><\/div><!-- .section-title -->\n\n\t<div class=\"img has-hover x md-x lg-x y md-y lg-y\" id=\"image_547328948\">\n\t\t\t\t\t\t\t\t<div class=\"img-inner dark\" >\n\t\t\t<img loading=\"lazy\" decoding=\"async\" width=\"1020\" height=\"187\" src=\"https:\/\/hsdp.gov.co\/portal\/wp-content\/uploads\/2024\/03\/BANER-1.jpg\" class=\"attachment-large size-large\" alt=\"\" srcset=\"https:\/\/hsdp.gov.co\/portal\/wp-content\/uploads\/2024\/03\/BANER-1.jpg 1235w, https:\/\/hsdp.gov.co\/portal\/wp-content\/uploads\/2024\/03\/BANER-1-800x146.jpg 800w, https:\/\/hsdp.gov.co\/portal\/wp-content\/uploads\/2024\/03\/BANER-1-768x141.jpg 768w\" sizes=\"(max-width: 1020px) 100vw, 1020px\" \/>\t\t\t\t\t\t\n\t\t\t\t\t<\/div>\n\t\t\t\t\t\t\t\t\n<style scope=\"scope\">\n\n#image_547328948 {\n  width: 100%;\n}\n<\/style>\n\t<\/div>\n\t\n\n\t<section class=\"section\" id=\"section_1931663102\">\n\t\t<div class=\"bg section-bg fill bg-fill  bg-loaded\" >\n\n\t\t\t\n\t\t\t\n\t\t\t\n\n\t\t<\/div><!-- .section-bg -->\n\n\t\t<div class=\"section-content relative\">\n\t\t\t\n\n\t<div class=\"img has-hover x md-x lg-x y md-y lg-y\" id=\"image_122386779\">\n\t\t<a class=\"\" href=\"https:\/\/forms.gle\/1FtH9STvcKdiMHfp9\" target=\"_self\" >\t\t\t\t\t\t<div class=\"img-inner dark\" >\n\t\t\t<img loading=\"lazy\" decoding=\"async\" width=\"1020\" height=\"435\" src=\"https:\/\/hsdp.gov.co\/portal\/wp-content\/uploads\/2024\/02\/formule-sus-preguntas-micrositio.jpg\" class=\"attachment-large size-large\" alt=\"\" srcset=\"https:\/\/hsdp.gov.co\/portal\/wp-content\/uploads\/2024\/02\/formule-sus-preguntas-micrositio.jpg 1243w, https:\/\/hsdp.gov.co\/portal\/wp-content\/uploads\/2024\/02\/formule-sus-preguntas-micrositio-800x341.jpg 800w, https:\/\/hsdp.gov.co\/portal\/wp-content\/uploads\/2024\/02\/formule-sus-preguntas-micrositio-768x327.jpg 768w\" sizes=\"(max-width: 1020px) 100vw, 1020px\" \/>\t\t\t\t\t\t\n\t\t\t\t\t<\/div>\n\t\t\t\t\t\t<\/a>\t\t\n<style scope=\"scope\">\n\n#image_122386779 {\n  width: 100%;\n}\n<\/style>\n\t<\/div>\n\t\n\n\n\t\t<\/div><!-- .section-content -->\n\n\t\t\n<style scope=\"scope\">\n\n#section_1931663102 {\n  padding-top: 30px;\n  padding-bottom: 30px;\n}\n<\/style>\n\t<\/section>\n\t\n<div class=\"container section-title-container\" ><h2 class=\"section-title section-title-center\"><b><\/b><span class=\"section-title-main\" style=\"color:rgb(26, 92, 141);\">informe de Rendici\u00f3n de cuentas vigencia 2023<\/span><b><\/b><\/h2><\/div><!-- .section-title -->\n\n<p style=\"text-align: center;\"><div class=\"_df_book df-container df-loading \" id=\"df_9344\"  wpoptions=\"true\" ><\/div><script data-cfasync=\"false\">var option_df_9344 = {\"outline\":[],\"forceFit\":\"true\",\"autoEnableOutline\":\"false\",\"autoEnableThumbnail\":\"false\",\"overwritePDFOutline\":\"false\",\"direction\":\"1\",\"pageMode\":\"0\",\"source\":\"https:\\\/\\\/hsdp.gov.co\\\/portal\\\/wp-content\\\/uploads\\\/2024\\\/02\\\/RENDICION_CTAS_2024.pdf\",\"wpOptions\":\"true\"}; if(window.DFLIP && DFLIP.parseBooks){DFLIP.parseBooks();}<\/script>.<\/p>\n<div class=\"container section-title-container\" ><h2 class=\"section-title section-title-center\"><b><\/b><span class=\"section-title-main\" style=\"color:rgb(26, 92, 141);\">Reglamento y cronograma<\/span><b><\/b><\/h2><\/div><!-- .section-title -->\n\n<div class=\"row\"  id=\"row-1481234617\">\n\n<div class=\"col medium-6 small-12 large-6\"  ><div class=\"col-inner\"  >\n\n<h4 style=\"text-align: center;\">PARA VER EL REGLAMENTO AUDIENCIA P\u00daBLICA VIGENCIA 2023 VAYA AL SIGUIENTE ENLACE.<\/h4>\n<a href=\"https:\/\/hsdp.gov.co\/portal\/wp-content\/uploads\/2024\/02\/Reglamento.pdf\" target=\"_self\" class=\"button primary expand\"  >\n    <span>CLICK AC\u00c1<\/span>\n  <\/a>\n\n\n\n<\/div><\/div>\n<div class=\"col medium-6 small-12 large-6\"  ><div class=\"col-inner\"  >\n\n<h4 style=\"text-align: center;\">CRONOGRAMA AUDIENCIA P\u00daBLICA RENDICI\u00d3N DE CUENTAS VIGENCIA 2023.<\/h4>\n<a href=\"https:\/\/hsdp.gov.co\/portal\/wp-content\/uploads\/2024\/02\/Cronograma.pdf\" target=\"_self\" class=\"button primary expand\"  >\n    <span>CLICK AC\u00c1<\/span>\n  <\/a>\n\n\n\n<\/div><\/div>\n\n<\/div>\n<div class=\"container section-title-container\" ><h2 class=\"section-title section-title-center\"><b><\/b><span class=\"section-title-main\" style=\"color:rgb(26, 92, 141);\">ACTA DE REALIZACION<\/span><b><\/b><\/h2><\/div><!-- .section-title -->\n\n<p style=\"text-align: center;\"><div class=\"_df_book df-container df-loading \" id=\"df_9579\"  wpoptions=\"true\" ><\/div><script data-cfasync=\"false\">var option_df_9579 = {\"outline\":[],\"forceFit\":\"true\",\"autoEnableOutline\":\"false\",\"autoEnableThumbnail\":\"false\",\"overwritePDFOutline\":\"false\",\"direction\":\"1\",\"pageMode\":\"0\",\"source\":\"https:\\\/\\\/hsdp.gov.co\\\/portal\\\/wp-content\\\/uploads\\\/2024\\\/04\\\/Acta-Rendicion-de-cuentas-vigencia-2023-Firmada.pdf\",\"wpOptions\":\"true\"}; if(window.DFLIP && DFLIP.parseBooks){DFLIP.parseBooks();}<\/script>\n<div class=\"container section-title-container\" ><h2 class=\"section-title section-title-center\"><b><\/b><span class=\"section-title-main\" style=\"color:rgb(26, 92, 141);\">Informe Evaluaci\u00f3n Audiencia P\u00fablica Rendici\u00f3n de Cuentas 2023<\/span><b><\/b><\/h2><\/div><!-- .section-title -->\n\n<p style=\"text-align: center;\"><div class=\"_df_book df-container df-loading \" id=\"df_9583\"  wpoptions=\"true\" ><\/div><script data-cfasync=\"false\">var option_df_9583 = {\"outline\":[],\"forceFit\":\"true\",\"autoEnableOutline\":\"false\",\"autoEnableThumbnail\":\"false\",\"overwritePDFOutline\":\"false\",\"direction\":\"1\",\"pageMode\":\"0\",\"source\":\"https:\\\/\\\/hsdp.gov.co\\\/portal\\\/wp-content\\\/uploads\\\/2024\\\/04\\\/Informe-de-rendicion-de-cuentas-2023.pdf\",\"wpOptions\":\"true\"}; if(window.DFLIP && DFLIP.parseBooks){DFLIP.parseBooks();}<\/script>\n\n","protected":false},"excerpt":{"rendered":"<p>.<\/p>\n","protected":false},"author":1,"featured_media":0,"parent":0,"menu_order":0,"comment_status":"closed","ping_status":"closed","template":"","meta":{"footnotes":""},"_links":{"self":[{"href":"https:\/\/hsdp.gov.co\/portal\/wp-json\/wp\/v2\/pages\/9334"}],"collection":[{"href":"https:\/\/hsdp.gov.co\/portal\/wp-json\/wp\/v2\/pages"}],"about":[{"href":"https:\/\/hsdp.gov.co\/portal\/wp-json\/wp\/v2\/types\/page"}],"author":[{"embeddable":true,"href":"https:\/\/hsdp.gov.co\/portal\/wp-json\/wp\/v2\/users\/1"}],"replies":[{"embeddable":true,"href":"https:\/\/hsdp.gov.co\/portal\/wp-json\/wp\/v2\/comments?post=9334"}],"version-history":[{"count":24,"href":"https:\/\/hsdp.gov.co\/portal\/wp-json\/wp\/v2\/pages\/9334\/revisions"}],"predecessor-version":[{"id":9585,"href":"https:\/\/hsdp.gov.co\/portal\/wp-json\/wp\/v2\/pages\/9334\/revisions\/9585"}],"wp:attachment":[{"href":"https:\/\/hsdp.gov.co\/portal\/wp-json\/wp\/v2\/media?parent=9334"}],"curies":[{"name":"wp","href":"https:\/\/api.w.org\/{rel}","templated":true}]}}