{"id":929,"date":"2019-12-06T04:33:25","date_gmt":"2019-12-06T03:33:25","guid":{"rendered":"http:\/\/hsdp.gov.co\/portal\/?page_id=929"},"modified":"2025-11-25T12:03:51","modified_gmt":"2025-11-25T17:03:51","slug":"ninos","status":"publish","type":"page","link":"https:\/\/hsdp.gov.co\/portal\/ninos\/","title":{"rendered":"Informaci\u00f3n para ni\u00f1os, ni\u00f1as y adolescentes"},"content":{"rendered":"\n<div class=\"text-center\"><div class=\"is-divider divider clearfix\" style=\"background-color:rgb(154, 195, 138);\"><\/div><\/div><!-- .divider -->\n\n<div class=\"row\"  id=\"row-1733382649\">\n\n<div class=\"col medium-8 small-12 large-8\"  ><div class=\"col-inner\"  >\n\n\t<div class=\"img has-hover x md-x lg-x y md-y lg-y\" id=\"image_1327748097\">\n\t\t\t\t\t\t\t\t<div class=\"img-inner dark\" >\n\t\t\t<img loading=\"lazy\" decoding=\"async\" width=\"1020\" height=\"291\" src=\"https:\/\/hsdp.gov.co\/portal\/wp-content\/uploads\/2023\/04\/Mesa-de-trabajo-62@3x-100-1-1400x400.jpg\" class=\"attachment-large size-large\" alt=\"\" srcset=\"https:\/\/hsdp.gov.co\/portal\/wp-content\/uploads\/2023\/04\/Mesa-de-trabajo-62@3x-100-1-1400x400.jpg 1400w, https:\/\/hsdp.gov.co\/portal\/wp-content\/uploads\/2023\/04\/Mesa-de-trabajo-62@3x-100-1-800x228.jpg 800w, https:\/\/hsdp.gov.co\/portal\/wp-content\/uploads\/2023\/04\/Mesa-de-trabajo-62@3x-100-1-768x219.jpg 768w, https:\/\/hsdp.gov.co\/portal\/wp-content\/uploads\/2023\/04\/Mesa-de-trabajo-62@3x-100-1-1536x439.jpg 1536w, https:\/\/hsdp.gov.co\/portal\/wp-content\/uploads\/2023\/04\/Mesa-de-trabajo-62@3x-100-1-2048x585.jpg 2048w\" sizes=\"(max-width: 1020px) 100vw, 1020px\" \/>\t\t\t\t\t\t\n\t\t\t\t\t<\/div>\n\t\t\t\t\t\t\t\t\n<style scope=\"scope\">\n\n#image_1327748097 {\n  width: 100%;\n}\n<\/style>\n\t<\/div>\n\t\n\n\n<\/div><\/div>\n<div class=\"col medium-4 small-12 large-4\"  ><div class=\"col-inner\"  >\n\n\t<div class=\"img has-hover x md-x lg-x y md-y lg-y\" id=\"image_794744007\">\n\t\t<a class=\"\" href=\"https:\/\/hsdp.gov.co\/portal\/nuestras-actividades-portal-del-nino\/\" target=\"_self\" >\t\t\t\t\t\t<div class=\"img-inner dark\" >\n\t\t\t<img loading=\"lazy\" decoding=\"async\" width=\"1020\" height=\"674\" src=\"https:\/\/hsdp.gov.co\/portal\/wp-content\/uploads\/2023\/04\/Mesa-de-trabajo-63@3x-100-1-1-1210x800.jpg\" class=\"attachment-large size-large\" alt=\"\" srcset=\"https:\/\/hsdp.gov.co\/portal\/wp-content\/uploads\/2023\/04\/Mesa-de-trabajo-63@3x-100-1-1-1210x800.jpg 1210w, https:\/\/hsdp.gov.co\/portal\/wp-content\/uploads\/2023\/04\/Mesa-de-trabajo-63@3x-100-1-1-605x400.jpg 605w, https:\/\/hsdp.gov.co\/portal\/wp-content\/uploads\/2023\/04\/Mesa-de-trabajo-63@3x-100-1-1-768x508.jpg 768w, https:\/\/hsdp.gov.co\/portal\/wp-content\/uploads\/2023\/04\/Mesa-de-trabajo-63@3x-100-1-1-1536x1015.jpg 1536w, https:\/\/hsdp.gov.co\/portal\/wp-content\/uploads\/2023\/04\/Mesa-de-trabajo-63@3x-100-1-1.jpg 1628w\" sizes=\"(max-width: 1020px) 100vw, 1020px\" \/>\t\t\t\t\t\t\n\t\t\t\t\t<\/div>\n\t\t\t\t\t\t<\/a>\t\t\n<style scope=\"scope\">\n\n#image_794744007 {\n  width: 100%;\n}\n<\/style>\n\t<\/div>\n\t\n\n\n<\/div><\/div>\n\n<\/div>\n<div class=\"row\"  id=\"row-1281685104\">\n\n<div class=\"col medium-4 small-12 large-4\"  ><div class=\"col-inner\"  >\n\n\t<div class=\"img has-hover x md-x lg-x y md-y lg-y\" id=\"image_1559273552\">\n\t\t<a class=\"\" href=\"https:\/\/hsdp.gov.co\/portal\/wp-content\/uploads\/2025\/11\/571010348_1134031055524793_1488124928209497166_n.jpg\" target=\"_self\" >\t\t\t\t\t\t<div class=\"img-inner image-zoom dark\" >\n\t\t\t<img loading=\"lazy\" decoding=\"async\" width=\"800\" height=\"800\" src=\"https:\/\/hsdp.gov.co\/portal\/wp-content\/uploads\/2025\/11\/571010348_1134031055524793_1488124928209497166_n-800x800.jpg\" class=\"attachment-large size-large\" alt=\"\" srcset=\"https:\/\/hsdp.gov.co\/portal\/wp-content\/uploads\/2025\/11\/571010348_1134031055524793_1488124928209497166_n-800x800.jpg 800w, https:\/\/hsdp.gov.co\/portal\/wp-content\/uploads\/2025\/11\/571010348_1134031055524793_1488124928209497166_n-400x400.jpg 400w, https:\/\/hsdp.gov.co\/portal\/wp-content\/uploads\/2025\/11\/571010348_1134031055524793_1488124928209497166_n-280x280.jpg 280w, https:\/\/hsdp.gov.co\/portal\/wp-content\/uploads\/2025\/11\/571010348_1134031055524793_1488124928209497166_n-768x768.jpg 768w, https:\/\/hsdp.gov.co\/portal\/wp-content\/uploads\/2025\/11\/571010348_1134031055524793_1488124928209497166_n.jpg 1080w\" sizes=\"(max-width: 800px) 100vw, 800px\" \/>\t\t\t\t\t\t\n\t\t\t\t\t<\/div>\n\t\t\t\t\t\t<\/a>\t\t\n<style scope=\"scope\">\n\n#image_1559273552 {\n  width: 100%;\n}\n<\/style>\n\t<\/div>\n\t\n\n\n<\/div><\/div>\n<div class=\"col medium-4 small-12 large-4\"  ><div class=\"col-inner\"  >\n\n\t<div class=\"img has-hover x md-x lg-x y md-y lg-y\" id=\"image_74232409\">\n\t\t<a class=\"\" href=\"https:\/\/hsdp.gov.co\/portal\/wp-content\/uploads\/2025\/11\/586634286_1155559103371988_8850780365280520315_n.jpg\" target=\"_self\" >\t\t\t\t\t\t<div class=\"img-inner image-zoom dark\" >\n\t\t\t<img loading=\"lazy\" decoding=\"async\" width=\"800\" height=\"800\" src=\"https:\/\/hsdp.gov.co\/portal\/wp-content\/uploads\/2025\/11\/586634286_1155559103371988_8850780365280520315_n-800x800.jpg\" class=\"attachment-large size-large\" alt=\"\" srcset=\"https:\/\/hsdp.gov.co\/portal\/wp-content\/uploads\/2025\/11\/586634286_1155559103371988_8850780365280520315_n-800x800.jpg 800w, https:\/\/hsdp.gov.co\/portal\/wp-content\/uploads\/2025\/11\/586634286_1155559103371988_8850780365280520315_n-400x400.jpg 400w, https:\/\/hsdp.gov.co\/portal\/wp-content\/uploads\/2025\/11\/586634286_1155559103371988_8850780365280520315_n-280x280.jpg 280w, https:\/\/hsdp.gov.co\/portal\/wp-content\/uploads\/2025\/11\/586634286_1155559103371988_8850780365280520315_n-768x768.jpg 768w, https:\/\/hsdp.gov.co\/portal\/wp-content\/uploads\/2025\/11\/586634286_1155559103371988_8850780365280520315_n-1536x1536.jpg 1536w, https:\/\/hsdp.gov.co\/portal\/wp-content\/uploads\/2025\/11\/586634286_1155559103371988_8850780365280520315_n.jpg 2048w\" sizes=\"(max-width: 800px) 100vw, 800px\" \/>\t\t\t\t\t\t\n\t\t\t\t\t<\/div>\n\t\t\t\t\t\t<\/a>\t\t\n<style scope=\"scope\">\n\n#image_74232409 {\n  width: 100%;\n}\n<\/style>\n\t<\/div>\n\t\n\n\n<\/div><\/div>\n<div class=\"col medium-4 small-12 large-4\"  ><div class=\"col-inner\"  >\n\n\t<div class=\"img has-hover x md-x lg-x y md-y lg-y\" id=\"image_1912145055\">\n\t\t<a class=\"\" href=\"https:\/\/hsdp.gov.co\/portal\/wp-content\/uploads\/2025\/11\/570477760_1132427289018503_4675591782337061848_n.jpg\" target=\"_self\" >\t\t\t\t\t\t<div class=\"img-inner image-zoom dark\" >\n\t\t\t<img loading=\"lazy\" decoding=\"async\" width=\"802\" height=\"800\" src=\"https:\/\/hsdp.gov.co\/portal\/wp-content\/uploads\/2025\/11\/570477760_1132427289018503_4675591782337061848_n-802x800.jpg\" class=\"attachment-large size-large\" alt=\"\" srcset=\"https:\/\/hsdp.gov.co\/portal\/wp-content\/uploads\/2025\/11\/570477760_1132427289018503_4675591782337061848_n-802x800.jpg 802w, https:\/\/hsdp.gov.co\/portal\/wp-content\/uploads\/2025\/11\/570477760_1132427289018503_4675591782337061848_n-401x400.jpg 401w, https:\/\/hsdp.gov.co\/portal\/wp-content\/uploads\/2025\/11\/570477760_1132427289018503_4675591782337061848_n-280x280.jpg 280w, https:\/\/hsdp.gov.co\/portal\/wp-content\/uploads\/2025\/11\/570477760_1132427289018503_4675591782337061848_n-768x766.jpg 768w, https:\/\/hsdp.gov.co\/portal\/wp-content\/uploads\/2025\/11\/570477760_1132427289018503_4675591782337061848_n.jpg 1170w\" sizes=\"(max-width: 802px) 100vw, 802px\" \/>\t\t\t\t\t\t\n\t\t\t\t\t<\/div>\n\t\t\t\t\t\t<\/a>\t\t\n<style scope=\"scope\">\n\n#image_1912145055 {\n  width: 100%;\n}\n<\/style>\n\t<\/div>\n\t\n\n\n<\/div><\/div>\n\n<\/div>\n<div class=\"row\"  id=\"row-304924882\">\n\n<div class=\"col medium-3 small-6 large-3\"  ><div class=\"col-inner\"  >\n\n\t<div class=\"img has-hover x md-x lg-x y md-y lg-y\" id=\"image_876080027\">\n\t\t<a class=\"\" href=\"https:\/\/hsdp.gov.co\/portal\/wp-content\/uploads\/2025\/11\/566365493_18542730652025637_6327011449465540481_n.jpg\" target=\"_self\" >\t\t\t\t\t\t<div class=\"img-inner image-zoom dark\" >\n\t\t\t<img loading=\"lazy\" decoding=\"async\" width=\"640\" height=\"800\" src=\"https:\/\/hsdp.gov.co\/portal\/wp-content\/uploads\/2025\/11\/566365493_18542730652025637_6327011449465540481_n-640x800.jpg\" class=\"attachment-large size-large\" alt=\"\" srcset=\"https:\/\/hsdp.gov.co\/portal\/wp-content\/uploads\/2025\/11\/566365493_18542730652025637_6327011449465540481_n-640x800.jpg 640w, https:\/\/hsdp.gov.co\/portal\/wp-content\/uploads\/2025\/11\/566365493_18542730652025637_6327011449465540481_n-320x400.jpg 320w, https:\/\/hsdp.gov.co\/portal\/wp-content\/uploads\/2025\/11\/566365493_18542730652025637_6327011449465540481_n-768x961.jpg 768w, https:\/\/hsdp.gov.co\/portal\/wp-content\/uploads\/2025\/11\/566365493_18542730652025637_6327011449465540481_n.jpg 1080w\" sizes=\"(max-width: 640px) 100vw, 640px\" \/>\t\t\t\t\t\t\n\t\t\t\t\t<\/div>\n\t\t\t\t\t\t<\/a>\t\t\n<style scope=\"scope\">\n\n#image_876080027 {\n  width: 100%;\n}\n<\/style>\n\t<\/div>\n\t\n\n\n<\/div><\/div>\n<div class=\"col medium-3 small-6 large-3\"  ><div class=\"col-inner\"  >\n\n\t<div class=\"img has-hover x md-x lg-x y md-y lg-y\" id=\"image_1045343171\">\n\t\t<a class=\"\" href=\"https:\/\/hsdp.gov.co\/portal\/wp-content\/uploads\/2025\/11\/568055912_18542730661025637_3037461724035796596_n.jpg\" target=\"_self\" >\t\t\t\t\t\t<div class=\"img-inner image-zoom dark\" >\n\t\t\t<img loading=\"lazy\" decoding=\"async\" width=\"640\" height=\"800\" src=\"https:\/\/hsdp.gov.co\/portal\/wp-content\/uploads\/2025\/11\/568055912_18542730661025637_3037461724035796596_n-640x800.jpg\" class=\"attachment-large size-large\" alt=\"\" srcset=\"https:\/\/hsdp.gov.co\/portal\/wp-content\/uploads\/2025\/11\/568055912_18542730661025637_3037461724035796596_n-640x800.jpg 640w, https:\/\/hsdp.gov.co\/portal\/wp-content\/uploads\/2025\/11\/568055912_18542730661025637_3037461724035796596_n-320x400.jpg 320w, https:\/\/hsdp.gov.co\/portal\/wp-content\/uploads\/2025\/11\/568055912_18542730661025637_3037461724035796596_n-768x960.jpg 768w, https:\/\/hsdp.gov.co\/portal\/wp-content\/uploads\/2025\/11\/568055912_18542730661025637_3037461724035796596_n.jpg 1080w\" sizes=\"(max-width: 640px) 100vw, 640px\" \/>\t\t\t\t\t\t\n\t\t\t\t\t<\/div>\n\t\t\t\t\t\t<\/a>\t\t\n<style scope=\"scope\">\n\n#image_1045343171 {\n  width: 100%;\n}\n<\/style>\n\t<\/div>\n\t\n\n\n<\/div><\/div>\n<div class=\"col medium-3 small-6 large-3\"  ><div class=\"col-inner\"  >\n\n\t<div class=\"img has-hover x md-x lg-x y md-y lg-y\" id=\"image_603361102\">\n\t\t<a class=\"\" href=\"https:\/\/hsdp.gov.co\/portal\/wp-content\/uploads\/2025\/11\/572099876_18542730670025637_45483056824754633_n.jpg\" target=\"_self\" >\t\t\t\t\t\t<div class=\"img-inner image-zoom dark\" >\n\t\t\t<img loading=\"lazy\" decoding=\"async\" width=\"640\" height=\"800\" src=\"https:\/\/hsdp.gov.co\/portal\/wp-content\/uploads\/2025\/11\/572099876_18542730670025637_45483056824754633_n-640x800.jpg\" class=\"attachment-large size-large\" alt=\"\" srcset=\"https:\/\/hsdp.gov.co\/portal\/wp-content\/uploads\/2025\/11\/572099876_18542730670025637_45483056824754633_n-640x800.jpg 640w, https:\/\/hsdp.gov.co\/portal\/wp-content\/uploads\/2025\/11\/572099876_18542730670025637_45483056824754633_n-320x400.jpg 320w, https:\/\/hsdp.gov.co\/portal\/wp-content\/uploads\/2025\/11\/572099876_18542730670025637_45483056824754633_n-768x960.jpg 768w, https:\/\/hsdp.gov.co\/portal\/wp-content\/uploads\/2025\/11\/572099876_18542730670025637_45483056824754633_n.jpg 1080w\" sizes=\"(max-width: 640px) 100vw, 640px\" \/>\t\t\t\t\t\t\n\t\t\t\t\t<\/div>\n\t\t\t\t\t\t<\/a>\t\t\n<style scope=\"scope\">\n\n#image_603361102 {\n  width: 100%;\n}\n<\/style>\n\t<\/div>\n\t\n\n\n<\/div><\/div>\n<div class=\"col medium-3 small-6 large-3\"  ><div class=\"col-inner\"  >\n\n\t<div class=\"img has-hover x md-x lg-x y md-y lg-y\" id=\"image_1278122390\">\n\t\t<a class=\"\" href=\"https:\/\/hsdp.gov.co\/portal\/wp-content\/uploads\/2025\/11\/568757400_18542730679025637_7991452008629859136_n.jpg\" target=\"_self\" >\t\t\t\t\t\t<div class=\"img-inner image-zoom dark\" >\n\t\t\t<img loading=\"lazy\" decoding=\"async\" width=\"640\" height=\"800\" src=\"https:\/\/hsdp.gov.co\/portal\/wp-content\/uploads\/2025\/11\/568757400_18542730679025637_7991452008629859136_n-640x800.jpg\" class=\"attachment-large size-large\" alt=\"\" srcset=\"https:\/\/hsdp.gov.co\/portal\/wp-content\/uploads\/2025\/11\/568757400_18542730679025637_7991452008629859136_n-640x800.jpg 640w, https:\/\/hsdp.gov.co\/portal\/wp-content\/uploads\/2025\/11\/568757400_18542730679025637_7991452008629859136_n-320x400.jpg 320w, https:\/\/hsdp.gov.co\/portal\/wp-content\/uploads\/2025\/11\/568757400_18542730679025637_7991452008629859136_n-768x960.jpg 768w, https:\/\/hsdp.gov.co\/portal\/wp-content\/uploads\/2025\/11\/568757400_18542730679025637_7991452008629859136_n.jpg 1080w\" sizes=\"(max-width: 640px) 100vw, 640px\" \/>\t\t\t\t\t\t\n\t\t\t\t\t<\/div>\n\t\t\t\t\t\t<\/a>\t\t\n<style scope=\"scope\">\n\n#image_1278122390 {\n  width: 100%;\n}\n<\/style>\n\t<\/div>\n\t\n\n\n<\/div><\/div>\n\n<\/div>\n\t<section class=\"section dark\" id=\"section_924347346\">\n\t\t<div class=\"bg section-bg fill bg-fill  \" >\n\n\t\t\t\n\t\t\t\n\t\t\t\n\n\t\t<\/div><!-- .section-bg -->\n\n\t\t<div class=\"section-content relative\">\n\t\t\t\n\n<div class=\"row\"  id=\"row-40731512\">\n\n<div class=\"col small-12 large-12\"  ><div class=\"col-inner text-center\"  >\n\n<div class=\"row\"  id=\"row-554115589\">\n\n<div class=\"col medium-10 small-12 large-10\"  ><div class=\"col-inner\"  >\n\n<div class=\"row\"  id=\"row-513160513\">\n\n<div class=\"col medium-4 small-12 large-4\"  ><div class=\"col-inner\"  >\n\n\t<div class=\"img has-hover x md-x lg-x y md-y lg-y\" id=\"image_2128853126\">\n\t\t<a class=\"\" href=\"https:\/\/hsdp.gov.co\/portal\/wp-content\/uploads\/2025\/11\/581435145_1148099810784584_5273924425994992491_n.jpg\" target=\"_self\" >\t\t\t\t\t\t<div class=\"img-inner image-zoom dark\" >\n\t\t\t<img loading=\"lazy\" decoding=\"async\" width=\"800\" height=\"800\" src=\"https:\/\/hsdp.gov.co\/portal\/wp-content\/uploads\/2025\/11\/581435145_1148099810784584_5273924425994992491_n-800x800.jpg\" class=\"attachment-large size-large\" alt=\"\" srcset=\"https:\/\/hsdp.gov.co\/portal\/wp-content\/uploads\/2025\/11\/581435145_1148099810784584_5273924425994992491_n-800x800.jpg 800w, https:\/\/hsdp.gov.co\/portal\/wp-content\/uploads\/2025\/11\/581435145_1148099810784584_5273924425994992491_n-400x400.jpg 400w, https:\/\/hsdp.gov.co\/portal\/wp-content\/uploads\/2025\/11\/581435145_1148099810784584_5273924425994992491_n-280x280.jpg 280w, https:\/\/hsdp.gov.co\/portal\/wp-content\/uploads\/2025\/11\/581435145_1148099810784584_5273924425994992491_n-768x768.jpg 768w, https:\/\/hsdp.gov.co\/portal\/wp-content\/uploads\/2025\/11\/581435145_1148099810784584_5273924425994992491_n-1536x1536.jpg 1536w, https:\/\/hsdp.gov.co\/portal\/wp-content\/uploads\/2025\/11\/581435145_1148099810784584_5273924425994992491_n.jpg 2048w\" sizes=\"(max-width: 800px) 100vw, 800px\" \/>\t\t\t\t\t\t\n\t\t\t\t\t<\/div>\n\t\t\t\t\t\t<\/a>\t\t\n<style scope=\"scope\">\n\n#image_2128853126 {\n  width: 100%;\n}\n<\/style>\n\t<\/div>\n\t\n\n\n<\/div><\/div>\n<div class=\"col medium-4 small-12 large-4\"  ><div class=\"col-inner\"  >\n\n\t<div class=\"img has-hover x md-x lg-x y md-y lg-y\" id=\"image_1998889159\">\n\t\t<a class=\"\" href=\"https:\/\/hsdp.gov.co\/portal\/wp-content\/uploads\/2025\/11\/583182225_1151101747151057_1188079476857382718_n.jpg\" target=\"_self\" >\t\t\t\t\t\t<div class=\"img-inner image-zoom dark\" >\n\t\t\t<img loading=\"lazy\" decoding=\"async\" width=\"800\" height=\"800\" src=\"https:\/\/hsdp.gov.co\/portal\/wp-content\/uploads\/2025\/11\/583182225_1151101747151057_1188079476857382718_n-800x800.jpg\" class=\"attachment-large size-large\" alt=\"\" srcset=\"https:\/\/hsdp.gov.co\/portal\/wp-content\/uploads\/2025\/11\/583182225_1151101747151057_1188079476857382718_n-800x800.jpg 800w, https:\/\/hsdp.gov.co\/portal\/wp-content\/uploads\/2025\/11\/583182225_1151101747151057_1188079476857382718_n-400x400.jpg 400w, https:\/\/hsdp.gov.co\/portal\/wp-content\/uploads\/2025\/11\/583182225_1151101747151057_1188079476857382718_n-280x280.jpg 280w, https:\/\/hsdp.gov.co\/portal\/wp-content\/uploads\/2025\/11\/583182225_1151101747151057_1188079476857382718_n-768x768.jpg 768w, https:\/\/hsdp.gov.co\/portal\/wp-content\/uploads\/2025\/11\/583182225_1151101747151057_1188079476857382718_n-1536x1536.jpg 1536w, https:\/\/hsdp.gov.co\/portal\/wp-content\/uploads\/2025\/11\/583182225_1151101747151057_1188079476857382718_n.jpg 2048w\" sizes=\"(max-width: 800px) 100vw, 800px\" \/>\t\t\t\t\t\t\n\t\t\t\t\t<\/div>\n\t\t\t\t\t\t<\/a>\t\t\n<style scope=\"scope\">\n\n#image_1998889159 {\n  width: 100%;\n}\n<\/style>\n\t<\/div>\n\t\n\n\n<\/div><\/div>\n<div class=\"col medium-4 small-12 large-4\"  ><div class=\"col-inner\"  >\n\n\t<div class=\"img has-hover x md-x lg-x y md-y lg-y\" id=\"image_1777157896\">\n\t\t<a class=\"\" href=\"https:\/\/hsdp.gov.co\/portal\/wp-content\/uploads\/2025\/11\/586025761_1153964473531451_8923433443797527880_n.jpg\" target=\"_self\" >\t\t\t\t\t\t<div class=\"img-inner image-zoom dark\" >\n\t\t\t<img loading=\"lazy\" decoding=\"async\" width=\"800\" height=\"800\" src=\"https:\/\/hsdp.gov.co\/portal\/wp-content\/uploads\/2025\/11\/586025761_1153964473531451_8923433443797527880_n-800x800.jpg\" class=\"attachment-large size-large\" alt=\"\" srcset=\"https:\/\/hsdp.gov.co\/portal\/wp-content\/uploads\/2025\/11\/586025761_1153964473531451_8923433443797527880_n-800x800.jpg 800w, https:\/\/hsdp.gov.co\/portal\/wp-content\/uploads\/2025\/11\/586025761_1153964473531451_8923433443797527880_n-400x400.jpg 400w, https:\/\/hsdp.gov.co\/portal\/wp-content\/uploads\/2025\/11\/586025761_1153964473531451_8923433443797527880_n-280x280.jpg 280w, https:\/\/hsdp.gov.co\/portal\/wp-content\/uploads\/2025\/11\/586025761_1153964473531451_8923433443797527880_n-768x768.jpg 768w, https:\/\/hsdp.gov.co\/portal\/wp-content\/uploads\/2025\/11\/586025761_1153964473531451_8923433443797527880_n.jpg 1080w\" sizes=\"(max-width: 800px) 100vw, 800px\" \/>\t\t\t\t\t\t\n\t\t\t\t\t<\/div>\n\t\t\t\t\t\t<\/a>\t\t\n<style scope=\"scope\">\n\n#image_1777157896 {\n  width: 100%;\n}\n<\/style>\n\t<\/div>\n\t\n\n\n<\/div><\/div>\n\n<\/div>\n<div class=\"row\"  id=\"row-2053394818\">\n\n<div class=\"col medium-4 small-12 large-4\"  ><div class=\"col-inner\"  >\n\n\t<div class=\"img has-hover x md-x lg-x y md-y lg-y\" id=\"image_1654721603\">\n\t\t\t\t\t\t\t\t<div class=\"img-inner dark\" >\n\t\t\t<img loading=\"lazy\" decoding=\"async\" width=\"800\" height=\"800\" src=\"https:\/\/hsdp.gov.co\/portal\/wp-content\/uploads\/2023\/04\/338937624_578770857561271_7243642311717309872_n-800x800.jpg\" class=\"attachment-large size-large\" alt=\"\" srcset=\"https:\/\/hsdp.gov.co\/portal\/wp-content\/uploads\/2023\/04\/338937624_578770857561271_7243642311717309872_n-800x800.jpg 800w, https:\/\/hsdp.gov.co\/portal\/wp-content\/uploads\/2023\/04\/338937624_578770857561271_7243642311717309872_n-400x400.jpg 400w, https:\/\/hsdp.gov.co\/portal\/wp-content\/uploads\/2023\/04\/338937624_578770857561271_7243642311717309872_n-280x280.jpg 280w, https:\/\/hsdp.gov.co\/portal\/wp-content\/uploads\/2023\/04\/338937624_578770857561271_7243642311717309872_n-768x768.jpg 768w, https:\/\/hsdp.gov.co\/portal\/wp-content\/uploads\/2023\/04\/338937624_578770857561271_7243642311717309872_n.jpg 1081w\" sizes=\"(max-width: 800px) 100vw, 800px\" \/>\t\t\t\t\t\t\n\t\t\t\t\t<\/div>\n\t\t\t\t\t\t\t\t\n<style scope=\"scope\">\n\n#image_1654721603 {\n  width: 100%;\n}\n<\/style>\n\t<\/div>\n\t\n\n\n<\/div><\/div>\n<div class=\"col medium-4 small-12 large-4\"  ><div class=\"col-inner\"  >\n\n\t<div class=\"img has-hover x md-x lg-x y md-y lg-y\" id=\"image_764904507\">\n\t\t\t\t\t\t\t\t<div class=\"img-inner dark\" >\n\t\t\t<img loading=\"lazy\" decoding=\"async\" width=\"799\" height=\"800\" src=\"https:\/\/hsdp.gov.co\/portal\/wp-content\/uploads\/2023\/04\/339315055_925196835460186_7744448214198909515_n-799x800.jpg\" class=\"attachment-large size-large\" alt=\"\" srcset=\"https:\/\/hsdp.gov.co\/portal\/wp-content\/uploads\/2023\/04\/339315055_925196835460186_7744448214198909515_n-799x800.jpg 799w, https:\/\/hsdp.gov.co\/portal\/wp-content\/uploads\/2023\/04\/339315055_925196835460186_7744448214198909515_n-400x400.jpg 400w, https:\/\/hsdp.gov.co\/portal\/wp-content\/uploads\/2023\/04\/339315055_925196835460186_7744448214198909515_n-280x280.jpg 280w, https:\/\/hsdp.gov.co\/portal\/wp-content\/uploads\/2023\/04\/339315055_925196835460186_7744448214198909515_n-768x769.jpg 768w, https:\/\/hsdp.gov.co\/portal\/wp-content\/uploads\/2023\/04\/339315055_925196835460186_7744448214198909515_n.jpg 1080w\" sizes=\"(max-width: 799px) 100vw, 799px\" \/>\t\t\t\t\t\t\n\t\t\t\t\t<\/div>\n\t\t\t\t\t\t\t\t\n<style scope=\"scope\">\n\n#image_764904507 {\n  width: 100%;\n}\n<\/style>\n\t<\/div>\n\t\n\n\n<\/div><\/div>\n<div class=\"col medium-4 small-12 large-4\"  ><div class=\"col-inner\"  >\n\n\t<div class=\"img has-hover x md-x lg-x y md-y lg-y\" id=\"image_610946218\">\n\t\t\t\t\t\t\t\t<div class=\"img-inner dark\" >\n\t\t\t<img loading=\"lazy\" decoding=\"async\" width=\"799\" height=\"800\" src=\"https:\/\/hsdp.gov.co\/portal\/wp-content\/uploads\/2023\/04\/339098355_1178558132860674_1762502656108782763_n-799x800.jpg\" class=\"attachment-large size-large\" alt=\"\" srcset=\"https:\/\/hsdp.gov.co\/portal\/wp-content\/uploads\/2023\/04\/339098355_1178558132860674_1762502656108782763_n-799x800.jpg 799w, https:\/\/hsdp.gov.co\/portal\/wp-content\/uploads\/2023\/04\/339098355_1178558132860674_1762502656108782763_n-400x400.jpg 400w, https:\/\/hsdp.gov.co\/portal\/wp-content\/uploads\/2023\/04\/339098355_1178558132860674_1762502656108782763_n-280x280.jpg 280w, https:\/\/hsdp.gov.co\/portal\/wp-content\/uploads\/2023\/04\/339098355_1178558132860674_1762502656108782763_n-768x769.jpg 768w, https:\/\/hsdp.gov.co\/portal\/wp-content\/uploads\/2023\/04\/339098355_1178558132860674_1762502656108782763_n.jpg 1080w\" sizes=\"(max-width: 799px) 100vw, 799px\" \/>\t\t\t\t\t\t\n\t\t\t\t\t<\/div>\n\t\t\t\t\t\t\t\t\n<style scope=\"scope\">\n\n#image_610946218 {\n  width: 100%;\n}\n<\/style>\n\t<\/div>\n\t\n\n\n<\/div><\/div>\n\n<\/div>\n<div class=\"row align-middle\"  id=\"row-1652361487\">\n\n<div class=\"col medium-6 small-12 large-6\"  ><div class=\"col-inner\"  >\n\n<div class=\"slider-wrapper relative\" id=\"slider-2042158208\" >\n    <div class=\"slider slider-nav-simple slider-nav-large slider-nav-light slider-style-focus\"\n        data-flickity-options='{\n            \"cellAlign\": \"center\",\n            \"imagesLoaded\": true,\n            \"lazyLoad\": 1,\n            \"freeScroll\": false,\n            \"wrapAround\": true,\n            \"autoPlay\": 3000,\n            \"pauseAutoPlayOnHover\" : false,\n            \"prevNextButtons\": true,\n            \"contain\" : true,\n            \"adaptiveHeight\" : true,\n            \"dragThreshold\" : 10,\n            \"percentPosition\": true,\n            \"pageDots\": true,\n            \"rightToLeft\": false,\n            \"draggable\": true,\n            \"selectedAttraction\": 0.1,\n            \"parallax\" : 0,\n            \"friction\": 0.6        }'\n        >\n        \n\n\t<div class=\"img has-hover x md-x lg-x y md-y lg-y\" id=\"image_166462340\">\n\t\t\t\t\t\t\t\t<div class=\"img-inner dark\" >\n\t\t\t<img loading=\"lazy\" decoding=\"async\" width=\"699\" height=\"367\" src=\"https:\/\/hsdp.gov.co\/portal\/wp-content\/uploads\/2019\/12\/Escr\u00edbenos-1.png\" class=\"attachment-large size-large\" alt=\"\" \/>\t\t\t\t\t\t\n\t\t\t\t\t<\/div>\n\t\t\t\t\t\t\t\t\n<style scope=\"scope\">\n\n#image_166462340 {\n  width: 100%;\n}\n<\/style>\n\t<\/div>\n\t\n\n\n     <\/div>\n\n     <div class=\"loading-spin dark large centered\"><\/div>\n\n     <style scope=\"scope\">\n                    #slider-2042158208 .flickity-slider > *{ max-width: 80%!important;\n              <\/style>\n<\/div><!-- .ux-slider-wrapper -->\n\n\n\n<\/div><\/div>\n<div class=\"col medium-6 small-12 large-6\"  ><div class=\"col-inner\"  >\n\n\t<div class=\"img has-hover x md-x lg-x y md-y lg-y\" id=\"image_598215488\">\n\t\t\t\t\t\t\t\t<div class=\"img-inner dark\" >\n\t\t\t<img loading=\"lazy\" decoding=\"async\" width=\"1020\" height=\"492\" src=\"https:\/\/hsdp.gov.co\/portal\/wp-content\/uploads\/2019\/12\/nuestro-mundo.png\" class=\"attachment-large size-large\" alt=\"\" srcset=\"https:\/\/hsdp.gov.co\/portal\/wp-content\/uploads\/2019\/12\/nuestro-mundo.png 1162w, https:\/\/hsdp.gov.co\/portal\/wp-content\/uploads\/2019\/12\/nuestro-mundo-800x386.png 800w, https:\/\/hsdp.gov.co\/portal\/wp-content\/uploads\/2019\/12\/nuestro-mundo-768x370.png 768w\" sizes=\"(max-width: 1020px) 100vw, 1020px\" \/>\t\t\t\t\t\t\n\t\t\t\t\t<\/div>\n\t\t\t\t\t\t\t\t\n<style scope=\"scope\">\n\n#image_598215488 {\n  width: 100%;\n}\n<\/style>\n\t<\/div>\n\t\n\n\n<\/div><\/div>\n\n\n<style scope=\"scope\">\n\n#row-1652361487 > .col > .col-inner {\n  padding: 0px 20px 0px 20px;\n}\n\n\n@media (min-width:550px) {\n\n  #row-1652361487 > .col > .col-inner {\n    padding: 0px 30px 0px 30px;\n  }\n\n}\n\n\n@media (min-width:850px) {\n\n  #row-1652361487 > .col > .col-inner {\n    padding: 0px 50px 0px 50px;\n  }\n\n}\n<\/style>\n<\/div>\n\n<\/div><\/div>\n\n<\/div>\n\n<\/div><\/div>\n\n<\/div>\n\n\t\t<\/div><!-- .section-content -->\n\n\t\t\n<style scope=\"scope\">\n\n#section_924347346 {\n  padding-top: 90px;\n  padding-bottom: 90px;\n}\n#section_924347346 .section-bg.bg-loaded {\n  background-image: url(https:\/\/hsdp.gov.co\/portal\/wp-content\/uploads\/2023\/04\/fondo-prueba-1.gif);\n}\n\n\n@media (min-width:550px) {\n\n  #section_924347346 {\n    padding-top: 120px;\n    padding-bottom: 120px;\n  }\n\n}\n\n\n@media (min-width:850px) {\n\n  #section_924347346 {\n    padding-top: 30px;\n    padding-bottom: 30px;\n  }\n\n}\n<\/style>\n\t<\/section>\n\t\n\n","protected":false},"excerpt":{"rendered":"","protected":false},"author":1,"featured_media":0,"parent":0,"menu_order":0,"comment_status":"closed","ping_status":"closed","template":"page-blank.php","meta":{"footnotes":""},"_links":{"self":[{"href":"https:\/\/hsdp.gov.co\/portal\/wp-json\/wp\/v2\/pages\/929"}],"collection":[{"href":"https:\/\/hsdp.gov.co\/portal\/wp-json\/wp\/v2\/pages"}],"about":[{"href":"https:\/\/hsdp.gov.co\/portal\/wp-json\/wp\/v2\/types\/page"}],"author":[{"embeddable":true,"href":"https:\/\/hsdp.gov.co\/portal\/wp-json\/wp\/v2\/users\/1"}],"replies":[{"embeddable":true,"href":"https:\/\/hsdp.gov.co\/portal\/wp-json\/wp\/v2\/comments?post=929"}],"version-history":[{"count":15,"href":"https:\/\/hsdp.gov.co\/portal\/wp-json\/wp\/v2\/pages\/929\/revisions"}],"predecessor-version":[{"id":14112,"href":"https:\/\/hsdp.gov.co\/portal\/wp-json\/wp\/v2\/pages\/929\/revisions\/14112"}],"wp:attachment":[{"href":"https:\/\/hsdp.gov.co\/portal\/wp-json\/wp\/v2\/media?parent=929"}],"curies":[{"name":"wp","href":"https:\/\/api.w.org\/{rel}","templated":true}]}}