{"id":8829,"date":"2023-10-06T19:24:53","date_gmt":"2023-10-07T00:24:53","guid":{"rendered":"https:\/\/hsdp.gov.co\/portal\/?page_id=8829"},"modified":"2023-10-06T20:29:04","modified_gmt":"2023-10-07T01:29:04","slug":"2023-01","status":"publish","type":"page","link":"https:\/\/hsdp.gov.co\/portal\/2023-01\/","title":{"rendered":"2023-01"},"content":{"rendered":"\n<div class=\"container section-title-container\" ><h3 class=\"section-title section-title-center\"><b><\/b><span class=\"section-title-main\" style=\"color:rgb(98, 155, 108);\">PROYECTOS 2023-01<\/span><b><\/b><\/h3><\/div><!-- .section-title -->\n\n<ul>\n<li>\n<h4><a href=\"https:\/\/hsdp.gov.co\/portal\/wp-content\/uploads\/2023\/10\/PROYECTO-DE-GERENCIA-Y-GESTION-DEL-CUIDADO.pdf\">PROYECTO DE GERENCIA Y GESTION DEL CUIDADO<\/a><\/h4>\n<\/li>\n<li>\n<h4><a href=\"https:\/\/hsdp.gov.co\/portal\/wp-content\/uploads\/2023\/10\/CUIDADO-DE-ENFERMERIA-EN-EL-PROGRAMA-DE-PLANIFICACION-FAMILIAR.pdf\">CUIDADO DE ENFERMERIA EN EL PROGRAMA DE PLANIFICACION FAMILIAR<\/a><\/h4>\n<\/li>\n<li>\n<h4><a href=\"https:\/\/hsdp.gov.co\/portal\/wp-content\/uploads\/2023\/10\/Fomentar-en-el-profesional-de-enfermeria-la-Orientacion-a-las-practicas-de-autocuidado.pdf\">FOMENTAR EN EL PROFESIONAL DE ENFERMER\u00cdA LA ORIENTACI\u00d3N A LAS PR\u00c1CTICAS DE AUTOCUIDADO<\/a><\/h4>\n<\/li>\n<li>\n<h4><a href=\"https:\/\/hsdp.gov.co\/portal\/wp-content\/uploads\/2023\/10\/FORTALECER-ACTIVIDADES-EDUCATIVAS-PARA-LA-ADOPCION-DEL-ROL-MATERNO.pdf\">FORTALECER ACTIVIDADES EDUCATIVAS PARA LA ADOPCI\u00d3N DEL ROL MATERNO<\/a><\/h4>\n<\/li>\n<li>\n<h4><a href=\"https:\/\/hsdp.gov.co\/portal\/wp-content\/uploads\/2023\/10\/PRACTICAS-SEGURAS-DE-CUIDADO-PARA-LA-ADMINISTRACION-DE-MEDICAMENTOS.pdf\">PRACTICAS SEGURAS DE CUIDADO PARA LA ADMINISTRACI\u00d3N DE MEDICAMENTOS<\/a><\/h4>\n<\/li>\n<li>\n<h4><a href=\"https:\/\/hsdp.gov.co\/portal\/wp-content\/uploads\/2023\/10\/GERENCIA-Y-GESTION-DEL-CUIDADO.pdf\">GERENCIA Y GESTI\u00d3N DEL CUIDADO 01<\/a><\/h4>\n<\/li>\n<li>\n<h4><a href=\"https:\/\/hsdp.gov.co\/portal\/wp-content\/uploads\/2023\/10\/GERENCIA-Y-GESTION-DEL-CUIDADO2.pdf\">GERENCIA Y GESTI\u00d3N DEL CUIDADO 02<\/a><\/h4>\n<\/li>\n<li>\n<h4><a href=\"https:\/\/hsdp.gov.co\/portal\/wp-content\/uploads\/2023\/10\/GERENCIA-Y-GESTION-DEL-CUIDADO3.pdf\">GERENCIA Y GESTI\u00d3N DEL CUIDADO 03<\/a><\/h4>\n<\/li>\n<li><a href=\"https:\/\/hsdp.gov.co\/portal\/wp-content\/uploads\/2023\/10\/GERENCIA-Y-GESTION-DEL-CUIDADO-04.pdf\">GERENCIA Y GESTI\u00d3N DEL CUIDADO 04<\/a><\/li>\n<\/ul>\n\n","protected":false},"excerpt":{"rendered":"<p>PROYECTO DE GERENCIA Y GESTION DEL CUIDADO CUIDADO DE ENFERMERIA EN EL PROGRAMA DE PLANIFICACION FAMILIAR FOMENTAR EN EL PROFESIONAL DE ENFERMER\u00cdA LA ORIENTACI\u00d3N A LAS PR\u00c1CTICAS DE AUTOCUIDADO FORTALECER ACTIVIDADES EDUCATIVAS PARA LA ADOPCI\u00d3N DEL ROL MATERNO PRACTICAS SEGURAS DE CUIDADO PARA LA ADMINISTRACI\u00d3N DE MEDICAMENTOS GERENCIA Y GESTI\u00d3N DEL CUIDADO 01 GERENCIA Y [&#8230;]\n","protected":false},"author":1,"featured_media":0,"parent":0,"menu_order":0,"comment_status":"closed","ping_status":"closed","template":"","meta":{"footnotes":""},"_links":{"self":[{"href":"https:\/\/hsdp.gov.co\/portal\/wp-json\/wp\/v2\/pages\/8829"}],"collection":[{"href":"https:\/\/hsdp.gov.co\/portal\/wp-json\/wp\/v2\/pages"}],"about":[{"href":"https:\/\/hsdp.gov.co\/portal\/wp-json\/wp\/v2\/types\/page"}],"author":[{"embeddable":true,"href":"https:\/\/hsdp.gov.co\/portal\/wp-json\/wp\/v2\/users\/1"}],"replies":[{"embeddable":true,"href":"https:\/\/hsdp.gov.co\/portal\/wp-json\/wp\/v2\/comments?post=8829"}],"version-history":[{"count":3,"href":"https:\/\/hsdp.gov.co\/portal\/wp-json\/wp\/v2\/pages\/8829\/revisions"}],"predecessor-version":[{"id":8843,"href":"https:\/\/hsdp.gov.co\/portal\/wp-json\/wp\/v2\/pages\/8829\/revisions\/8843"}],"wp:attachment":[{"href":"https:\/\/hsdp.gov.co\/portal\/wp-json\/wp\/v2\/media?parent=8829"}],"curies":[{"name":"wp","href":"https:\/\/api.w.org\/{rel}","templated":true}]}}