{"id":8671,"date":"2023-08-23T16:47:27","date_gmt":"2023-08-23T21:47:27","guid":{"rendered":"https:\/\/hsdp.gov.co\/portal\/?page_id=8671"},"modified":"2023-08-29T17:40:16","modified_gmt":"2023-08-29T22:40:16","slug":"mapa-de-sitio","status":"publish","type":"page","link":"https:\/\/hsdp.gov.co\/portal\/mapa-de-sitio\/","title":{"rendered":"Mapa de Sitio"},"content":{"rendered":"\n<div class=\"container section-title-container\" ><h2 class=\"section-title section-title-center\"><b><\/b><span class=\"section-title-main\" style=\"color:rgb(108, 176, 13);\">Mapa de Sitio<\/span><b><\/b><\/h2><\/div><!-- .section-title -->\n\n<div class=\"text-center\"><div class=\"is-divider divider clearfix\" style=\"max-width:135px;\"><\/div><\/div><!-- .divider -->\n\n<div id=\"accordions-8681\" class=\"accordions-8681 accordions\" data-accordions={&quot;lazyLoad&quot;:true,&quot;id&quot;:&quot;8681&quot;,&quot;event&quot;:&quot;click&quot;,&quot;collapsible&quot;:&quot;true&quot;,&quot;heightStyle&quot;:&quot;content&quot;,&quot;animateStyle&quot;:&quot;swing&quot;,&quot;animateDelay&quot;:1000,&quot;navigation&quot;:true,&quot;active&quot;:999,&quot;expandedOther&quot;:&quot;no&quot;}>\r\n                <div id=\"accordions-lazy-8681\" class=\"accordions-lazy\" accordionsId=\"8681\">\r\n                    <\/div>\r\n\r\n    <div class=\"items\"  style=\"display:none\" >\r\n    \r\n            <div post_id=\"8681\" itemcount=\"0\"  header_id=\"header-1663637056096\" id=\"header-1663637056096\" style=\"\" class=\"accordions-head head1663637056096 border-none\" toggle-text=\"\" main-text=\"INICIO\">\r\n                                    <span id=\"header-text-1663637056096\" class=\"accordions-head-title\">INICIO<\/span>\r\n                    <span id=\"accordion-icons-1663637056096\" class=\"accordion-icons\">\r\n                        <span class=\"accordion-icon-active accordion-plus\"><i class=\"fas fa-plus\"><\/i><\/span>\r\n                        <span class=\"accordion-icon-inactive accordion-minus\"><i class=\"fas fa-minus\"><\/i><\/span>\r\n                    <\/span>\r\n                            <\/div>\r\n            <div class=\"accordion-content content1663637056096 \">\r\n                <p><a href=\"https:\/\/hsdp.gov.co\/portal\/\">INICIO<\/a><\/p>\n            <\/div>\r\n    \r\n            <div post_id=\"8681\" itemcount=\"1\"  header_id=\"header-1693172947791\" id=\"header-1693172947791\" style=\"\" class=\"accordions-head head1693172947791 border-none\" toggle-text=\"\" main-text=\"QUIENES SOMOS\">\r\n                                    <span id=\"header-text-1693172947791\" class=\"accordions-head-title\">QUIENES SOMOS<\/span>\r\n                    <span id=\"accordion-icons-1693172947791\" class=\"accordion-icons\">\r\n                        <span class=\"accordion-icon-active accordion-plus\"><i class=\"fas fa-plus\"><\/i><\/span>\r\n                        <span class=\"accordion-icon-inactive accordion-minus\"><i class=\"fas fa-minus\"><\/i><\/span>\r\n                    <\/span>\r\n                            <\/div>\r\n            <div class=\"accordion-content content1693172947791 \">\r\n                <p><a href=\"https:\/\/hsdp.gov.co\/portal\/quienes-somos\/\">QUIENES SOMOS<\/a><\/p>\n            <\/div>\r\n    \r\n            <div post_id=\"8681\" itemcount=\"2\"  header_id=\"header-1693173015293\" id=\"header-1693173015293\" style=\"\" class=\"accordions-head head1693173015293 border-none\" toggle-text=\"\" main-text=\"CONTRATACION\">\r\n                                    <span id=\"header-text-1693173015293\" class=\"accordions-head-title\">CONTRATACION<\/span>\r\n                    <span id=\"accordion-icons-1693173015293\" class=\"accordion-icons\">\r\n                        <span class=\"accordion-icon-active accordion-plus\"><i class=\"fas fa-plus\"><\/i><\/span>\r\n                        <span class=\"accordion-icon-inactive accordion-minus\"><i class=\"fas fa-minus\"><\/i><\/span>\r\n                    <\/span>\r\n                            <\/div>\r\n            <div class=\"accordion-content content1693173015293 \">\r\n                <p><a href=\"https:\/\/hsdp.gov.co\/portal\/contratacion\/\">CONTRATACION<\/a><\/p>\n<p><a href=\"https:\/\/hsdp.gov.co\/portal\/trabaja-con-nosotros\/\">TRABAJA CON NOSOTROS<\/a><\/p>\n            <\/div>\r\n    \r\n            <div post_id=\"8681\" itemcount=\"3\"  header_id=\"header-1693173237781\" id=\"header-1693173237781\" style=\"\" class=\"accordions-head head1693173237781 border-none\" toggle-text=\"\" main-text=\"SIG (SISTEMA INTEGRADO DE GESTI\u00d3N)\">\r\n                                    <span id=\"header-text-1693173237781\" class=\"accordions-head-title\">SIG (SISTEMA INTEGRADO DE GESTI\u00d3N)<\/span>\r\n                    <span id=\"accordion-icons-1693173237781\" class=\"accordion-icons\">\r\n                        <span class=\"accordion-icon-active accordion-plus\"><i class=\"fas fa-plus\"><\/i><\/span>\r\n                        <span class=\"accordion-icon-inactive accordion-minus\"><i class=\"fas fa-minus\"><\/i><\/span>\r\n                    <\/span>\r\n                            <\/div>\r\n            <div class=\"accordion-content content1693173237781 \">\r\n                <p><a href=\"https:\/\/hsdp.gov.co\/portal\/mapa-de-procesos\/\">S.I.G. (SISTEMA INTEGRADO DE GESTI\u00d3N)<\/a><\/p>\n            <\/div>\r\n    \r\n            <div post_id=\"8681\" itemcount=\"4\"  header_id=\"header-1693173287025\" id=\"header-1693173287025\" style=\"\" class=\"accordions-head head1693173287025 border-none\" toggle-text=\"\" main-text=\"SERVICIO AL CIUDADANO\">\r\n                                    <span id=\"header-text-1693173287025\" class=\"accordions-head-title\">SERVICIO AL CIUDADANO<\/span>\r\n                    <span id=\"accordion-icons-1693173287025\" class=\"accordion-icons\">\r\n                        <span class=\"accordion-icon-active accordion-plus\"><i class=\"fas fa-plus\"><\/i><\/span>\r\n                        <span class=\"accordion-icon-inactive accordion-minus\"><i class=\"fas fa-minus\"><\/i><\/span>\r\n                    <\/span>\r\n                            <\/div>\r\n            <div class=\"accordion-content content1693173287025 \">\r\n                <p><a href=\"https:\/\/hsdp.gov.co\/portal\/servicios-al-ciudadano\/\">SERVICIO AL CIUDADANO<\/a><\/p>\n<p><a href=\"https:\/\/hsdp.gov.co\/portal\/deberes-y-derechos-de-los-usuarios\/\">CARTA DEL TRATO DIGNO AL CIUDADANO<\/a><\/p>\n<p><a href=\"https:\/\/hsdp.gov.co\/portal\/pqrsdf\/\">PQRSF<\/a><\/p>\n<p><a href=\"https:\/\/hsdp.gov.co\/portal\/sistema-de-informacion-y-atencion-al-usuario-siau\/\">SERVICIO DE INFROMACION Y ATENCION AL CIUDADANO<\/a><\/p>\n<p><a href=\"https:\/\/hsdp.gov.co\/portal\/horario-de-atencion\/\">HORARIO DE ATENCION<\/a><\/p>\n<p><a href=\"https:\/\/hsdp.gov.co\/portal\/directorio-institucional\/\">DIRECTORIO INSTITUCIONAL<\/a><\/p>\n<p><a href=\"https:\/\/hsdp.gov.co\/portal\/directorio-de-entidades\/\">DIRECTORIO DE ENTIDADES<\/a><\/p>\n<p><a href=\"https:\/\/hsdp.gov.co\/portal\/ley-de\/2-informacion-de-interes\/preguntas-frecuentes\/\">PREGUNTAS FRECUENTES<\/a><\/p>\n<p><a href=\"https:\/\/hsdp.gov.co\/portal\/ubicacion-en-el-mapa\/\">UBICACI\u00d3N EN EL MAPA<\/a><\/p>\n<p><a href=\"https:\/\/hsdp.gov.co\/portal\/notificaciones-judiciales\/\">NOTIFICACIONES JUDICIALES<\/a><\/p>\n<p><a href=\"https:\/\/hsdp.gov.co\/portal\/participacion-social\/\">PARTICIPACION SOCIAL EN SALUD<\/a><\/p>\n            <\/div>\r\n    \r\n            <div post_id=\"8681\" itemcount=\"5\"  header_id=\"header-1693173628091\" id=\"header-1693173628091\" style=\"\" class=\"accordions-head head1693173628091 border-none\" toggle-text=\"\" main-text=\"TRANSPARENCIA\">\r\n                                    <span id=\"header-text-1693173628091\" class=\"accordions-head-title\">TRANSPARENCIA<\/span>\r\n                    <span id=\"accordion-icons-1693173628091\" class=\"accordion-icons\">\r\n                        <span class=\"accordion-icon-active accordion-plus\"><i class=\"fas fa-plus\"><\/i><\/span>\r\n                        <span class=\"accordion-icon-inactive accordion-minus\"><i class=\"fas fa-minus\"><\/i><\/span>\r\n                    <\/span>\r\n                            <\/div>\r\n            <div class=\"accordion-content content1693173628091 \">\r\n                <p><a href=\"https:\/\/hsdp.gov.co\/portal\/menu-de-transparencia\/\">TRANSPARENCIA<\/a><\/p>\n<p><em><strong>INFORMACION DE LA ENTIDAD<\/strong><\/em><\/p>\n<p><a href=\"https:\/\/hsdp.gov.co\/portal\/ley-de\/3-estructura-organica-y-talento-humano\/funciones-y-deberes\/\">MISION, VISION, FUNCIONES Y DEBERES<\/a><\/p>\n<p><a href=\"https:\/\/hsdp.gov.co\/portal\/ley-de\/3-estructura-organica-y-talento-humano\/\">ESTRUCTURA ORGANICA<\/a><\/p>\n<p><a href=\"https:\/\/hsdp.gov.co\/portal\/mapa-de-procesos\/\">MAPAS Y CARTAS DESCRIPTIVAS DE LOS PROCESOS<\/a><\/p>\n<p><a href=\"https:\/\/hsdp.gov.co\/portal\/directorio-institucional\/\">DIRECTORIO INSTITUCIONAL<\/a><\/p>\n<p><a href=\"https:\/\/hsdp.gov.co\/portal\/directorio-de-servidores-publicos-empleados-o-contratistas\/\">DIRECTORIO DE SERVIDORES PUBLICOS, EMPLEADOS Y CONTRATISTAS<\/a><\/p>\n<p><a href=\"https:\/\/hsdp.gov.co\/portal\/mecanismos-e-informes-de-peticiones-quejas-reclamos-sugenrencias-y-felicitaciones\/\">SERVICIO AL PUBLICO, NORMAS, FORMULARIOS Y PROTOCOLOS DE ATENCION<\/a><\/p>\n<p><a href=\"https:\/\/hsdp.gov.co\/portal\/ley-de\/3-estructura-organica-y-talento-humano\/procesos-y-procedimientos-2\/\">PROCEDIMIENTOS QUE SE SIGUEN PARA TOMAR DECISIONES EN LAS DIFERENTES \u00c1REAS<\/a><\/p>\n<p><a href=\"https:\/\/hsdp.gov.co\/portal\/pqrsdf\/\">MECANISMO DE PRESENTACI\u00d3N DIRECTA DE SOLICITUDES, QUEJAS Y RECLAMOS A DISPOSICI\u00d3N DEL P\u00daBLICO EN RELACI\u00d3N CON ACCIONES U OMISIONES DEL SUJETO OBLIGADO<\/a><\/p>\n<p><a href=\"https:\/\/hsdp.gov.co\/portal\/events\/\">CALENDARIO DE ACTIVIDADES Y EVENTOS<\/a><\/p>\n<p><a href=\"https:\/\/hsdp.gov.co\/portal\/comunicados\/\">INFORMACI\u00d3N SOBRE DECISIONES QUE PUEDEN AFECTAR AL P\u00daBLICO<\/a><\/p>\n<p><a href=\"https:\/\/hsdp.gov.co\/portal\/ley-de\/control-7\/entidades-de-control\/\">ENTES Y AUTORIDADES QUE LO VIGILAN<\/a><\/p>\n<p><a href=\"https:\/\/www.funcionpublica.gov.co\/dafpIndexerBHV\/hvSigep\/index?find=FindNext&query=hospital+san+juan+de+dios&dptoSeleccionado=NORTE+DE+SANTANDER&entidadSeleccionado=&munSeleccionado=&tipoAltaSeleccionado=&bloquearFiltroDptoSeleccionado=&bloquearFiltroEntidadSeleccionado=&bloquearFiltroMunSeleccionado=&bloquearFiltroTipoAltaSeleccionado=\">PUBLICACI\u00d3N DE HOJAS DE VIDA<\/a><\/p>\n<p><a href=\"https:\/\/hsdp.gov.co\/portal\/trabaja-con-nosotros\/\">APORTE P\u00daBLICO AL EMPLEO<\/a><\/p>\n<p><a href=\"https:\/\/hsdp.gov.co\/portal\/gestion-ambiental\/\">GESTI\u00d3N AMBIENTAL<\/a><\/p>\n<p><a href=\"https:\/\/www.cnsc.gov.co\/carrera-administrativa\/registro-publico-de-carrera-administrativa\/vinculacion-terceros-cancelacion-de-registro-publico\">VINCULACI\u00d3N DE TERCEROS - CANCELACI\u00d3N DEL REGISTRO P\u00daBLICO DE CARRERA ADMINISTRATIVA<\/a><\/p>\n<p><em><strong>NORMATIVIDAD<\/strong><\/em><\/p>\n<p><a href=\"https:\/\/hsdp.gov.co\/portal\/ley-de\/4-normatividad\/\">NORMATIVA DE LA ENTIDAD O AUTORIDAD<\/a><\/p>\n<p><a href=\"https:\/\/hsdp.gov.co\/portal\/sistema-de-busqueda-de-normas\/\">B\u00daSQUEDA DE NORMAS<\/a><\/p>\n<p><em><strong>CONTRATACION<\/strong><\/em><\/p>\n<p><a href=\"https:\/\/hsdp.gov.co\/portal\/ley-de-transparencia\/contratacion\/plan-anual-adquisicion\/plan-anual-de-compras-2023\/\">PLAN ANUAL DE ADQUISICIONES<\/a><\/p>\n<p><a href=\"https:\/\/hsdp.gov.co\/portal\/contratacion\/\">PUBLICACI\u00d3N DE LA INFORMACI\u00d3N CONTRACTUAL<\/a><\/p>\n<p><a href=\"https:\/\/hsdp.gov.co\/portal\/ley-de\/8-contratacion\/contratos\/\">PUBLICACI\u00d3N DE LA EJECUCI\u00d3N DE LOS CONTRATOS<\/a><\/p>\n<p><a href=\"https:\/\/hsdp.gov.co\/portal\/ley-de\/8-contratacion\/manual-de-contratacion\/\">MANUAL DE CONTRATACI\u00d3N, ADQUISICI\u00d3N Y\/O COMPRAS<\/a><\/p>\n<p>FORMATOS O MODELOS DE CONTRATOS O PLIEGOS TIPO<\/p>\n<p><em><strong>PLANEACI\u00d3N, PRESUPUESTO E INFORMES<\/strong><\/em><\/p>\n<p><a href=\"https:\/\/hsdp.gov.co\/portal\/ley-de\/5-presupuesto\/presupuesto-general\/\">PRESUPUESTO GENERAL DE INGRESOS, GASTOS E INVERSI\u00d3N<\/a><\/p>\n<p><a href=\"https:\/\/hsdp.gov.co\/portal\/ley-de\/5-presupuesto\/ejecucion-de-ingresos\/\">EJECUCI\u00d3N PRESUPUESTAL<\/a><\/p>\n<p><a href=\"https:\/\/hsdp.gov.co\/portal\/ley-de\/6-planeacion\/\">PLAN DE ACCI\u00d3N<\/a><\/p>\n<p>PROYECTOS DE INVERSI\u00d3N<\/p>\n<p><a href=\"https:\/\/hsdp.gov.co\/portal\/ley-de-transparencia\/planeacion\/informe-empalme\/informes-de-empalme\/\">INFORMES DE EMPALME<\/a><\/p>\n<p><a href=\"https:\/\/hsdp.gov.co\/portal\/ley-de\/6-planeacion\/planes-de-gestion-y-desarrollo-institucional\/\">INFORMES DE GESTI\u00d3N, EVALUACI\u00d3N Y AUDITOR\u00cdA<\/a><\/p>\n<p><a href=\"https:\/\/hsdp.gov.co\/portal\/ley-de\/control-7\/control-interno\/\">INFORMES DE LA OFICINA DE CONTROL INTERNO<\/a><\/p>\n<p><a href=\"https:\/\/hsdp.gov.co\/portal\/mecanismos-e-informes-de-peticiones-quejas-reclamos-sugenrencias-y-felicitaciones\/\">INFORMES TRIMESTRALES SOBRE ACCESO A INFORMACI\u00d3N, QUEJAS Y RECLAMOS<\/a><\/p>\n<p><em><strong>TRAMITES<\/strong><\/em><\/p>\n<p><a href=\"https:\/\/hsdp.gov.co\/portal\/tramites-y-servicios\/\">TR\u00c1MITES Y SERVICIOS<\/a><\/p>\n<p><em><strong>PARTICIPA<\/strong><\/em><\/p>\n<p><a href=\"https:\/\/hsdp.gov.co\/portal\/ley-de\/6-planeacion\/6-1-politicas-lineamientos-y-manuales\/\">PARTICIPACI\u00d3N Y CONSULTA CIUDADANA DE PROYECTOS, NORMAS, POL\u00cdTICAS O PROGRAMAS<\/a><\/p>\n<p><a href=\"https:\/\/hsdp.gov.co\/portal\/colaboracion-e-inovacion\/\">COLABORACI\u00d3N E INNOVACI\u00d3N ABIERTA<\/a><\/p>\n<p><a href=\"https:\/\/hsdp.gov.co\/portal\/rendicon-de-cuentas\/\">RENDICI\u00d3N DE CUENTAS<\/a><\/p>\n<p><a href=\"https:\/\/hsdp.gov.co\/portal\/rendicon-de-cuentas\/\">CONTROL CIUDADANO<\/a><\/p>\n<p><em><strong>DATOS ABIERTOS<\/strong><\/em><\/p>\n<p><a href=\"https:\/\/hsdp.gov.co\/portal\/ley-de\/instrumentos-de-gestion-de-informacion-publica\/\">INSTRUMENTOS DE GESTI\u00d3N DE LA INFORMACI\u00d3N<\/a><\/p>\n<p><a href=\"https:\/\/hsdp.gov.co\/portal\/normatividad-interna\/resolucion-costos-de-reproduccion-de-la-informacion-publica\/\">ACTO ADMINISTRATIVO SOBRE COSTOS DE REPRODUCCI\u00d3N DE INFORMACI\u00d3N P\u00daBLICA<\/a><\/p>\n<p><a href=\"https:\/\/hsdp.gov.co\/portal\/ley-de\/2-informacion-de-interes\/datos-abiertos\/\">SECCI\u00d3N DE DATOS ABIERTOS<\/a><\/p>\n<p><a href=\"https:\/\/hsdp.gov.co\/portal\/inventario-de-operaciones-estadisticas\/\">INVENTARIO DE OPERACIONES ESTAD\u00cdSTICAS<\/a><\/p>\n<p><em><strong>INFORMACI\u00d3N ESPEC\u00cdFICA PARA GRUPOS DE INTER\u00c9S<\/strong><\/em><\/p>\n<p><a href=\"https:\/\/hsdp.gov.co\/portal\/ninos\/\">INFORMACI\u00d3N PARA NI\u00d1OS, NI\u00d1AS Y ADOLESCENTES<\/a><\/p>\n<p><a href=\"https:\/\/hsdp.gov.co\/portal\/informacion-para-mujeres\/\">INFORMACI\u00d3N PARA MUJERES<\/a><\/p>\n<p>INFORME DE CARACTERIZACI\u00d3N<\/p>\n<p><em><strong>OBLIGACI\u00d3N DE REPORTE DE INFORMACI\u00d3N<\/strong><\/em><\/p>\n<p><a href=\"https:\/\/hsdp.gov.co\/portal\/contratacion\/\">CONVOCATORIAS<\/a><\/p>\n<p><a href=\"https:\/\/hsdp.gov.co\/portal\/sistema-integrado-de-gestion\/\">MODELO INTEGRADO DE GESTI\u00d3N \u2013 MIG<\/a><\/p>\n<p><a href=\"https:\/\/hsdp.gov.co\/portal\/ley-de\/control-7\/control-interno\/\">DENUNCIAS POR ACTOS DE CORRUPCI\u00d3N<\/a><\/p>\n<p><a href=\"https:\/\/hsdp.gov.co\/portal\/gestion-talento-humano\/actas-copasst\/\">GESTI\u00d3N DE TALENTO HUMANO<\/a><\/p>\n<p><a href=\"https:\/\/www.funcionpublica.gov.co\/dafpIndexerBHV\/hvSigep\/index?find=FindNext&query=hospital+san+juan+de+dios&dptoSeleccionado=NORTE+DE+SANTANDER&entidadSeleccionado=&munSeleccionado=&tipoAltaSeleccionado=&bloquearFiltroDptoSeleccionado=&bloquearFiltroEntidadSeleccionado=&bloquearFiltroMunSeleccionado=&bloquearFiltroTipoAltaSeleccionado=\">DATOS PERSONALES<\/a><\/p>\n<p><a href=\"https:\/\/hsdp.gov.co\/portal\/ley-de\/8-contratacion\/contratos\/\">CONVOCATORIAS A LICITACIONES P\u00daBLICAS<\/a><\/p>\n            <\/div>\r\n    \r\n            <div post_id=\"8681\" itemcount=\"6\"  header_id=\"header-1693174925978\" id=\"header-1693174925978\" style=\"\" class=\"accordions-head head1693174925978 border-none\" toggle-text=\"\" main-text=\"SALA DE PRENSA\">\r\n                                    <span id=\"header-text-1693174925978\" class=\"accordions-head-title\">SALA DE PRENSA<\/span>\r\n                    <span id=\"accordion-icons-1693174925978\" class=\"accordion-icons\">\r\n                        <span class=\"accordion-icon-active accordion-plus\"><i class=\"fas fa-plus\"><\/i><\/span>\r\n                        <span class=\"accordion-icon-inactive accordion-minus\"><i class=\"fas fa-minus\"><\/i><\/span>\r\n                    <\/span>\r\n                            <\/div>\r\n            <div class=\"accordion-content content1693174925978 \">\r\n                <p><a href=\"https:\/\/hsdp.gov.co\/portal\/noticias\/\">NOTICIAS<\/a><\/p>\n<p><a href=\"https:\/\/hsdp.gov.co\/portal\/comunicados\/\">COMUNICADOS<\/a><\/p>\n<p><a href=\"https:\/\/hsdp.gov.co\/portal\/boletines\/\">BOLETINES<\/a><\/p>\n<p><a href=\"https:\/\/hsdp.gov.co\/portal\/multimedia\/\">MULTIMEDIA<\/a><\/p>\n<p><a href=\"https:\/\/hsdp.gov.co\/portal\/ninos\/\">INFORMACION PARA NI\u00d1OS, NI\u00d1AS Y ADOLECENTES<\/a><\/p>\n<p><a href=\"https:\/\/hsdp.gov.co\/portal\/informacion-para-mujeres\/\">INFORMACION PARA MUJERES<\/a><\/p>\n<p><a href=\"https:\/\/hsdp.gov.co\/portal\/recursos-imagen-corporativa\/\">RECURSOS IMAGEN CORPORATIVA<\/a><\/p>\n            <\/div>\r\n    \r\n            <div post_id=\"8681\" itemcount=\"7\"  header_id=\"header-1693175082095\" id=\"header-1693175082095\" style=\"\" class=\"accordions-head head1693175082095 border-none\" toggle-text=\"\" main-text=\"EDUCACION\">\r\n                                    <span id=\"header-text-1693175082095\" class=\"accordions-head-title\">EDUCACION<\/span>\r\n                    <span id=\"accordion-icons-1693175082095\" class=\"accordion-icons\">\r\n                        <span class=\"accordion-icon-active accordion-plus\"><i class=\"fas fa-plus\"><\/i><\/span>\r\n                        <span class=\"accordion-icon-inactive accordion-minus\"><i class=\"fas fa-minus\"><\/i><\/span>\r\n                    <\/span>\r\n                            <\/div>\r\n            <div class=\"accordion-content content1693175082095 \">\r\n                <p><a href=\"https:\/\/hsdp.gov.co\/portal\/tipos-educacion\/\">EDUCACION<\/a><\/p>\n            <\/div>\r\n    <\/div>\r\n\r\n\r\n\r\n            <\/div>\n\n","protected":false},"excerpt":{"rendered":"","protected":false},"author":1,"featured_media":0,"parent":0,"menu_order":0,"comment_status":"closed","ping_status":"closed","template":"","meta":{"footnotes":""},"_links":{"self":[{"href":"https:\/\/hsdp.gov.co\/portal\/wp-json\/wp\/v2\/pages\/8671"}],"collection":[{"href":"https:\/\/hsdp.gov.co\/portal\/wp-json\/wp\/v2\/pages"}],"about":[{"href":"https:\/\/hsdp.gov.co\/portal\/wp-json\/wp\/v2\/types\/page"}],"author":[{"embeddable":true,"href":"https:\/\/hsdp.gov.co\/portal\/wp-json\/wp\/v2\/users\/1"}],"replies":[{"embeddable":true,"href":"https:\/\/hsdp.gov.co\/portal\/wp-json\/wp\/v2\/comments?post=8671"}],"version-history":[{"count":9,"href":"https:\/\/hsdp.gov.co\/portal\/wp-json\/wp\/v2\/pages\/8671\/revisions"}],"predecessor-version":[{"id":8703,"href":"https:\/\/hsdp.gov.co\/portal\/wp-json\/wp\/v2\/pages\/8671\/revisions\/8703"}],"wp:attachment":[{"href":"https:\/\/hsdp.gov.co\/portal\/wp-json\/wp\/v2\/media?parent=8671"}],"curies":[{"name":"wp","href":"https:\/\/api.w.org\/{rel}","templated":true}]}}