{"id":8384,"date":"2023-07-27T08:41:12","date_gmt":"2023-07-27T13:41:12","guid":{"rendered":"https:\/\/hsdp.gov.co\/portal\/?page_id=8384"},"modified":"2023-09-18T11:05:12","modified_gmt":"2023-09-18T16:05:12","slug":"rendicion-de-cuentas-vigencia-2022","status":"publish","type":"page","link":"https:\/\/hsdp.gov.co\/portal\/rendicion-de-cuentas-vigencia-2022\/","title":{"rendered":"Rendici\u00f3n de Cuentas Vigencia 2022"},"content":{"rendered":"\n\t<section class=\"section\" id=\"section_1063650983\">\n\t\t<div class=\"bg section-bg fill bg-fill  bg-loaded\" >\n\n\t\t\t\n\t\t\t\n\t\t\t\n\n\t\t<\/div><!-- .section-bg -->\n\n\t\t<div class=\"section-content relative\">\n\t\t\t\n\n  <div id=\"page-header-863765340\" class=\"page-header-wrapper\">\n  <div class=\"page-title dark featured-title\">\n\n    \n    <div class=\"page-title-inner container align-center text-center flex-row-col medium-flex-wrap\" >\n              <div class=\"title-wrapper flex-col\">\n          <h1 class=\"entry-title mb-0\">\n            Rendici\u00f3n de Cuentas Vigencia 2022          <\/h1>\n        <\/div>\n                    <div class=\"title-content flex-col\">\n        <div class=\"title-breadcrumbs pb-half pt-half\"><\/div>      <\/div>\n    <\/div><!-- flex-row -->\n\n     \n<style scope=\"scope\">\n\n#page-header-863765340 .title-bg {\n  \n}\n<\/style>\n  <\/div><!-- .page-title -->\n    <\/div><!-- .page-header-wrapper -->\n  \n\n\n  <div class=\"banner has-hover\" id=\"banner-156071534\">\n          <div class=\"banner-inner fill\">\n        <div class=\"banner-bg fill\" >\n            <div class=\"bg fill bg-fill \"><\/div>\n                                    \n                    <\/div><!-- bg-layers -->\n        <div class=\"banner-layers container\">\n            <div class=\"fill banner-link\"><\/div>            \n\n   <div id=\"text-box-309736678\" class=\"text-box banner-layer x100 md-x100 lg-x100 y5 md-y5 lg-y5 res-text\">\n                                <div class=\"text dark\">\n              \n              <div class=\"text-inner text-center\">\n                  \n\n<a rel=\"noopener noreferrer\" href=\"https:\/\/docs.google.com\/forms\/d\/e\/1FAIpQLSfeXcMr2XsQIXjr3VHTsT7vxIIjpvQRceOcSIKA3FaA9FWmIg\/viewform?usp=sf_link\" target=\"_blank\" class=\"button primary\"  style=\"border-radius:10px;\">\n    <span>FORMULE   SUS   PREGUNTAS<\/span>\n  <\/a>\n\n\n\n              <\/div>\n           <\/div><!-- text-box-inner -->\n                            \n<style scope=\"scope\">\n\n#text-box-309736678 {\n  width: 55%;\n}\n#text-box-309736678 .text {\n  font-size: 113%;\n}\n<\/style>\n    <\/div><!-- text-box -->\n \n\n        <\/div><!-- .banner-layers -->\n      <\/div><!-- .banner-inner -->\n\n            \n<style scope=\"scope\">\n\n#banner-156071534 {\n  padding-top: 417px;\n}\n#banner-156071534 .bg.bg-loaded {\n  background-image: url(https:\/\/hsdp.gov.co\/portal\/wp-content\/uploads\/2023\/07\/Disenos-RC-web.png);\n}\n<\/style>\n  <\/div><!-- .banner -->\n\n\n\n\t\t<\/div><!-- .section-content -->\n\n\t\t\n<style scope=\"scope\">\n\n#section_1063650983 {\n  padding-top: 30px;\n  padding-bottom: 30px;\n}\n<\/style>\n\t<\/section>\n\t\n<div class=\"is-divider divider clearfix\" ><\/div><!-- .divider -->\n\n\t<section class=\"section\" id=\"section_1234873899\">\n\t\t<div class=\"bg section-bg fill bg-fill  bg-loaded\" >\n\n\t\t\t\n\t\t\t\n\t\t\t\n\n\t\t<\/div><!-- .section-bg -->\n\n\t\t<div class=\"section-content relative\">\n\t\t\t\n\n  <div id=\"page-header-177430038\" class=\"page-header-wrapper\">\n  <div class=\"page-title dark featured-title\">\n\n    \n    <div class=\"page-title-inner container align-center text-center flex-row-col medium-flex-wrap\" >\n              <div class=\"title-wrapper flex-col\">\n          <h1 class=\"entry-title mb-0\">\n            Informe de Rendici\u00f3n de Cuentas 2022          <\/h1>\n        <\/div>\n                    <div class=\"title-content flex-col\">\n        <div class=\"title-breadcrumbs pb-half pt-half\"><\/div>      <\/div>\n    <\/div><!-- flex-row -->\n\n     \n<style scope=\"scope\">\n\n#page-header-177430038 .title-bg {\n  \n}\n<\/style>\n  <\/div><!-- .page-title -->\n    <\/div><!-- .page-header-wrapper -->\n  \n\n\n\t\t<\/div><!-- .section-content -->\n\n\t\t\n<style scope=\"scope\">\n\n#section_1234873899 {\n  padding-top: 30px;\n  padding-bottom: 30px;\n}\n<\/style>\n\t<\/section>\n\t\n<p style=\"text-align: center;\"><div class=\"_df_book df-container df-loading \" id=\"df_8396\"  wpoptions=\"true\" ><\/div><script data-cfasync=\"false\">var option_df_8396 = {\"outline\":[],\"forceFit\":\"true\",\"autoEnableOutline\":\"false\",\"autoEnableThumbnail\":\"false\",\"overwritePDFOutline\":\"false\",\"direction\":\"1\",\"pageMode\":\"0\",\"source\":\"http:\\\/\\\/hsdp.gov.co\\\/portal\\\/wp-content\\\/uploads\\\/2023\\\/07\\\/RENDICION_CTAS-2023.pdf\",\"wpOptions\":\"true\"}; if(window.DFLIP && DFLIP.parseBooks){DFLIP.parseBooks();}<\/script>.<\/p>\n  <div id=\"page-header-1397768129\" class=\"page-header-wrapper\">\n  <div class=\"page-title dark featured-title\">\n\n    \n    <div class=\"page-title-inner container align-center text-center flex-row-col medium-flex-wrap\" >\n              <div class=\"title-wrapper flex-col\">\n          <h1 class=\"entry-title mb-0\">\n            Reglamento y Cronograma          <\/h1>\n        <\/div>\n                    <div class=\"title-content flex-col\">\n        <div class=\"title-breadcrumbs pb-half pt-half\"><\/div>      <\/div>\n    <\/div><!-- flex-row -->\n\n     \n<style scope=\"scope\">\n\n#page-header-1397768129 .title-bg {\n  \n}\n<\/style>\n  <\/div><!-- .page-title -->\n    <\/div><!-- .page-header-wrapper -->\n  \n\n<div class=\"row\"  id=\"row-524385050\">\n\n<div class=\"col medium-6 small-12 large-6\"  ><div class=\"col-inner\"  >\n\n<p style=\"text-align: center;\">PARA VER EL REGLAMENTO AUDIENCIA P\u00daBLICA VIGENCIA 2022 VAYA AL SIGUIENTE ENLACE.<\/p>\n<a href=\"https:\/\/hsdp.gov.co\/portal\/wp-content\/uploads\/2023\/08\/REGLAMENTO-AUDIENCIA-RENDICION-2022.pdf\" target=\"_self\" class=\"button primary expand\"  >\n    <span>CLICK AC\u00c1<\/span>\n  <\/a>\n\n\n\n<\/div><\/div>\n<div class=\"col medium-6 small-12 large-6\"  ><div class=\"col-inner\"  >\n\n<p style=\"text-align: center;\">CRONOGRAMA AUDIENCIA P\u00daBLICA RENDICI\u00d3N DE CUENTAS VIGENCIA 2022.<\/p>\n<a href=\"https:\/\/hsdp.gov.co\/portal\/wp-content\/uploads\/2023\/07\/CRONOGRAMA-AUDIENCIA-RENDICION-2022.pdf\" target=\"_self\" class=\"button primary expand\"  >\n    <span>CLICK AC\u00c1<\/span>\n  <\/a>\n\n\n\n<\/div><\/div>\n\n<\/div>\n  <div id=\"page-header-1827122386\" class=\"page-header-wrapper\">\n  <div class=\"page-title dark featured-title\">\n\n    \n    <div class=\"page-title-inner container align-center text-center flex-row-col medium-flex-wrap\" >\n              <div class=\"title-wrapper flex-col\">\n          <h1 class=\"entry-title mb-0\">\n            Informe Evaluaci\u00f3n Audiencia P\u00fablica Rendici\u00f3n de Cuentas 2022          <\/h1>\n        <\/div>\n                    <div class=\"title-content flex-col\">\n        <div class=\"title-breadcrumbs pb-half pt-half\"><\/div>      <\/div>\n    <\/div><!-- flex-row -->\n\n     \n<style scope=\"scope\">\n\n#page-header-1827122386 .title-bg {\n  \n}\n<\/style>\n  <\/div><!-- .page-title -->\n    <\/div><!-- .page-header-wrapper -->\n  \n\n<div class=\"is-divider divider clearfix\" ><\/div><!-- .divider -->\n\n<p style=\"text-align: center;\"><div class=\"_df_book df-container df-loading \" id=\"df_8776\"  wpoptions=\"true\" ><\/div><script data-cfasync=\"false\">var option_df_8776 = {\"outline\":[],\"forceFit\":\"true\",\"autoEnableOutline\":\"false\",\"autoEnableThumbnail\":\"false\",\"overwritePDFOutline\":\"false\",\"direction\":\"1\",\"pageMode\":\"0\",\"source\":\"http:\\\/\\\/hsdp.gov.co\\\/portal\\\/wp-content\\\/uploads\\\/2023\\\/09\\\/INFORME-RENDICION-DE-CUENTAS-2022.pdf\",\"wpOptions\":\"true\"}; if(window.DFLIP && DFLIP.parseBooks){DFLIP.parseBooks();}<\/script>\n<div class=\"is-divider divider clearfix\" ><\/div><!-- .divider -->\n\n  <div id=\"page-header-1208476259\" class=\"page-header-wrapper\">\n  <div class=\"page-title dark featured-title\">\n\n    \n    <div class=\"page-title-inner container align-center text-center flex-row-col medium-flex-wrap\" >\n              <div class=\"title-wrapper flex-col\">\n          <h1 class=\"entry-title mb-0\">\n            Acta de Rendici\u00f3n de Cuentas 2022          <\/h1>\n        <\/div>\n                    <div class=\"title-content flex-col\">\n        <div class=\"title-breadcrumbs pb-half pt-half\"><\/div>      <\/div>\n    <\/div><!-- flex-row -->\n\n     \n<style scope=\"scope\">\n\n#page-header-1208476259 .title-bg {\n  \n}\n<\/style>\n  <\/div><!-- .page-title -->\n    <\/div><!-- .page-header-wrapper -->\n  \n\n<div class=\"is-divider divider clearfix\" ><\/div><!-- .divider -->\n\n<p style=\"text-align: center;\"><div class=\"_df_book df-container df-loading \" id=\"df_8788\"  wpoptions=\"true\" ><\/div><script data-cfasync=\"false\">var option_df_8788 = {\"outline\":[],\"forceFit\":\"true\",\"autoEnableOutline\":\"false\",\"autoEnableThumbnail\":\"false\",\"overwritePDFOutline\":\"false\",\"direction\":\"1\",\"pageMode\":\"0\",\"source\":\"http:\\\/\\\/hsdp.gov.co\\\/portal\\\/wp-content\\\/uploads\\\/2023\\\/09\\\/ACTA-RENDICION-DE-CUENTAS1.pdf\",\"wpOptions\":\"true\"}; if(window.DFLIP && DFLIP.parseBooks){DFLIP.parseBooks();}<\/script>\n<div class=\"is-divider divider clearfix\" ><\/div><!-- .divider -->\n\n  <div id=\"page-header-830846835\" class=\"page-header-wrapper\">\n  <div class=\"page-title dark featured-title\">\n\n    \n    <div class=\"page-title-inner container align-center text-center flex-row-col medium-flex-wrap\" >\n              <div class=\"title-wrapper flex-col\">\n          <h1 class=\"entry-title mb-0\">\n            Registro de Asistencia          <\/h1>\n        <\/div>\n                    <div class=\"title-content flex-col\">\n        <div class=\"title-breadcrumbs pb-half pt-half\"><\/div>      <\/div>\n    <\/div><!-- flex-row -->\n\n     \n<style scope=\"scope\">\n\n#page-header-830846835 .title-bg {\n  \n}\n<\/style>\n  <\/div><!-- .page-title -->\n    <\/div><!-- .page-header-wrapper -->\n  \n\n<div class=\"is-divider divider clearfix\" ><\/div><!-- .divider -->\n\n<p style=\"text-align: center;\"><a href=\"https:\/\/hsdp.gov.co\/portal\/wp-content\/uploads\/2023\/09\/Registro-Asistencia-RC2022.xlsx\">Registro de Asistencia<\/a><\/p>\n\n","protected":false},"excerpt":{"rendered":"<p>. Registro de Asistencia<\/p>\n","protected":false},"author":1,"featured_media":0,"parent":0,"menu_order":0,"comment_status":"closed","ping_status":"closed","template":"","meta":{"footnotes":""},"_links":{"self":[{"href":"https:\/\/hsdp.gov.co\/portal\/wp-json\/wp\/v2\/pages\/8384"}],"collection":[{"href":"https:\/\/hsdp.gov.co\/portal\/wp-json\/wp\/v2\/pages"}],"about":[{"href":"https:\/\/hsdp.gov.co\/portal\/wp-json\/wp\/v2\/types\/page"}],"author":[{"embeddable":true,"href":"https:\/\/hsdp.gov.co\/portal\/wp-json\/wp\/v2\/users\/1"}],"replies":[{"embeddable":true,"href":"https:\/\/hsdp.gov.co\/portal\/wp-json\/wp\/v2\/comments?post=8384"}],"version-history":[{"count":23,"href":"https:\/\/hsdp.gov.co\/portal\/wp-json\/wp\/v2\/pages\/8384\/revisions"}],"predecessor-version":[{"id":8797,"href":"https:\/\/hsdp.gov.co\/portal\/wp-json\/wp\/v2\/pages\/8384\/revisions\/8797"}],"wp:attachment":[{"href":"https:\/\/hsdp.gov.co\/portal\/wp-json\/wp\/v2\/media?parent=8384"}],"curies":[{"name":"wp","href":"https:\/\/api.w.org\/{rel}","templated":true}]}}