{"id":8003,"date":"2023-04-25T16:54:05","date_gmt":"2023-04-25T21:54:05","guid":{"rendered":"https:\/\/hsdp.gov.co\/portal\/?page_id=8003"},"modified":"2023-10-31T10:12:31","modified_gmt":"2023-10-31T15:12:31","slug":"odontologia","status":"publish","type":"page","link":"https:\/\/hsdp.gov.co\/portal\/odontologia\/","title":{"rendered":"ODONTOLOG\u00cdA"},"content":{"rendered":"\n<div class=\"container section-title-container\" ><h2 class=\"section-title section-title-center\"><b><\/b><span class=\"section-title-main\" style=\"color:rgb(111, 180, 94);\">Odontolog\u00eda<\/span><b><\/b><\/h2><\/div><!-- .section-title -->\n\n<p><strong>Algoritmo Gu\u00eda R\u00e1pida Recomendaciones Pre Y Post Procedimientos Odontol\u00f3gicos.<\/strong><\/p>\n<p>Informaci\u00f3n, educaci\u00f3n y comunicaci\u00f3n al paciente y su familia sobre recomendaciones pre y post procedimientos<\/p>\n<ul>\n<li>\n<h4><a href=\"https:\/\/hsdp.gov.co\/portal\/sin-categoria\/recomendaciones-para-asistir-a-cita-odontologica\/\">Recomendaciones para asistir a cita odontol\u00f3gica<\/a><\/h4>\n<\/li>\n<li>\n<h4><a href=\"https:\/\/hsdp.gov.co\/portal\/sin-categoria\/recomendaciones-pre-y-post-anestesia\/\">Recomendaciones pre y post anestesia<\/a><\/h4>\n<\/li>\n<li>\n<h4><a href=\"https:\/\/hsdp.gov.co\/portal\/sin-categoria\/recomendaciones-pre-y-post-exodoncia\/\">Recomendaciones pre y post exodoncia<\/a><\/h4>\n<\/li>\n<li>\n<h4><a href=\"https:\/\/hsdp.gov.co\/portal\/sin-categoria\/recomendaciones-pre-y-post-obsturacion-dental\/\">Recomendaciones pre y post obsturaci\u00f3n dental<\/a><\/h4>\n<\/li>\n<li>\n<h4><a href=\"https:\/\/hsdp.gov.co\/portal\/sin-categoria\/recomendaciones-pre-y-post-aplicacion-de-fluor\/\">Recomendaciones pre y post aplicaci\u00f3n de fluor<\/a><\/h4>\n<\/li>\n<li>\n<h4><a href=\"https:\/\/hsdp.gov.co\/portal\/sin-categoria\/recomendaciones-generales-para-las-gestantes\/\">Recomendaciones generales para las gestantes<\/a><\/h4>\n<\/li>\n<\/ul>\n\n","protected":false},"excerpt":{"rendered":"<p>Algoritmo Gu\u00eda R\u00e1pida Recomendaciones Pre Y Post Procedimientos Odontol\u00f3gicos. Informaci\u00f3n, educaci\u00f3n y comunicaci\u00f3n al paciente y su familia sobre recomendaciones pre y post procedimientos Recomendaciones para asistir a cita odontol\u00f3gica Recomendaciones pre y post anestesia Recomendaciones pre y post exodoncia Recomendaciones pre y post obsturaci\u00f3n dental Recomendaciones pre y post aplicaci\u00f3n de fluor Recomendaciones generales [&#8230;]\n","protected":false},"author":1,"featured_media":0,"parent":0,"menu_order":0,"comment_status":"closed","ping_status":"closed","template":"","meta":{"footnotes":""},"_links":{"self":[{"href":"https:\/\/hsdp.gov.co\/portal\/wp-json\/wp\/v2\/pages\/8003"}],"collection":[{"href":"https:\/\/hsdp.gov.co\/portal\/wp-json\/wp\/v2\/pages"}],"about":[{"href":"https:\/\/hsdp.gov.co\/portal\/wp-json\/wp\/v2\/types\/page"}],"author":[{"embeddable":true,"href":"https:\/\/hsdp.gov.co\/portal\/wp-json\/wp\/v2\/users\/1"}],"replies":[{"embeddable":true,"href":"https:\/\/hsdp.gov.co\/portal\/wp-json\/wp\/v2\/comments?post=8003"}],"version-history":[{"count":6,"href":"https:\/\/hsdp.gov.co\/portal\/wp-json\/wp\/v2\/pages\/8003\/revisions"}],"predecessor-version":[{"id":8944,"href":"https:\/\/hsdp.gov.co\/portal\/wp-json\/wp\/v2\/pages\/8003\/revisions\/8944"}],"wp:attachment":[{"href":"https:\/\/hsdp.gov.co\/portal\/wp-json\/wp\/v2\/media?parent=8003"}],"curies":[{"name":"wp","href":"https:\/\/api.w.org\/{rel}","templated":true}]}}