{"id":7819,"date":"2023-04-21T10:35:43","date_gmt":"2023-04-21T15:35:43","guid":{"rendered":"https:\/\/hsdp.gov.co\/portal\/?page_id=7819"},"modified":"2024-02-20T17:19:49","modified_gmt":"2024-02-20T22:19:49","slug":"procesos-de-apoyo-gestion-documental","status":"publish","type":"page","link":"https:\/\/hsdp.gov.co\/portal\/procesos-de-apoyo-gestion-documental\/","title":{"rendered":"Procesos de Apoyo Gesti\u00f3n Documental"},"content":{"rendered":"\n<p style=\"text-align: center;\"><strong>Procesos de Apoyo<\/strong><\/p>\n<div class=\"container section-title-container\" ><h2 class=\"section-title section-title-center\"><b><\/b><span class=\"section-title-main\" style=\"color:rgb(108, 176, 13);\">Gesti\u00f3n Documental<\/span><b><\/b><\/h2><\/div><!-- .section-title -->\n\n<div class=\"container section-title-container\" ><h4 class=\"section-title section-title-bold\"><b><\/b><span class=\"section-title-main\" style=\"color:rgb(55, 131, 198);\">RESOLUCION 009 - pol\u00edtica de gesti\u00f3n documental<\/span><b><\/b><\/h4><\/div><!-- .section-title -->\n\n<p style=\"text-align: left;\">Que en cumplimiento de la ley general de archivo 594 del 2000 y en especial el decreto 2609 de 2012 que determina los contenidos b\u00e1sicos para la creaci\u00f3n de la pol\u00edtica de gesti\u00f3n documental, as\u00ed como de los dem\u00e1s acuerdos, decretos y resoluciones dictados por los \u00f3rganos de control en materia de la gesti\u00f3n archivista para las entidades p\u00fablicas y de las entidades competentes para su aplicaci\u00f3n a los documentos, elaboraci\u00f3n, conservaci\u00f3n, disposici\u00f3n final, reserva y custodia de los mismos, la E.S.E Hospital San Juan de Dios de Pamplona \u2013 Norte de Santander No es ajena a tales disposiciones ya que corresponde a una entidad de orden p\u00fablico, de prestaci\u00f3n de servicios de salud y cumplir\u00e1 con las disposiciones impartidas desde el ministerio de salud y de la protecci\u00f3n social en relaci\u00f3n a los documentos m\u00e9dicos y administrativos que se requieran para la efectiva prestaci\u00f3n de los servicios.<\/p>\n<a href=\"https:\/\/hsdp.gov.co\/portal\/wp-content\/uploads\/2020\/06\/Politica-de-la-Gestion-Documental.pdf\" target=\"_self\" class=\"button primary\"  style=\"border-radius:99px;\">\n    <span>Pol\u00edtica de la Gesti\u00f3n Documental<\/span>\n  <\/a>\n\n\n<ul>\n<li>\n<h4><a href=\"https:\/\/hsdp.gov.co\/portal\/wp-content\/uploads\/2021\/08\/Consolidacion-Politica-de-Gestion-Documental.pdf\">Consolidaci\u00f3n Pol\u00edtica de Gesti\u00f3n Documental<\/a><\/h4>\n<\/li>\n<li>\n<h4><a href=\"https:\/\/hsdp.gov.co\/portal\/wp-content\/uploads\/2022\/09\/Resolucion-268-Indice-de-Informacion-Reservada-y-Clasificada..pdf\">Resoluci\u00f3n 268 &#8211; 08 sep 2022 &#8211; Actualizaci\u00f3n Indice de informaci\u00f3n clasificada y reservada<\/a><\/h4>\n<\/li>\n<li>\n<h4><a href=\"https:\/\/hsdp.gov.co\/portal\/wp-content\/uploads\/2021\/09\/Indice-de-la-Informacion-Reservada-y-Clasificada-1.pdf\">\u00cdndice de informaci\u00f3n reservada y clasificada<\/a><\/h4>\n<\/li>\n<li>\n<h4><strong><a href=\"https:\/\/hsdp.gov.co\/portal\/sin-categoria\/programa-de-gestion-documental-pgd\/\">Programa de Gesti\u00f3n Documental<\/a><\/strong><\/h4>\n<\/li>\n<li>\n<h4><strong><a href=\"https:\/\/hsdp.gov.co\/portal\/sin-categoria\/plan-institucional-de-archivo-pinar\/\">Plan Institucional de Archivo PINAR<\/a><\/strong><\/h4>\n<\/li>\n<li>\n<h4><strong><a href=\"https:\/\/hsdp.gov.co\/portal\/sin-categoria\/sistema-institucional-de-conservacion-documental-2024\/\">Sistema Integrado de Conservaci\u00f3n<\/a><\/strong><\/h4>\n<\/li>\n<li>\n<h4><a id=\"wp-block-file--media-92c384ea-a8cb-4254-ac65-014300485eb0\" href=\"https:\/\/hsdp.gov.co\/portal\/wp-content\/uploads\/2022\/10\/Resolucion-Activos-Fijos-de-Informacion-2022.pdf\">Resoluci\u00f3n Activos Fijos de Informaci\u00f3n 2022<\/a><\/h4>\n<\/li>\n<li>\n<h4><a href=\"https:\/\/hsdp.gov.co\/portal\/wp-content\/uploads\/2023\/01\/ITA-ACTIVOS-FIJOS-DE-INFORMACION.xlsx\">ITA Activos Fijos de Informaci\u00f3n<\/a><\/h4>\n<\/li>\n<li>\n<h4><a href=\"https:\/\/hsdp.gov.co\/portal\/wp-content\/uploads\/2023\/08\/Cuadro-de-Clasificacion-Documental.xlsx\">Cuadro de Clasificaci\u00f3n Documental<\/a><\/h4>\n<\/li>\n<li>\n<h4><a href=\"https:\/\/hsdp.gov.co\/portal\/wp-content\/uploads\/2023\/08\/Resolucion-182-10-Julio-2023-CCD.pdf\">Resolucion 182- 10 Julio 2023- CCD<\/a><\/h4>\n<\/li>\n<li>\n<h4><a href=\"https:\/\/hsdp.gov.co\/portal\/wp-content\/uploads\/2023\/08\/TABLAS-DE-RETENCION-ACTUALIZADO-2023.pdf\">Tablas de Retenci\u00f3n Documental &#8211; TRD<\/a><\/h4>\n<\/li>\n<li>\n<h4><a href=\"https:\/\/hsdp.gov.co\/portal\/wp-content\/uploads\/2023\/08\/FR-GDM-01-01-V.00-_-FUID-Formato-Unico-de-Inventario-Documental.xlsx\">Formato \u00danico de Inventario Documental<\/a><\/h4>\n<\/li>\n<li>\n<h5><strong><a href=\"https:\/\/hsdp.gov.co\/portal\/wp-content\/uploads\/2024\/02\/RESOLUCION-023-VENTANILLA-UNICA.pdf\">RESOLUCION 023 VENTANILLA \u00daNICA<\/a><\/strong><\/h5>\n<\/li>\n<\/ul>\n<div class=\"text-center\"><div class=\"is-divider divider clearfix\" style=\"max-width:61px;background-color:rgb(99, 190, 23);\"><\/div><\/div><!-- .divider -->\n\n<div class=\"row\"  id=\"row-1584089926\">\n\n<div class=\"col medium-4 small-12 large-4\"  ><div class=\"col-inner\"  >\n\n<a href=\"https:\/\/hsdp.gov.co\/portal\/wp-content\/uploads\/2023\/06\/20232000039003_00001.pdf\" target=\"_self\" class=\"button primary is-underline expand\"  >\n    <span>Manual de Procesos de  la gesti\u00f3n documental<\/span>\n  <\/a>\n\n\n\n<\/div><\/div>\n<div class=\"col medium-4 small-12 large-4\"  ><div class=\"col-inner\"  >\n\n<a href=\"https:\/\/hsdp.gov.co\/portal\/control-de-documentos\/control-de-documentos\/\" target=\"_self\" class=\"button primary is-underline expand\"  >\n    <span>CONTROL DE DOCUMENTOS<\/span>\n  <\/a>\n\n\n\n<\/div><\/div>\n<div class=\"col medium-4 small-12 large-4\"  ><div class=\"col-inner\"  >\n\n<a href=\"https:\/\/hsdp.gov.co\/portal\/control-de-registros\/control-de-registros\/\" target=\"_self\" class=\"button primary is-underline expand\"  >\n    <span>CONTROL DE REGISTROS<\/span>\n  <\/a>\n\n\n\n<\/div><\/div>\n\n<\/div>\n<div class=\"text-center\"><div class=\"is-divider divider clearfix\" style=\"max-width:61px;background-color:rgb(99, 190, 23);\"><\/div><\/div><!-- .divider -->\n\n<h4>Estandarizaci\u00f3n de Formatos<\/h4>\n<div class=\"accordion\" rel=\"\">\n\n<div class=\"accordion-item\"><a href=\"#\" class=\"accordion-title plain\"><button class=\"toggle\"><i class=\"icon-angle-down\"><\/i><\/button><span>Contrataci\u00f3n<\/span><\/a><div class=\"accordion-inner\">\n\n<h5><a href=\"https:\/\/hsdp.gov.co\/portal\/wp-content\/uploads\/2021\/08\/F-GH01-33-v.-03-hoja-de-ruta-1.doc\">F &#8211; GH01-33-v. 03 hoja de ruta<\/a><\/h5>\n<h5><a href=\"https:\/\/hsdp.gov.co\/portal\/wp-content\/uploads\/2021\/08\/F-GL01-04-SEGUIMIENTO-CONTR-CUANTIA-1.doc\">F-GL01-04 Seguimiento CONTR CUANTIA<\/a><\/h5>\n<h5><a href=\"https:\/\/hsdp.gov.co\/portal\/wp-content\/uploads\/2021\/08\/F-GL01-04-SEGUMINETO-CONTRATO-CONVOCATORIA-1.doc\">F-GL01-04 Seguimiento contrato convocatoria<\/a><\/h5>\n\n<\/div><\/div>\n<div class=\"accordion-item\"><a href=\"#\" class=\"accordion-title plain\"><button class=\"toggle\"><i class=\"icon-angle-down\"><\/i><\/button><span>Control Interno<\/span><\/a><div class=\"accordion-inner\">\n\n<h5><a href=\"https:\/\/hsdp.gov.co\/portal\/wp-content\/uploads\/2021\/08\/Control-Papeles-de-trabajo.xlsx\">Control Papeles de Trabajo<\/a><\/h5>\n<h5><a href=\"https:\/\/hsdp.gov.co\/portal\/wp-content\/uploads\/2021\/08\/Formato-Informe-de-Auditoria.doc\">Formato Informe de Auditoria<\/a><\/h5>\n<h5><a href=\"https:\/\/hsdp.gov.co\/portal\/wp-content\/uploads\/2021\/08\/FORMATO-LISTA-DE-CHEQUEO.docx\">Formato Lista de Chequeo<\/a><\/h5>\n<h5><a href=\"https:\/\/hsdp.gov.co\/portal\/wp-content\/uploads\/2021\/08\/Formato-Plan-de-Auditoria.xls\">Formato Plan de Auditor\u00eda<\/a><\/h5>\n<h5><a href=\"https:\/\/hsdp.gov.co\/portal\/wp-content\/uploads\/2021\/08\/Formato-Programa-Anual-de-Auditoria.xls\">Formato Programa Anual de Auditor\u00eda<\/a><\/h5>\n<h5><a href=\"https:\/\/hsdp.gov.co\/portal\/wp-content\/uploads\/2021\/08\/Formato-Reunion-de-inicio-y-cierre.doc\">Formato Reuni\u00f3n de Inicio y Cierre<\/a><\/h5>\n<p><a href=\"https:\/\/hsdp.gov.co\/portal\/wp-content\/uploads\/2021\/08\/Formatos-Admon-del-Riesgo-1.xls\">Formatos Administraci\u00f3n del Riesgo<\/a><\/p>\n\n<\/div><\/div>\n<div class=\"accordion-item\"><a href=\"#\" class=\"accordion-title plain\"><button class=\"toggle\"><i class=\"icon-angle-down\"><\/i><\/button><span>Cirug\u00eda (cx)<\/span><\/a><div class=\"accordion-inner\">\n\n<h5><a href=\"https:\/\/hsdp.gov.co\/portal\/wp-content\/uploads\/2021\/08\/consentimiento-informado-PARA-ANESTESIA.doc\">Consentimiento Informado para Anestesia<\/a><\/h5>\n<h5><a href=\"https:\/\/hsdp.gov.co\/portal\/wp-content\/uploads\/2021\/08\/consentimiento-informado.doc\">Consentimiento Informado<\/a><\/h5>\n<h5><a href=\"_wp_link_placeholder\" data-wplink-edit=\"true\">Consentimientos Ginecolog\u00eda<\/a><\/h5>\n<h5><a href=\"https:\/\/hsdp.gov.co\/portal\/wp-content\/uploads\/2021\/08\/F-AA01-04_preferencia-de-servicios.doc\">F-AA01-04_preferencia de servicios<\/a><\/h5>\n<h5><a href=\"https:\/\/hsdp.gov.co\/portal\/wp-content\/uploads\/2021\/08\/F-AD-01-13-v.00-FORMATO-ENTREGA-Y-RECEPCION-DE-MUESTRAS-DE-MUNICIPIOS-1.doc\">F-AD-01-13 v.00 Formato Entrega y Recepci\u00f3n de Muestras de Municipios<\/a><\/h5>\n<h5><a href=\"https:\/\/hsdp.gov.co\/portal\/wp-content\/uploads\/2021\/08\/F-AD-01-14-v.00-FORMATO-ENTREGA-Y-RECEPCION-DE-MUESTRAS-DE-HOSPITALIZACION-Y-URGENCIAS-1.doc\">F-AD-01-14 v.00 Formato Entrega y Recepci\u00f3n de Muestras De Hospitalizaci\u00f3n y Urgencias<\/a><\/h5>\n<h5><a href=\"https:\/\/hsdp.gov.co\/portal\/wp-content\/uploads\/2021\/08\/F-AD-01-15-v.00-FORMATO-DE-SOLICITUD-DE-RETOMA-DE-MUESTRAS.docx\">F-AD-01-15 v.00 Formato de Solicitud de Retoma de Muestras<\/a><\/h5>\n<h5><a href=\"https:\/\/hsdp.gov.co\/portal\/wp-content\/uploads\/2021\/08\/F-AS-09-01-06-v.00-FORMATO-SOPORTE-FISICO-DE-INDICADORES-QUINICOS-TIRILLAS-Y-CINTAS.xlsx\">F-AS-09-01-06 v.00 Formato Soporte F\u00edsico de Indicadores Qu\u00edmicos Tirillas y Cintas<\/a><\/h5>\n<h5><a href=\"https:\/\/hsdp.gov.co\/portal\/wp-content\/uploads\/2021\/08\/F-GA-05-08-v.02-FORMATO-DE-REGISTRO-DE-MATERIALES-UTILIZADOS-EN-CIRUGIA-1-1.doc\">F-GA-05 -08 v.02 Formato de Registro de Materiales Utilizados en Cirug\u00eda 1<\/a><\/h5>\n<h5><a href=\"https:\/\/hsdp.gov.co\/portal\/wp-content\/uploads\/2021\/08\/REGISTRO-MEDICO-DE-ANESTESIA-SIS-419.docx\">Registro M\u00e9dico de Anestesia SIS &#8211; 419<\/a><\/h5>\n<h5><a href=\"https:\/\/hsdp.gov.co\/portal\/wp-content\/uploads\/2021\/08\/registro-medico-anestesia-3.pdf\">Registro M\u00e9dico Anestesia 3<\/a><\/h5>\n<h5><a href=\"https:\/\/hsdp.gov.co\/portal\/wp-content\/uploads\/2021\/08\/SOLICITUD-PRESTAMO-Y-RECEPCIONINTERNA-DE-HISTORIA-CLINICA.docx\">Solicitud, Pr\u00e9stamo y Recepci\u00f3n Interna de Historia Cl\u00ednica<\/a><\/h5>\n\n<\/div><\/div>\n\n<\/div>\n<div class=\"accordion\" rel=\"\">\n\n<div class=\"accordion-item\"><a href=\"#\" class=\"accordion-title plain\"><button class=\"toggle\"><i class=\"icon-angle-down\"><\/i><\/button><span>Pertinencia M\u00e9dica<\/span><\/a><div class=\"accordion-inner\">\n\n<h5><a href=\"https:\/\/hsdp.gov.co\/portal\/wp-content\/uploads\/2021\/08\/Formatos-de-pertinencia-medica..pdf\">Formatos de Pertinencia M\u00e9dica<\/a><\/h5>\n\n<\/div><\/div>\n<div class=\"accordion-item\"><a href=\"#\" class=\"accordion-title plain\"><button class=\"toggle\"><i class=\"icon-angle-down\"><\/i><\/button><span>Salud P\u00fablica<\/span><\/a><div class=\"accordion-inner\">\n\n<h5><a href=\"https:\/\/hsdp.gov.co\/portal\/wp-content\/uploads\/2021\/08\/CONSTANCIA-CANALIZACION-USUARIOS-PARA-SOPORTAR.docx\">Constancia Canalizaci\u00f3n Usuarios (Para Soportar)<\/a><\/h5>\n<h5><a href=\"https:\/\/hsdp.gov.co\/portal\/wp-content\/uploads\/2021\/08\/FORMATO-CANALIZACION-PARA-USUARIO..doc\">Formato Canalizaci\u00f3n para usuario<\/a><\/h5>\n<h5><a href=\"https:\/\/hsdp.gov.co\/portal\/wp-content\/uploads\/2021\/08\/FORMATO-COMUNICACION-EXTERNA.docx\">Formato Comunicaci\u00f3n Externa<\/a><\/h5>\n<h5><a href=\"https:\/\/hsdp.gov.co\/portal\/wp-content\/uploads\/2021\/08\/FORMATO-COMUNICACION-INTERNA.docx\">Formato Comunicaci\u00f3n Interna<\/a><\/h5>\n<h5><a href=\"https:\/\/hsdp.gov.co\/portal\/wp-content\/uploads\/2021\/08\/FORMATO-DE-ACTA-AJUSTADO.doc\">Formato de Acta<\/a><\/h5>\n<h5><a href=\"https:\/\/hsdp.gov.co\/portal\/wp-content\/uploads\/2021\/08\/FORMATO-LISTADO.docx\">Formato Listado<\/a><\/h5>\n\n<\/div><\/div>\n<div class=\"accordion-item\"><a href=\"#\" class=\"accordion-title plain\"><button class=\"toggle\"><i class=\"icon-angle-down\"><\/i><\/button><span>Seguridad del Paciente<\/span><\/a><div class=\"accordion-inner\">\n\n<h5><a href=\"_wp_link_placeholder\" data-wplink-edit=\"true\">F01 Formato Incidente Evento Adverso Modificado<\/a><\/h5>\n<h5><a href=\"https:\/\/hsdp.gov.co\/portal\/wp-content\/uploads\/2021\/08\/F-AD04-22-v.00.MEDICAMENTOS.doc\">F-AD04-22 v.00 Medicamentos<\/a><\/h5>\n<h5><a href=\"https:\/\/hsdp.gov.co\/portal\/wp-content\/uploads\/2021\/08\/F-GC-02-05-v.02-FORMATO-DE-ANALISIS-DE-EVENTOS-ADVERSOS.doc\">F-GC-02- 05 v.02 Formato de an\u00e1lisis de eventos adversos<\/a><\/h5>\n<h5><a href=\"https:\/\/hsdp.gov.co\/portal\/wp-content\/uploads\/2021\/08\/F-GC-02-07-v.02-FORMATO-DE-REPORTE-DEL-EVENTO-ADVERSO-CAIDAS.doc\">F-GC-02-07 v.02 Formato de Reporte del evento adverso ca\u00eddas<\/a><\/h5>\n<h5><a href=\"https:\/\/hsdp.gov.co\/portal\/wp-content\/uploads\/2021\/08\/F-GC-02-08-v.00-Formato-de-analisis-y-reporte-incidentes.doc\">F-GC-02-08 v.00 Formato de an\u00e1lisis y reporte incidentes<\/a><\/h5>\n\n<\/div><\/div>\n<div class=\"accordion-item\"><a href=\"#\" class=\"accordion-title plain\"><button class=\"toggle\"><i class=\"icon-angle-down\"><\/i><\/button><span>Sistema de Gesti\u00f3n SST<\/span><\/a><div class=\"accordion-inner\">\n\n<h5><a href=\"https:\/\/hsdp.gov.co\/portal\/wp-content\/uploads\/2021\/08\/EVALUACION-DE-SIMULACRO-FORMATO.doc\">Formato de evaluaci\u00f3n de simulacro<\/a><\/h5>\n<h5><a href=\"https:\/\/hsdp.gov.co\/portal\/wp-content\/uploads\/2021\/08\/F-AS-01-04-36-v.00-FORMATO-CAPACITACIONES-1.xls\">F-AS-01-04-36 v.00 Formato capacitaciones<\/a><\/h5>\n<h5><a href=\"https:\/\/hsdp.gov.co\/portal\/wp-content\/uploads\/2021\/08\/F-AS-08-05-FORMATO-LISTA-DE-CHEQUEO-DE-DOTACION-DE-AMBULANCIAS-7.doc\">F-AS-08-05 Formato lista de chequeo de dotaci\u00f3n de ambulancias<\/a><\/h5>\n<h5><a href=\"https:\/\/hsdp.gov.co\/portal\/wp-content\/uploads\/2021\/08\/F-GD-01-02-v.01-FORMATO-GENERAL-DE-ACTAS.doc\">F-GD-01-02 v.01 Formato General De Actas<\/a><\/h5>\n<h5><a href=\"https:\/\/hsdp.gov.co\/portal\/wp-content\/uploads\/2021\/08\/F-GD-01-03-v.01-MODELO-ACTA-COMITE.doc\">F-GD-01-03 v.01 Modelo acta comit\u00e9<\/a><\/h5>\n<h5><a href=\"https:\/\/hsdp.gov.co\/portal\/wp-content\/uploads\/2021\/08\/F-GD-01-04-v.01-FORMATO-DE-CERTIFICACION-O-CONSTANCIA.doc\">F-GD-01-04 v.01 Formato de certificaci\u00f3n o constancia<\/a><\/h5>\n<h5><a href=\"https:\/\/hsdp.gov.co\/portal\/wp-content\/uploads\/2021\/08\/FORMATO-ANALISIS-DE-PUESTO-DE-TRABAJO.doc\">Formato An\u00e1lisis de Puesto de Trabajo<\/a><\/h5>\n<h5><a href=\"https:\/\/hsdp.gov.co\/portal\/wp-content\/uploads\/2021\/08\/FORMATO-ANALISIS-DE-VULNERABILIDAD-ESE-HOSPITAL-SAN-JUAN-DE-DIOS-DE-PAMPLONA.xlsx\">Formato An\u00e1lisis de Vulnerabilidad E.S.E. Hospital San Juan de Dios de Pamplona<\/a><\/h5>\n<h5><a href=\"https:\/\/hsdp.gov.co\/portal\/wp-content\/uploads\/2021\/08\/FORMATO-F-GL-0203-05-v.00-chequeo-ambulancias-antes-de-remision.docx\">F-GL-0203-05 v.00 Formato chequeo ambulancias&nbsp; antes de remisi\u00f3n<\/a><\/h5>\n\n<\/div><\/div>\n<div class=\"accordion-item\"><a href=\"#\" class=\"accordion-title plain\"><button class=\"toggle\"><i class=\"icon-angle-down\"><\/i><\/button><span>Subdirecci\u00f3n Administrativa<\/span><\/a><div class=\"accordion-inner\">\n\n<h5><a href=\"https:\/\/hsdp.gov.co\/portal\/wp-content\/uploads\/2021\/08\/8.-F-GR-01-01-17-v.00-FORMATO-DE-SOLICITUD-DE-REGISTRO-PRESUPUESTAL-PERSONAL12.doc\">8. F-GR-01-01-17 v.00 Formato de solicitud de registro presupuestal &#8211; personal<\/a><\/h5>\n<h5><a href=\"https:\/\/hsdp.gov.co\/portal\/wp-content\/uploads\/2021\/08\/CDP-REVISOR-FISCAL.doc\">CDP &#8211; Revisor Fiscal<\/a><\/h5>\n<h5><a href=\"https:\/\/hsdp.gov.co\/portal\/wp-content\/uploads\/2021\/08\/CONSTANCIA-DE-CUMPLIMIENTO-CONTRACTUAL.doc\">Constancia de cumplimiento contractual<\/a><\/h5>\n<h5><a href=\"https:\/\/hsdp.gov.co\/portal\/wp-content\/uploads\/2021\/08\/CUENTA-COBRO.docx\">Cuenta de cobro<\/a><\/h5>\n<h5><a href=\"https:\/\/hsdp.gov.co\/portal\/wp-content\/uploads\/2021\/08\/F-GH01-04-v01-Formato-para-Solicitud-de-Permisos.docx\">F &#8211; GH01-04-v01 Formato para Solicitud de Permisos<\/a><\/h5>\n<h5><a href=\"https:\/\/hsdp.gov.co\/portal\/wp-content\/uploads\/2021\/08\/F-GL01-11-INFORME-DE-SUPERVISION.doc\">F-GL01-11 Informe de supervisi\u00f3n<\/a><\/h5>\n<h5><a href=\"https:\/\/hsdp.gov.co\/portal\/wp-content\/uploads\/2021\/08\/LIBERACION-PRESUPUESTAL.doc\">Liberaci\u00f3n Presupuestal<\/a><\/h5>\n<h5><a href=\"https:\/\/hsdp.gov.co\/portal\/wp-content\/uploads\/2021\/08\/RESOLUCION-INSTITUCIONAL.doc\">Resoluci\u00f3n Institucional<\/a><\/h5>\n<h5><a href=\"https:\/\/hsdp.gov.co\/portal\/wp-content\/uploads\/2021\/08\/SOLICITUD-DE-MANTENIMIENTO-Y-ORDEN-DE-TRABAJO.doc\">Solicitud de Mantenimiento y Orden de Trabajo<\/a><\/h5>\n\n<\/div><\/div>\n<div class=\"accordion-item\"><a href=\"#\" class=\"accordion-title plain\"><button class=\"toggle\"><i class=\"icon-angle-down\"><\/i><\/button><span>Subdirecci\u00f3n Cient\u00edfica<\/span><\/a><div class=\"accordion-inner\">\n\n<h5><a href=\"https:\/\/hsdp.gov.co\/portal\/wp-content\/uploads\/2021\/08\/CHEQUEO-PARA-FIRMAS-PAZ-Y-SALVO..doc\">Chequeo para Firmas Paz y Salvo<\/a><\/h5>\n<h5><a href=\"https:\/\/hsdp.gov.co\/portal\/wp-content\/uploads\/2021\/08\/F-GH01-03-CAMBIO-DE-TURNO-modificado.doc\">F &#8211; GH01-03 Cambio Turno<\/a><\/h5>\n<h5><a href=\"https:\/\/hsdp.gov.co\/portal\/wp-content\/uploads\/2021\/08\/F-GH-01-03-FORMATO-PARA-CAMBIO-DE-TURNO-OPS.doc\">F &#8211; GH-01-03 Formato para cambio de turno OPS<\/a><\/h5>\n<h5><a href=\"https:\/\/hsdp.gov.co\/portal\/wp-content\/uploads\/2021\/08\/F-GH01-04-v01-Formato-para-Solicitud-de-Permisos-1.docx\">F &#8211; GH01-04-v01 Formato para Solicitud de Permisos<\/a><\/h5>\n<h5><a href=\"https:\/\/hsdp.gov.co\/portal\/wp-content\/uploads\/2021\/08\/F-01_FORMATO_INCIDENTE_EVENTO_ADVERSO-1.doc\">F 01 Formato Incidente Evento Adverso<\/a><\/h5>\n<h5><a href=\"https:\/\/hsdp.gov.co\/portal\/wp-content\/uploads\/2021\/08\/F-GL01-11-INFORME-DE-SUPERVISION-1.doc\">F-GL01-11 Informe de Supervisi\u00f3n<\/a><\/h5>\n<h5><a href=\"https:\/\/hsdp.gov.co\/portal\/wp-content\/uploads\/2021\/08\/formato-compensatorio.doc\">Formato compensatorio<\/a><\/h5>\n<h5><a href=\"https:\/\/hsdp.gov.co\/portal\/wp-content\/uploads\/2021\/08\/formato-entrega-cuentas-xa-crear.xlsx\">Formato entrega cuentas para crear<\/a><\/h5>\n<h5><a href=\"https:\/\/hsdp.gov.co\/portal\/wp-content\/uploads\/2021\/08\/FORMATO-LISTA-DE-CHEQUEO-DE-DOCUMENTOS-EXIGIDOS-PARA-CUENTAS-GENERALES-9.docx\">Formato lista de chequeo de documentos exigidos para cuentas generales<\/a><\/h5>\n\n<\/div><\/div>\n<div class=\"accordion-item\"><a href=\"#\" class=\"accordion-title plain\"><button class=\"toggle\"><i class=\"icon-angle-down\"><\/i><\/button><span>Talento Humano<\/span><\/a><div class=\"accordion-inner\">\n\n<h5><a href=\"https:\/\/hsdp.gov.co\/portal\/wp-content\/uploads\/2021\/08\/chequeo-cesantias.doc\">Chequeo Cesant\u00edas<\/a><\/h5>\n<h5><a href=\"https:\/\/hsdp.gov.co\/portal\/wp-content\/uploads\/2021\/08\/COMISION-DE-VIATICOS-2019-TH.-copia.docx\">Comisi\u00f3n de vi\u00e1ticos 2019 TH<\/a><\/h5>\n<h5><a href=\"https:\/\/hsdp.gov.co\/portal\/wp-content\/uploads\/2021\/08\/F-GH01-34-1-PAZ-Y-SALVO.doc\">F &#8211; GH01-34-1 Paz y Salvo<\/a><\/h5>\n<h5><a href=\"https:\/\/hsdp.gov.co\/portal\/wp-content\/uploads\/2021\/08\/F-GH01-35-NOTIFICACION.doc\">F &#8211; GH01-35 Notificaci\u00f3n<\/a><\/h5>\n<h5><a href=\"https:\/\/hsdp.gov.co\/portal\/wp-content\/uploads\/2021\/08\/F-01_VERIFICACION-DE-TITULOS-2.doc\">F-01 Verificaci\u00f3n de t\u00edtulos<\/a><\/h5>\n<h5><a href=\"https:\/\/hsdp.gov.co\/portal\/wp-content\/uploads\/2021\/08\/F-GH-01-06-v.08-FORMATO-DE-RUTA-PARA-LA-INDUCCION-DE-PERSONAL-DE-NUEVO-INGRESO.-ULTIMA-CORREGIDA-1.doc\">F-GH-01-06 v.08 Formato de ruta para la inducci\u00f3n de personal de nuevo ingres<\/a>o<\/h5>\n<h5><a href=\"https:\/\/hsdp.gov.co\/portal\/wp-content\/uploads\/2021\/08\/FORMATO-ACTA-DE-ENTREGA-DE-PROFESIONALES-SSO.doc\">Formato acta de entrega de profesionales SSO<\/a><\/h5>\n<h5><a href=\"https:\/\/hsdp.gov.co\/portal\/wp-content\/uploads\/2021\/08\/FORMATO-DE-RECIBIDOS.doc\">Formato de recibidos<\/a><\/h5>\n<h5><a href=\"https:\/\/hsdp.gov.co\/portal\/wp-content\/uploads\/2021\/08\/HOJA-DE-RUTA-CONVENIO-DOCENTE-SERVICIO.doc\">Hoja de ruta convenio docente servicio<\/a><\/h5>\n<h5><a href=\"https:\/\/hsdp.gov.co\/portal\/wp-content\/uploads\/2021\/08\/HOJA-DE-RUTA-PARA-CURRICULOS.doc\">Hoja de ruta para curr\u00edculos&nbsp;<\/a><\/h5>\n\n<\/div><\/div>\n\n<\/div>\n\n","protected":false},"excerpt":{"rendered":"<p>Procesos de Apoyo Que en cumplimiento de la ley general de archivo 594 del 2000 y en especial el decreto 2609 de 2012 que determina los contenidos b\u00e1sicos para la creaci\u00f3n de la pol\u00edtica de gesti\u00f3n documental, as\u00ed como de los dem\u00e1s acuerdos, decretos y resoluciones dictados por los \u00f3rganos de control en materia de [&#8230;]\n","protected":false},"author":1,"featured_media":0,"parent":0,"menu_order":0,"comment_status":"closed","ping_status":"closed","template":"","meta":{"footnotes":""},"_links":{"self":[{"href":"https:\/\/hsdp.gov.co\/portal\/wp-json\/wp\/v2\/pages\/7819"}],"collection":[{"href":"https:\/\/hsdp.gov.co\/portal\/wp-json\/wp\/v2\/pages"}],"about":[{"href":"https:\/\/hsdp.gov.co\/portal\/wp-json\/wp\/v2\/types\/page"}],"author":[{"embeddable":true,"href":"https:\/\/hsdp.gov.co\/portal\/wp-json\/wp\/v2\/users\/1"}],"replies":[{"embeddable":true,"href":"https:\/\/hsdp.gov.co\/portal\/wp-json\/wp\/v2\/comments?post=7819"}],"version-history":[{"count":20,"href":"https:\/\/hsdp.gov.co\/portal\/wp-json\/wp\/v2\/pages\/7819\/revisions"}],"predecessor-version":[{"id":9333,"href":"https:\/\/hsdp.gov.co\/portal\/wp-json\/wp\/v2\/pages\/7819\/revisions\/9333"}],"wp:attachment":[{"href":"https:\/\/hsdp.gov.co\/portal\/wp-json\/wp\/v2\/media?parent=7819"}],"curies":[{"name":"wp","href":"https:\/\/api.w.org\/{rel}","templated":true}]}}