{"id":7805,"date":"2023-04-21T10:25:30","date_gmt":"2023-04-21T15:25:30","guid":{"rendered":"https:\/\/hsdp.gov.co\/portal\/?page_id=7805"},"modified":"2025-04-04T18:42:27","modified_gmt":"2025-04-04T23:42:27","slug":"procesos-de-apoyo-gestion-humana","status":"publish","type":"page","link":"https:\/\/hsdp.gov.co\/portal\/procesos-de-apoyo-gestion-humana\/","title":{"rendered":"Procesos de Apoyo Gesti\u00f3n Humana"},"content":{"rendered":"\n<p style=\"text-align: center;\"><strong>Procesos de Apoyo<\/strong><\/p>\n<div class=\"container section-title-container\" ><h2 class=\"section-title section-title-center\"><b><\/b><span class=\"section-title-main\" style=\"color:rgb(108, 176, 13);\">Gesti\u00f3n Humana<\/span><b><\/b><\/h2><\/div><!-- .section-title -->\n\n\t<section class=\"section\" id=\"section_371737817\">\n\t\t<div class=\"bg section-bg fill bg-fill  bg-loaded\" >\n\n\t\t\t\n\t\t\t\n\t\t\t\n\n\t\t<\/div><!-- .section-bg -->\n\n\t\t<div class=\"section-content relative\">\n\t\t\t\n\n<p style=\"text-align: center;\">Este espacio ha sido designado para el correcto proceso de la gesti\u00f3n del Talento Humano en la E.S.E. Hospital San Juan de Dios de Pamplona, siendo esta tarea de m\u00e1xima responsabilidad y delicadeza para nuestra instituci\u00f3n Hospitalaria..<\/p>\n\n\t\t<\/div><!-- .section-content -->\n\n\t\t\n<style scope=\"scope\">\n\n#section_371737817 {\n  padding-top: 0px;\n  padding-bottom: 0px;\n  margin-bottom: -31px;\n  min-height: 0px;\n}\n<\/style>\n\t<\/section>\n\t\n<div class=\"row\"  id=\"row-101793354\">\n\n<div class=\"col medium-3 small-6 large-3\"  ><div class=\"col-inner\"  >\n\n\n<\/div><\/div>\n<div class=\"col medium-3 small-6 large-3\"  ><div class=\"col-inner\"  >\n\n<a rel=\"noopener noreferrer\" href=\"https:\/\/hsdp.gov.co\/portal\/procesos-de-encargos-2023\/\" target=\"_blank\" class=\"button primary expand\"  style=\"border-radius:40px;\">\n    <span>Procesos encargos 2023<\/span>\n  <\/a>\n\n\n\n<\/div><\/div>\n<div class=\"col medium-3 small-6 large-3\"  ><div class=\"col-inner\"  >\n\n<a href=\"https:\/\/hsdp.gov.co\/portal\/procesos-de-encargo\/\" target=\"_self\" class=\"button primary expand\"  style=\"border-radius:99px;\">\n    <span>PROCESOS ENCARGO 2025<\/span>\n  <\/a>\n\n\n\n<\/div><\/div>\n<div class=\"col medium-3 small-6 large-3\"  ><div class=\"col-inner\"  >\n\n\n<\/div><\/div>\n\n<\/div>\n<a href=\"https:\/\/hsdp.gov.co\/portal\/personal-de-salud\/\" target=\"_self\" class=\"button primary\"  style=\"border-radius:99px;\">\n    <span>Personal de salud<\/span>\n  <\/a>\n\n\n<div class=\"accordion\" rel=\"\">\n\n<div class=\"accordion-item\"><a href=\"#\" class=\"accordion-title plain\"><button class=\"toggle\"><i class=\"icon-angle-down\"><\/i><\/button><span>Comit\u00e9 Convivencia Laboral<\/span><\/a><div class=\"accordion-inner\">\n\n<h5><a href=\"https:\/\/hsdp.gov.co\/portal\/sin-categoria\/resolucion-no-10203-de-abril-de-2025por-medio-de-la-cual-se-convoca-al-personal-para-la-eleccion-del-representante-delos-trabajadores-ante-el-comite-de-bienestar-social\/\">RESOLUCI\u00d3N No 102 &#8211; 03 DE ABRIL DE 2025 Elecci\u00f3n del representante de los trabajadores ante el comit\u00e9 de bienestar social\u201d <\/a><\/h5>\n\n<\/div><\/div>\n\n<\/div>\n\n","protected":false},"excerpt":{"rendered":"<p>Procesos de Apoyo<\/p>\n","protected":false},"author":1,"featured_media":0,"parent":0,"menu_order":0,"comment_status":"closed","ping_status":"closed","template":"","meta":{"footnotes":""},"_links":{"self":[{"href":"https:\/\/hsdp.gov.co\/portal\/wp-json\/wp\/v2\/pages\/7805"}],"collection":[{"href":"https:\/\/hsdp.gov.co\/portal\/wp-json\/wp\/v2\/pages"}],"about":[{"href":"https:\/\/hsdp.gov.co\/portal\/wp-json\/wp\/v2\/types\/page"}],"author":[{"embeddable":true,"href":"https:\/\/hsdp.gov.co\/portal\/wp-json\/wp\/v2\/users\/1"}],"replies":[{"embeddable":true,"href":"https:\/\/hsdp.gov.co\/portal\/wp-json\/wp\/v2\/comments?post=7805"}],"version-history":[{"count":16,"href":"https:\/\/hsdp.gov.co\/portal\/wp-json\/wp\/v2\/pages\/7805\/revisions"}],"predecessor-version":[{"id":12608,"href":"https:\/\/hsdp.gov.co\/portal\/wp-json\/wp\/v2\/pages\/7805\/revisions\/12608"}],"wp:attachment":[{"href":"https:\/\/hsdp.gov.co\/portal\/wp-json\/wp\/v2\/media?parent=7805"}],"curies":[{"name":"wp","href":"https:\/\/api.w.org\/{rel}","templated":true}]}}