{"id":7262,"date":"2022-11-11T23:55:06","date_gmt":"2022-11-11T22:55:06","guid":{"rendered":"https:\/\/hsdp.gov.co\/portal\/?page_id=7262"},"modified":"2024-10-04T17:01:37","modified_gmt":"2024-10-04T22:01:37","slug":"identificacion-conflictos-de-intereses","status":"publish","type":"page","link":"https:\/\/hsdp.gov.co\/portal\/identificacion-conflictos-de-intereses\/","title":{"rendered":"IDENTIFICACI\u00d3N CONFLICTOS DE INTERESES"},"content":{"rendered":"\n<div class=\"row\"  id=\"row-2138195118\">\n\n<div class=\"col medium-2 small-12 large-2\"  ><div class=\"col-inner\"  >\n\n\n<\/div><\/div>\n<div class=\"col medium-8 small-12 large-8\"  ><div class=\"col-inner\"  >\n\n\t<div class=\"img has-hover x md-x lg-x y md-y lg-y\" id=\"image_1451078445\">\n\t\t\t\t\t\t\t\t<div class=\"img-inner dark\" >\n\t\t\t<img loading=\"lazy\" decoding=\"async\" width=\"1020\" height=\"304\" src=\"https:\/\/hsdp.gov.co\/portal\/wp-content\/uploads\/2024\/10\/baner-conflicto-de-intereses.jpg\" class=\"attachment-large size-large\" alt=\"\" srcset=\"https:\/\/hsdp.gov.co\/portal\/wp-content\/uploads\/2024\/10\/baner-conflicto-de-intereses.jpg 1312w, https:\/\/hsdp.gov.co\/portal\/wp-content\/uploads\/2024\/10\/baner-conflicto-de-intereses-800x238.jpg 800w, https:\/\/hsdp.gov.co\/portal\/wp-content\/uploads\/2024\/10\/baner-conflicto-de-intereses-768x229.jpg 768w\" sizes=\"(max-width: 1020px) 100vw, 1020px\" \/>\t\t\t\t\t\t\n\t\t\t\t\t<\/div>\n\t\t\t\t\t\t\t\t\n<style scope=\"scope\">\n\n#image_1451078445 {\n  width: 100%;\n}\n<\/style>\n\t<\/div>\n\t\n\n\n<\/div><\/div>\n<div class=\"col medium-2 small-12 large-2\"  ><div class=\"col-inner\"  >\n\n\n<\/div><\/div>\n\n<\/div>\n<p style=\"text-align: center;\">Un conflicto de inter\u00e9s surge cuando un servidor p\u00fablico o particular que desempe\u00f1a una funci\u00f3n p\u00fablica es influenciado en la realizaci\u00f3n de su trabajo por consideraciones personales. En t\u00e9rminos gen\u00e9ricos, puede decirse que existe una situaci\u00f3n de \u201cconflicto de intereses\u201d cuando el inter\u00e9s personal de quien ejerce una funci\u00f3n p\u00fablica colisiona con los deberes y obligaciones del cargo que desempe\u00f1a.<\/p>\n<div class=\"row\"  id=\"row-1574448893\">\n\n<div class=\"col medium-6 small-6 large-6\"  ><div class=\"col-inner\"  >\n\n<a href=\"https:\/\/docs.google.com\/forms\/d\/e\/1FAIpQLSfy_cNWPPBk-MKKVLi3V_gXVuKO7GIb-jwU98pu0ZNQNIsS2Q\/viewform?usp=sf_link\" target=\"_self\" class=\"button primary is-gloss expand\"  >\n    <span>FORMATO DECLARANTE - CONFLICTO DE INTERESES<\/span>\n  <\/a>\n\n\n\n<\/div><\/div>\n<div class=\"col medium-6 small-6 large-6\"  ><div class=\"col-inner\"  >\n\n<a href=\"https:\/\/docs.google.com\/forms\/d\/e\/1FAIpQLSfE1OGzV5N-sJQxMcM4K4olnhXZDy0BWTfkF0-NYeydYlQMRw\/viewform?usp=sf_link\" target=\"_self\" class=\"button primary is-gloss expand\"  >\n    <span>FORMATO RECUSANTE - CONFLICTO DE INTERESES<\/span>\n  <\/a>\n\n\n\n<\/div><\/div>\n\n<\/div>\n<div class=\"accordion\" rel=\"\">\n\n\n<\/div>\n<div class=\"text-right\"><div class=\"is-divider divider clearfix\" ><\/div><\/div><!-- .divider -->\n\n\n\n\n<div data-wp-interactive=\"\" class=\"wp-block-file\"><object data-wp-bind--hidden=\"!selectors.core.file.hasPdfPreview\" hidden class=\"wp-block-file__embed\" data=\"https:\/\/hsdp.gov.co\/portal\/wp-content\/uploads\/2022\/11\/Conflictos-de-interes.pdf\" type=\"application\/pdf\" style=\"width:100%;height:600px\" aria-label=\"Incrustado de Conflictos de interes.\"><\/object><a id=\"wp-block-file--media-0de6c128-a618-42e7-8a65-080b89bdf194\" href=\"https:\/\/hsdp.gov.co\/portal\/wp-content\/uploads\/2022\/11\/Conflictos-de-interes.pdf\">Conflictos de interes<\/a><a href=\"https:\/\/hsdp.gov.co\/portal\/wp-content\/uploads\/2022\/11\/Conflictos-de-interes.pdf\" class=\"wp-block-file__button wp-element-button\" download aria-describedby=\"wp-block-file--media-0de6c128-a618-42e7-8a65-080b89bdf194\">Descarga<\/a><\/div>\n","protected":false},"excerpt":{"rendered":"<p>Un conflicto de inter\u00e9s surge cuando un servidor p\u00fablico o particular que desempe\u00f1a una funci\u00f3n p\u00fablica es influenciado en la realizaci\u00f3n de su trabajo por consideraciones personales. En t\u00e9rminos gen\u00e9ricos, puede decirse que existe una situaci\u00f3n de \u201cconflicto de intereses\u201d cuando el inter\u00e9s personal de quien ejerce una funci\u00f3n p\u00fablica colisiona con los deberes y [&#8230;]\n","protected":false},"author":1,"featured_media":0,"parent":0,"menu_order":0,"comment_status":"closed","ping_status":"closed","template":"","meta":{"footnotes":""},"_links":{"self":[{"href":"https:\/\/hsdp.gov.co\/portal\/wp-json\/wp\/v2\/pages\/7262"}],"collection":[{"href":"https:\/\/hsdp.gov.co\/portal\/wp-json\/wp\/v2\/pages"}],"about":[{"href":"https:\/\/hsdp.gov.co\/portal\/wp-json\/wp\/v2\/types\/page"}],"author":[{"embeddable":true,"href":"https:\/\/hsdp.gov.co\/portal\/wp-json\/wp\/v2\/users\/1"}],"replies":[{"embeddable":true,"href":"https:\/\/hsdp.gov.co\/portal\/wp-json\/wp\/v2\/comments?post=7262"}],"version-history":[{"count":15,"href":"https:\/\/hsdp.gov.co\/portal\/wp-json\/wp\/v2\/pages\/7262\/revisions"}],"predecessor-version":[{"id":10625,"href":"https:\/\/hsdp.gov.co\/portal\/wp-json\/wp\/v2\/pages\/7262\/revisions\/10625"}],"wp:attachment":[{"href":"https:\/\/hsdp.gov.co\/portal\/wp-json\/wp\/v2\/media?parent=7262"}],"curies":[{"name":"wp","href":"https:\/\/api.w.org\/{rel}","templated":true}]}}