{"id":6686,"date":"2022-09-30T05:32:42","date_gmt":"2022-09-30T10:32:42","guid":{"rendered":"https:\/\/hsdp.gov.co\/portal\/?page_id=6686"},"modified":"2023-10-06T21:15:48","modified_gmt":"2023-10-07T02:15:48","slug":"colaboracion-e-inovacion","status":"publish","type":"page","link":"https:\/\/hsdp.gov.co\/portal\/colaboracion-e-inovacion\/","title":{"rendered":"Colaboraci\u00f3n e Inovaci\u00f3n"},"content":{"rendered":"\n<div class=\"container section-title-container\" ><h3 class=\"section-title section-title-center\"><b><\/b><span class=\"section-title-main\" style=\"color:rgb(98, 155, 108);\">Colaboraci\u00f3n e innovaci\u00f3n<\/span><b><\/b><\/h3><\/div><!-- .section-title -->\n\n<h4 style=\"text-align: center;\">La E.S.E. Hospital San Juan de Dios de Pamplona cuenta con colaboraci\u00f3n e innovaci\u00f3n a trav\u00e9s del trabajo interadministrativo para la b\u00fasqueda de soluciones a problem\u00e1ticas de sapud p\u00fablica, con el conocimiento de los grupos de valor, buscando aportar en la resoluci\u00f3n de desaf\u00edos encuanto a la salud que se presentan en la poblaci\u00f3n.<\/h4>\n<p>\u00a0<\/p>\n<div class=\"container section-title-container\" ><h3 class=\"section-title section-title-center\"><b><\/b><span class=\"section-title-main\" style=\"color:rgb(98, 155, 108);\">Docencia Servicio<\/span><b><\/b><\/h3><\/div><!-- .section-title -->\n\n\t<div class=\"img has-hover x md-x lg-x y md-y lg-y\" id=\"image_1301596257\">\n\t\t\t\t\t\t\t\t<div class=\"img-inner dark\" >\n\t\t\t<img loading=\"lazy\" decoding=\"async\" width=\"1020\" height=\"90\" src=\"https:\/\/hsdp.gov.co\/portal\/wp-content\/uploads\/2023\/10\/ENFERMERIA-1400x124.jpg\" class=\"attachment-large size-large\" alt=\"\" srcset=\"https:\/\/hsdp.gov.co\/portal\/wp-content\/uploads\/2023\/10\/ENFERMERIA-1400x124.jpg 1400w, https:\/\/hsdp.gov.co\/portal\/wp-content\/uploads\/2023\/10\/ENFERMERIA-800x71.jpg 800w, https:\/\/hsdp.gov.co\/portal\/wp-content\/uploads\/2023\/10\/ENFERMERIA-768x68.jpg 768w, https:\/\/hsdp.gov.co\/portal\/wp-content\/uploads\/2023\/10\/ENFERMERIA-1536x136.jpg 1536w, https:\/\/hsdp.gov.co\/portal\/wp-content\/uploads\/2023\/10\/ENFERMERIA.jpg 1554w\" sizes=\"(max-width: 1020px) 100vw, 1020px\" \/>\t\t\t\t\t\t\n\t\t\t\t\t<\/div>\n\t\t\t\t\t\t\t\t\n<style scope=\"scope\">\n\n#image_1301596257 {\n  width: 100%;\n}\n<\/style>\n\t<\/div>\n\t\n\n<div class=\"text-center\"><div class=\"is-divider divider clearfix\" ><\/div><\/div><!-- .divider -->\n\n<div class=\"row align-center\"  id=\"row-1323173121\">\n\n<div class=\"col medium-4 small-12 large-4\"  ><div class=\"col-inner\"  >\n\n<a href=\"https:\/\/hsdp.gov.co\/portal\/2023-01\/\" target=\"_self\" class=\"button primary is-larger expand\"  >\n    <span>2023-01<\/span>\n  <\/a>\n\n\n\n<\/div><\/div>\n<div class=\"col medium-4 small-12 large-4\"  ><div class=\"col-inner\"  >\n\n<a href=\"https:\/\/hsdp.gov.co\/portal\/2022-02\/\" target=\"_self\" class=\"button primary is-larger expand\"  >\n    <span>2022-02<\/span>\n  <\/a>\n\n\n\n<\/div><\/div>\n<div class=\"col medium-4 small-12 large-4\"  ><div class=\"col-inner\"  >\n\n<a href=\"https:\/\/hsdp.gov.co\/portal\/2022-01\/\" target=\"_self\" class=\"button primary is-larger expand\"  >\n    <span>2022-01<\/span>\n  <\/a>\n\n\n\n<\/div><\/div>\n\n\n<style scope=\"scope\">\n\n<\/style>\n<\/div>\n<div class=\"container section-title-container\" ><h3 class=\"section-title section-title-center\"><b><\/b><span class=\"section-title-main\" style=\"color:rgb(24, 119, 161);\">Trabajos de colaboraci\u00f3n e innovaci\u00f3n 2022<\/span><b><\/b><\/h3><\/div><!-- .section-title -->\n\n<a href=\"https:\/\/hsdp.gov.co\/portal\/resignificando-ocupaciones-ante-el-duelo\/\" target=\"_self\" class=\"button primary\"  style=\"border-radius:99px;\">\n    <span>Resignificando ocupaciones ante el duelo<\/span>\n  <\/a>\n\n\n\n\n","protected":false},"excerpt":{"rendered":"<p>La E.S.E. Hospital San Juan de Dios de Pamplona cuenta con colaboraci\u00f3n e innovaci\u00f3n a trav\u00e9s del trabajo interadministrativo para la b\u00fasqueda de soluciones a problem\u00e1ticas de sapud p\u00fablica, con el conocimiento de los grupos de valor, buscando aportar en la resoluci\u00f3n de desaf\u00edos encuanto a la salud que se presentan en la poblaci\u00f3n. \u00a0<\/p>\n","protected":false},"author":1,"featured_media":0,"parent":0,"menu_order":0,"comment_status":"closed","ping_status":"closed","template":"","meta":{"footnotes":""},"_links":{"self":[{"href":"https:\/\/hsdp.gov.co\/portal\/wp-json\/wp\/v2\/pages\/6686"}],"collection":[{"href":"https:\/\/hsdp.gov.co\/portal\/wp-json\/wp\/v2\/pages"}],"about":[{"href":"https:\/\/hsdp.gov.co\/portal\/wp-json\/wp\/v2\/types\/page"}],"author":[{"embeddable":true,"href":"https:\/\/hsdp.gov.co\/portal\/wp-json\/wp\/v2\/users\/1"}],"replies":[{"embeddable":true,"href":"https:\/\/hsdp.gov.co\/portal\/wp-json\/wp\/v2\/comments?post=6686"}],"version-history":[{"count":15,"href":"https:\/\/hsdp.gov.co\/portal\/wp-json\/wp\/v2\/pages\/6686\/revisions"}],"predecessor-version":[{"id":8868,"href":"https:\/\/hsdp.gov.co\/portal\/wp-json\/wp\/v2\/pages\/6686\/revisions\/8868"}],"wp:attachment":[{"href":"https:\/\/hsdp.gov.co\/portal\/wp-json\/wp\/v2\/media?parent=6686"}],"curies":[{"name":"wp","href":"https:\/\/api.w.org\/{rel}","templated":true}]}}