{"id":6668,"date":"2022-09-30T04:10:35","date_gmt":"2022-09-30T02:10:35","guid":{"rendered":"https:\/\/hsdp.gov.co\/portal\/?page_id=6668"},"modified":"2022-09-30T04:20:53","modified_gmt":"2022-09-30T02:20:53","slug":"gestion-ambiental","status":"publish","type":"page","link":"https:\/\/hsdp.gov.co\/portal\/gestion-ambiental\/","title":{"rendered":"GESTI\u00d3N AMBIENTAL"},"content":{"rendered":"\n\n\n<div class=\"container section-title-container\" ><h3 class=\"section-title section-title-center\"><b><\/b><span class=\"section-title-main\" style=\"color:rgb(98, 155, 108);\">GESTI\u00d3N AMBIENTAL<\/span><b><\/b><\/h3><\/div><!-- .section-title -->\n\n<h4><a href=\"https:\/\/hsdp.gov.co\/portal\/wp-content\/uploads\/2022\/09\/PLAN-INSTITUCIONAL-DE-GESTION-AMBIENTAL-HSDP.pdf\">Plan Institucional de Gesti\u00f3n Ambiental<\/a><\/h4>\n<h4><a href=\"https:\/\/hsdp.gov.co\/portal\/wp-content\/uploads\/2022\/09\/RESOLUCION-COMITE-VERDE.pdf\">Resoluci\u00f3n Comit\u00e9 Verde<\/a><\/h4>\n<h4><a href=\"https:\/\/hsdp.gov.co\/portal\/wp-content\/uploads\/2022\/09\/RESOLUCION-POLITICA-HOSPITAL-VERDE-N\u00b0-342.pdf\">Resoluci\u00f3n Pol\u00edtica Hospital Verde &#8211; N\u00b0 342<\/a><\/h4>\n<h4><a href=\"https:\/\/hsdp.gov.co\/portal\/wp-content\/uploads\/2022\/09\/Resolucion-Cero-Papel-2013-2.pdf\">Resoluci\u00f3n Cero Papel<\/a><\/h4>\n<h4><a href=\"https:\/\/hsdp.gov.co\/portal\/wp-content\/uploads\/2022\/09\/PLAN-DE-AUSTERIDAD-Y-GESTION-AMBIENTAL-2022.pdf\">Plan de Gesti\u00f3n Ambiental 2022<\/a><\/h4>\n<h4><a href=\"https:\/\/hsdp.gov.co\/portal\/wp-content\/uploads\/2022\/09\/PGIRASA-SAN-JUAN-DE-DIOS-AJUSTADO-2022.pdf\">PGIRASA San Juan de Dios 2022<\/a><\/h4>\n\n","protected":false},"excerpt":{"rendered":"<p>Plan Institucional de Gesti\u00f3n Ambiental Resoluci\u00f3n Comit\u00e9 Verde Resoluci\u00f3n Pol\u00edtica Hospital Verde &#8211; N\u00b0 342 Resoluci\u00f3n Cero Papel Plan de Gesti\u00f3n Ambiental 2022 PGIRASA San Juan de Dios 2022<\/p>\n","protected":false},"author":1,"featured_media":0,"parent":0,"menu_order":0,"comment_status":"closed","ping_status":"closed","template":"","meta":{"footnotes":""},"_links":{"self":[{"href":"https:\/\/hsdp.gov.co\/portal\/wp-json\/wp\/v2\/pages\/6668"}],"collection":[{"href":"https:\/\/hsdp.gov.co\/portal\/wp-json\/wp\/v2\/pages"}],"about":[{"href":"https:\/\/hsdp.gov.co\/portal\/wp-json\/wp\/v2\/types\/page"}],"author":[{"embeddable":true,"href":"https:\/\/hsdp.gov.co\/portal\/wp-json\/wp\/v2\/users\/1"}],"replies":[{"embeddable":true,"href":"https:\/\/hsdp.gov.co\/portal\/wp-json\/wp\/v2\/comments?post=6668"}],"version-history":[{"count":2,"href":"https:\/\/hsdp.gov.co\/portal\/wp-json\/wp\/v2\/pages\/6668\/revisions"}],"predecessor-version":[{"id":6676,"href":"https:\/\/hsdp.gov.co\/portal\/wp-json\/wp\/v2\/pages\/6668\/revisions\/6676"}],"wp:attachment":[{"href":"https:\/\/hsdp.gov.co\/portal\/wp-json\/wp\/v2\/media?parent=6668"}],"curies":[{"name":"wp","href":"https:\/\/api.w.org\/{rel}","templated":true}]}}