{"id":6596,"date":"2022-09-20T03:28:02","date_gmt":"2022-09-20T01:28:02","guid":{"rendered":"https:\/\/hsdp.gov.co\/portal\/?page_id=6596"},"modified":"2024-09-18T10:16:43","modified_gmt":"2024-09-18T15:16:43","slug":"menu-de-transparencia","status":"publish","type":"page","link":"https:\/\/hsdp.gov.co\/portal\/menu-de-transparencia\/","title":{"rendered":"Men\u00fa de Transparencia"},"content":{"rendered":"\n<div class=\"container section-title-container\" ><h2 class=\"section-title section-title-center\"><b><\/b><span class=\"section-title-main\" style=\"color:rgb(112, 180, 90);\">Transparencia y acceso a  informaci\u00f3n p\u00fablica<\/span><b><\/b><\/h2><\/div><!-- .section-title -->\n\n<div class=\"row\"  id=\"row-2134726084\">\n\n<div class=\"col small-12 large-12\"  ><div class=\"col-inner\"  >\n\n<p>De acuerdo a la Ley 1712 de 2014 y a la Resoluci\u00f3n 1519 de 2020, Hospital San Juan de Dios pone a disposici\u00f3n de los ciudadanos, la nueva secci\u00f3n de Transparencia y Acceso a la Informaci\u00f3n P\u00fablica Nacional, donde podr\u00e1n conocer de primera mano la informaci\u00f3n de esta instituci\u00f3n.<\/p>\n<p>Seg\u00fan lo dicta la Ley, la informaci\u00f3n generada por las entidades del Estado no podr\u00e1 ser reservada o limitada, por el contrario es de car\u00e1cter p\u00fablico.. En este sitio se proporciona y facilita el acceso a la misma en los t\u00e9rminos m\u00e1s amplios posibles en el momentos.<\/p>\n\n<\/div><\/div>\n\n<\/div>\n<div id=\"accordions-6595\" class=\"accordions-6595 accordions\" data-accordions={&quot;lazyLoad&quot;:true,&quot;id&quot;:&quot;6595&quot;,&quot;event&quot;:&quot;click&quot;,&quot;collapsible&quot;:&quot;true&quot;,&quot;heightStyle&quot;:&quot;content&quot;,&quot;animateStyle&quot;:&quot;swing&quot;,&quot;animateDelay&quot;:1000,&quot;navigation&quot;:true,&quot;active&quot;:999,&quot;expandedOther&quot;:&quot;no&quot;}>\r\n                <div id=\"accordions-lazy-6595\" class=\"accordions-lazy\" accordionsId=\"6595\">\r\n                    <\/div>\r\n\r\n    <div class=\"items\"  style=\"display:none\" >\r\n    \r\n            <div post_id=\"6595\" itemcount=\"0\"  header_id=\"header-1663637056096\" id=\"header-1663637056096\" style=\"\" class=\"accordions-head head1663637056096 border-none\" toggle-text=\"\" main-text=\"1. Informaci\u00f3n de la entidad\">\r\n                                    <span id=\"header-text-1663637056096\" class=\"accordions-head-title\">1. Informaci\u00f3n de la entidad<\/span>\r\n                    <span id=\"accordion-icons-1663637056096\" class=\"accordion-icons\">\r\n                        <span class=\"accordion-icon-active accordion-plus\"><i class=\"fas fa-plus\"><\/i><\/span>\r\n                        <span class=\"accordion-icon-inactive accordion-minus\"><i class=\"fas fa-minus\"><\/i><\/span>\r\n                    <\/span>\r\n                            <\/div>\r\n            <div class=\"accordion-content content1663637056096 \">\r\n                <p><strong><a href=\"http:\/\/hsdp.gov.co\/portal\/ley-de\/3-estructura-organica-y-talento-humano\/funciones-y-deberes\/\">1 .1 Misi\u00f3n, visi\u00f3n, funciones y deberes<\/a><\/strong><\/p>\n<p><a href=\"https:\/\/hsdp.gov.co\/portal\/ley-de\/3-estructura-organica-y-talento-humano\/\"><strong>1.2 Estructura org\u00e1nica - Organigrama<\/strong><\/a><\/p>\n<p><a href=\"http:\/\/hsdp.gov.co\/portal\/mapa-de-procesos\/\"><strong>1.3 Mapas y Cartas descriptivas de los procesos<\/strong><\/a><\/p>\n<p><a href=\"https:\/\/hsdp.gov.co\/portal\/directorio-institucional\/\"><strong>1.4 Directorio Institucional<\/strong><\/a><\/p>\n<p><a href=\"https:\/\/hsdp.gov.co\/portal\/directorio-de-servidores-publicos-empleados-o-contratistas\/\"><strong>1.5 Directorio de servidores p\u00fablicos, empleados o contratistas<\/strong><\/a><\/p>\n<p><a href=\"https:\/\/hsdp.gov.co\/portal\/directorio-de-entidades\/\"><strong>1.6 Directorio de entidades<\/strong><\/a><\/p>\n<p><a href=\"https:\/\/hsdp.gov.co\/portal\/ley-de\/3-estructura-organica-y-talento-humano\/asociacion-de-usuarios\/\"><strong>1.7 Directorio de agremiaciones o asociaciones en\u00a0 las que participe<\/strong><\/a><\/p>\n<p><a href=\"https:\/\/hsdp.gov.co\/portal\/mecanismos-e-informes-de-peticiones-quejas-reclamos-sugenrencias-y-felicitaciones\/\"><strong>1.8 Servicio al p\u00fablico, normas, formularios y protocolos de atenci\u00f3n<\/strong><\/a><\/p>\n<p><a href=\"https:\/\/hsdp.gov.co\/portal\/ley-de\/3-estructura-organica-y-talento-humano\/procesos-y-procedimientos-2\/\"><strong>1.9 Procedimientos que se siguen para tomar decisiones en las diferentes \u00e1reas<\/strong><\/a><\/p>\n<p><a href=\"https:\/\/hsdp.gov.co\/portal\/pqrsdf\/\"><strong>1.10 Mecanismo de presentaci\u00f3n directa de solicitudes, quejas y reclamos a disposici\u00f3n del p\u00fablico en relaci\u00f3n con acciones u omisiones del sujeto obligado<\/strong><\/a><\/p>\n<p><a href=\"http:\/\/hsdp.gov.co\/portal\/events\/\"><strong>1.11 Calendario de actividades y eventos<\/strong><\/a><\/p>\n<p><a href=\"https:\/\/hsdp.gov.co\/portal\/comunicados\/\"><strong>1.12 Informaci\u00f3n sobre decisiones que pueden afectar al p\u00fablico<\/strong><\/a><\/p>\n<p><a href=\"https:\/\/hsdp.gov.co\/portal\/ley-de\/control-7\/entidades-de-control\/\"><strong>1.13 Entes y autoridades que lo vigilan<\/strong><\/a><\/p>\n<p><a href=\"https:\/\/www.funcionpublica.gov.co\/dafpIndexerBHV\/hvSigep\/index?find=FindNext&query=hospital+san+juan+de+dios&dptoSeleccionado=NORTE+DE+SANTANDER&entidadSeleccionado=&munSeleccionado=&tipoAltaSeleccionado=&bloquearFiltroDptoSeleccionado=&bloquearFiltroEntidadSeleccionado=&bloquearFiltroMunSeleccionado=&bloquearFiltroTipoAltaSeleccionado=\"><strong>1.14 Publicaci\u00f3n de hojas de vida<\/strong><\/a><\/p>\n<p><a href=\"https:\/\/hsdp.gov.co\/portal\/trabaja-con-nosotros\/\"><strong>1.15 Aporte p\u00fablico al empleo<\/strong><\/a><\/p>\n<p><a href=\"https:\/\/hsdp.gov.co\/portal\/gestion-ambiental\/\"><strong>1.16 Gesti\u00f3n Ambiental<\/strong><\/a><\/p>\n<p><a href=\"https:\/\/www.cnsc.gov.co\/carrera-administrativa\/registro-publico-de-carrera-administrativa\/vinculacion-terceros-cancelacion-de-registro-publico\"><strong>1.17 Vinculaci\u00f3n de terceros - Cancelaci\u00f3n del registro p\u00fablico de carrera administrativa<\/strong><\/a><\/p>\n            <\/div>\r\n    \r\n            <div post_id=\"6595\" itemcount=\"1\"  header_id=\"header-1663637385745\" id=\"header-1663637385745\" style=\"\" class=\"accordions-head head1663637385745 border-none\" toggle-text=\"\" main-text=\"2. Normativa\">\r\n                                    <span id=\"header-text-1663637385745\" class=\"accordions-head-title\">2. Normativa<\/span>\r\n                    <span id=\"accordion-icons-1663637385745\" class=\"accordion-icons\">\r\n                        <span class=\"accordion-icon-active accordion-plus\"><i class=\"fas fa-plus\"><\/i><\/span>\r\n                        <span class=\"accordion-icon-inactive accordion-minus\"><i class=\"fas fa-minus\"><\/i><\/span>\r\n                    <\/span>\r\n                            <\/div>\r\n            <div class=\"accordion-content content1663637385745 \">\r\n                <p><a href=\"https:\/\/hsdp.gov.co\/portal\/ley-de\/4-normatividad\/\"><strong>2.1 Normativa de la entidad o autoridad<\/strong><\/a><\/p>\n<p><a href=\"https:\/\/hsdp.gov.co\/portal\/sistema-de-busqueda-de-normas\/\"><strong>2.2 B\u00fasqueda de normas<\/strong><\/a><\/p>\n            <\/div>\r\n    \r\n            <div post_id=\"6595\" itemcount=\"2\"  header_id=\"header-1663637490786\" id=\"header-1663637490786\" style=\"\" class=\"accordions-head head1663637490786 border-none\" toggle-text=\"\" main-text=\"3. Contrataci\u00f3n\">\r\n                                    <span id=\"header-text-1663637490786\" class=\"accordions-head-title\">3. Contrataci\u00f3n<\/span>\r\n                    <span id=\"accordion-icons-1663637490786\" class=\"accordion-icons\">\r\n                        <span class=\"accordion-icon-active accordion-plus\"><i class=\"fas fa-plus\"><\/i><\/span>\r\n                        <span class=\"accordion-icon-inactive accordion-minus\"><i class=\"fas fa-minus\"><\/i><\/span>\r\n                    <\/span>\r\n                            <\/div>\r\n            <div class=\"accordion-content content1663637490786 \">\r\n                <p><a href=\"https:\/\/hsdp.gov.co\/portal\/ley-de-transparencia\/contratacion\/plan-anual-adquisicion\/plan-anual-de-compras-2026\/\"><strong>3.1 Plan Anual de Adquisiciones<\/strong><\/a><\/p>\n<p><a href=\"http:\/\/hsdp.gov.co\/portal\/contratacion\/\"><strong>3.2 Publicaci\u00f3n de la informaci\u00f3n contractual<\/strong><\/a><\/p>\n<p><a href=\"http:\/\/hsdp.gov.co\/portal\/ley-de\/8-contratacion\/contratos\/\"><strong>3.3 Publicaci\u00f3n de la ejecuci\u00f3n de los contratos<\/strong><\/a><\/p>\n<p><a href=\"http:\/\/hsdp.gov.co\/portal\/ley-de\/8-contratacion\/manual-de-contratacion\/\"><strong>3.4 Manual de contrataci\u00f3n, adquisici\u00f3n y\/o compras<\/strong><\/a><\/p>\n<p><a href=\"http:\/\/hsdp.gov.co\/portal\/wp-content\/uploads\/2022\/09\/MODELO-CONTRATO.pdf\"><strong>3.5 Formatos o modelos de contratos o pliegos tipo<\/strong><\/a><\/p>\n            <\/div>\r\n    \r\n            <div post_id=\"6595\" itemcount=\"3\"  header_id=\"header-1663637641712\" id=\"header-1663637641712\" style=\"\" class=\"accordions-head head1663637641712 border-none\" toggle-text=\"\" main-text=\"4. Planeaci\u00f3n, Presupuesto e Informes\">\r\n                                    <span id=\"header-text-1663637641712\" class=\"accordions-head-title\">4. Planeaci\u00f3n, Presupuesto e Informes<\/span>\r\n                    <span id=\"accordion-icons-1663637641712\" class=\"accordion-icons\">\r\n                        <span class=\"accordion-icon-active accordion-plus\"><i class=\"fas fa-plus\"><\/i><\/span>\r\n                        <span class=\"accordion-icon-inactive accordion-minus\"><i class=\"fas fa-minus\"><\/i><\/span>\r\n                    <\/span>\r\n                            <\/div>\r\n            <div class=\"accordion-content content1663637641712 \">\r\n                <p><a href=\"https:\/\/hsdp.gov.co\/portal\/ley-de\/5-presupuesto\/presupuesto-general\/\"><strong>4.1 Presupuesto general de ingresos, gastos e inversi\u00f3n<\/strong><\/a><\/p>\n<p><a href=\"http:\/\/hsdp.gov.co\/portal\/ley-de\/5-presupuesto\/ejecucion-de-ingresos\/\"><strong>4.2 Ejecuci\u00f3n presupuestal<\/strong><\/a><\/p>\n<p><a href=\"http:\/\/hsdp.gov.co\/portal\/ley-de\/6-planeacion\/\"><strong>4.3 Plan de Acci\u00f3n<\/strong><\/a><\/p>\n<p><a href=\"http:\/\/hsdp.gov.co\/portal\/wp-content\/uploads\/2022\/10\/BANCO-DE-PROYECTOS-ESE-PAMPLONA1.pdf\"><strong>4.4 Proyectos de Inversi\u00f3n<\/strong><\/a><\/p>\n<p><a href=\"http:\/\/hsdp.gov.co\/portal\/ley-de-transparencia\/planeacion\/informe-empalme\/informes-de-empalme\/\"><strong>4.5 Informes de empalme<\/strong><\/a><\/p>\n<p><a href=\"http:\/\/hsdp.gov.co\/portal\/ley-de\/6-planeacion\/planes-de-gestion-y-desarrollo-institucional\/\"><strong>4.6 Informes de gesti\u00f3n, evaluaci\u00f3n y auditor\u00eda<\/strong><\/a><\/p>\n<p><a href=\"http:\/\/hsdp.gov.co\/portal\/ley-de\/control-7\/control-interno\/\"><strong>4.7 Informes de la Oficina de Control Interno<\/strong><\/a><\/p>\n<p><a href=\"http:\/\/hsdp.gov.co\/portal\/mecanismos-e-informes-de-peticiones-quejas-reclamos-sugenrencias-y-felicitaciones\/\"><strong>4.9 Informes trimestrales sobre acceso a informaci\u00f3n, quejas y reclamos<\/strong><\/a><\/p>\n<p><a href=\"https:\/\/hsdp.gov.co\/portal\/wp-content\/uploads\/2024\/01\/Programa-de-transparencia-y-etica-publica.pdf\"><strong>4.10 Programa de Transparencia y \u00c9tica P\u00fablica<\/strong><\/a><\/p>\n<p><a href=\"https:\/\/app.powerbi.com\/view?r=eyJrIjoiZTA4ZDgxYWYtM2Q3MC00NGM3LTllNGMtMWVlNDNhNWJkOWY0IiwidCI6IjY5YzFmOTIxLTFmMTktNDExMC05NjUzLTU2ODVhMDM3NDE5YyIsImMiOjR9\"><strong>4.11 Fichas t\u00e9cnicas de Indicadores<\/strong><\/a><\/p>\n<p><strong><a href=\"https:\/\/hsdp.gov.co\/portal\/politicas-institucionales\/\">4.12 Pol\u00edticas Institucionales<\/a><\/strong><\/p>\n<p><a href=\"https:\/\/hsdp.gov.co\/portal\/wp-content\/uploads\/2025\/05\/Activos-de-Informacion_HSDP.pdf\"><strong>4.13 Activos de la Informaci\u00f3n<\/strong><\/a><\/p>\n            <\/div>\r\n    \r\n            <div post_id=\"6595\" itemcount=\"4\"  header_id=\"header-1663637974946\" id=\"header-1663637974946\" style=\"\" class=\"accordions-head head1663637974946 border-none\" toggle-text=\"\" main-text=\"5. Tr\u00e1mites\">\r\n                                    <span id=\"header-text-1663637974946\" class=\"accordions-head-title\">5. Tr\u00e1mites<\/span>\r\n                    <span id=\"accordion-icons-1663637974946\" class=\"accordion-icons\">\r\n                        <span class=\"accordion-icon-active accordion-plus\"><i class=\"fas fa-plus\"><\/i><\/span>\r\n                        <span class=\"accordion-icon-inactive accordion-minus\"><i class=\"fas fa-minus\"><\/i><\/span>\r\n                    <\/span>\r\n                            <\/div>\r\n            <div class=\"accordion-content content1663637974946 \">\r\n                <p><a href=\"https:\/\/hsdp.gov.co\/portal\/tramites-y-servicios\/\"><strong>5.1 Tr\u00e1mites y servicios<\/strong><\/a><\/p>\n            <\/div>\r\n    \r\n            <div post_id=\"6595\" itemcount=\"5\"  header_id=\"header-1663638029330\" id=\"header-1663638029330\" style=\"\" class=\"accordions-head head1663638029330 border-none\" toggle-text=\"\" main-text=\"6. Participa\">\r\n                                    <span id=\"header-text-1663638029330\" class=\"accordions-head-title\">6. Participa<\/span>\r\n                    <span id=\"accordion-icons-1663638029330\" class=\"accordion-icons\">\r\n                        <span class=\"accordion-icon-active accordion-plus\"><i class=\"fas fa-plus\"><\/i><\/span>\r\n                        <span class=\"accordion-icon-inactive accordion-minus\"><i class=\"fas fa-minus\"><\/i><\/span>\r\n                    <\/span>\r\n                            <\/div>\r\n            <div class=\"accordion-content content1663638029330 \">\r\n                <p><a href=\"http:\/\/hsdp.gov.co\/portal\/ley-de\/6-planeacion\/6-1-politicas-lineamientos-y-manuales\/\"><strong>6.3 Participaci\u00f3n y consulta ciudadana de proyectos, normas, pol\u00edticas o programas<\/strong><\/a><\/p>\n<p><a href=\"https:\/\/hsdp.gov.co\/portal\/colaboracion-e-inovacion\/\"><strong>6.4 Colaboraci\u00f3n e innovaci\u00f3n abierta<\/strong><\/a><\/p>\n<p><a href=\"http:\/\/hsdp.gov.co\/portal\/rendicon-de-cuentas\/\"><strong>6.5 Rendici\u00f3n de cuentas<\/strong><\/a><\/p>\n<p><a href=\"http:\/\/hsdp.gov.co\/portal\/rendicon-de-cuentas\/\"><strong>6.6 Control ciudadano<\/strong><\/a><\/p>\n            <\/div>\r\n    \r\n            <div post_id=\"6595\" itemcount=\"6\"  header_id=\"header-1663638201351\" id=\"header-1663638201351\" style=\"\" class=\"accordions-head head1663638201351 border-none\" toggle-text=\"\" main-text=\"7. Datos abiertos\">\r\n                                    <span id=\"header-text-1663638201351\" class=\"accordions-head-title\">7. Datos abiertos<\/span>\r\n                    <span id=\"accordion-icons-1663638201351\" class=\"accordion-icons\">\r\n                        <span class=\"accordion-icon-active accordion-plus\"><i class=\"fas fa-plus\"><\/i><\/span>\r\n                        <span class=\"accordion-icon-inactive accordion-minus\"><i class=\"fas fa-minus\"><\/i><\/span>\r\n                    <\/span>\r\n                            <\/div>\r\n            <div class=\"accordion-content content1663638201351 \">\r\n                <p><a href=\"http:\/\/hsdp.gov.co\/portal\/ley-de\/instrumentos-de-gestion-de-informacion-publica\/\"><strong>7.1 Instrumentos de gesti\u00f3n de la informaci\u00f3n<\/strong><\/a><\/p>\n<p><a href=\"http:\/\/hsdp.gov.co\/portal\/normatividad-interna\/resolucion-costos-de-reproduccion-de-la-informacion-publica\/\"><strong>7.1.1 Acto administrativo sobre costos de reproducci\u00f3n de informaci\u00f3n p\u00fablica<\/strong><\/a><\/p>\n<p><a href=\"http:\/\/hsdp.gov.co\/portal\/ley-de\/2-informacion-de-interes\/datos-abiertos\/\"><strong>7.2 Secci\u00f3n de Datos Abiertos<\/strong><\/a><\/p>\n<p><a href=\"https:\/\/hsdp.gov.co\/portal\/inventario-de-operaciones-estadisticas\/\"><strong>7.3 Inventario de Operaciones Estad\u00edsticas<\/strong><\/a><\/p>\n            <\/div>\r\n    \r\n            <div post_id=\"6595\" itemcount=\"7\"  header_id=\"header-1663638325101\" id=\"header-1663638325101\" style=\"\" class=\"accordions-head head1663638325101 border-none\" toggle-text=\"\" main-text=\"8. Informaci\u00f3n espec\u00edfica para grupos de inter\u00e9s\">\r\n                                    <span id=\"header-text-1663638325101\" class=\"accordions-head-title\">8. Informaci\u00f3n espec\u00edfica para grupos de inter\u00e9s<\/span>\r\n                    <span id=\"accordion-icons-1663638325101\" class=\"accordion-icons\">\r\n                        <span class=\"accordion-icon-active accordion-plus\"><i class=\"fas fa-plus\"><\/i><\/span>\r\n                        <span class=\"accordion-icon-inactive accordion-minus\"><i class=\"fas fa-minus\"><\/i><\/span>\r\n                    <\/span>\r\n                            <\/div>\r\n            <div class=\"accordion-content content1663638325101 \">\r\n                <p><a href=\"https:\/\/hsdp.gov.co\/portal\/sin-categoria\/caracterizacion-de-usuarios-y-grupos-de-interes\/\"><strong>8.1 Informaci\u00f3n para ni\u00f1os, ni\u00f1as y adolescentes<\/strong><\/a><\/p>\n<p><a href=\"https:\/\/hsdp.gov.co\/portal\/informacion-para-mujeres\/\"><strong>8.2 Informaci\u00f3n para Mujeres<\/strong><\/a><\/p>\n<p><a href=\"https:\/\/hsdp.gov.co\/portal\/sin-categoria\/caracterizacion-de-usuarios-y-grupos-de-interes\"><strong>8.5 Informe de caracterizaci\u00f3n<\/strong><\/a><\/p>\n            <\/div>\r\n    \r\n            <div post_id=\"6595\" itemcount=\"8\"  header_id=\"header-1663638447123\" id=\"header-1663638447123\" style=\"\" class=\"accordions-head head1663638447123 border-none\" toggle-text=\"\" main-text=\"9. Obligaci\u00f3n de reporte de informaci\u00f3n\">\r\n                                    <span id=\"header-text-1663638447123\" class=\"accordions-head-title\">9. Obligaci\u00f3n de reporte de informaci\u00f3n<\/span>\r\n                    <span id=\"accordion-icons-1663638447123\" class=\"accordion-icons\">\r\n                        <span class=\"accordion-icon-active accordion-plus\"><i class=\"fas fa-plus\"><\/i><\/span>\r\n                        <span class=\"accordion-icon-inactive accordion-minus\"><i class=\"fas fa-minus\"><\/i><\/span>\r\n                    <\/span>\r\n                            <\/div>\r\n            <div class=\"accordion-content content1663638447123 \">\r\n                <p><a href=\"http:\/\/hsdp.gov.co\/portal\/contratacion\/\"><strong>9.2 Convocatorias<\/strong><\/a><\/p>\n<p><a href=\"http:\/\/hsdp.gov.co\/portal\/sistema-integrado-de-gestion\/\"><strong>9.3 Modelo Integrado de Gesti\u00f3n - MIG<\/strong><\/a><\/p>\n<p><a href=\"http:\/\/hsdp.gov.co\/portal\/ley-de\/control-7\/control-interno\/\"><strong>9.4 Denuncias por actos de corrupci\u00f3n<\/strong><\/a><\/p>\n<p><a href=\"http:\/\/hsdp.gov.co\/portal\/gestion-talento-humano\/actas-copasst\/\"><strong>9.5 Gesti\u00f3n de Talento Humano<\/strong><\/a><\/p>\n<p><a href=\"https:\/\/www.funcionpublica.gov.co\/dafpIndexerBHV\/hvSigep\/index?find=FindNext&query=hospital+san+juan+de+dios&dptoSeleccionado=NORTE+DE+SANTANDER&entidadSeleccionado=&munSeleccionado=&tipoAltaSeleccionado=&bloquearFiltroDptoSeleccionado=&bloquearFiltroEntidadSeleccionado=&bloquearFiltroMunSeleccionado=&bloquearFiltroTipoAltaSeleccionado=\"><strong>9.7 Datos Personales<\/strong><\/a><\/p>\n<p><a href=\"http:\/\/hsdp.gov.co\/portal\/ley-de\/8-contratacion\/contratos\/\"><strong>9.8 Convocatorias a Licitaciones P\u00fablicas<\/strong><\/a><\/p>\n            <\/div>\r\n    <\/div>\r\n\r\n\r\n\r\n            <\/div>\n<div class=\"row\"  id=\"row-912165133\">\n\n<div class=\"col medium-4 small-12 large-4\"  ><div class=\"col-inner\"  >\n\n\n<\/div><\/div>\n<div class=\"col medium-4 small-12 large-4\"  ><div class=\"col-inner text-center\"  >\n\n\t<div class=\"img has-hover x md-x lg-x y md-y lg-y\" id=\"image_105382293\">\n\t\t<a class=\"\" href=\"https:\/\/www.secretariatransparencia.gov.co\/\" target=\"_blank\" rel=\"noopener noreferrer\" >\t\t\t\t\t\t<div class=\"img-inner dark\" >\n\t\t\t<img loading=\"lazy\" decoding=\"async\" width=\"225\" height=\"225\" src=\"https:\/\/hsdp.gov.co\/portal\/wp-content\/uploads\/2024\/09\/LogoSecreTransprencia-1.png\" class=\"attachment-large size-large\" alt=\"\" \/>\t\t\t\t\t\t\n\t\t\t\t\t<\/div>\n\t\t\t\t\t\t<\/a>\t\t\n<style scope=\"scope\">\n\n#image_105382293 {\n  width: 42%;\n}\n<\/style>\n\t<\/div>\n\t\n\n\n<\/div><\/div>\n<div class=\"col medium-4 small-12 large-4\"  ><div class=\"col-inner\"  >\n\n\n<\/div><\/div>\n\n<\/div>\n\n","protected":false},"excerpt":{"rendered":"","protected":false},"author":1,"featured_media":0,"parent":0,"menu_order":0,"comment_status":"closed","ping_status":"closed","template":"","meta":{"footnotes":""},"_links":{"self":[{"href":"https:\/\/hsdp.gov.co\/portal\/wp-json\/wp\/v2\/pages\/6596"}],"collection":[{"href":"https:\/\/hsdp.gov.co\/portal\/wp-json\/wp\/v2\/pages"}],"about":[{"href":"https:\/\/hsdp.gov.co\/portal\/wp-json\/wp\/v2\/types\/page"}],"author":[{"embeddable":true,"href":"https:\/\/hsdp.gov.co\/portal\/wp-json\/wp\/v2\/users\/1"}],"replies":[{"embeddable":true,"href":"https:\/\/hsdp.gov.co\/portal\/wp-json\/wp\/v2\/comments?post=6596"}],"version-history":[{"count":6,"href":"https:\/\/hsdp.gov.co\/portal\/wp-json\/wp\/v2\/pages\/6596\/revisions"}],"predecessor-version":[{"id":10458,"href":"https:\/\/hsdp.gov.co\/portal\/wp-json\/wp\/v2\/pages\/6596\/revisions\/10458"}],"wp:attachment":[{"href":"https:\/\/hsdp.gov.co\/portal\/wp-json\/wp\/v2\/media?parent=6596"}],"curies":[{"name":"wp","href":"https:\/\/api.w.org\/{rel}","templated":true}]}}