{"id":6436,"date":"2022-07-28T23:46:49","date_gmt":"2022-07-28T21:46:49","guid":{"rendered":"http:\/\/hsdp.gov.co\/portal\/?page_id=6436"},"modified":"2025-07-28T17:43:18","modified_gmt":"2025-07-28T22:43:18","slug":"seguridad-y-salud-en-el-trabajo","status":"publish","type":"page","link":"https:\/\/hsdp.gov.co\/portal\/seguridad-y-salud-en-el-trabajo\/","title":{"rendered":"Seguridad y Salud en el Trabajo"},"content":{"rendered":"\n<div class=\"container section-title-container\" ><h2 class=\"section-title section-title-center\"><b><\/b><span class=\"section-title-main\" style=\"color:rgb(96, 164, 45);\">Seguridad y salud en el trabajo<\/span><b><\/b><\/h2><\/div><!-- .section-title -->\n\n<h3><a href=\"https:\/\/hsdp.gov.co\/portal\/wp-content\/uploads\/2024\/05\/actualizacion-politica-sgsstres-109-2019-modificada.pdf\">Politica de SST &#8211; Resoluci\u00f3n No 109 (Marzo 07 de 2019) <\/a><\/h3>\n<div class=\"accordion\" rel=\"\">\n\n<div class=\"accordion-item\"><a href=\"#\" class=\"accordion-title plain\"><button class=\"toggle\"><i class=\"icon-angle-down\"><\/i><\/button><span>SEGURIDAD VIAL<\/span><\/a><div class=\"accordion-inner\">\n\n<h5><a href=\"https:\/\/hsdp.gov.co\/portal\/wp-content\/uploads\/2022\/08\/RES-229-POLITICA-DE-SEGURIDAD-VIAL-15-JUL-2022.pdf\">RESOLUCION 229 2022 ACTUALIZACION POLITICA DE SEGURIDAD VIAL<\/a><\/h5>\n<h5><a href=\"https:\/\/hsdp.gov.co\/portal\/wp-content\/uploads\/2022\/08\/RES-198-ACTUALIZACION-COMITE-DE-SEGURIDAD-VIAL-28-de-junio-2022.pdf\">RESOLUCION 198 2022 COMITE DE SEGURIDAD VIAL<\/a><\/h5>\n<h5><a href=\"https:\/\/hsdp.gov.co\/portal\/wp-content\/uploads\/2022\/08\/RES-197-ROLES-Y-RESPONSABILIDADES-SS-EN-EL-TRABAJO-28-de-junio-de-2022.pdf\">RESOLUCION 197 DEL 28 DE JUNIO ASIGNACION DE ROLES Y RESPONSABILIDADES<\/a><\/h5>\n<div class=\"row\"  id=\"row-101134115\">\n\n\n<\/div>\n\n<\/div><\/div>\n<div class=\"accordion-item\"><a href=\"#\" class=\"accordion-title plain\"><button class=\"toggle\"><i class=\"icon-angle-down\"><\/i><\/button><span>HIGIENE Y SEGURIDAD<\/span><\/a><div class=\"accordion-inner\">\n\n<h5><a href=\"https:\/\/hsdp.gov.co\/portal\/wp-content\/uploads\/2022\/08\/RES-196-REGLAMENTO-DE-HIGIENE-Y-SEGURIDAD-INDUSTRIALl-28-de-junio-de-2022.pdf\">Resolucion 196 del 28 de junio de 202 Reglamento de Higiene y Seguridad Industrial<\/a><\/h5>\n\n<\/div><\/div>\n<div class=\"accordion-item\"><a href=\"#\" class=\"accordion-title plain\"><button class=\"toggle\"><i class=\"icon-angle-down\"><\/i><\/button><span>MATRIZ DE PELIGRO<\/span><\/a><div class=\"accordion-inner\">\n\n<p><a href=\"https:\/\/hsdp.gov.co\/portal\/wp-content\/uploads\/2023\/06\/MATRIZ-DE-PELIGROS-2022-actualizacion-2022.xlsx\">Matriz de peligro .<b>xlsx<\/b><\/a><\/p>\n\n<\/div><\/div>\n\n<\/div>\n<div class=\"text-center\"><div class=\"is-divider divider clearfix\" style=\"max-width:164px;background-color:rgb(22, 99, 176);\"><\/div><\/div><!-- .divider -->\n\n<a href=\"https:\/\/docs.google.com\/forms\/d\/e\/1FAIpQLSeB2qvwOip1dNVtB6V4iON_y-Dtl4JWlKWuh47GEmb6uL7DIw\/viewform\" target=\"_self\" class=\"button primary\"  style=\"border-radius:99px;\">\n    <span>Formulario de Incapacidades<\/span>\n  <\/a>\n\n\n<a href=\"https:\/\/docs.google.com\/forms\/d\/e\/1FAIpQLSeDyP3c-BeGXq7PdywKcf4-IsBbkbV7EB1aAH1SyO-UoQRzeg\/viewform\" target=\"_self\" class=\"button primary\"  style=\"border-radius:99px;\">\n    <span>Reporte de Incidentes y Accidentes<\/span>\n  <\/a>\n\n\n<div class=\"accordion\" rel=\"\">\n\n<div class=\"accordion-item\"><a href=\"#\" class=\"accordion-title plain\"><button class=\"toggle\"><i class=\"icon-angle-down\"><\/i><\/button><span>Comit\u00e9 de  Convivencia Laboral COVILA<\/span><\/a><div class=\"accordion-inner\">\n\n<h5><a href=\"https:\/\/hsdp.gov.co\/portal\/sin-categoria\/resolucion-no-103-03-de-abril-de-2025-por-medio-de-la-cual-se-convoca-al-personal-para-la-eleccion-del-comite-deconvivencia-laboral-covila\/\">RESOLUCI\u00d3N No. 103 &#8211; 03 DE ABRIL DE 2025 Elecci\u00f3n del Comit\u00e9 de Convivencia Laboral COVILA\u201d<\/a><\/h5>\n\n<\/div><\/div>\n<div class=\"accordion-item\"><a href=\"#\" class=\"accordion-title plain\"><button class=\"toggle\"><i class=\"icon-angle-down\"><\/i><\/button><span>Comit\u00e9 Paritario de Seguridad y Salud en el Trabajo<\/span><\/a><div class=\"accordion-inner\">\n\n<p><a href=\"https:\/\/hsdp.gov.co\/portal\/sin-categoria\/resolucion-no-10403-de-abril-de-2025por-medio-de-la-cual-se-convoca-a-la-eleccion-del-comite-paritario-deseguridad-y-salud-en-el-trabajo-copasst\/\">RESOLUCI\u00d3N No. 104 &#8211; 03 DE ABRIL DE 2025 Elecci\u00f3n del Comit\u00e9 Paritario de Seguridad y Salud en el Trabajo COPASST<\/a><\/p>\n\n<\/div><\/div>\n\n<\/div>\n<a href=\"https:\/\/hsdp.gov.co\/portal\/reporte-de-estadisticas-de-acoso-sexual\/\" target=\"_self\" class=\"button primary\"  style=\"border-radius:99px;\">\n    <span>Reporte de estad\u00edsticas de acoso sexual en el trabajo<\/span>\n  <\/a>\n\n\n<div class=\"accordion\" rel=\"\">\n\n<div class=\"accordion-item\"><a href=\"#\" class=\"accordion-title plain\"><button class=\"toggle\"><i class=\"icon-angle-down\"><\/i><\/button><span>Pol\u00edtica de Acoso Aexual en el \u00c1mbito  Laboral<\/span><\/a><div class=\"accordion-inner\">\n\n<h5><a href=\"https:\/\/hsdp.gov.co\/portal\/documentacion-acoso-sexual-laboral\/\">RESOLUCI\u00d3N No. 131 DE 14 DE MAYO DE 2025<\/a><\/h5>\n\n<\/div><\/div>\n<div class=\"accordion-item\"><a href=\"#\" class=\"accordion-title plain\"><button class=\"toggle\"><i class=\"icon-angle-down\"><\/i><\/button><span>Protocolo para Atenci\u00f3n de V\u00edctimas de Acoso Sexual Laboral<\/span><\/a><div class=\"accordion-inner\">\n\n<h5><a href=\"https:\/\/hsdp.gov.co\/portal\/documentacion-acoso-sexual-laboral\/\">PROTOCOLO PARA ATENCI\u00d3N DE V\u00cdCTIMAS DE ACOSO SEXUAL LABORAL <\/a><\/h5>\n\n<\/div><\/div>\n\n<\/div>\n\n","protected":false},"excerpt":{"rendered":"<p>Politica de SST &#8211; Resoluci\u00f3n No 109 (Marzo 07 de 2019)<\/p>\n","protected":false},"author":1,"featured_media":0,"parent":0,"menu_order":0,"comment_status":"closed","ping_status":"closed","template":"","meta":{"footnotes":""},"_links":{"self":[{"href":"https:\/\/hsdp.gov.co\/portal\/wp-json\/wp\/v2\/pages\/6436"}],"collection":[{"href":"https:\/\/hsdp.gov.co\/portal\/wp-json\/wp\/v2\/pages"}],"about":[{"href":"https:\/\/hsdp.gov.co\/portal\/wp-json\/wp\/v2\/types\/page"}],"author":[{"embeddable":true,"href":"https:\/\/hsdp.gov.co\/portal\/wp-json\/wp\/v2\/users\/1"}],"replies":[{"embeddable":true,"href":"https:\/\/hsdp.gov.co\/portal\/wp-json\/wp\/v2\/comments?post=6436"}],"version-history":[{"count":20,"href":"https:\/\/hsdp.gov.co\/portal\/wp-json\/wp\/v2\/pages\/6436\/revisions"}],"predecessor-version":[{"id":13298,"href":"https:\/\/hsdp.gov.co\/portal\/wp-json\/wp\/v2\/pages\/6436\/revisions\/13298"}],"wp:attachment":[{"href":"https:\/\/hsdp.gov.co\/portal\/wp-json\/wp\/v2\/media?parent=6436"}],"curies":[{"name":"wp","href":"https:\/\/api.w.org\/{rel}","templated":true}]}}