{"id":6038,"date":"2022-04-26T01:36:39","date_gmt":"2022-04-25T23:36:39","guid":{"rendered":"http:\/\/hsdp.gov.co\/portal\/?page_id=6038"},"modified":"2026-03-16T09:06:14","modified_gmt":"2026-03-16T14:06:14","slug":"rendicon-de-cuentas","status":"publish","type":"page","link":"https:\/\/hsdp.gov.co\/portal\/rendicon-de-cuentas\/","title":{"rendered":"Rendic\u00f3n de Cuentas"},"content":{"rendered":"\n<h3><a href=\"https:\/\/hsdp.gov.co\/portal\/rendicion-de-cuentas\/\">Audiencia P\u00fablica de Rendici\u00f3n de Cuentas V &#8211; 2018<\/a><\/h3>\n<h3><a href=\"https:\/\/hsdp.gov.co\/portal\/rendicion-de-cuentas-2019\/\">Audiencia P\u00fablica de Rendici\u00f3n de Cuentas V &#8211; 2019<\/a><\/h3>\n<h3><a href=\"https:\/\/hsdp.gov.co\/portal\/rendicion-de-cuentas-2020\/\">Audiencia P\u00fablica de Rendici\u00f3n de Cuentas V &#8211; 2020<\/a><\/h3>\n<h3><a href=\"https:\/\/hsdp.gov.co\/portal\/rendicion-de-cuentas-vigencia-2021\/\">Audiencia P\u00fablica de Rendici\u00f3n de Cuentas V &#8211;<\/a><a href=\"https:\/\/hsdp.gov.co\/portal\/rendicion-de-cuentas-vigencia-2021\/\"> 202<\/a><a href=\"https:\/\/hsdp.gov.co\/portal\/rendicion-de-cuentas-vigencia-2021\/\">1<\/a><\/h3>\n<h3><a href=\"https:\/\/hsdp.gov.co\/portal\/rendicion-de-cuentas-vigencia-2022\/\">Audiencia P\u00fablica de Rendici\u00f3n de Cuentas V &#8211; 2022<\/a><\/h3>\n<h3><a href=\"https:\/\/hsdp.gov.co\/portal\/rendicion-de-cuentas-vigencia-2023\/\">Audiencia P\u00fablica de Rendici\u00f3n de Cuentas V &#8211; 2023<\/a><\/h3>\n<h3><a href=\"https:\/\/hsdp.gov.co\/portal\/audiencia-publica-de-rendicion-de-cuentas-v-2024\/\">Audiencia P\u00fablica de Rendici\u00f3n de Cuentas V &#8211; 2024<\/a><\/h3>\n<h3><a href=\"https:\/\/hsdp.gov.co\/portal\/audiencia-publica-de-rendicion-de-cuentas-vigencia-2025\/\">Audiencia P\u00fablica de Rendici\u00f3n de Cuentas V &#8211; 2025<\/a><\/h3>\n\n","protected":false},"excerpt":{"rendered":"<p>Audiencia P\u00fablica de Rendici\u00f3n de Cuentas V &#8211; 2018 Audiencia P\u00fablica de Rendici\u00f3n de Cuentas V &#8211; 2019 Audiencia P\u00fablica de Rendici\u00f3n de Cuentas V &#8211; 2020 Audiencia P\u00fablica de Rendici\u00f3n de Cuentas V &#8211; 2021 Audiencia P\u00fablica de Rendici\u00f3n de Cuentas V &#8211; 2022 Audiencia P\u00fablica de Rendici\u00f3n de Cuentas V &#8211; 2023 Audiencia [&#8230;]\n","protected":false},"author":1,"featured_media":0,"parent":0,"menu_order":0,"comment_status":"closed","ping_status":"closed","template":"","meta":{"footnotes":""},"_links":{"self":[{"href":"https:\/\/hsdp.gov.co\/portal\/wp-json\/wp\/v2\/pages\/6038"}],"collection":[{"href":"https:\/\/hsdp.gov.co\/portal\/wp-json\/wp\/v2\/pages"}],"about":[{"href":"https:\/\/hsdp.gov.co\/portal\/wp-json\/wp\/v2\/types\/page"}],"author":[{"embeddable":true,"href":"https:\/\/hsdp.gov.co\/portal\/wp-json\/wp\/v2\/users\/1"}],"replies":[{"embeddable":true,"href":"https:\/\/hsdp.gov.co\/portal\/wp-json\/wp\/v2\/comments?post=6038"}],"version-history":[{"count":9,"href":"https:\/\/hsdp.gov.co\/portal\/wp-json\/wp\/v2\/pages\/6038\/revisions"}],"predecessor-version":[{"id":14964,"href":"https:\/\/hsdp.gov.co\/portal\/wp-json\/wp\/v2\/pages\/6038\/revisions\/14964"}],"wp:attachment":[{"href":"https:\/\/hsdp.gov.co\/portal\/wp-json\/wp\/v2\/media?parent=6038"}],"curies":[{"name":"wp","href":"https:\/\/api.w.org\/{rel}","templated":true}]}}