{"id":5775,"date":"2022-03-08T17:51:06","date_gmt":"2022-03-08T16:51:06","guid":{"rendered":"http:\/\/hsdp.gov.co\/portal\/?page_id=5775"},"modified":"2022-03-08T17:51:08","modified_gmt":"2022-03-08T16:51:08","slug":"politica-de-participacion-social-mutiscua-2021","status":"publish","type":"page","link":"https:\/\/hsdp.gov.co\/portal\/politica-de-participacion-social-mutiscua-2021\/","title":{"rendered":"Pol\u00edtica de Participaci\u00f3n Social Mut\u00edscua 2021"},"content":{"rendered":"\n<p>Pol\u00edtica de Participaci\u00f3n Social Mut\u00edscua 2021 &#8211; EVIDENCIAS<\/p>\n\n\n\n<div class=\"wp-block-file\"><a href=\"https:\/\/hsdp.gov.co\/portal\/wp-content\/uploads\/2022\/03\/101-RECURSO-HUMANO.pdf\">101-RECURSO-HUMANO<\/a><a href=\"https:\/\/hsdp.gov.co\/portal\/wp-content\/uploads\/2022\/03\/101-RECURSO-HUMANO.pdf\" class=\"wp-block-file__button\" download>Descarga<\/a><\/div>\n\n\n\n<div class=\"wp-block-file\"><a href=\"https:\/\/hsdp.gov.co\/portal\/wp-content\/uploads\/2022\/03\/102-CAPACITACION-A-FUNCIONARIOS.pdf\">102-CAPACITACION-A-FUNCIONARIOS<\/a><a href=\"https:\/\/hsdp.gov.co\/portal\/wp-content\/uploads\/2022\/03\/102-CAPACITACION-A-FUNCIONARIOS.pdf\" class=\"wp-block-file__button\" download>Descarga<\/a><\/div>\n\n\n\n<div class=\"wp-block-file\"><a href=\"https:\/\/hsdp.gov.co\/portal\/wp-content\/uploads\/2022\/03\/103-CAPACITACION-CONTROL-SOCIAL-EN-SALUD.pdf\">103-CAPACITACION-CONTROL-SOCIAL-EN-SALUD<\/a><a href=\"https:\/\/hsdp.gov.co\/portal\/wp-content\/uploads\/2022\/03\/103-CAPACITACION-CONTROL-SOCIAL-EN-SALUD.pdf\" class=\"wp-block-file__button\" download>Descarga<\/a><\/div>\n\n\n\n<div class=\"wp-block-file\"><a href=\"https:\/\/hsdp.gov.co\/portal\/wp-content\/uploads\/2022\/03\/104-ACTA-SOCIALIZACION-CENTROS-DE-SALUD-PLAN-DE-ACCION-PPSS.pdf\">104-ACTA-SOCIALIZACION-CENTROS-DE-SALUD-PLAN-DE-ACCION-PPSS<\/a><a href=\"https:\/\/hsdp.gov.co\/portal\/wp-content\/uploads\/2022\/03\/104-ACTA-SOCIALIZACION-CENTROS-DE-SALUD-PLAN-DE-ACCION-PPSS.pdf\" class=\"wp-block-file__button\" download>Descarga<\/a><\/div>\n\n\n\n<div class=\"wp-block-file\"><a href=\"https:\/\/hsdp.gov.co\/portal\/wp-content\/uploads\/2022\/03\/105-ACTA-CAPACITACION-ENFOQUE-DIFERENCIAL-MANUAL-DE-ATENCION-AL-USUARIO.pdf\">105-ACTA-CAPACITACION-ENFOQUE-DIFERENCIAL-MANUAL-DE-ATENCION-AL-USUARIO<\/a><a href=\"https:\/\/hsdp.gov.co\/portal\/wp-content\/uploads\/2022\/03\/105-ACTA-CAPACITACION-ENFOQUE-DIFERENCIAL-MANUAL-DE-ATENCION-AL-USUARIO.pdf\" class=\"wp-block-file__button\" download>Descarga<\/a><\/div>\n\n\n\n<div class=\"wp-block-file\"><a href=\"https:\/\/hsdp.gov.co\/portal\/wp-content\/uploads\/2022\/03\/106-CRONOGRAMA-CAPACITACIONES-ALIANZA-DE-USUARIOS.pdf\">106-CRONOGRAMA-CAPACITACIONES-ALIANZA-DE-USUARIOS<\/a><a href=\"https:\/\/hsdp.gov.co\/portal\/wp-content\/uploads\/2022\/03\/106-CRONOGRAMA-CAPACITACIONES-ALIANZA-DE-USUARIOS.pdf\" class=\"wp-block-file__button\" download>Descarga<\/a><\/div>\n\n\n\n<div class=\"wp-block-file\"><a href=\"https:\/\/hsdp.gov.co\/portal\/wp-content\/uploads\/2022\/03\/107-PUBLICACION-RECONOCIENDO-LA-ALIANZA-DE-USUARIOS-CONFORMADA.pdf\">107-PUBLICACION-RECONOCIENDO-LA-ALIANZA-DE-USUARIOS-CONFORMADA<\/a><a href=\"https:\/\/hsdp.gov.co\/portal\/wp-content\/uploads\/2022\/03\/107-PUBLICACION-RECONOCIENDO-LA-ALIANZA-DE-USUARIOS-CONFORMADA.pdf\" class=\"wp-block-file__button\" download>Descarga<\/a><\/div>\n\n\n\n<div class=\"wp-block-file\"><a href=\"https:\/\/hsdp.gov.co\/portal\/wp-content\/uploads\/2022\/03\/108-ACTA-SOCIALIZACION-MEDIOS-TECNOLOGICOS-E-INFORMATIVOS.pdf\">108-ACTA-SOCIALIZACION-MEDIOS-TECNOLOGICOS-E-INFORMATIVOS<\/a><a href=\"https:\/\/hsdp.gov.co\/portal\/wp-content\/uploads\/2022\/03\/108-ACTA-SOCIALIZACION-MEDIOS-TECNOLOGICOS-E-INFORMATIVOS.pdf\" class=\"wp-block-file__button\" download>Descarga<\/a><\/div>\n\n\n\n<div class=\"wp-block-file\"><a href=\"https:\/\/hsdp.gov.co\/portal\/wp-content\/uploads\/2022\/03\/109-PUBLICACION-PROCESOS-PARTICIPATIVOS-REALIZADOS-CON-LA-ALIANZA-DE-USUARIOS.pdf\">109-PUBLICACION-PROCESOS-PARTICIPATIVOS-REALIZADOS-CON-LA-ALIANZA-DE-USUARIOS<\/a><a href=\"https:\/\/hsdp.gov.co\/portal\/wp-content\/uploads\/2022\/03\/109-PUBLICACION-PROCESOS-PARTICIPATIVOS-REALIZADOS-CON-LA-ALIANZA-DE-USUARIOS.pdf\" class=\"wp-block-file__button\" download>Descarga<\/a><\/div>\n\n\n\n<div class=\"wp-block-file\"><a href=\"https:\/\/hsdp.gov.co\/portal\/wp-content\/uploads\/2022\/03\/110-PUBLICIDAD-ASAMBLE-ALIANZA-DE-USUARIOS.pdf\">110-PUBLICIDAD-ASAMBLE-ALIANZA-DE-USUARIOS<\/a><a href=\"https:\/\/hsdp.gov.co\/portal\/wp-content\/uploads\/2022\/03\/110-PUBLICIDAD-ASAMBLE-ALIANZA-DE-USUARIOS.pdf\" class=\"wp-block-file__button\" download>Descarga<\/a><\/div>\n\n\n\n<div class=\"wp-block-file\"><a href=\"https:\/\/hsdp.gov.co\/portal\/wp-content\/uploads\/2022\/03\/112-CAPACITACION-VEEDORES.pdf\">112-CAPACITACION-VEEDORES<\/a><a href=\"https:\/\/hsdp.gov.co\/portal\/wp-content\/uploads\/2022\/03\/112-CAPACITACION-VEEDORES.pdf\" class=\"wp-block-file__button\" download>Descarga<\/a><\/div>\n\n\n\n<div class=\"wp-block-file\"><a href=\"https:\/\/hsdp.gov.co\/portal\/wp-content\/uploads\/2022\/03\/113-CTSSS-SALUD-PUBLICA.pdf\">113-CTSSS-SALUD-PUBLICA<\/a><a href=\"https:\/\/hsdp.gov.co\/portal\/wp-content\/uploads\/2022\/03\/113-CTSSS-SALUD-PUBLICA.pdf\" class=\"wp-block-file__button\" download>Descarga<\/a><\/div>\n\n\n\n<div class=\"wp-block-file\"><a href=\"https:\/\/hsdp.gov.co\/portal\/wp-content\/uploads\/2022\/03\/114-PROMOCION-Y-SOCIALIZACION-DE-BIENESTAR-Y-SALUD.pdf\">114-PROMOCION-Y-SOCIALIZACION-DE-BIENESTAR-Y-SALUD<\/a><a href=\"https:\/\/hsdp.gov.co\/portal\/wp-content\/uploads\/2022\/03\/114-PROMOCION-Y-SOCIALIZACION-DE-BIENESTAR-Y-SALUD.pdf\" class=\"wp-block-file__button\" download>Descarga<\/a><\/div>\n\n\n\n<div class=\"wp-block-file\"><a href=\"https:\/\/hsdp.gov.co\/portal\/wp-content\/uploads\/2022\/03\/115-ACTA-CAPACITACION-ENFOQUE-DE-DERECHO-DIFERENCIAL-Y-DE-GENERO.pdf\">115-ACTA-CAPACITACION-ENFOQUE-DE-DERECHO-DIFERENCIAL-Y-DE-GENERO<\/a><a href=\"https:\/\/hsdp.gov.co\/portal\/wp-content\/uploads\/2022\/03\/115-ACTA-CAPACITACION-ENFOQUE-DE-DERECHO-DIFERENCIAL-Y-DE-GENERO.pdf\" class=\"wp-block-file__button\" download>Descarga<\/a><\/div>\n\n\n\n<div class=\"wp-block-file\"><a href=\"https:\/\/hsdp.gov.co\/portal\/wp-content\/uploads\/2022\/03\/116-MEDIOS-MASIVOS-EN-SALUD-PUBLICA.pdf\">116-MEDIOS-MASIVOS-EN-SALUD-PUBLICA<\/a><a href=\"https:\/\/hsdp.gov.co\/portal\/wp-content\/uploads\/2022\/03\/116-MEDIOS-MASIVOS-EN-SALUD-PUBLICA.pdf\" class=\"wp-block-file__button\" download>Descarga<\/a><\/div>\n\n\n\n<div class=\"wp-block-file\"><a href=\"https:\/\/hsdp.gov.co\/portal\/wp-content\/uploads\/2022\/03\/117-CAPACITACIONES-ALIANZA-DE-USUARIOS.pdf\">117-CAPACITACIONES-ALIANZA-DE-USUARIOS<\/a><a href=\"https:\/\/hsdp.gov.co\/portal\/wp-content\/uploads\/2022\/03\/117-CAPACITACIONES-ALIANZA-DE-USUARIOS.pdf\" class=\"wp-block-file__button\" download>Descarga<\/a><\/div>\n\n\n\n<div class=\"wp-block-file\"><a href=\"https:\/\/hsdp.gov.co\/portal\/wp-content\/uploads\/2022\/03\/118-PUBLICACION-CARTA-DE-TRATO-DIGNO-AL-CIUDADANO.pdf\">118-PUBLICACION-CARTA-DE-TRATO-DIGNO-AL-CIUDADANO<\/a><a href=\"https:\/\/hsdp.gov.co\/portal\/wp-content\/uploads\/2022\/03\/118-PUBLICACION-CARTA-DE-TRATO-DIGNO-AL-CIUDADANO.pdf\" class=\"wp-block-file__button\" download>Descarga<\/a><\/div>\n\n\n\n<div class=\"wp-block-file\"><a href=\"https:\/\/hsdp.gov.co\/portal\/wp-content\/uploads\/2022\/03\/120-ACTA-ELECCION-DEL-REPRESENTANTE-DE-LOS-USUARIOS-ANTE-LA-JUNTA-DIRECTIVA-DE-LA-ESE-HSDP.pdf\">120-ACTA-ELECCION-DEL-REPRESENTANTE-DE-LOS-USUARIOS-ANTE-LA-JUNTA-DIRECTIVA-DE-LA-ESE-HSDP<\/a><a href=\"https:\/\/hsdp.gov.co\/portal\/wp-content\/uploads\/2022\/03\/120-ACTA-ELECCION-DEL-REPRESENTANTE-DE-LOS-USUARIOS-ANTE-LA-JUNTA-DIRECTIVA-DE-LA-ESE-HSDP.pdf\" class=\"wp-block-file__button\" download>Descarga<\/a><\/div>\n\n\n\n<div class=\"wp-block-file\"><a href=\"https:\/\/hsdp.gov.co\/portal\/wp-content\/uploads\/2022\/03\/121-ACTA-SOCIALIZACION-CARTILLA-MANUAL-DE-ATENCION-AL-USUARIO-CENTROS-DE-SALUD.pdf\">121-ACTA-SOCIALIZACION-CARTILLA-MANUAL-DE-ATENCION-AL-USUARIO-CENTROS-DE-SALUD<\/a><a href=\"https:\/\/hsdp.gov.co\/portal\/wp-content\/uploads\/2022\/03\/121-ACTA-SOCIALIZACION-CARTILLA-MANUAL-DE-ATENCION-AL-USUARIO-CENTROS-DE-SALUD.pdf\" class=\"wp-block-file__button\" download>Descarga<\/a><\/div>\n\n\n\n<div class=\"wp-block-file\"><a href=\"https:\/\/hsdp.gov.co\/portal\/wp-content\/uploads\/2022\/03\/122-SOCIALIZACION-DEBERES-Y-DERECHOS-DE-LOS-USUARIOS.pdf\">122-SOCIALIZACION-DEBERES-Y-DERECHOS-DE-LOS-USUARIOS<\/a><a href=\"https:\/\/hsdp.gov.co\/portal\/wp-content\/uploads\/2022\/03\/122-SOCIALIZACION-DEBERES-Y-DERECHOS-DE-LOS-USUARIOS.pdf\" class=\"wp-block-file__button\" download>Descarga<\/a><\/div>\n\n\n\n<div class=\"wp-block-file\"><a href=\"https:\/\/hsdp.gov.co\/portal\/wp-content\/uploads\/2022\/03\/123-ACTA-SOCIALIZACION-PROCESO-DE-RENDICION-DE-CUENTAS.pdf\">123-ACTA-SOCIALIZACION-PROCESO-DE-RENDICION-DE-CUENTAS<\/a><a href=\"https:\/\/hsdp.gov.co\/portal\/wp-content\/uploads\/2022\/03\/123-ACTA-SOCIALIZACION-PROCESO-DE-RENDICION-DE-CUENTAS.pdf\" class=\"wp-block-file__button\" download>Descarga<\/a><\/div>\n\n\n\n<div class=\"wp-block-file\"><a href=\"https:\/\/hsdp.gov.co\/portal\/wp-content\/uploads\/2022\/03\/124-INFORME-AUDIENCIA-PUBLICA-DE-RENDICION-DE-CUENTAS.pdf\">124-INFORME-AUDIENCIA-PUBLICA-DE-RENDICION-DE-CUENTAS<\/a><a href=\"https:\/\/hsdp.gov.co\/portal\/wp-content\/uploads\/2022\/03\/124-INFORME-AUDIENCIA-PUBLICA-DE-RENDICION-DE-CUENTAS.pdf\" class=\"wp-block-file__button\" download>Descarga<\/a><\/div>\n\n\n\n<div class=\"wp-block-file\"><a href=\"https:\/\/hsdp.gov.co\/portal\/wp-content\/uploads\/2022\/03\/125-ACTA-CONFORMACION-ALIANZA-DE-USUARIOS.pdf\">125-ACTA-CONFORMACION-ALIANZA-DE-USUARIOS<\/a><a href=\"https:\/\/hsdp.gov.co\/portal\/wp-content\/uploads\/2022\/03\/125-ACTA-CONFORMACION-ALIANZA-DE-USUARIOS.pdf\" class=\"wp-block-file__button\" download>Descarga<\/a><\/div>\n","protected":false},"excerpt":{"rendered":"<p>Pol\u00edtica de Participaci\u00f3n Social Mut\u00edscua 2021 &#8211; EVIDENCIAS<\/p>\n","protected":false},"author":1,"featured_media":0,"parent":0,"menu_order":0,"comment_status":"closed","ping_status":"closed","template":"","meta":{"footnotes":""},"_links":{"self":[{"href":"https:\/\/hsdp.gov.co\/portal\/wp-json\/wp\/v2\/pages\/5775"}],"collection":[{"href":"https:\/\/hsdp.gov.co\/portal\/wp-json\/wp\/v2\/pages"}],"about":[{"href":"https:\/\/hsdp.gov.co\/portal\/wp-json\/wp\/v2\/types\/page"}],"author":[{"embeddable":true,"href":"https:\/\/hsdp.gov.co\/portal\/wp-json\/wp\/v2\/users\/1"}],"replies":[{"embeddable":true,"href":"https:\/\/hsdp.gov.co\/portal\/wp-json\/wp\/v2\/comments?post=5775"}],"version-history":[{"count":1,"href":"https:\/\/hsdp.gov.co\/portal\/wp-json\/wp\/v2\/pages\/5775\/revisions"}],"predecessor-version":[{"id":5799,"href":"https:\/\/hsdp.gov.co\/portal\/wp-json\/wp\/v2\/pages\/5775\/revisions\/5799"}],"wp:attachment":[{"href":"https:\/\/hsdp.gov.co\/portal\/wp-json\/wp\/v2\/media?parent=5775"}],"curies":[{"name":"wp","href":"https:\/\/api.w.org\/{rel}","templated":true}]}}