{"id":5725,"date":"2022-03-08T17:35:14","date_gmt":"2022-03-08T16:35:14","guid":{"rendered":"http:\/\/hsdp.gov.co\/portal\/?page_id=5725"},"modified":"2022-03-08T17:35:16","modified_gmt":"2022-03-08T16:35:16","slug":"politica-de-participacion-social-chitaga-2021","status":"publish","type":"page","link":"https:\/\/hsdp.gov.co\/portal\/politica-de-participacion-social-chitaga-2021\/","title":{"rendered":"Pol\u00edtica de Participaci\u00f3n Social Chitag\u00e1 2021"},"content":{"rendered":"\n<p>Pol\u00edtica de Participaci\u00f3n Social Chitag\u00e1 2021 &#8211; EVIDENCIAS<\/p>\n\n\n\n<div class=\"wp-block-file\"><a href=\"https:\/\/hsdp.gov.co\/portal\/wp-content\/uploads\/2022\/03\/51-RECURSO-HUMANO.pdf\">51-RECURSO-HUMANO<\/a><a href=\"https:\/\/hsdp.gov.co\/portal\/wp-content\/uploads\/2022\/03\/51-RECURSO-HUMANO.pdf\" class=\"wp-block-file__button\" download>Descarga<\/a><\/div>\n\n\n\n<div class=\"wp-block-file\"><a href=\"https:\/\/hsdp.gov.co\/portal\/wp-content\/uploads\/2022\/03\/52-CAPACITACION-A-FUNCIONARIOS.pdf\">52-CAPACITACION-A-FUNCIONARIOS<\/a><a href=\"https:\/\/hsdp.gov.co\/portal\/wp-content\/uploads\/2022\/03\/52-CAPACITACION-A-FUNCIONARIOS.pdf\" class=\"wp-block-file__button\" download>Descarga<\/a><\/div>\n\n\n\n<div class=\"wp-block-file\"><a href=\"https:\/\/hsdp.gov.co\/portal\/wp-content\/uploads\/2022\/03\/53-CAPACITACION-CONTROL-SOCIAL-EN-SALUD.pdf\">53-CAPACITACION-CONTROL-SOCIAL-EN-SALUD<\/a><a href=\"https:\/\/hsdp.gov.co\/portal\/wp-content\/uploads\/2022\/03\/53-CAPACITACION-CONTROL-SOCIAL-EN-SALUD.pdf\" class=\"wp-block-file__button\" download>Descarga<\/a><\/div>\n\n\n\n<div class=\"wp-block-file\"><a href=\"https:\/\/hsdp.gov.co\/portal\/wp-content\/uploads\/2022\/03\/54-ACTA-SOCIALIZACION-CENTROS-DE-SALUD-PLAN-DE-ACCION-PPSS.pdf\">54-ACTA-SOCIALIZACION-CENTROS-DE-SALUD-PLAN-DE-ACCION-PPSS<\/a><a href=\"https:\/\/hsdp.gov.co\/portal\/wp-content\/uploads\/2022\/03\/54-ACTA-SOCIALIZACION-CENTROS-DE-SALUD-PLAN-DE-ACCION-PPSS.pdf\" class=\"wp-block-file__button\" download>Descarga<\/a><\/div>\n\n\n\n<div class=\"wp-block-file\"><a href=\"https:\/\/hsdp.gov.co\/portal\/wp-content\/uploads\/2022\/03\/55-ACTA-CAPACITACION-ENFOQUE-DE-DERECHO-DIFERENCIAL-Y-DE-GENERO.pdf\">55-ACTA-CAPACITACION-ENFOQUE-DE-DERECHO-DIFERENCIAL-Y-DE-GENERO<\/a><a href=\"https:\/\/hsdp.gov.co\/portal\/wp-content\/uploads\/2022\/03\/55-ACTA-CAPACITACION-ENFOQUE-DE-DERECHO-DIFERENCIAL-Y-DE-GENERO.pdf\" class=\"wp-block-file__button\" download>Descarga<\/a><\/div>\n\n\n\n<div class=\"wp-block-file\"><a href=\"https:\/\/hsdp.gov.co\/portal\/wp-content\/uploads\/2022\/03\/55-ACTA-CAPACITACION-ENFOQUE-DIFERENCIAL-MANUAL-DE-ATENCION-AL-USUARIO.pdf\">55-ACTA-CAPACITACION-ENFOQUE-DIFERENCIAL-MANUAL-DE-ATENCION-AL-USUARIO<\/a><a href=\"https:\/\/hsdp.gov.co\/portal\/wp-content\/uploads\/2022\/03\/55-ACTA-CAPACITACION-ENFOQUE-DIFERENCIAL-MANUAL-DE-ATENCION-AL-USUARIO.pdf\" class=\"wp-block-file__button\" download>Descarga<\/a><\/div>\n\n\n\n<div class=\"wp-block-file\"><a href=\"https:\/\/hsdp.gov.co\/portal\/wp-content\/uploads\/2022\/03\/56-CRONOGRAMA-CAPACITACIONES-ALIANZA-DE-USUARIOS.pdf\">56-CRONOGRAMA-CAPACITACIONES-ALIANZA-DE-USUARIOS<\/a><a href=\"https:\/\/hsdp.gov.co\/portal\/wp-content\/uploads\/2022\/03\/56-CRONOGRAMA-CAPACITACIONES-ALIANZA-DE-USUARIOS.pdf\" class=\"wp-block-file__button\" download>Descarga<\/a><\/div>\n\n\n\n<div class=\"wp-block-file\"><a href=\"https:\/\/hsdp.gov.co\/portal\/wp-content\/uploads\/2022\/03\/57-PUBLICACION-RECONOCIENDO-LA-ALIANZA-DE-USUARIOS-CONFORMADA.pdf\">57-PUBLICACION-RECONOCIENDO-LA-ALIANZA-DE-USUARIOS-CONFORMADA<\/a><a href=\"https:\/\/hsdp.gov.co\/portal\/wp-content\/uploads\/2022\/03\/57-PUBLICACION-RECONOCIENDO-LA-ALIANZA-DE-USUARIOS-CONFORMADA.pdf\" class=\"wp-block-file__button\" download>Descarga<\/a><\/div>\n\n\n\n<div class=\"wp-block-file\"><a href=\"https:\/\/hsdp.gov.co\/portal\/wp-content\/uploads\/2022\/03\/58-ACTA-SOCIALIZACION-MEDIOS-TECNOLOGICOS-E-INFORMATIVOS.pdf\">58-ACTA-SOCIALIZACION-MEDIOS-TECNOLOGICOS-E-INFORMATIVOS<\/a><a href=\"https:\/\/hsdp.gov.co\/portal\/wp-content\/uploads\/2022\/03\/58-ACTA-SOCIALIZACION-MEDIOS-TECNOLOGICOS-E-INFORMATIVOS.pdf\" class=\"wp-block-file__button\" download>Descarga<\/a><\/div>\n\n\n\n<div class=\"wp-block-file\"><a href=\"https:\/\/hsdp.gov.co\/portal\/wp-content\/uploads\/2022\/03\/59-PUBLICACION-PROCESOS-PARTICIPATIVOS-REALIZADOS-CON-LA-ALIANZA-DE-USUARIOS.pdf\">59-PUBLICACION-PROCESOS-PARTICIPATIVOS-REALIZADOS-CON-LA-ALIANZA-DE-USUARIOS<\/a><a href=\"https:\/\/hsdp.gov.co\/portal\/wp-content\/uploads\/2022\/03\/59-PUBLICACION-PROCESOS-PARTICIPATIVOS-REALIZADOS-CON-LA-ALIANZA-DE-USUARIOS.pdf\" class=\"wp-block-file__button\" download>Descarga<\/a><\/div>\n\n\n\n<div class=\"wp-block-file\"><a href=\"https:\/\/hsdp.gov.co\/portal\/wp-content\/uploads\/2022\/03\/60-ACTA-PUBLICIDAD-ASAMBLEA-USUARIOS.pdf\">60-ACTA-PUBLICIDAD-ASAMBLEA-USUARIOS<\/a><a href=\"https:\/\/hsdp.gov.co\/portal\/wp-content\/uploads\/2022\/03\/60-ACTA-PUBLICIDAD-ASAMBLEA-USUARIOS.pdf\" class=\"wp-block-file__button\" download>Descarga<\/a><\/div>\n\n\n\n<div class=\"wp-block-file\"><a href=\"https:\/\/hsdp.gov.co\/portal\/wp-content\/uploads\/2022\/03\/62-CAPACITACION-VEEDORES.pdf\">62-CAPACITACION-VEEDORES<\/a><a href=\"https:\/\/hsdp.gov.co\/portal\/wp-content\/uploads\/2022\/03\/62-CAPACITACION-VEEDORES.pdf\" class=\"wp-block-file__button\" download>Descarga<\/a><\/div>\n\n\n\n<div class=\"wp-block-file\"><a href=\"https:\/\/hsdp.gov.co\/portal\/wp-content\/uploads\/2022\/03\/67-CAPACITACIONES-ALIANZA-DE-USUARIOS.pdf\">67-CAPACITACIONES-ALIANZA-DE-USUARIOS<\/a><a href=\"https:\/\/hsdp.gov.co\/portal\/wp-content\/uploads\/2022\/03\/67-CAPACITACIONES-ALIANZA-DE-USUARIOS.pdf\" class=\"wp-block-file__button\" download>Descarga<\/a><\/div>\n\n\n\n<div class=\"wp-block-file\"><a href=\"https:\/\/hsdp.gov.co\/portal\/wp-content\/uploads\/2022\/03\/68-PUBLICACION-CARTA-DE-TRATO-DIGNO-AL-CIUDADANO.pdf\">68-PUBLICACION-CARTA-DE-TRATO-DIGNO-AL-CIUDADANO<\/a><a href=\"https:\/\/hsdp.gov.co\/portal\/wp-content\/uploads\/2022\/03\/68-PUBLICACION-CARTA-DE-TRATO-DIGNO-AL-CIUDADANO.pdf\" class=\"wp-block-file__button\" download>Descarga<\/a><\/div>\n\n\n\n<div class=\"wp-block-file\"><a href=\"https:\/\/hsdp.gov.co\/portal\/wp-content\/uploads\/2022\/03\/70-ACTA-ELECCION-DEL-REPRESENTANTE-DE-LOS-USUARIOS-ANTE-LA-JUNTA-DIRECTIVA-DE-LA-ESE-HSDP.pdf\">70-ACTA-ELECCION-DEL-REPRESENTANTE-DE-LOS-USUARIOS-ANTE-LA-JUNTA-DIRECTIVA-DE-LA-ESE-HSDP<\/a><a href=\"https:\/\/hsdp.gov.co\/portal\/wp-content\/uploads\/2022\/03\/70-ACTA-ELECCION-DEL-REPRESENTANTE-DE-LOS-USUARIOS-ANTE-LA-JUNTA-DIRECTIVA-DE-LA-ESE-HSDP.pdf\" class=\"wp-block-file__button\" download>Descarga<\/a><\/div>\n\n\n\n<div class=\"wp-block-file\"><a href=\"https:\/\/hsdp.gov.co\/portal\/wp-content\/uploads\/2022\/03\/71-ACTA-SOCIALIZACION-CARTILLA-MANUAL-DE-ATENCION-AL-USUARIO-CENTROS-DE-SALUD.pdf\">71-ACTA-SOCIALIZACION-CARTILLA-MANUAL-DE-ATENCION-AL-USUARIO-CENTROS-DE-SALUD<\/a><a href=\"https:\/\/hsdp.gov.co\/portal\/wp-content\/uploads\/2022\/03\/71-ACTA-SOCIALIZACION-CARTILLA-MANUAL-DE-ATENCION-AL-USUARIO-CENTROS-DE-SALUD.pdf\" class=\"wp-block-file__button\" download>Descarga<\/a><\/div>\n\n\n\n<div class=\"wp-block-file\"><a href=\"https:\/\/hsdp.gov.co\/portal\/wp-content\/uploads\/2022\/03\/72-SOCIALIZACION-DERECHOS-Y-DEBERES-DE-LOS-USUARIOS.pdf\">72-SOCIALIZACION-DERECHOS-Y-DEBERES-DE-LOS-USUARIOS<\/a><a href=\"https:\/\/hsdp.gov.co\/portal\/wp-content\/uploads\/2022\/03\/72-SOCIALIZACION-DERECHOS-Y-DEBERES-DE-LOS-USUARIOS.pdf\" class=\"wp-block-file__button\" download>Descarga<\/a><\/div>\n\n\n\n<div class=\"wp-block-file\"><a href=\"https:\/\/hsdp.gov.co\/portal\/wp-content\/uploads\/2022\/03\/73-ACTA-SOCIALIZACION-PROCESO-DE-RENDICION-DE-CUENTAS.pdf\">73-ACTA-SOCIALIZACION-PROCESO-DE-RENDICION-DE-CUENTAS<\/a><a href=\"https:\/\/hsdp.gov.co\/portal\/wp-content\/uploads\/2022\/03\/73-ACTA-SOCIALIZACION-PROCESO-DE-RENDICION-DE-CUENTAS.pdf\" class=\"wp-block-file__button\" download>Descarga<\/a><\/div>\n\n\n\n<div class=\"wp-block-file\"><a href=\"https:\/\/hsdp.gov.co\/portal\/wp-content\/uploads\/2022\/03\/74-INFORME-AUDIENCIA-PUBLICA-DE-RENDICION-DE-CUENTAS.pdf\">74-INFORME-AUDIENCIA-PUBLICA-DE-RENDICION-DE-CUENTAS<\/a><a href=\"https:\/\/hsdp.gov.co\/portal\/wp-content\/uploads\/2022\/03\/74-INFORME-AUDIENCIA-PUBLICA-DE-RENDICION-DE-CUENTAS.pdf\" class=\"wp-block-file__button\" download>Descarga<\/a><\/div>\n\n\n\n<div class=\"wp-block-file\"><a href=\"https:\/\/hsdp.gov.co\/portal\/wp-content\/uploads\/2022\/03\/75-ACTA-CONFORMACION-ALIANZA-DE-USUARIOS.pdf\">75-ACTA-CONFORMACION-ALIANZA-DE-USUARIOS<\/a><a href=\"https:\/\/hsdp.gov.co\/portal\/wp-content\/uploads\/2022\/03\/75-ACTA-CONFORMACION-ALIANZA-DE-USUARIOS.pdf\" class=\"wp-block-file__button\" download>Descarga<\/a><\/div>\n","protected":false},"excerpt":{"rendered":"<p>Pol\u00edtica de Participaci\u00f3n Social Chitag\u00e1 2021 &#8211; EVIDENCIAS<\/p>\n","protected":false},"author":1,"featured_media":0,"parent":0,"menu_order":0,"comment_status":"closed","ping_status":"closed","template":"","meta":{"footnotes":""},"_links":{"self":[{"href":"https:\/\/hsdp.gov.co\/portal\/wp-json\/wp\/v2\/pages\/5725"}],"collection":[{"href":"https:\/\/hsdp.gov.co\/portal\/wp-json\/wp\/v2\/pages"}],"about":[{"href":"https:\/\/hsdp.gov.co\/portal\/wp-json\/wp\/v2\/types\/page"}],"author":[{"embeddable":true,"href":"https:\/\/hsdp.gov.co\/portal\/wp-json\/wp\/v2\/users\/1"}],"replies":[{"embeddable":true,"href":"https:\/\/hsdp.gov.co\/portal\/wp-json\/wp\/v2\/comments?post=5725"}],"version-history":[{"count":1,"href":"https:\/\/hsdp.gov.co\/portal\/wp-json\/wp\/v2\/pages\/5725\/revisions"}],"predecessor-version":[{"id":5746,"href":"https:\/\/hsdp.gov.co\/portal\/wp-json\/wp\/v2\/pages\/5725\/revisions\/5746"}],"wp:attachment":[{"href":"https:\/\/hsdp.gov.co\/portal\/wp-json\/wp\/v2\/media?parent=5725"}],"curies":[{"name":"wp","href":"https:\/\/api.w.org\/{rel}","templated":true}]}}