{"id":5698,"date":"2022-03-08T17:25:48","date_gmt":"2022-03-08T16:25:48","guid":{"rendered":"http:\/\/hsdp.gov.co\/portal\/?page_id=5698"},"modified":"2022-03-08T17:28:55","modified_gmt":"2022-03-08T16:28:55","slug":"politica-de-participacion-social-cacota-2021","status":"publish","type":"page","link":"https:\/\/hsdp.gov.co\/portal\/politica-de-participacion-social-cacota-2021\/","title":{"rendered":"Pol\u00edtica de Participaci\u00f3n Social C\u00e1cota 2021"},"content":{"rendered":"\n<p>Pol\u00edtica de Participaci\u00f3n Social C\u00e1cota 2021 &#8211; EVIDENCIAS<\/p>\n\n\n\n<div class=\"wp-block-file\"><a href=\"https:\/\/hsdp.gov.co\/portal\/wp-content\/uploads\/2022\/03\/26-RECURSO-HUMANO.pdf\">26-RECURSO-HUMANO<\/a><a href=\"https:\/\/hsdp.gov.co\/portal\/wp-content\/uploads\/2022\/03\/26-RECURSO-HUMANO.pdf\" class=\"wp-block-file__button\" download>Descarga<\/a><\/div>\n\n\n\n<div class=\"wp-block-file\"><a href=\"https:\/\/hsdp.gov.co\/portal\/wp-content\/uploads\/2022\/03\/27-CAPACITACION-A-FUNCIONARIOS.pdf\">27-CAPACITACION-A-FUNCIONARIOS<\/a><a href=\"https:\/\/hsdp.gov.co\/portal\/wp-content\/uploads\/2022\/03\/27-CAPACITACION-A-FUNCIONARIOS.pdf\" class=\"wp-block-file__button\" download>Descarga<\/a><\/div>\n\n\n\n<div class=\"wp-block-file\"><a href=\"https:\/\/hsdp.gov.co\/portal\/wp-content\/uploads\/2022\/03\/28-CAPACITACION-CONTROL-SOCIAL-EN-SALUD.pdf\">28-CAPACITACION-CONTROL-SOCIAL-EN-SALUD<\/a><a href=\"https:\/\/hsdp.gov.co\/portal\/wp-content\/uploads\/2022\/03\/28-CAPACITACION-CONTROL-SOCIAL-EN-SALUD.pdf\" class=\"wp-block-file__button\" download>Descarga<\/a><\/div>\n\n\n\n<div class=\"wp-block-file\"><a href=\"https:\/\/hsdp.gov.co\/portal\/wp-content\/uploads\/2022\/03\/29-ACTA-SOCIALIZACION-CENTROS-DE-SALUD-PLAN-DE-ACCION-PPSS.pdf\">29-ACTA-SOCIALIZACION-CENTROS-DE-SALUD-PLAN-DE-ACCION-PPSS<\/a><a href=\"https:\/\/hsdp.gov.co\/portal\/wp-content\/uploads\/2022\/03\/29-ACTA-SOCIALIZACION-CENTROS-DE-SALUD-PLAN-DE-ACCION-PPSS.pdf\" class=\"wp-block-file__button\" download>Descarga<\/a><\/div>\n\n\n\n<div class=\"wp-block-file\"><a href=\"https:\/\/hsdp.gov.co\/portal\/wp-content\/uploads\/2022\/03\/30-ACTA-CAPACITACION-ENFOQUE-DIFERENCIAL-MANUAL-DE-ATENCION-AL-USUARIO.pdf\">30-ACTA-CAPACITACION-ENFOQUE-DIFERENCIAL-MANUAL-DE-ATENCION-AL-USUARIO<\/a><a href=\"https:\/\/hsdp.gov.co\/portal\/wp-content\/uploads\/2022\/03\/30-ACTA-CAPACITACION-ENFOQUE-DIFERENCIAL-MANUAL-DE-ATENCION-AL-USUARIO.pdf\" class=\"wp-block-file__button\" download>Descarga<\/a><\/div>\n\n\n\n<div class=\"wp-block-file\"><a href=\"https:\/\/hsdp.gov.co\/portal\/wp-content\/uploads\/2022\/03\/31-CRONOGRAMA-CAPACITACIONES-ALIANZA-DE-USUARIOS.pdf\">31-CRONOGRAMA-CAPACITACIONES-ALIANZA-DE-USUARIOS<\/a><a href=\"https:\/\/hsdp.gov.co\/portal\/wp-content\/uploads\/2022\/03\/31-CRONOGRAMA-CAPACITACIONES-ALIANZA-DE-USUARIOS.pdf\" class=\"wp-block-file__button\" download>Descarga<\/a><\/div>\n\n\n\n<div class=\"wp-block-file\"><a href=\"https:\/\/hsdp.gov.co\/portal\/wp-content\/uploads\/2022\/03\/32-PUBLICACION-RECONOCIENDO-LA-ALIANZA-DE-USUARIOS-CONFORMADA.pdf\">32-PUBLICACION-RECONOCIENDO-LA-ALIANZA-DE-USUARIOS-CONFORMADA<\/a><a href=\"https:\/\/hsdp.gov.co\/portal\/wp-content\/uploads\/2022\/03\/32-PUBLICACION-RECONOCIENDO-LA-ALIANZA-DE-USUARIOS-CONFORMADA.pdf\" class=\"wp-block-file__button\" download>Descarga<\/a><\/div>\n\n\n\n<div class=\"wp-block-file\"><a href=\"https:\/\/hsdp.gov.co\/portal\/wp-content\/uploads\/2022\/03\/33-ACTA-SOCIALIZACION-MEDIOS-TECNOLOGICOS-E-INFORMATIVOS.pdf\">33-ACTA-SOCIALIZACION-MEDIOS-TECNOLOGICOS-E-INFORMATIVOS<\/a><a href=\"https:\/\/hsdp.gov.co\/portal\/wp-content\/uploads\/2022\/03\/33-ACTA-SOCIALIZACION-MEDIOS-TECNOLOGICOS-E-INFORMATIVOS.pdf\" class=\"wp-block-file__button\" download>Descarga<\/a><\/div>\n\n\n\n<div class=\"wp-block-file\"><a href=\"https:\/\/hsdp.gov.co\/portal\/wp-content\/uploads\/2022\/03\/34-PUBLICACION-PROCESOS-PARTICIPATIVOS-REALIZADOS-CON-LA-ALIANZA-DE-USUARIOS.pdf\">34-PUBLICACION-PROCESOS-PARTICIPATIVOS-REALIZADOS-CON-LA-ALIANZA-DE-USUARIOS<\/a><a href=\"https:\/\/hsdp.gov.co\/portal\/wp-content\/uploads\/2022\/03\/34-PUBLICACION-PROCESOS-PARTICIPATIVOS-REALIZADOS-CON-LA-ALIANZA-DE-USUARIOS.pdf\" class=\"wp-block-file__button\" download>Descarga<\/a><\/div>\n\n\n\n<div class=\"wp-block-file\"><a href=\"https:\/\/hsdp.gov.co\/portal\/wp-content\/uploads\/2022\/03\/35-ACTA-PUBLICIDAD-ASAMBLEA-USUARIOS.pdf\">35-ACTA-PUBLICIDAD-ASAMBLEA-USUARIOS<\/a><a href=\"https:\/\/hsdp.gov.co\/portal\/wp-content\/uploads\/2022\/03\/35-ACTA-PUBLICIDAD-ASAMBLEA-USUARIOS.pdf\" class=\"wp-block-file__button\" download>Descarga<\/a><\/div>\n\n\n\n<div class=\"wp-block-file\"><a href=\"https:\/\/hsdp.gov.co\/portal\/wp-content\/uploads\/2022\/03\/37-CAPACITACION-VEEDORES.pdf\">37-CAPACITACION-VEEDORES<\/a><a href=\"https:\/\/hsdp.gov.co\/portal\/wp-content\/uploads\/2022\/03\/37-CAPACITACION-VEEDORES.pdf\" class=\"wp-block-file__button\" download>Descarga<\/a><\/div>\n\n\n\n<div class=\"wp-block-file\"><a href=\"https:\/\/hsdp.gov.co\/portal\/wp-content\/uploads\/2022\/03\/38-CTSSS-SALUD-PUBLICA.pdf\">38-CTSSS-SALUD-PUBLICA<\/a><a href=\"https:\/\/hsdp.gov.co\/portal\/wp-content\/uploads\/2022\/03\/38-CTSSS-SALUD-PUBLICA.pdf\" class=\"wp-block-file__button\" download>Descarga<\/a><\/div>\n\n\n\n<div class=\"wp-block-file\"><a href=\"https:\/\/hsdp.gov.co\/portal\/wp-content\/uploads\/2022\/03\/39-PROMOCION-Y-SOCIALIZACION-DE-BIENESTAR-Y-SALUD.pdf\">39-PROMOCION-Y-SOCIALIZACION-DE-BIENESTAR-Y-SALUD<\/a><a href=\"https:\/\/hsdp.gov.co\/portal\/wp-content\/uploads\/2022\/03\/39-PROMOCION-Y-SOCIALIZACION-DE-BIENESTAR-Y-SALUD.pdf\" class=\"wp-block-file__button\" download>Descarga<\/a><\/div>\n\n\n\n<div class=\"wp-block-file\"><a href=\"https:\/\/hsdp.gov.co\/portal\/wp-content\/uploads\/2022\/03\/40-ACTA-CAPACITACION-ENFOQUE-DE-DERECHO-DIFERENCIAL-Y-DE-GENERO.pdf\">40-ACTA-CAPACITACION-ENFOQUE-DE-DERECHO-DIFERENCIAL-Y-DE-GENERO<\/a><a href=\"https:\/\/hsdp.gov.co\/portal\/wp-content\/uploads\/2022\/03\/40-ACTA-CAPACITACION-ENFOQUE-DE-DERECHO-DIFERENCIAL-Y-DE-GENERO.pdf\" class=\"wp-block-file__button\" download>Descarga<\/a><\/div>\n\n\n\n<div class=\"wp-block-file\"><a href=\"https:\/\/hsdp.gov.co\/portal\/wp-content\/uploads\/2022\/03\/41-MEDIOS-MASIVOS-EN-SALUD-PUBLICA.pdf\">41-MEDIOS-MASIVOS-EN-SALUD-PUBLICA<\/a><a href=\"https:\/\/hsdp.gov.co\/portal\/wp-content\/uploads\/2022\/03\/41-MEDIOS-MASIVOS-EN-SALUD-PUBLICA.pdf\" class=\"wp-block-file__button\" download>Descarga<\/a><\/div>\n\n\n\n<div class=\"wp-block-file\"><a href=\"https:\/\/hsdp.gov.co\/portal\/wp-content\/uploads\/2022\/03\/42-CAPACITACIONES-ALIANZA-DE-USUARIOS.pdf\">42-CAPACITACIONES-ALIANZA-DE-USUARIOS<\/a><a href=\"https:\/\/hsdp.gov.co\/portal\/wp-content\/uploads\/2022\/03\/42-CAPACITACIONES-ALIANZA-DE-USUARIOS.pdf\" class=\"wp-block-file__button\" download>Descarga<\/a><\/div>\n\n\n\n<div class=\"wp-block-file\"><a href=\"https:\/\/hsdp.gov.co\/portal\/wp-content\/uploads\/2022\/03\/45-ACTA-ELECCION-DEL-REPRESENTANTE-DE-LOS-USUARIOS-ANTE-LA-JUNTA-DIRECTIVA-DE-LA-ESE-HSDP.pdf\">45-ACTA-ELECCION-DEL-REPRESENTANTE-DE-LOS-USUARIOS-ANTE-LA-JUNTA-DIRECTIVA-DE-LA-ESE-HSDP<\/a><a href=\"https:\/\/hsdp.gov.co\/portal\/wp-content\/uploads\/2022\/03\/45-ACTA-ELECCION-DEL-REPRESENTANTE-DE-LOS-USUARIOS-ANTE-LA-JUNTA-DIRECTIVA-DE-LA-ESE-HSDP.pdf\" class=\"wp-block-file__button\" download>Descarga<\/a><\/div>\n\n\n\n<div class=\"wp-block-file\"><a href=\"https:\/\/hsdp.gov.co\/portal\/wp-content\/uploads\/2022\/03\/46-ACTA-SOCIALIZACION-CARTILLA-MANUAL-DE-ATENCION-AL-USUARIO-CENTROS-DE-SALUD.pdf\">46-ACTA-SOCIALIZACION-CARTILLA-MANUAL-DE-ATENCION-AL-USUARIO-CENTROS-DE-SALUD<\/a><a href=\"https:\/\/hsdp.gov.co\/portal\/wp-content\/uploads\/2022\/03\/46-ACTA-SOCIALIZACION-CARTILLA-MANUAL-DE-ATENCION-AL-USUARIO-CENTROS-DE-SALUD.pdf\" class=\"wp-block-file__button\" download>Descarga<\/a><\/div>\n\n\n\n<div class=\"wp-block-file\"><a href=\"https:\/\/hsdp.gov.co\/portal\/wp-content\/uploads\/2022\/03\/47-SOCIALIZACION-DERECHOS-Y-DEBERES-DE-LOS-USUARIOS.pdf\">47-SOCIALIZACION-DERECHOS-Y-DEBERES-DE-LOS-USUARIOS<\/a><a href=\"https:\/\/hsdp.gov.co\/portal\/wp-content\/uploads\/2022\/03\/47-SOCIALIZACION-DERECHOS-Y-DEBERES-DE-LOS-USUARIOS.pdf\" class=\"wp-block-file__button\" download>Descarga<\/a><\/div>\n\n\n\n<div class=\"wp-block-file\"><a href=\"https:\/\/hsdp.gov.co\/portal\/wp-content\/uploads\/2022\/03\/48-ACTA-SOCIALIZACION-PROCESO-DE-RENDICION-DE-CUENTAS.pdf\">48-ACTA-SOCIALIZACION-PROCESO-DE-RENDICION-DE-CUENTAS<\/a><a href=\"https:\/\/hsdp.gov.co\/portal\/wp-content\/uploads\/2022\/03\/48-ACTA-SOCIALIZACION-PROCESO-DE-RENDICION-DE-CUENTAS.pdf\" class=\"wp-block-file__button\" download>Descarga<\/a><\/div>\n\n\n\n<div class=\"wp-block-file\"><a href=\"https:\/\/hsdp.gov.co\/portal\/wp-content\/uploads\/2022\/03\/49-INFORME-AUDIENCIA-PUBLICA-DE-RENDICION-DE-CUENTAS.pdf\">49-INFORME-AUDIENCIA-PUBLICA-DE-RENDICION-DE-CUENTAS<\/a><a href=\"https:\/\/hsdp.gov.co\/portal\/wp-content\/uploads\/2022\/03\/49-INFORME-AUDIENCIA-PUBLICA-DE-RENDICION-DE-CUENTAS.pdf\" class=\"wp-block-file__button\" download>Descarga<\/a><\/div>\n\n\n\n<div class=\"wp-block-file\"><a href=\"https:\/\/hsdp.gov.co\/portal\/wp-content\/uploads\/2022\/03\/50-ACTA-CONFORMACION-ALIANZA-DE-USUARIOS.pdf\">50-ACTA-CONFORMACION-ALIANZA-DE-USUARIOS<\/a><a href=\"https:\/\/hsdp.gov.co\/portal\/wp-content\/uploads\/2022\/03\/50-ACTA-CONFORMACION-ALIANZA-DE-USUARIOS.pdf\" class=\"wp-block-file__button\" download>Descarga<\/a><\/div>\n","protected":false},"excerpt":{"rendered":"<p>Pol\u00edtica de Participaci\u00f3n Social C\u00e1cota 2021 &#8211; EVIDENCIAS<\/p>\n","protected":false},"author":1,"featured_media":0,"parent":0,"menu_order":0,"comment_status":"closed","ping_status":"closed","template":"","meta":{"footnotes":""},"_links":{"self":[{"href":"https:\/\/hsdp.gov.co\/portal\/wp-json\/wp\/v2\/pages\/5698"}],"collection":[{"href":"https:\/\/hsdp.gov.co\/portal\/wp-json\/wp\/v2\/pages"}],"about":[{"href":"https:\/\/hsdp.gov.co\/portal\/wp-json\/wp\/v2\/types\/page"}],"author":[{"embeddable":true,"href":"https:\/\/hsdp.gov.co\/portal\/wp-json\/wp\/v2\/users\/1"}],"replies":[{"embeddable":true,"href":"https:\/\/hsdp.gov.co\/portal\/wp-json\/wp\/v2\/comments?post=5698"}],"version-history":[{"count":3,"href":"https:\/\/hsdp.gov.co\/portal\/wp-json\/wp\/v2\/pages\/5698\/revisions"}],"predecessor-version":[{"id":5724,"href":"https:\/\/hsdp.gov.co\/portal\/wp-json\/wp\/v2\/pages\/5698\/revisions\/5724"}],"wp:attachment":[{"href":"https:\/\/hsdp.gov.co\/portal\/wp-json\/wp\/v2\/media?parent=5698"}],"curies":[{"name":"wp","href":"https:\/\/api.w.org\/{rel}","templated":true}]}}