{"id":5398,"date":"2021-12-31T00:00:23","date_gmt":"2021-12-30T23:00:23","guid":{"rendered":"http:\/\/hsdp.gov.co\/portal\/?page_id=5398"},"modified":"2021-12-31T00:06:38","modified_gmt":"2021-12-30T23:06:38","slug":"notificaciones-por-edicto","status":"publish","type":"page","link":"https:\/\/hsdp.gov.co\/portal\/notificaciones-por-edicto\/","title":{"rendered":"Notificaciones por Edicto"},"content":{"rendered":"\n<div class=\"container section-title-container\" ><h3 class=\"section-title section-title-center\"><b><\/b><span class=\"section-title-main\" style=\"color:rgb(91, 173, 75);\">PROCESOS JUR\u00cdDICOS<\/span><b><\/b><\/h3><\/div><!-- .section-title -->\n\n<div class=\"accordion\" rel=\"\">\n\n<div class=\"accordion-item\"><a href=\"#\" class=\"accordion-title plain\"><button class=\"toggle\"><i class=\"icon-angle-down\"><\/i><\/button><span>NOTIFICACIONES JUR\u00cdDICAS<\/span><\/a><div class=\"accordion-inner\">\n\n<h4><a href=\"https:\/\/hsdp.gov.co\/portal\/wp-content\/uploads\/2021\/12\/EDICTO-VIVIANA_001.pdf\">Edicto Viviana Cecilia Ortiz Beltran<\/a><\/h4>\n<h4><a href=\"https:\/\/hsdp.gov.co\/portal\/wp-content\/uploads\/2021\/12\/EDICTO-JOAQUIN_001.pdf\">Edicto Joaqu\u00edn Garc\u00eda Su\u00e1rez<\/a><\/h4>\n\n<\/div><\/div>\n\n<\/div>\n\n","protected":false},"excerpt":{"rendered":"","protected":false},"author":1,"featured_media":0,"parent":0,"menu_order":0,"comment_status":"closed","ping_status":"closed","template":"","meta":{"footnotes":""},"_links":{"self":[{"href":"https:\/\/hsdp.gov.co\/portal\/wp-json\/wp\/v2\/pages\/5398"}],"collection":[{"href":"https:\/\/hsdp.gov.co\/portal\/wp-json\/wp\/v2\/pages"}],"about":[{"href":"https:\/\/hsdp.gov.co\/portal\/wp-json\/wp\/v2\/types\/page"}],"author":[{"embeddable":true,"href":"https:\/\/hsdp.gov.co\/portal\/wp-json\/wp\/v2\/users\/1"}],"replies":[{"embeddable":true,"href":"https:\/\/hsdp.gov.co\/portal\/wp-json\/wp\/v2\/comments?post=5398"}],"version-history":[{"count":3,"href":"https:\/\/hsdp.gov.co\/portal\/wp-json\/wp\/v2\/pages\/5398\/revisions"}],"predecessor-version":[{"id":5404,"href":"https:\/\/hsdp.gov.co\/portal\/wp-json\/wp\/v2\/pages\/5398\/revisions\/5404"}],"wp:attachment":[{"href":"https:\/\/hsdp.gov.co\/portal\/wp-json\/wp\/v2\/media?parent=5398"}],"curies":[{"name":"wp","href":"https:\/\/api.w.org\/{rel}","templated":true}]}}