{"id":4856,"date":"2021-09-01T23:43:59","date_gmt":"2021-09-01T21:43:59","guid":{"rendered":"http:\/\/hsdp.gov.co\/portal\/?page_id=4856"},"modified":"2022-09-30T06:19:32","modified_gmt":"2022-09-30T04:19:32","slug":"resolucion-009-politica-de-gestion-documental","status":"publish","type":"page","link":"https:\/\/hsdp.gov.co\/portal\/resolucion-009-politica-de-gestion-documental\/","title":{"rendered":"RESOLUCION 009 &#8211; pol\u00edtica de gesti\u00f3n documental"},"content":{"rendered":"\n<div class=\"container section-title-container\" ><h2 class=\"section-title section-title-center\"><b><\/b><span class=\"section-title-main\" style=\"color:rgb(109, 177, 110);\">RESOLUCION 009 - pol\u00edtica de gesti\u00f3n documental<\/span><b><\/b><\/h2><\/div><!-- .section-title -->\n\n<p style=\"text-align: center;\">Que en cumplimiento de la ley general de archivo 594 del 2000 y en especial el decreto 2609 de 2012 que determina los contenidos b\u00e1sicos para la creaci\u00f3n de la pol\u00edtica de gesti\u00f3n documental, as\u00ed como de los dem\u00e1s acuerdos, decretos y resoluciones dictados por los \u00f3rganos de control en materia de la gesti\u00f3n archivista para las entidades p\u00fablicas y de las entidades competentes para su aplicaci\u00f3n a los documentos, elaboraci\u00f3n, conservaci\u00f3n, disposici\u00f3n final, reserva y custodia de los mismos, la E.S.E Hospital San Juan de Dios de Pamplona \u2013 Norte de Santander No es ajena a tales disposiciones ya que corresponde a una entidad de orden p\u00fablico, de prestaci\u00f3n de servicios de salud y cumplir\u00e1 con las disposiciones impartidas desde el ministerio de salud y de la protecci\u00f3n social en relaci\u00f3n a los documentos m\u00e9dicos y administrativos que se requieran para la efectiva prestaci\u00f3n de los servicios.<\/p>\n<a href=\"https:\/\/hsdp.gov.co\/portal\/wp-content\/uploads\/2020\/06\/Politica-de-la-Gestion-Documental.pdf\" target=\"_self\" class=\"button primary\"  style=\"border-radius:99px;\">\n    <span>Pol\u00edtica de la Gesti\u00f3n Documental<\/span>\n  <\/a>\n\n\n<a href=\"https:\/\/hsdp.gov.co\/portal\/wp-content\/uploads\/2021\/09\/Indice-de-la-Informacion-Reservada-y-Clasificada-1.pdf\" target=\"_self\" class=\"button primary\"  style=\"border-radius:99px;\">\n    <span>INDICE DE INFORMACI\u00d3N RESERVADA Y CLASIFICADA<\/span>\n  <\/a>\n\n\n<a href=\"https:\/\/hsdp.gov.co\/portal\/wp-content\/uploads\/2022\/09\/Resolucion-268-Indice-de-Informacion-Reservada-y-Clasificada..pdf\" target=\"_self\" class=\"button primary\"  style=\"border-radius:99px;\">\n    <span>Resoluci\u00f3n 268 - 08 sep 2022 - Actualizaci\u00f3n Indice de informaci\u00f3n clasificada y reservada<\/span>\n  <\/a>\n\n\n\n","protected":false},"excerpt":{"rendered":"<p>Que en cumplimiento de la ley general de archivo 594 del 2000 y en especial el decreto 2609 de 2012 que determina los contenidos b\u00e1sicos para la creaci\u00f3n de la pol\u00edtica de gesti\u00f3n documental, as\u00ed como de los dem\u00e1s acuerdos, decretos y resoluciones dictados por los \u00f3rganos de control en materia de la gesti\u00f3n archivista [&#8230;]\n","protected":false},"author":1,"featured_media":0,"parent":0,"menu_order":0,"comment_status":"closed","ping_status":"closed","template":"","meta":{"footnotes":""},"_links":{"self":[{"href":"https:\/\/hsdp.gov.co\/portal\/wp-json\/wp\/v2\/pages\/4856"}],"collection":[{"href":"https:\/\/hsdp.gov.co\/portal\/wp-json\/wp\/v2\/pages"}],"about":[{"href":"https:\/\/hsdp.gov.co\/portal\/wp-json\/wp\/v2\/types\/page"}],"author":[{"embeddable":true,"href":"https:\/\/hsdp.gov.co\/portal\/wp-json\/wp\/v2\/users\/1"}],"replies":[{"embeddable":true,"href":"https:\/\/hsdp.gov.co\/portal\/wp-json\/wp\/v2\/comments?post=4856"}],"version-history":[{"count":6,"href":"https:\/\/hsdp.gov.co\/portal\/wp-json\/wp\/v2\/pages\/4856\/revisions"}],"predecessor-version":[{"id":8368,"href":"https:\/\/hsdp.gov.co\/portal\/wp-json\/wp\/v2\/pages\/4856\/revisions\/8368"}],"wp:attachment":[{"href":"https:\/\/hsdp.gov.co\/portal\/wp-json\/wp\/v2\/media?parent=4856"}],"curies":[{"name":"wp","href":"https:\/\/api.w.org\/{rel}","templated":true}]}}