{"id":4831,"date":"2021-08-26T23:21:27","date_gmt":"2021-08-26T21:21:27","guid":{"rendered":"http:\/\/hsdp.gov.co\/portal\/?page_id=4831"},"modified":"2024-04-22T17:45:06","modified_gmt":"2024-04-22T22:45:06","slug":"promocion-y-prevencion","status":"publish","type":"page","link":"https:\/\/hsdp.gov.co\/portal\/promocion-y-prevencion\/","title":{"rendered":"PROMOCI\u00d3N Y PREVENCI\u00d3N"},"content":{"rendered":"\n<div class=\"container section-title-container\" ><h2 class=\"section-title section-title-center\"><b><\/b><span class=\"section-title-main\" style=\"color:rgb(92, 188, 98);\">PROMOCI\u00d3N Y MANTENIMIENTO DE LA SALUD<\/span><b><\/b><\/h2><\/div><!-- .section-title -->\n\n<p style=\"text-align: center;\">Resoluci\u00f3n 3280 de 2018, por medio de la cual se adoptan los lineamientos t\u00e9cnicos y operativos de la Ruta Integral de Atenci\u00f3n para la Promoci\u00f3n y Mantenimiento de la Salud y la Ruta Integral de Atenci\u00f3n en Salud para la poblaci\u00f3n Materno Perinatal y se establecen las directrices para su operaci\u00f3n.<\/p>\n<div class=\"row\"  id=\"row-221737222\">\n\n<div class=\"col medium-4 small-12 large-4\"  ><div class=\"col-inner\"  >\n\n<h3 style=\"text-align: center;\"><span style=\"color: #116896;\"><strong>ATENCI\u00d3N DE PRIMERA INFANCA<\/strong><\/span><\/h3>\n<p style=\"text-align: center;\">Este programa es una iniciativa que se enfoca en el seguimiento y la atenci\u00f3n integral de ni\u00f1os desde su nacimiento hasta la infanciatemprana, que generalmente abarca hasta los seis a\u00f1os de edad. promueve el desarrollo saludable y el bienestar de los ni\u00f1os durante los primeros a\u00f1os de vida, ya que esta etapa es fundamental para su crecimiento f\u00edsico, desarrollo cognitivo, emocional y social.<\/p>\n\n<\/div><\/div>\n<div class=\"col medium-4 small-12 large-4\"  ><div class=\"col-inner\"  >\n\n<h3 style=\"text-align: center;\"><span style=\"color: #116896;\">ATENCI\u00d3N ADOLESCENTE<\/span><\/h3>\n<p style=\"text-align: center;\">Se centra en el diagn\u00f3stico, prevenci\u00f3n y tratamiento de una amplia variedad de <br \/>problemas de salud bucal y dental en pacientes de todas las edades. Los profesionales de la odontolog\u00eda general son los encargados de proporcionar atenci\u00f3n odontol\u00f3gica b\u00e1sica y de rutina.<\/p>\n\n<\/div><\/div>\n<div class=\"col medium-4 small-12 large-4\"  ><div class=\"col-inner\"  >\n\n<h3 style=\"text-align: center;\"><span style=\"color: #0a5c82;\">ATENCI\u00d3N DE J\u00d3VEN<\/span><\/h3>\n<p style=\"text-align: center;\">Es un programa que se enfoca en la evaluaci\u00f3n y el seguimiento del desarrollo, la salud, el bienestar y las necesidades de los j\u00f3venes. Su objetivo es comprender y abordar las afectaciones durante la transici\u00f3n a la adultez, ofreciendo apoyo para promover un desarrollo saludable y un futuro exitoso.<\/p>\n\n<\/div><\/div>\n\n<\/div>\n<div class=\"row\"  id=\"row-1445396998\">\n\n<div class=\"col medium-4 small-12 large-4\"  ><div class=\"col-inner\"  >\n\n<h3 style=\"text-align: center;\"><span style=\"color: #0a5c82;\">ATENCI\u00d3N DE ADULTO<\/span><\/h3>\n<p style=\"text-align: center;\">Se centra en la evaluaci\u00f3n de su salud f\u00edsica y mental en todas las dimensiones (f\u00edsica, cognitiva, psicosocial, relacional y familiar), y la activaci\u00f3n de las rutas de riesgo espec\u00edficas de acuerdo a los hallazgos. Esta dirigida a las personas en las edades entre 29 a 59 a\u00f1os de edad.<\/p>\n\n<\/div><\/div>\n<div class=\"col medium-4 small-12 large-4\"  ><div class=\"col-inner\"  >\n\n<h3 style=\"text-align: center;\"><span style=\"color: #0a5c82;\">ATENCI\u00d3N ADULTO MAYOR<\/span><\/h3>\n<p style=\"text-align: center;\">Se enfoca en la evaluaci\u00f3n integral de la salud, el bienestar, las necesidades y las capacidades de las personas de edad avanzada, su objetivo principal es brindar apoyo a los adultos mayores para que mantengan una buena calidad de vida y afronten los desaf\u00edos asociados al envejecimiento de manera saludable y segura.<\/p>\n\n<\/div><\/div>\n<div class=\"col medium-4 small-12 large-4\"  ><div class=\"col-inner\"  >\n\n<h3 style=\"text-align: center;\"><span style=\"color: #0a5c82;\">RIESGO CARDIOVPASCULAR<\/span><\/h3>\n<p style=\"text-align: center;\">Este programa es esencial para la promoci\u00f3n de la salud cardiovascular y la prevenci\u00f3n de enfermedades card\u00edacas y accidentes cerebrovasculares. Al identificar y abordar los factores de riesgo, ayudando a reducir la probabilidad de desarrollar enfermedades cardiovasculares promoviendo una vida m\u00e1s saludable en general. Tambi\u00e9n son cruciales para concienciar a las personas sobre la importancia de mantener un coraz\u00f3n sano.<\/p>\n\n<\/div><\/div>\n\n<\/div>\n<div class=\"row\"  id=\"row-1600681509\">\n\n<div class=\"col medium-4 small-12 large-4\"  ><div class=\"col-inner\"  >\n\n<h3 style=\"text-align: center;\"><span style=\"color: #0a5c82;\">HIGIENE ORAL<\/span><\/h3>\n<p style=\"text-align: center;\">La odontolog\u00eda moderna tiene como principal objetivo la promoci\u00f3n de la salud oral la prevenci\u00f3n y tratamiento de las patolog\u00edas orales utilizando diferentes estrategias, como la educaci\u00f3n personalizada al paciente y su familia, procedimientos de diagn\u00f3stico temprano y de protecci\u00f3n espec\u00edfica, para minimizar la aparici\u00f3n de las enfermedades orales.<\/p>\n\n<\/div><\/div>\n<div class=\"col medium-4 small-12 large-4\"  ><div class=\"col-inner\"  >\n\n<h3 style=\"text-align: center;\"><span style=\"color: #0a5c82;\">SALUD VISUAL POR MEDICINA GENERAL<\/span><\/h3>\n<p style=\"text-align: center;\">La Ruta Integral de Atenci\u00f3n en Salud para la poblaci\u00f3n con riesgo o presencia de alteraciones visuales concentra las intervenciones para la identificaci\u00f3n e intervenci\u00f3n de los factores de riesgo visual y ocular para prevenir o para el diagn\u00f3stico, tratamiento o rehabilitaci\u00f3n de estas alteraciones. Resalta la importancia de la detecci\u00f3n temprana de las alteraciones visuales y oculares para prevenir la discapacidad visual.<\/p>\n\n<\/div><\/div>\n<div class=\"col medium-4 small-12 large-4\"  ><div class=\"col-inner\"  >\n\n<h3 style=\"text-align: center;\"><span style=\"color: #0a5c82;\">PLANIFICACI\u00d3N FAMILIAR<\/span><\/h3>\n<p style=\"text-align: center;\">Es un conjunto de servicios y pr\u00e1cticas destinadas a ayudar a las personas a tomar <br \/>decisiones informadas y responsables sobre el n\u00famero de hijos que desean tener, el momento en que los desean tener y los m\u00e9todos anticonceptivos o estrategias de <br \/>reproducci\u00f3n que mejor se adapten a sus necesidades y circunstancias.<\/p>\n\n<\/div><\/div>\n\n<\/div>\n<div class=\"row\"  id=\"row-1758101495\">\n\n<div class=\"col medium-4 small-12 large-4\"  ><div class=\"col-inner\"  >\n\n<h3 style=\"text-align: center;\"><span style=\"color: #116896;\"><strong>TAMIZAJE DE C\u00c1NCER DE CUELLO UTERINO<\/strong><\/span><\/h3>\n<p style=\"text-align: center;\">La citolog\u00eda es una herramienta importante en el diagn\u00f3stico y la detecci\u00f3n temprana de una amplia variedad de enfermedades y trastornos m\u00e9dicos. Permite a los profesionales de la salud observar las c\u00e9lulas de los tejidos y fluidos del cuerpo para identificar anormalidades o signos de enfermedad.<\/p>\n\n<\/div><\/div>\n<div class=\"col medium-4 small-12 large-4\"  ><div class=\"col-inner\"  >\n\n<h3 style=\"text-align: center;\"><span style=\"color: #116896;\">TIPI<strong>FICACI\u00d3N DEL VPH<\/strong><\/span><\/h3>\n<p style=\"text-align: center;\">Servicio m\u00e9dico que se encarga de identificar y clasificar los diferentes tipos de VPH con el fin de tomar decisiones informadas sobre el seguimiento y tratamiento de las infecciones por VPH, as\u00ed como implementar medidas preventivas, como la vacunaci\u00f3n. Adem\u00e1s, la tipificaci\u00f3n de VPH es esencial en la detecci\u00f3n temprana de posibles riesgos de c\u00e1ncer relacionados con el virus.<\/p>\n\n<\/div><\/div>\n<div class=\"col medium-4 small-12 large-4\"  ><div class=\"col-inner\"  >\n\n<h3 style=\"text-align: center;\"><span style=\"color: #116896;\"><strong>CONTROL PRENATAL<\/strong><\/span><\/h3>\n<p style=\"text-align: center;\">Un servicio esencial para monitorear el progreso del embarazo, detectar tempranamente cualquier problema o riesgo, y garantizar que se tomen las medidas necesarias para garantizar un embarazo saludable. La atenci\u00f3n prenatal adecuada tambi\u00e9n contribuye al bienestar del beb\u00e9, permite el seguimiento de su crecimiento <br \/>y desarrollo. Las mujeres embarazadas deben buscar atenci\u00f3n tan pronto como confirmen su embarazo y seguir el plan de atenci\u00f3n por su profesional de la salud.<\/p>\n\n<\/div><\/div>\n\n<\/div>\n<div class=\"row\"  id=\"row-570515355\">\n\n<div class=\"col medium-4 small-12 large-4\"  ><div class=\"col-inner\"  >\n\n<h3 style=\"text-align: center;\"><span style=\"color: #116896;\"><strong>UNIDAD EN SALUD APS<\/strong><\/span><\/h3>\n<p style=\"text-align: center;\">La Atenci\u00f3n Primaria de Salud es un modelo de atenci\u00f3n m\u00e9dica que se enfoca en <br \/>proporcionar una atenci\u00f3n integral, accesible y equitativa a las comunidades y a <br \/>los individuos. Este modelo se basa en la prevenci\u00f3n, la promoci\u00f3n de la salud y la <br \/>atenci\u00f3n de las necesidades de salud b\u00e1sicas.<\/p>\n\n<\/div><\/div>\n<div class=\"col medium-4 small-12 large-4\"  ><div class=\"col-inner\"  >\n\n<h3 style=\"text-align: center;\"><span style=\"color: #116896;\"><strong>VIGILANCIA EN SALUD P\u00daBLICA \/ SALUD P\u00daBLICA<\/strong><\/span><\/h3>\n<p style=\"text-align: center;\">El acceso a la informaci\u00f3n es esencial para lograr la participaci\u00f3n de todos los actores en el proceso de la gesti\u00f3n de la informaci\u00f3n. Este espacio est\u00e1 dedicado a la publicaci\u00f3n de datos e informes anal\u00edticos sobre el comportamiento y la din\u00e1mica de los eventos objetos de inter\u00e9s en salud p\u00fablica; generando informaci\u00f3n para la toma de decisiones.<\/p>\n\n<\/div><\/div>\n<div class=\"col medium-4 small-12 large-4\"  ><div class=\"col-inner\"  >\n\n<h3 style=\"text-align: center;\"><strong><span style=\"color: #116896;\">VACUNACI\u00d3N<\/span><\/strong><\/h3>\n<p style=\"text-align: center;\">El servicio de vacunaci\u00f3n es un componente esencial de la atenci\u00f3n m\u00e9dica que implica la administraci\u00f3n de biol\u00f3gicos a personas con el prop\u00f3sito de prevenir enfermedades infecciosas. Las vacunas son preparados biol\u00f3gicos que contienen partes de microorganismos debilitados o inactivos, que estimulan una respuesta inmunol\u00f3gica en el cuerpo sin causar la enfermedad. Esta respuesta inmunol\u00f3gica permite al sistema inmunol\u00f3gico de las personas reconocer y combatir futuras infecciones por el pat\u00f3geno, lo que proporciona inmunidad a la enfermedad <br \/>en cuesti\u00f3n.<\/p>\n\n<\/div><\/div>\n\n<\/div>\n\n","protected":false},"excerpt":{"rendered":"<p>Resoluci\u00f3n 3280 de 2018, por medio de la cual se adoptan los lineamientos t\u00e9cnicos y operativos de la Ruta Integral de Atenci\u00f3n para la Promoci\u00f3n y Mantenimiento de la Salud y la Ruta Integral de Atenci\u00f3n en Salud para la poblaci\u00f3n Materno Perinatal y se establecen las directrices para su operaci\u00f3n.<\/p>\n","protected":false},"author":1,"featured_media":0,"parent":0,"menu_order":0,"comment_status":"closed","ping_status":"closed","template":"","meta":{"footnotes":""},"_links":{"self":[{"href":"https:\/\/hsdp.gov.co\/portal\/wp-json\/wp\/v2\/pages\/4831"}],"collection":[{"href":"https:\/\/hsdp.gov.co\/portal\/wp-json\/wp\/v2\/pages"}],"about":[{"href":"https:\/\/hsdp.gov.co\/portal\/wp-json\/wp\/v2\/types\/page"}],"author":[{"embeddable":true,"href":"https:\/\/hsdp.gov.co\/portal\/wp-json\/wp\/v2\/users\/1"}],"replies":[{"embeddable":true,"href":"https:\/\/hsdp.gov.co\/portal\/wp-json\/wp\/v2\/comments?post=4831"}],"version-history":[{"count":3,"href":"https:\/\/hsdp.gov.co\/portal\/wp-json\/wp\/v2\/pages\/4831\/revisions"}],"predecessor-version":[{"id":9620,"href":"https:\/\/hsdp.gov.co\/portal\/wp-json\/wp\/v2\/pages\/4831\/revisions\/9620"}],"wp:attachment":[{"href":"https:\/\/hsdp.gov.co\/portal\/wp-json\/wp\/v2\/media?parent=4831"}],"curies":[{"name":"wp","href":"https:\/\/api.w.org\/{rel}","templated":true}]}}