{"id":4825,"date":"2021-08-26T22:22:13","date_gmt":"2021-08-26T20:22:13","guid":{"rendered":"http:\/\/hsdp.gov.co\/portal\/?page_id=4825"},"modified":"2024-04-22T16:03:46","modified_gmt":"2024-04-22T21:03:46","slug":"consulta-externa","status":"publish","type":"page","link":"https:\/\/hsdp.gov.co\/portal\/consulta-externa\/","title":{"rendered":"CONSULTA EXTERNA"},"content":{"rendered":"\n<div class=\"container section-title-container\" ><h2 class=\"section-title section-title-center\"><b><\/b><span class=\"section-title-main\" style=\"color:rgb(131, 196, 107);\">AMBULATORIO<\/span><b><\/b><\/h2><\/div><!-- .section-title -->\n\n<h3 style=\"text-align: center;\"><span style=\"color: #116896;\"><strong>CONSULTA EXTERNA<\/strong><\/span><\/h3>\n<p style=\"text-align: center;\">Es un servicio de modalidad ambulatoria, que ha permite generar una cultura de prevenci\u00f3n y participaci\u00f3n social en los usuarios.<br \/>La instituci\u00f3n cuenta con los siguientes consultorios: Medicina general (7), Fisioterapia (2), Terapia respiratoria (1), Terapia ocupacional (1), Fonoaudiolog\u00eda (1), Nutrici\u00f3n (1), Psicolog\u00eda (1), Consultorios de Atenci\u00f3n de Enfermer\u00eda (2)<\/p>\n<div class=\"row\"  id=\"row-463602926\">\n\n<div class=\"col medium-6 small-12 large-6\"  ><div class=\"col-inner\"  >\n\n<h3 style=\"text-align: center;\"><span style=\"color: #116896;\"><strong>MEDICINA GENERAL<\/strong><\/span><\/h3>\n<p style=\"text-align: center;\">Se enfoca en la atenci\u00f3n integral de la salud de los usuarios, ofreciendo atenci\u00f3n m\u00e9dica primaria y continua a usuarios de todas las edades. Su rol principal es proporcionar cuidados m\u00e9dicos b\u00e1sicos, diagn\u00f3stico, tratamiento y prevenci\u00f3n de una amplia variedad de enfermedades y afecciones m\u00e9dicas, as\u00ed como coordinar la atenci\u00f3n m\u00e9dica de los pacientes cuando sea necesario.<\/p>\n\n<\/div><\/div>\n<div class=\"col medium-6 small-12 large-6\"  ><div class=\"col-inner\"  >\n\n<h3 style=\"text-align: center;\"><span style=\"color: #116896;\"><strong>ODONTOLOG\u00cdA<\/strong><\/span><\/h3>\n<p style=\"text-align: center;\">Este servicio se centra en la prevenci\u00f3n, diagn\u00f3stico, tratamiento y rehabilitaci\u00f3n de las enfermedades de la cavidad oral en pacientes correspondientes a todos los ciclos de vida. La odontolog\u00eda cumple un papel importante en el desarrollo integral del paciente, teniendo en cuenta que la salud oral influye en el bienestar general del usuario.<\/p>\n<p style=\"text-align: left;\">\u00a0<\/p>\n\n<\/div><\/div>\n\n<\/div>\n<div class=\"row\"  id=\"row-2065447870\">\n\n<div class=\"col medium-6 small-12 large-6\"  ><div class=\"col-inner\"  >\n\n<h3 style=\"text-align: center;\"><span style=\"color: #116896;\"><strong>NUTRICI\u00d3N Y DIET\u00c9TICA<\/strong><\/span><\/h3>\n<p style=\"text-align: center;\">Atenci\u00f3n y asesoramiento proporcionado por profesionales para promover la salud y el bienestar a trav\u00e9s de la alimentaci\u00f3n adecuada. Se realiza evaluaci\u00f3n de la ingesta diet\u00e9tica y elaboraci\u00f3n de planes de alimentaci\u00f3n personalizados que se adapten a las necesidades espec\u00edficas de cada paciente.<\/p>\n\n<\/div><\/div>\n<div class=\"col medium-6 small-12 large-6\"  ><div class=\"col-inner\"  >\n\n<h3 style=\"text-align: center;\"><span style=\"color: #116896;\"><strong>PSICOLOG\u00cdA<\/strong><\/span><\/h3>\n<p style=\"text-align: center;\">Proporciona evaluaci\u00f3n, diagn\u00f3stico, tratamiento y apoyo psicol\u00f3gico a pacientes que enfrentan desaf\u00edos emocionales, mentales y conductuales en el contexto de su atenci\u00f3n m\u00e9dica. trabaja en colaboraci\u00f3n con otros profesionales para mejorar el tratamiento de la salud integral<\/p>\n\n<\/div><\/div>\n\n<\/div>\n<h3 style=\"text-align: center;\"><span style=\"color: #116896;\"><strong>CONSULTA ESPECIALIZADA<\/strong><\/span><\/h3>\n<p style=\"text-align: center;\">Esta \u00e1rea esta compuesta por servicios que proporcionan atenci\u00f3n m\u00e9dica especializada y personalizada a usuarios con enfermedades espec\u00edficas, con el objetivo de mejorar su salud y calidad de vida.<\/p>\n<div class=\"row\"  id=\"row-751974941\">\n\n<div class=\"col medium-6 small-12 large-6\"  ><div class=\"col-inner\"  >\n\n<h3 style=\"text-align: center;\"><span style=\"color: #116896;\"><strong>MEDICINA INTERNA<\/strong><\/span><\/h3>\n<p style=\"text-align: center;\">Es una especialidad m\u00e9dica que se enfoca en el diagn\u00f3stico, tratamiento y atenci\u00f3n integral de enfermedades y trastornos m\u00e9dicos en adultos. Los m\u00e9dicos internistas, tambi\u00e9n conocidos como internistas, son profesionales de la salud que se especializan en esta disciplina. Contamos con profesionales con amplio conocimiento y experiencia en el manejo de afecciones m\u00e9dicas complejas y m\u00faltiples<\/p>\n\n<\/div><\/div>\n<div class=\"col medium-6 small-12 large-6\"  ><div class=\"col-inner\"  >\n\n<h3 style=\"text-align: center;\"><span style=\"color: #116896;\"><strong>GINECOBSTETRICIA<\/strong><\/span><\/h3>\n<p style=\"text-align: center;\">Es una rama de la medicina que se especializa en la atenci\u00f3n de la salud de las mujeres en dos \u00e1reas principales: ginecolog\u00eda y obstetricia.<br \/>Desempe\u00f1an un papel crucial en la salud de las mujeres, ofreciendo atenci\u00f3n que abarca desde la adolescencia hasta la edad adulta, pasando por el embarazo y la maternidad o puerperio. Su labor contribuye a la prevenci\u00f3n de problemas de salud, el tratamiento de afecciones espec\u00edficas y la promoci\u00f3n del bienestar general de las mujeres<\/p>\n\n<\/div><\/div>\n\n<\/div>\n<div class=\"row\"  id=\"row-757017481\">\n\n<div class=\"col medium-6 small-12 large-6\"  ><div class=\"col-inner\"  >\n\n<h3 style=\"text-align: center;\"><span style=\"color: #116896;\"><strong>CIRUG\u00cdA GENERAL<\/strong><\/span><\/h3>\n<p style=\"text-align: center;\">Es una especialidad m\u00e9dica que se centra en el diagn\u00f3stico y el tratamiento quir\u00fargico de una amplia variedad de afecciones y enfermedades m\u00e9dicas. Los cirujanos generales son m\u00e9dicos especializados en la realizaci\u00f3n de procedimientos quir\u00fargicos en pacientes de todas las edades y con diversas condiciones m\u00e9dicas.<\/p>\n\n<\/div><\/div>\n<div class=\"col medium-6 small-12 large-6\"  ><div class=\"col-inner\"  >\n\n<h3 style=\"text-align: center;\"><span style=\"color: #116896;\"><strong>PEDIATR\u00cdA<\/strong><\/span><\/h3>\n<p style=\"text-align: center;\">La Pediatr\u00eda es una rama de la medicina que se enfoca en el diagn\u00f3stico, tratamiento y atenci\u00f3n m\u00e9dica de beb\u00e9s, ni\u00f1os y adolescentes desde el nacimiento hasta la adolescencia. Este servicio m\u00e9dico est\u00e1 dise\u00f1ado espec\u00edficamente para atender las necesidades de salud \u00fanicas de los pacientes pedi\u00e1tricos.<\/p>\n\n<\/div><\/div>\n\n<\/div>\n<div class=\"row\"  id=\"row-1006596066\">\n\n<div class=\"col medium-6 small-12 large-6\"  ><div class=\"col-inner\"  >\n\n<h3 style=\"text-align: center;\"><strong><span style=\"color: #116896;\">ANESTESIA<\/span><\/strong><\/h3>\n<p style=\"text-align: center;\">Este servicio es esencial para la cirug\u00eda y otros procedimientos m\u00e9dicos, permite que los usuarios sean tratados sin experimentar dolor o malestar significativo. Los anestesi\u00f3logos son responsables de garantizar que la anestesia se administre de manera segura y efectiva, minimizando el riesgo para el usuario.<\/p>\n\n<\/div><\/div>\n<div class=\"col medium-6 small-12 large-6\"  ><div class=\"col-inner\"  >\n\n<h3 style=\"text-align: center;\"><span style=\"color: #116896;\"><strong>QUIMIC\u00d3 FARMAC\u00c9UTICO<\/strong><\/span><\/h3>\n<p style=\"text-align: center;\">Garantizar la seguridad y eficacia de la gesti\u00f3n de medicamentos. Su servicio implica diversas responsabilidades y actividades que contribuyen al cuidado de los pacientes y al correcto funcionamiento del establecimiento de salud.<\/p>\n\n<\/div><\/div>\n\n<\/div>\n<div class=\"row\"  id=\"row-1320938736\">\n\n<div class=\"col medium-6 small-6 large-6\"  ><div class=\"col-inner\"  >\n\n<h3 style=\"text-align: center;\"><span style=\"color: #116896;\"><strong>INFECTOLOG\u00cdA<\/strong><\/span><\/h3>\n<p style=\"text-align: center;\">Estudio, diagn\u00f3stico, prevenci\u00f3n y tratamiento de las enfermedades infecciosas, es decir, aquellas causadas por agentes pat\u00f3genos como bacterias, virus, hongos y par\u00e1sitos.<\/p>\n\n<\/div><\/div>\n\n<\/div>\n\n","protected":false},"excerpt":{"rendered":"<p>CONSULTA EXTERNA Es un servicio de modalidad ambulatoria, que ha permite generar una cultura de prevenci\u00f3n y participaci\u00f3n social en los usuarios.La instituci\u00f3n cuenta con los siguientes consultorios: Medicina general (7), Fisioterapia (2), Terapia respiratoria (1), Terapia ocupacional (1), Fonoaudiolog\u00eda (1), Nutrici\u00f3n (1), Psicolog\u00eda (1), Consultorios de Atenci\u00f3n de Enfermer\u00eda (2) CONSULTA ESPECIALIZADA Esta \u00e1rea [&#8230;]\n","protected":false},"author":1,"featured_media":0,"parent":0,"menu_order":0,"comment_status":"closed","ping_status":"closed","template":"","meta":{"footnotes":""},"_links":{"self":[{"href":"https:\/\/hsdp.gov.co\/portal\/wp-json\/wp\/v2\/pages\/4825"}],"collection":[{"href":"https:\/\/hsdp.gov.co\/portal\/wp-json\/wp\/v2\/pages"}],"about":[{"href":"https:\/\/hsdp.gov.co\/portal\/wp-json\/wp\/v2\/types\/page"}],"author":[{"embeddable":true,"href":"https:\/\/hsdp.gov.co\/portal\/wp-json\/wp\/v2\/users\/1"}],"replies":[{"embeddable":true,"href":"https:\/\/hsdp.gov.co\/portal\/wp-json\/wp\/v2\/comments?post=4825"}],"version-history":[{"count":8,"href":"https:\/\/hsdp.gov.co\/portal\/wp-json\/wp\/v2\/pages\/4825\/revisions"}],"predecessor-version":[{"id":9598,"href":"https:\/\/hsdp.gov.co\/portal\/wp-json\/wp\/v2\/pages\/4825\/revisions\/9598"}],"wp:attachment":[{"href":"https:\/\/hsdp.gov.co\/portal\/wp-json\/wp\/v2\/media?parent=4825"}],"curies":[{"name":"wp","href":"https:\/\/api.w.org\/{rel}","templated":true}]}}