{"id":4809,"date":"2021-08-26T21:46:06","date_gmt":"2021-08-26T19:46:06","guid":{"rendered":"http:\/\/hsdp.gov.co\/portal\/?page_id=4809"},"modified":"2024-04-18T15:44:44","modified_gmt":"2024-04-18T20:44:44","slug":"servicio-de-hospitalizacion","status":"publish","type":"page","link":"https:\/\/hsdp.gov.co\/portal\/servicio-de-hospitalizacion\/","title":{"rendered":"Servicio de Hospitalizaci\u00f3n"},"content":{"rendered":"\n<div class=\"container section-title-container\" ><h2 class=\"section-title section-title-center\"><b><\/b><span class=\"section-title-main\" style=\"color:rgb(124, 198, 98);\">Servicio Hospitalario<\/span><b><\/b><\/h2><\/div><!-- .section-title -->\n\n<p style=\"text-align: center;\">En esta especialidad de nuestro Hospital San Juan de Dios de Pamplona, se realizan las intervenciones y procedimientos necesarios dirigido a los pacientes con problemas de salud que necesiten un cuidado permanente y unos recursos especializados, debido a que no pueden ser atendidos ambulatoriamente y requiere quedarse en la instituci\u00f3n.<\/p>\n<div class=\"row\"  id=\"row-1083474255\">\n\n<div class=\"col medium-7 small-12 large-7\"  ><div class=\"col-inner\"  >\n\n<h4><strong>URGENCIAS<\/strong><\/h4>\n<p>El Hospital San Juan de Dios de Pamplona ofrece un servicio presta este servicio las 24 horas del d\u00eda, para garantizar la atenci\u00f3n inmediata ante una situaci\u00f3n o enfermedad que no se pueda atender de manera ambulatoria, con atenci\u00f3n por Especialistas las 24 horas en Medicina Interna, Ginecolog\u00eda, Anestesia, Cirug\u00eda y Pediatr\u00eda. <br \/>Cuenta con 1 consultorio para la atenci\u00f3n de Triage, 1 sala de urgencias, 3 consultorios de medicina general y 15 camas para observaci\u00f3n.<br \/>Las \u00e1reas definidas en el servicio de Urgencias son: Triage, Admisi\u00f3n, Reanimaci\u00f3n, Observaci\u00f3n y Sala ERA<\/p>\n\n<\/div><\/div>\n<div class=\"col medium-3 small-12 large-3\"  ><div class=\"col-inner\"  >\n\n\t<div class=\"img has-hover x md-x lg-x y md-y lg-y\" id=\"image_1611654356\">\n\t\t\t\t\t\t\t\t<div class=\"img-inner dark\" >\n\t\t\t<img loading=\"lazy\" decoding=\"async\" width=\"1020\" height=\"669\" src=\"https:\/\/hsdp.gov.co\/portal\/wp-content\/uploads\/2024\/04\/URGENCIAS.jpg\" class=\"attachment-large size-large\" alt=\"\" srcset=\"https:\/\/hsdp.gov.co\/portal\/wp-content\/uploads\/2024\/04\/URGENCIAS.jpg 1080w, https:\/\/hsdp.gov.co\/portal\/wp-content\/uploads\/2024\/04\/URGENCIAS-610x400.jpg 610w, https:\/\/hsdp.gov.co\/portal\/wp-content\/uploads\/2024\/04\/URGENCIAS-768x503.jpg 768w\" sizes=\"(max-width: 1020px) 100vw, 1020px\" \/>\t\t\t\t\t\t\n\t\t\t\t\t<\/div>\n\t\t\t\t\t\t\t\t\n<style scope=\"scope\">\n\n#image_1611654356 {\n  width: 100%;\n}\n<\/style>\n\t<\/div>\n\t\n\n\n<\/div><\/div>\n\n<\/div>\n<div class=\"row\"  id=\"row-157870001\">\n\n<div class=\"col medium-7 small-12 large-7\"  ><div class=\"col-inner\"  >\n\n<h4><strong>CIRUG\u00cdA<\/strong><\/h4>\n<p>La hospitalizaci\u00f3n por cirug\u00eda es un componente esencial de la atenci\u00f3n m\u00e9dica <br \/>para garantizar la seguridad y el \u00e9xito de los procedimientos quir\u00fargicos. Proporciona el entorno necesario para la realizaci\u00f3n de cirug\u00edas y el cuidado de los pacientes antes y despu\u00e9s de la operaci\u00f3n. La atenci\u00f3n postoperatoria es fundamental para la recuperaci\u00f3n del paciente y su bienestar general<\/p>\n\n<\/div><\/div>\n<div class=\"col medium-3 small-12 large-3\"  ><div class=\"col-inner\"  >\n\n\t<div class=\"img has-hover x md-x lg-x y md-y lg-y\" id=\"image_1536981056\">\n\t\t\t\t\t\t\t\t<div class=\"img-inner dark\" >\n\t\t\t<img loading=\"lazy\" decoding=\"async\" width=\"1020\" height=\"669\" src=\"https:\/\/hsdp.gov.co\/portal\/wp-content\/uploads\/2024\/04\/cirugia.jpg\" class=\"attachment-large size-large\" alt=\"\" srcset=\"https:\/\/hsdp.gov.co\/portal\/wp-content\/uploads\/2024\/04\/cirugia.jpg 1080w, https:\/\/hsdp.gov.co\/portal\/wp-content\/uploads\/2024\/04\/cirugia-610x400.jpg 610w, https:\/\/hsdp.gov.co\/portal\/wp-content\/uploads\/2024\/04\/cirugia-768x503.jpg 768w\" sizes=\"(max-width: 1020px) 100vw, 1020px\" \/>\t\t\t\t\t\t\n\t\t\t\t\t<\/div>\n\t\t\t\t\t\t\t\t\n<style scope=\"scope\">\n\n#image_1536981056 {\n  width: 100%;\n}\n<\/style>\n\t<\/div>\n\t\n\n\n<\/div><\/div>\n\n<\/div>\n<div class=\"row\"  id=\"row-181490066\">\n\n<div class=\"col medium-7 small-6 large-7\"  ><div class=\"col-inner\"  >\n\n<h4 style=\"text-align: left;\"><strong>INTERNACI\u00d3N<\/strong><\/h4>\n<h5><strong><em>Medicina Interna y Quir\u00fargica<\/em><\/strong><\/h5>\n<p>Es un \u00e1rea dedicada al cuidado y tratamiento de pacientes con una amplia variedad de afecciones m\u00e9dicas y quir\u00fargicas que no requieren una atenci\u00f3n especializada en una Unidad de Cuidados Intensivos (UCI).<\/p>\n<h5><em><strong>Ginecobstetricia<\/strong><\/em><\/h5>\n<p>La hospitalizaci\u00f3n en el \u00e1mbito de la ginecobstetricia se refiere a la admisi\u00f3n y <br \/>atenci\u00f3n m\u00e9dica de mujeres embarazadas que experimentan complicaciones <br \/>relacionadas con su salud reproductiva. Esta hospitalizaci\u00f3n es necesaria para supervisar, diagnosticar y tratar afecciones ginecol\u00f3gicas y obst\u00e9tricas, as\u00ed como para garantizar la salud del binomio madre e hijo.<\/p>\n<h5><em><strong>Pediatr\u00eda<\/strong><\/em><\/h5>\n<p>La hospitalizaci\u00f3n en pediatr\u00eda se refiere a la admisi\u00f3n de ni\u00f1os y adolescentes para recibir atenci\u00f3n m\u00e9dica especializada. En este contexto, los pacientes pedi\u00e1tricos son aquellos que requieren cuidados m\u00e9dicos debido a enfermedades, lesiones o afecciones m\u00e9dicas.<\/p>\n\n<\/div><\/div>\n<div class=\"col medium-3 small-12 large-3\"  ><div class=\"col-inner\"  >\n\n\t<div class=\"img has-hover x md-x lg-x y md-y lg-y\" id=\"image_856002168\">\n\t\t\t\t\t\t\t\t<div class=\"img-inner dark\" >\n\t\t\t<img loading=\"lazy\" decoding=\"async\" width=\"1020\" height=\"680\" src=\"https:\/\/hsdp.gov.co\/portal\/wp-content\/uploads\/2021\/08\/Hospital-26-1200x800.jpg\" class=\"attachment-large size-large\" alt=\"\" srcset=\"https:\/\/hsdp.gov.co\/portal\/wp-content\/uploads\/2021\/08\/Hospital-26-1200x800.jpg 1200w, https:\/\/hsdp.gov.co\/portal\/wp-content\/uploads\/2021\/08\/Hospital-26-600x400.jpg 600w, https:\/\/hsdp.gov.co\/portal\/wp-content\/uploads\/2021\/08\/Hospital-26-768x512.jpg 768w, https:\/\/hsdp.gov.co\/portal\/wp-content\/uploads\/2021\/08\/Hospital-26-1536x1024.jpg 1536w, https:\/\/hsdp.gov.co\/portal\/wp-content\/uploads\/2021\/08\/Hospital-26-2048x1365.jpg 2048w\" sizes=\"(max-width: 1020px) 100vw, 1020px\" \/>\t\t\t\t\t\t\n\t\t\t\t\t<\/div>\n\t\t\t\t\t\t\t\t\n<style scope=\"scope\">\n\n#image_856002168 {\n  width: 100%;\n}\n<\/style>\n\t<\/div>\n\t\n\n\t<div class=\"img has-hover x md-x lg-x y md-y lg-y\" id=\"image_886514586\">\n\t\t\t\t\t\t\t\t<div class=\"img-inner dark\" >\n\t\t\t<img loading=\"lazy\" decoding=\"async\" width=\"1020\" height=\"766\" src=\"https:\/\/hsdp.gov.co\/portal\/wp-content\/uploads\/2024\/04\/1700574751202-1065x800.jpg\" class=\"attachment-large size-large\" alt=\"\" srcset=\"https:\/\/hsdp.gov.co\/portal\/wp-content\/uploads\/2024\/04\/1700574751202-1065x800.jpg 1065w, https:\/\/hsdp.gov.co\/portal\/wp-content\/uploads\/2024\/04\/1700574751202-533x400.jpg 533w, https:\/\/hsdp.gov.co\/portal\/wp-content\/uploads\/2024\/04\/1700574751202-768x577.jpg 768w, https:\/\/hsdp.gov.co\/portal\/wp-content\/uploads\/2024\/04\/1700574751202-1536x1153.jpg 1536w, https:\/\/hsdp.gov.co\/portal\/wp-content\/uploads\/2024\/04\/1700574751202-2048x1538.jpg 2048w\" sizes=\"(max-width: 1020px) 100vw, 1020px\" \/>\t\t\t\t\t\t\n\t\t\t\t\t<\/div>\n\t\t\t\t\t\t\t\t\n<style scope=\"scope\">\n\n#image_886514586 {\n  width: 100%;\n}\n<\/style>\n\t<\/div>\n\t\n\n\t<div class=\"img has-hover x md-x lg-x y md-y lg-y\" id=\"image_461343197\">\n\t\t\t\t\t\t\t\t<div class=\"img-inner dark\" >\n\t\t\t<img loading=\"lazy\" decoding=\"async\" width=\"1020\" height=\"680\" src=\"https:\/\/hsdp.gov.co\/portal\/wp-content\/uploads\/2021\/08\/Hospital-31-1200x800.jpg\" class=\"attachment-large size-large\" alt=\"\" srcset=\"https:\/\/hsdp.gov.co\/portal\/wp-content\/uploads\/2021\/08\/Hospital-31-1200x800.jpg 1200w, https:\/\/hsdp.gov.co\/portal\/wp-content\/uploads\/2021\/08\/Hospital-31-600x400.jpg 600w, https:\/\/hsdp.gov.co\/portal\/wp-content\/uploads\/2021\/08\/Hospital-31-768x512.jpg 768w, https:\/\/hsdp.gov.co\/portal\/wp-content\/uploads\/2021\/08\/Hospital-31-1536x1024.jpg 1536w, https:\/\/hsdp.gov.co\/portal\/wp-content\/uploads\/2021\/08\/Hospital-31-2048x1365.jpg 2048w\" sizes=\"(max-width: 1020px) 100vw, 1020px\" \/>\t\t\t\t\t\t\n\t\t\t\t\t<\/div>\n\t\t\t\t\t\t\t\t\n<style scope=\"scope\">\n\n#image_461343197 {\n  width: 100%;\n}\n<\/style>\n\t<\/div>\n\t\n\n\n<\/div><\/div>\n\n<\/div>\n\n","protected":false},"excerpt":{"rendered":"<p>En esta especialidad de nuestro Hospital San Juan de Dios de Pamplona, se realizan las intervenciones y procedimientos necesarios dirigido a los pacientes con problemas de salud que necesiten un cuidado permanente y unos recursos especializados, debido a que no pueden ser atendidos ambulatoriamente y requiere quedarse en la instituci\u00f3n.<\/p>\n","protected":false},"author":1,"featured_media":0,"parent":0,"menu_order":0,"comment_status":"closed","ping_status":"closed","template":"","meta":{"footnotes":""},"_links":{"self":[{"href":"https:\/\/hsdp.gov.co\/portal\/wp-json\/wp\/v2\/pages\/4809"}],"collection":[{"href":"https:\/\/hsdp.gov.co\/portal\/wp-json\/wp\/v2\/pages"}],"about":[{"href":"https:\/\/hsdp.gov.co\/portal\/wp-json\/wp\/v2\/types\/page"}],"author":[{"embeddable":true,"href":"https:\/\/hsdp.gov.co\/portal\/wp-json\/wp\/v2\/users\/1"}],"replies":[{"embeddable":true,"href":"https:\/\/hsdp.gov.co\/portal\/wp-json\/wp\/v2\/comments?post=4809"}],"version-history":[{"count":5,"href":"https:\/\/hsdp.gov.co\/portal\/wp-json\/wp\/v2\/pages\/4809\/revisions"}],"predecessor-version":[{"id":9591,"href":"https:\/\/hsdp.gov.co\/portal\/wp-json\/wp\/v2\/pages\/4809\/revisions\/9591"}],"wp:attachment":[{"href":"https:\/\/hsdp.gov.co\/portal\/wp-json\/wp\/v2\/media?parent=4809"}],"curies":[{"name":"wp","href":"https:\/\/api.w.org\/{rel}","templated":true}]}}