{"id":4506,"date":"2021-07-09T17:07:29","date_gmt":"2021-07-09T15:07:29","guid":{"rendered":"http:\/\/hsdp.gov.co\/portal\/?page_id=4506"},"modified":"2025-03-11T15:17:49","modified_gmt":"2025-03-11T20:17:49","slug":"recursos-imagen-corporativa","status":"publish","type":"page","link":"https:\/\/hsdp.gov.co\/portal\/recursos-imagen-corporativa\/","title":{"rendered":"Recursos Imagen Corporativa"},"content":{"rendered":"\n<h2><span style=\"font-size: 85%;\">Recursos Imagen Corporativa<\/span><\/h2>\n<p><span style=\"font-size: 110%;\">La E.S.E. Hospital San Juan de Dios de Pamplona da a conocer su identidad visual, siendo fundamental la apropiaci\u00f3n y consolidaci\u00f3n de los detalles en su uso y aplicaci\u00f3n, de esta manera se lograr\u00e1 una identidad coherente, proyectando disciplina, constancia y orden, solo de esta forma la E.S.E. fortalecer\u00e1 una imagen corporativa externa acorde con su identidad.<\/span><\/p>\n<p><span style=\"font-size: 110%;\">Los siguientes recursos permitir\u00e1n el correcto uso de la imagen de la E.S.E. Hospital San Juan de Dios de Pamplona, a partir de la publicidad f\u00edsica, impresa o digital, con el fin, de que se pueda aplicar correctamente en cualquier medio. <\/span><\/p>\n<p style=\"text-align: left;\"><span style=\"font-size: 110%;\">Por tal raz\u00f3n ser\u00e1n una herramienta para el uso de quienes lo requieran, con el fin de que la imagen cumpla con altos niveles de calidad respetando la identidad corporativa de la misma. .<\/span><\/p>\n<h2><span style=\"font-size: 85%;\">Isologo<\/span><\/h2>\n<p><span style=\"font-size: 110%;\">Es el elemento principal de la imagen institucional de la E.S.E. Hospital San Juan de Dios de Pamplona, por ende, no deber\u00e1 alterarse en sus proporciones, ni en su construcci\u00f3n geom\u00e9trica y tipogr\u00e1fica, cualquiera que sea el tama\u00f1o de su aplicaci\u00f3n, el color o la superficie de trabajo, no deber\u00e1 llevar sombras, ni colores alternos.<\/span><\/p>\n<p><span style=\"font-size: 110%;\">La E.S.E. Hospital San Juan de Dios se caracteriza por estar representado a trav\u00e9s de un Isologo el cual se conforma por una imagen y tipograf\u00eda, acompa\u00f1ado por sus colores corporativos.<\/span><\/p>\n<div class=\"row\"  id=\"row-2135025581\">\n\n<div class=\"col medium-2 small-12 large-2\"  ><div class=\"col-inner\"  >\n\n\t<div class=\"img has-hover x md-x lg-x y md-y lg-y\" id=\"image_287523312\">\n\t\t\t\t\t\t\t\t<div class=\"img-inner dark\" >\n\t\t\t<img loading=\"lazy\" decoding=\"async\" width=\"639\" height=\"800\" src=\"https:\/\/hsdp.gov.co\/portal\/wp-content\/uploads\/2024\/11\/LOGO-VERTICAL-639x800.png\" class=\"attachment-large size-large\" alt=\"\" srcset=\"https:\/\/hsdp.gov.co\/portal\/wp-content\/uploads\/2024\/11\/LOGO-VERTICAL-639x800.png 639w, https:\/\/hsdp.gov.co\/portal\/wp-content\/uploads\/2024\/11\/LOGO-VERTICAL-319x400.png 319w, https:\/\/hsdp.gov.co\/portal\/wp-content\/uploads\/2024\/11\/LOGO-VERTICAL-768x962.png 768w, https:\/\/hsdp.gov.co\/portal\/wp-content\/uploads\/2024\/11\/LOGO-VERTICAL-1226x1536.png 1226w, https:\/\/hsdp.gov.co\/portal\/wp-content\/uploads\/2024\/11\/LOGO-VERTICAL-1635x2048.png 1635w\" sizes=\"(max-width: 639px) 100vw, 639px\" \/>\t\t\t\t\t\t\n\t\t\t\t\t<\/div>\n\t\t\t\t\t\t\t\t\n<style scope=\"scope\">\n\n#image_287523312 {\n  width: 100%;\n}\n<\/style>\n\t<\/div>\n\t\n\n\n<\/div><\/div>\n<div class=\"col medium-6 small-12 large-6\"  ><div class=\"col-inner\"  >\n\n\t<div class=\"img has-hover x md-x lg-x y md-y lg-y\" id=\"image_2014101151\">\n\t\t\t\t\t\t\t\t<div class=\"img-inner dark\" >\n\t\t\t<img loading=\"lazy\" decoding=\"async\" width=\"1020\" height=\"373\" src=\"https:\/\/hsdp.gov.co\/portal\/wp-content\/uploads\/2024\/11\/Logo-horizontal-con-fondo-blanco.jpg\" class=\"attachment-large size-large\" alt=\"\" srcset=\"https:\/\/hsdp.gov.co\/portal\/wp-content\/uploads\/2024\/11\/Logo-horizontal-con-fondo-blanco.jpg 1274w, https:\/\/hsdp.gov.co\/portal\/wp-content\/uploads\/2024\/11\/Logo-horizontal-con-fondo-blanco-800x293.jpg 800w, https:\/\/hsdp.gov.co\/portal\/wp-content\/uploads\/2024\/11\/Logo-horizontal-con-fondo-blanco-768x281.jpg 768w\" sizes=\"(max-width: 1020px) 100vw, 1020px\" \/>\t\t\t\t\t\t\n\t\t\t\t\t<\/div>\n\t\t\t\t\t\t\t\t\n<style scope=\"scope\">\n\n#image_2014101151 {\n  width: 100%;\n}\n<\/style>\n\t<\/div>\n\t\n\n\n<\/div><\/div>\n\n<\/div>\n<a href=\"https:\/\/hsdp.gov.co\/portal\/wp-content\/uploads\/2024\/11\/LOGO-HOSPITAL.pdf\" target=\"_self\" class=\"button primary is-underline lowercase\"  >\n    <span>Isologo vertical PDF<\/span>\n  <\/a>\n\n\n<a class=\"button primary is-underline lowercase\"  >\n    <span>Isologo horizontal PDF<\/span>\n  <\/a>\n\n\n<a href=\"https:\/\/hsdp.gov.co\/portal\/wp-content\/uploads\/2024\/11\/LOGO-VERTICAL-1.png\" target=\"_self\" class=\"button primary is-underline lowercase\"  >\n    <span>Isologo vertical PNG<\/span>\n  <\/a>\n\n\n<a href=\"https:\/\/hsdp.gov.co\/portal\/wp-content\/uploads\/2024\/11\/LOGO-HORIZONTAL.png\" target=\"_self\" class=\"button primary is-underline lowercase\"  >\n    <span>Isologo horizonta PNG<\/span>\n  <\/a>\n\n\n<h2><span style=\"font-size: 85%;\">Eslogan<\/span><\/h2>\n<p><span style=\"font-size: 110%;\">El Eslogan junto con el logotipo hace parte integral de la imagen Corporativa de la entidad, por lo cual se puede utilizar de manera conjunta, de acuerdo al tipo de presentaci\u00f3n cuando se requiera.<\/span><\/p>\n<p><span style=\"font-size: 110%;\">Es una expresi\u00f3n que enmarca la responsabilidad que tienen los funcionarios administrativos y asistenciales, los usuarios, pacientes y comunidad en general que se benefician de los servicios que la E.S.E Hospital San Juan de Dios Pamplona presta a los pamploneses y habitantes de la provincia.<\/span><br \/><span style=\"font-size: 110%;\">Todos tenemos parte en la construcci\u00f3n de un servicio con calidad humana.<\/span><\/p>\n<div class=\"row\"  id=\"row-1393360094\">\n\n<div class=\"col medium-7 small-12 large-7\"  ><div class=\"col-inner\"  >\n\n\t<div class=\"img has-hover x md-x lg-x y md-y lg-y\" id=\"image_804798504\">\n\t\t\t\t\t\t\t\t<div class=\"img-inner dark\" >\n\t\t\t<img loading=\"lazy\" decoding=\"async\" width=\"1020\" height=\"183\" src=\"https:\/\/hsdp.gov.co\/portal\/wp-content\/uploads\/2025\/03\/eslogan.png\" class=\"attachment-large size-large\" alt=\"\" srcset=\"https:\/\/hsdp.gov.co\/portal\/wp-content\/uploads\/2025\/03\/eslogan.png 1374w, https:\/\/hsdp.gov.co\/portal\/wp-content\/uploads\/2025\/03\/eslogan-800x143.png 800w, https:\/\/hsdp.gov.co\/portal\/wp-content\/uploads\/2025\/03\/eslogan-768x138.png 768w\" sizes=\"(max-width: 1020px) 100vw, 1020px\" \/>\t\t\t\t\t\t\n\t\t\t\t\t<\/div>\n\t\t\t\t\t\t\t\t\n<style scope=\"scope\">\n\n#image_804798504 {\n  width: 100%;\n}\n<\/style>\n\t<\/div>\n\t\n\n\n<\/div><\/div>\n\n<\/div>\n<h2><span style=\"font-size: 85%;\">Colores corporativos<\/span><\/h2>\n<p>Un objetivo fundamental de la identidad visual, es representar la entidad por sus colores corporativos. En este sentido se trata de los c\u00f3digos crom\u00e1ticos que son asociados instintivamente a la imagen de la E.S.E. Hospital San Juan de Dios de Pamplona, por lo tanto es indispensable que se utilicen siempre, respetando la imagen y evitando variaciones que puedan acarrear confusi\u00f3n<\/p>\n<div class=\"row\"  id=\"row-937565247\">\n\n<div class=\"col medium-3 small-12 large-3\"  ><div class=\"col-inner\"  >\n\n\t<div class=\"img has-hover x md-x lg-x y md-y lg-y\" id=\"image_1934411123\">\n\t\t\t\t\t\t\t\t<div class=\"img-inner dark\" >\n\t\t\t<img loading=\"lazy\" decoding=\"async\" width=\"800\" height=\"132\" src=\"https:\/\/hsdp.gov.co\/portal\/wp-content\/uploads\/2021\/07\/azul-800x132.jpg\" class=\"attachment-medium size-medium\" alt=\"\" srcset=\"https:\/\/hsdp.gov.co\/portal\/wp-content\/uploads\/2021\/07\/azul-800x132.jpg 800w, https:\/\/hsdp.gov.co\/portal\/wp-content\/uploads\/2021\/07\/azul-1400x231.jpg 1400w, https:\/\/hsdp.gov.co\/portal\/wp-content\/uploads\/2021\/07\/azul-768x126.jpg 768w, https:\/\/hsdp.gov.co\/portal\/wp-content\/uploads\/2021\/07\/azul-1536x253.jpg 1536w, https:\/\/hsdp.gov.co\/portal\/wp-content\/uploads\/2021\/07\/azul-2048x337.jpg 2048w\" sizes=\"(max-width: 800px) 100vw, 800px\" \/>\t\t\t\t\t\t\n\t\t\t\t\t<\/div>\n\t\t\t\t\t\t\t\t\n<style scope=\"scope\">\n\n#image_1934411123 {\n  width: 100%;\n}\n<\/style>\n\t<\/div>\n\t\n\n\t<div class=\"img has-hover x md-x lg-x y md-y lg-y\" id=\"image_1438064731\">\n\t\t\t\t\t\t\t\t<div class=\"img-inner dark\" >\n\t\t\t<img loading=\"lazy\" decoding=\"async\" width=\"1020\" height=\"168\" src=\"https:\/\/hsdp.gov.co\/portal\/wp-content\/uploads\/2021\/07\/VERDE-1400x231.jpg\" class=\"attachment-large size-large\" alt=\"\" srcset=\"https:\/\/hsdp.gov.co\/portal\/wp-content\/uploads\/2021\/07\/VERDE-1400x231.jpg 1400w, https:\/\/hsdp.gov.co\/portal\/wp-content\/uploads\/2021\/07\/VERDE-800x132.jpg 800w, https:\/\/hsdp.gov.co\/portal\/wp-content\/uploads\/2021\/07\/VERDE-768x126.jpg 768w, https:\/\/hsdp.gov.co\/portal\/wp-content\/uploads\/2021\/07\/VERDE-1536x253.jpg 1536w, https:\/\/hsdp.gov.co\/portal\/wp-content\/uploads\/2021\/07\/VERDE-2048x337.jpg 2048w\" sizes=\"(max-width: 1020px) 100vw, 1020px\" \/>\t\t\t\t\t\t\n\t\t\t\t\t<\/div>\n\t\t\t\t\t\t\t\t\n<style scope=\"scope\">\n\n#image_1438064731 {\n  width: 100%;\n}\n<\/style>\n\t<\/div>\n\t\n\n\t<div class=\"img has-hover x md-x lg-x y md-y lg-y\" id=\"image_2077621332\">\n\t\t\t\t\t\t\t\t<div class=\"img-inner dark\" >\n\t\t\t<img loading=\"lazy\" decoding=\"async\" width=\"1020\" height=\"162\" src=\"https:\/\/hsdp.gov.co\/portal\/wp-content\/uploads\/2025\/03\/LILA.png\" class=\"attachment-large size-large\" alt=\"\" srcset=\"https:\/\/hsdp.gov.co\/portal\/wp-content\/uploads\/2025\/03\/LILA.png 1301w, https:\/\/hsdp.gov.co\/portal\/wp-content\/uploads\/2025\/03\/LILA-800x127.png 800w, https:\/\/hsdp.gov.co\/portal\/wp-content\/uploads\/2025\/03\/LILA-768x122.png 768w\" sizes=\"(max-width: 1020px) 100vw, 1020px\" \/>\t\t\t\t\t\t\n\t\t\t\t\t<\/div>\n\t\t\t\t\t\t\t\t\n<style scope=\"scope\">\n\n#image_2077621332 {\n  width: 100%;\n}\n<\/style>\n\t<\/div>\n\t\n\n\n<\/div><\/div>\n<div class=\"col medium-9 small-12 large-9\"  ><div class=\"col-inner\"  >\n\n<p><span style=\"font-size: 100%;\"><strong>#1F619D\u00a0 \/\u00a0 C:90\u00a0 M:60\u00a0 Y:14 K:0\u00a0 \/\u00a0 R:31\u00a0 G:97\u00a0 B:157<\/strong><\/span><\/p>\n<hr \/>\n<p><strong>#51A136\u00a0 \/\u00a0 C:72\u00a0 M:11\u00a0 Y:99\u00a0 K:0\u00a0 \/\u00a0 R:81\u00a0 G:161\u00a0 B:54<\/strong><\/p>\n<hr \/>\n<p><strong>#7B64A9 \/\u00a0 C:61\u00a0 M:66\u00a0 Y:0\u00a0 K:0\u00a0 \/\u00a0 R:123\u00a0 G:100\u00a0 B<\/strong><strong>:169<\/strong><\/p>\n\n<\/div><\/div>\n\n<\/div>\n\n","protected":false},"excerpt":{"rendered":"<p>Recursos Imagen Corporativa La E.S.E. Hospital San Juan de Dios de Pamplona da a conocer su identidad visual, siendo fundamental la apropiaci\u00f3n y consolidaci\u00f3n de los detalles en su uso y aplicaci\u00f3n, de esta manera se lograr\u00e1 una identidad coherente, proyectando disciplina, constancia y orden, solo de esta forma la E.S.E. fortalecer\u00e1 una imagen corporativa [&#8230;]\n","protected":false},"author":1,"featured_media":0,"parent":0,"menu_order":0,"comment_status":"closed","ping_status":"closed","template":"","meta":{"footnotes":""},"_links":{"self":[{"href":"https:\/\/hsdp.gov.co\/portal\/wp-json\/wp\/v2\/pages\/4506"}],"collection":[{"href":"https:\/\/hsdp.gov.co\/portal\/wp-json\/wp\/v2\/pages"}],"about":[{"href":"https:\/\/hsdp.gov.co\/portal\/wp-json\/wp\/v2\/types\/page"}],"author":[{"embeddable":true,"href":"https:\/\/hsdp.gov.co\/portal\/wp-json\/wp\/v2\/users\/1"}],"replies":[{"embeddable":true,"href":"https:\/\/hsdp.gov.co\/portal\/wp-json\/wp\/v2\/comments?post=4506"}],"version-history":[{"count":33,"href":"https:\/\/hsdp.gov.co\/portal\/wp-json\/wp\/v2\/pages\/4506\/revisions"}],"predecessor-version":[{"id":12452,"href":"https:\/\/hsdp.gov.co\/portal\/wp-json\/wp\/v2\/pages\/4506\/revisions\/12452"}],"wp:attachment":[{"href":"https:\/\/hsdp.gov.co\/portal\/wp-json\/wp\/v2\/media?parent=4506"}],"curies":[{"name":"wp","href":"https:\/\/api.w.org\/{rel}","templated":true}]}}