{"id":4043,"date":"2021-04-12T19:26:48","date_gmt":"2021-04-12T17:26:48","guid":{"rendered":"http:\/\/hsdp.gov.co\/portal\/?page_id=4043"},"modified":"2025-03-14T15:32:41","modified_gmt":"2025-03-14T20:32:41","slug":"sig","status":"publish","type":"page","link":"https:\/\/hsdp.gov.co\/portal\/sig\/","title":{"rendered":"SISTEMA INTEGRADO DE GESTI\u00d3N"},"content":{"rendered":"\n<div class=\"container section-title-container\" ><h2 class=\"section-title section-title-center\"><b><\/b><span class=\"section-title-main\" style=\"color:rgb(108, 176, 13);\">SISTEMA INTEGRADO DE GESTI\u00d3N<\/span><b><\/b><\/h2><\/div><!-- .section-title -->\n\n<p>La E.S.E. Hospital San Juan de Dios de Pamplona, informa que las plantilas institucionales que se encuentran a continaci\u00f3n podr\u00e1n descargarse a trav\u00e9s del buscador de Mozilla Firefox, teniendo en cuenta que son documentos en WORD y solo a trav\u00e9s de este navegador es posible su descarga.<\/p>\n<div class=\"text-center\"><div class=\"is-divider divider clearfix\" ><\/div><\/div><!-- .divider -->\n\n<a href=\"https:\/\/hsdp.gov.co\/portal\/wp-content\/uploads\/2025\/03\/RESOLCUION-061-GUIA-PARA-ELABORACION-DOCUMENTAL.pdf\" target=\"_self\" class=\"button primary\"  style=\"border-radius:99px;\">\n    <span>RESOLCUION 061 GUIA PARA ELABORACION DOCUMENTAL<\/span>\n  <\/a>\n\n\n<a href=\"https:\/\/hsdp.gov.co\/portal\/wp-content\/uploads\/2025\/03\/GU-PEC-02-01-V.03-GUIA-PARA-LA-ELABORACION-Y-CONTROL-DE-DOCUMENTOS.pdf\" target=\"_self\" class=\"button primary\"  style=\"border-radius:99px;\">\n    <span>GUIA PARA LA ELABORACI\u00d3N Y CONTROL DE DOCUMENTOS<\/span>\n  <\/a>\n\n\n<div class=\"accordion\" rel=\"\">\n\n<div class=\"accordion-item\"><a href=\"#\" class=\"accordion-title plain\"><button class=\"toggle\"><i class=\"icon-angle-down\"><\/i><\/button><span>Plantilla Diapositiva<\/span><\/a><div class=\"accordion-inner\">\n\n<ul>\n<li>\n<h5><a href=\"https:\/\/hsdp.gov.co\/portal\/wp-content\/uploads\/2025\/03\/Diapositivas.pptx\">Plantilla Diapositiva<\/a><\/h5>\n<\/li>\n<\/ul>\n\n<\/div><\/div>\n<div class=\"accordion-item\"><a href=\"#\" class=\"accordion-title plain\"><button class=\"toggle\"><i class=\"icon-angle-down\"><\/i><\/button><span>Membrete<\/span><\/a><div class=\"accordion-inner\">\n\n<ul>\n<li>\n<h5><a href=\"https:\/\/hsdp.gov.co\/portal\/wp-content\/uploads\/2025\/03\/Membrete-carta-vertical.docx\">Membrete Carta Vertical<\/a><\/h5>\n<\/li>\n<li>\n<h5><a href=\"https:\/\/hsdp.gov.co\/portal\/wp-content\/uploads\/2025\/03\/Membrete-carta-horizontal.docx\">Membrete Carta Horizontal<\/a><\/h5>\n<\/li>\n<li>\n<h5><a href=\"https:\/\/hsdp.gov.co\/portal\/wp-content\/uploads\/2025\/03\/Membrete-general.docx\">Membrete General<\/a><\/h5>\n<\/li>\n<li>\n<h5><a href=\"https:\/\/hsdp.gov.co\/portal\/wp-content\/uploads\/2025\/03\/Membrete-oficio-vertical.docx\">Membrete Oficio Vertical<\/a><\/h5>\n<\/li>\n<li>\n<h5><a href=\"https:\/\/hsdp.gov.co\/portal\/wp-content\/uploads\/2025\/03\/Membrete-oficio-horizontal.docx\">Membrete Oficio Horizontal<\/a><\/h5>\n<\/li>\n<\/ul>\n\n<\/div><\/div>\n<div class=\"accordion-item\"><a href=\"#\" class=\"accordion-title plain\"><button class=\"toggle\"><i class=\"icon-angle-down\"><\/i><\/button><span>Plantilla Acta<\/span><\/a><div class=\"accordion-inner\">\n\n<ul>\n<li>\n<h5><a href=\"https:\/\/hsdp.gov.co\/portal\/wp-content\/uploads\/2025\/03\/Plantilla-acta.docx\">Plantilla Acta<\/a><\/h5>\n<\/li>\n<li>\n<h5><a href=\"https:\/\/hsdp.gov.co\/portal\/wp-content\/uploads\/2025\/03\/Plantilla-firmas-acta.docx\">Plantilla Firma Acta<\/a><\/h5>\n<\/li>\n<\/ul>\n\n<\/div><\/div>\n<div class=\"accordion-item\"><a href=\"#\" class=\"accordion-title plain\"><button class=\"toggle\"><i class=\"icon-angle-down\"><\/i><\/button><span>Plantilla Resoluci\u00f3n<\/span><\/a><div class=\"accordion-inner\">\n\n<ul>\n<li>\n<h5><a href=\"https:\/\/hsdp.gov.co\/portal\/wp-content\/uploads\/2025\/03\/Plantilla-resolucion-oficio.docx\">Plantilla Resoluci\u00f3n Oficio<\/a><\/h5>\n<\/li>\n<li>\n<h5><a href=\"https:\/\/hsdp.gov.co\/portal\/wp-content\/uploads\/2025\/03\/Plantilla-resolucion-carta.docx\">Plantilla Resoluci\u00f3n Carta<\/a><\/h5>\n<\/li>\n<\/ul>\n\n<\/div><\/div>\n<div class=\"accordion-item\"><a href=\"#\" class=\"accordion-title plain\"><button class=\"toggle\"><i class=\"icon-angle-down\"><\/i><\/button><span>Plantilla Formato<\/span><\/a><div class=\"accordion-inner\">\n\n<ul>\n<li>\n<h5><a href=\"https:\/\/hsdp.gov.co\/portal\/wp-content\/uploads\/2025\/03\/PLANTILLA-FORMATO-CARTA-VERTICAL.docx\">Plantilla Formato Carta vertical<\/a><\/h5>\n<\/li>\n<li>\n<h5><a href=\"https:\/\/hsdp.gov.co\/portal\/wp-content\/uploads\/2025\/03\/PLANTILLA-FORMATO-CARTA-HORIZONTAL.doc\">Plantilla Formato Carta Horizontal<\/a><\/h5>\n<\/li>\n<li>\n<h5><a href=\"https:\/\/hsdp.gov.co\/portal\/wp-content\/uploads\/2025\/03\/PLANTILLA-FORMATO-FIRMA-CAPACITACIONES.doc\">Plantilla Formato Firma Capacitaciones\u00a0<\/a><\/h5>\n<\/li>\n<\/ul>\n\n<\/div><\/div>\n<div class=\"accordion-item\"><a href=\"#\" class=\"accordion-title plain\"><button class=\"toggle\"><i class=\"icon-angle-down\"><\/i><\/button><span>Plantilla Protocolo<\/span><\/a><div class=\"accordion-inner\">\n\n<ul>\n<li>\n<h5><a href=\"https:\/\/hsdp.gov.co\/portal\/wp-content\/uploads\/2025\/03\/Plantilla-Protocolo-.doc\">Plantilla Protocolo<\/a><\/h5>\n<\/li>\n<\/ul>\n\n<\/div><\/div>\n<div class=\"accordion-item\"><a href=\"#\" class=\"accordion-title plain\"><button class=\"toggle\"><i class=\"icon-angle-down\"><\/i><\/button><span>Plantilla Caracterizaci\u00f3n de Procesos<\/span><\/a><div class=\"accordion-inner\">\n\n<ul>\n<li>\n<h5><a href=\"https:\/\/hsdp.gov.co\/portal\/wp-content\/uploads\/2025\/03\/Plantilla-caracterizacion-de-procesos.docx\">Plantilla Caracterizaci\u00f3n de Procesos<\/a><\/h5>\n<\/li>\n<\/ul>\n\n<\/div><\/div>\n<div class=\"accordion-item\"><a href=\"#\" class=\"accordion-title plain\"><button class=\"toggle\"><i class=\"icon-angle-down\"><\/i><\/button><span>Plantilla Circular<\/span><\/a><div class=\"accordion-inner\">\n\n<ul>\n<li>\n<h5><a href=\"https:\/\/hsdp.gov.co\/portal\/wp-content\/uploads\/2025\/03\/Plantilla-circular.docx\">Plantilla Circular<\/a><\/h5>\n<\/li>\n<\/ul>\n\n<\/div><\/div>\n<div class=\"accordion-item\"><a href=\"#\" class=\"accordion-title plain\"><button class=\"toggle\"><i class=\"icon-angle-down\"><\/i><\/button><span>Plantilla Comunicaciones Oficiales<\/span><\/a><div class=\"accordion-inner\">\n\n<ul>\n<li>\n<h5><a href=\"https:\/\/hsdp.gov.co\/portal\/wp-content\/uploads\/2025\/03\/Plantilla-comunicaciones-oficiales-carta.docx\">Plantilla Comunicaciones Oficiales Carta<\/a><\/h5>\n<\/li>\n<li>\n<h5><a href=\"https:\/\/hsdp.gov.co\/portal\/wp-content\/uploads\/2025\/03\/Plantilla-comunicaciones-oficiales-oficio.docx\">Plantilla Comunicaciones Oficiales Oficio<\/a><\/h5>\n<\/li>\n<\/ul>\n\n<\/div><\/div>\n<div class=\"accordion-item\"><a href=\"#\" class=\"accordion-title plain\"><button class=\"toggle\"><i class=\"icon-angle-down\"><\/i><\/button><span>Plantilla de Certificaci\u00f3n o Constancia<\/span><\/a><div class=\"accordion-inner\">\n\n<ul>\n<li>\n<h5><a href=\"https:\/\/hsdp.gov.co\/portal\/wp-content\/uploads\/2025\/03\/Plantilla-de-certificacion-o-constancia.docx\">Plantilla Certificaciones o Constancia<\/a><\/h5>\n<\/li>\n<\/ul>\n\n<\/div><\/div>\n<div class=\"accordion-item\"><a href=\"#\" class=\"accordion-title plain\"><button class=\"toggle\"><i class=\"icon-angle-down\"><\/i><\/button><span>Plantilla Documentacion de Procedimientos<\/span><\/a><div class=\"accordion-inner\">\n\n<ul>\n<li>\n<h5><a href=\"https:\/\/hsdp.gov.co\/portal\/wp-content\/uploads\/2025\/03\/Plantilla-documentacion-de-procedimientos.docx\">Plantilla Documentaci\u00f3n de Procedimientos<\/a><\/h5>\n<\/li>\n<\/ul>\n\n<\/div><\/div>\n<div class=\"accordion-item\"><a href=\"#\" class=\"accordion-title plain\"><button class=\"toggle\"><i class=\"icon-angle-down\"><\/i><\/button><span>Plantilla Gu\u00eda<\/span><\/a><div class=\"accordion-inner\">\n\n<ul>\n<li>\n<h5><a href=\"https:\/\/hsdp.gov.co\/portal\/wp-content\/uploads\/2025\/03\/Plantilla-guia.docx\">Plantilla Gu\u00eda<\/a><\/h5>\n<\/li>\n<\/ul>\n\n<\/div><\/div>\n<div class=\"accordion-item\"><a href=\"#\" class=\"accordion-title plain\"><button class=\"toggle\"><i class=\"icon-angle-down\"><\/i><\/button><span>Plantilla Instructivo<\/span><\/a><div class=\"accordion-inner\">\n\n<ul>\n<li>\n<h5><a href=\"https:\/\/hsdp.gov.co\/portal\/wp-content\/uploads\/2025\/03\/Plantilla-instructivo.docx\">Plantilla Instructivo<\/a><\/h5>\n<\/li>\n<\/ul>\n\n<\/div><\/div>\n<div class=\"accordion-item\"><a href=\"#\" class=\"accordion-title plain\"><button class=\"toggle\"><i class=\"icon-angle-down\"><\/i><\/button><span>Plantilla Listado Maestro de Documentos<\/span><\/a><div class=\"accordion-inner\">\n\n<ul>\n<li>\n<h5><a href=\"https:\/\/hsdp.gov.co\/portal\/wp-content\/uploads\/2025\/03\/Plantilla-listado-maestro-de-documentos.docx\">Plantilla Listado Maestro de Documentos<\/a><\/h5>\n<\/li>\n<\/ul>\n\n<\/div><\/div>\n<div class=\"accordion-item\"><a href=\"#\" class=\"accordion-title plain\"><button class=\"toggle\"><i class=\"icon-angle-down\"><\/i><\/button><span>Plantilla Manual<\/span><\/a><div class=\"accordion-inner\">\n\n<ul>\n<li>\n<h5><a href=\"https:\/\/hsdp.gov.co\/portal\/wp-content\/uploads\/2025\/03\/Plantilla-listado-maestro-de-documentos.docx\">Plantilla Manual<\/a><\/h5>\n<\/li>\n<\/ul>\n\n<\/div><\/div>\n<div class=\"accordion-item\"><a href=\"#\" class=\"accordion-title plain\"><button class=\"toggle\"><i class=\"icon-angle-down\"><\/i><\/button><span>Plantilla Memorando<\/span><\/a><div class=\"accordion-inner\">\n\n<ul>\n<li>\n<h5><a href=\"https:\/\/hsdp.gov.co\/portal\/wp-content\/uploads\/2025\/03\/Plantilla-memorando.docx\">Plantilla Memorando<\/a><\/h5>\n<\/li>\n<\/ul>\n\n<\/div><\/div>\n<div class=\"accordion-item\"><a href=\"#\" class=\"accordion-title plain\"><button class=\"toggle\"><i class=\"icon-angle-down\"><\/i><\/button><span>Proyecto de Acuerdo<\/span><\/a><div class=\"accordion-inner\">\n\n<ul>\n<li>\n<h5><a href=\"https:\/\/hsdp.gov.co\/portal\/wp-content\/uploads\/2025\/03\/PROYECTO-DE-ACUERDO.doc\">Proyecto de Acuerdo<\/a><\/h5>\n<\/li>\n<\/ul>\n\n<\/div><\/div>\n\n<\/div>\n<div class=\"text-center\"><div class=\"is-divider divider clearfix\" ><\/div><\/div><!-- .divider -->\n\n\n","protected":false},"excerpt":{"rendered":"<p>La E.S.E. Hospital San Juan de Dios de Pamplona, informa que las plantilas institucionales que se encuentran a continaci\u00f3n podr\u00e1n descargarse a trav\u00e9s del buscador de Mozilla Firefox, teniendo en cuenta que son documentos en WORD y solo a trav\u00e9s de este navegador es posible su descarga.<\/p>\n","protected":false},"author":1,"featured_media":0,"parent":0,"menu_order":0,"comment_status":"closed","ping_status":"closed","template":"","meta":{"footnotes":""},"_links":{"self":[{"href":"https:\/\/hsdp.gov.co\/portal\/wp-json\/wp\/v2\/pages\/4043"}],"collection":[{"href":"https:\/\/hsdp.gov.co\/portal\/wp-json\/wp\/v2\/pages"}],"about":[{"href":"https:\/\/hsdp.gov.co\/portal\/wp-json\/wp\/v2\/types\/page"}],"author":[{"embeddable":true,"href":"https:\/\/hsdp.gov.co\/portal\/wp-json\/wp\/v2\/users\/1"}],"replies":[{"embeddable":true,"href":"https:\/\/hsdp.gov.co\/portal\/wp-json\/wp\/v2\/comments?post=4043"}],"version-history":[{"count":41,"href":"https:\/\/hsdp.gov.co\/portal\/wp-json\/wp\/v2\/pages\/4043\/revisions"}],"predecessor-version":[{"id":12508,"href":"https:\/\/hsdp.gov.co\/portal\/wp-json\/wp\/v2\/pages\/4043\/revisions\/12508"}],"wp:attachment":[{"href":"https:\/\/hsdp.gov.co\/portal\/wp-json\/wp\/v2\/media?parent=4043"}],"curies":[{"name":"wp","href":"https:\/\/api.w.org\/{rel}","templated":true}]}}