{"id":347,"date":"2019-05-25T03:10:53","date_gmt":"2019-05-25T01:10:53","guid":{"rendered":"http:\/\/hsdp.gov.co\/portal\/?page_id=347"},"modified":"2022-04-26T01:44:57","modified_gmt":"2022-04-25T23:44:57","slug":"rendicion-de-cuentas","status":"publish","type":"page","link":"https:\/\/hsdp.gov.co\/portal\/rendicion-de-cuentas\/","title":{"rendered":"Rendici\u00f3n de Cuentas Vigencia 2018"},"content":{"rendered":"\n\n  <div class=\"banner has-hover\" id=\"banner-1405172185\">\n          <div class=\"banner-inner fill\">\n        <div class=\"banner-bg fill\" >\n            <div class=\"bg fill bg-fill \"><\/div>\n                        <div class=\"overlay\"><\/div>            \n                    <\/div><!-- bg-layers -->\n        <div class=\"banner-layers container\">\n            <div class=\"fill banner-link\"><\/div>            \n\n   <div id=\"text-box-1680474312\" class=\"text-box banner-layer x50 md-x5 lg-x5 y5 md-y50 lg-y50 res-text\">\n                                <div class=\"text dark\">\n              \n              <div class=\"text-inner text-center\">\n                  \n\n<div class=\"gap-element clearfix\" style=\"display:block; height:auto; padding-top:25px\"><\/div>\n\n<h4>VIGENCIA<\/h4>\n<h2><span style=\"font-size: 350%;\">2018<\/span><\/h2>\n<h3 class=\"uppercase\"><span style=\"font-size: 150%;\"><strong>rendici\u00f3n de cuentas<\/strong><\/span><\/h3>\n<p>La rendici\u00f3n de cuentas es una expresi\u00f3n del control social, por cuanto comprende acciones de petici\u00f3n de informaci\u00f3n y explicaciones, as\u00ed como la evaluaci\u00f3n de la gesti\u00f3n y la incidencia de la ciudadan\u00eda para que se ajuste a sus requerimientos<\/p>\n\n              <\/div>\n           <\/div><!-- text-box-inner -->\n                            \n<style scope=\"scope\">\n\n#text-box-1680474312 {\n  width: 92%;\n}\n#text-box-1680474312 .text {\n  font-size: 100%;\n}\n\n\n@media (min-width:550px) {\n\n  #text-box-1680474312 {\n    width: 68%;\n  }\n\n}\n\n\n@media (min-width:850px) {\n\n  #text-box-1680474312 {\n    width: 58%;\n  }\n\n}\n<\/style>\n    <\/div><!-- text-box -->\n \n   <div id=\"text-box-566820746\" class=\"text-box banner-layer x50 md-x95 lg-x95 y100 md-y85 lg-y85 res-text\">\n                                <div class=\"text dark\">\n              \n              <div class=\"text-inner text-center\">\n                  \n\n<p>Si desea hacer una pregunta o sugerencia por favor llene el formulario&nbsp;<\/p>\n<a data-animate=\"fadeInUp\" href=\"https:\/\/hsdp.gov.co\/portal\/formulario-rendicion-de-cuentas\/\" target=\"_self\" class=\"button primary\"  >\n    <span>formulario<\/span>\n  <i class=\"icon-user\" ><\/i><\/a>\n\n\n\n              <\/div>\n           <\/div><!-- text-box-inner -->\n                            \n<style scope=\"scope\">\n\n#text-box-566820746 {\n  width: 53%;\n}\n#text-box-566820746 .text {\n  font-size: 100%;\n}\n\n\n@media (min-width:550px) {\n\n  #text-box-566820746 {\n    width: 23%;\n  }\n\n}\n<\/style>\n    <\/div><!-- text-box -->\n \n\n        <\/div><!-- .banner-layers -->\n      <\/div><!-- .banner-inner -->\n\n            \n<style scope=\"scope\">\n\n#banner-1405172185 {\n  padding-top: 157%;\n}\n#banner-1405172185 .bg.bg-loaded {\n  background-image: url(https:\/\/hsdp.gov.co\/portal\/wp-content\/uploads\/2019\/05\/Entrega-de-reconocimientos-en-el-hospital-de-Pamplona-1-1200x800.jpg);\n}\n#banner-1405172185 .overlay {\n  background-color: rgba(0, 0, 0, 0.76);\n}\n#banner-1405172185 .bg {\n  background-position: 66% 27%;\n}\n\n\n@media (min-width:550px) {\n\n  #banner-1405172185 {\n    padding-top: 45%;\n  }\n\n}\n<\/style>\n  <\/div><!-- .banner -->\n\n\n<div class=\"row\"  id=\"row-1758280514\">\n\n<div class=\"col small-12 large-12\"  ><div class=\"col-inner\"  >\n\n<div class=\"container section-title-container\" ><h3 class=\"section-title section-title-center\"><b><\/b><span class=\"section-title-main\" ><i class=\"icon-angle-right\" ><\/i>informe de rendici\u00f3n de cuentas<\/span><b><\/b><\/h3><\/div><!-- .section-title -->\n\n<div class=\"_df_book df-container df-loading \" id=\"df_359\"  wpoptions=\"true\" ><\/div><script data-cfasync=\"false\">var option_df_359 = {\"outline\":[],\"height\":\"700\",\"duration\":\"900\",\"forceFit\":\"true\",\"autoEnableOutline\":\"false\",\"autoEnableThumbnail\":\"false\",\"overwritePDFOutline\":\"false\",\"direction\":\"1\",\"pageMode\":\"0\",\"source\":\"http:\\\/\\\/hsdp.gov.co\\\/portal\\\/wp-content\\\/uploads\\\/2019\\\/07\\\/INFORME-EVALUACIoN-AUDIENCIA-PUBLICA.pdf\",\"wpOptions\":\"true\"}; if(window.DFLIP && DFLIP.parseBooks){DFLIP.parseBooks();}<\/script>\n<div class=\"gap-element clearfix\" style=\"display:block; height:auto; padding-top:30px\"><\/div>\n\n<div class=\"row\"  id=\"row-504639120\">\n\n<div class=\"col medium-6 small-12 large-6\"  ><div class=\"col-inner\"  >\n\n<p style=\"text-align: right;\">PARA VER EL REGLAMENTO AUDIENCIA P\u00daBLICA VIGENCIA 2018 VAYA AL SIGUIENTE ENLACE<\/p>\n\n<\/div><\/div>\n<div class=\"col medium-4 small-12 large-4\"  ><div class=\"col-inner\"  >\n\n<a data-animate=\"fadeInLeft\" href=\"https:\/\/hsdp.gov.co\/portal\/reglamento-audiencia-publica-vigencia-2018_2\/\" target=\"_self\" class=\"button primary expand\"  >\n    <span>REGLAMENTO<\/span>\n  <i class=\"icon-angle-right\" ><\/i><\/a>\n\n\n<div class=\"gap-element clearfix\" style=\"display:block; height:auto; padding-top:52px\"><\/div>\n\n\n<\/div><\/div>\n\n<\/div>\n<div class=\"row\"  id=\"row-1822716993\">\n\n<div class=\"col medium-6 small-12 large-6\"  ><div class=\"col-inner\"  >\n\n<p style=\"text-align: right;\">CRONOGRAMA AUDIENCIA P\u00daBLICA<\/p>\n\n<\/div><\/div>\n<div class=\"col medium-4 small-12 large-4\"  ><div class=\"col-inner\"  >\n\n<a data-animate=\"fadeInLeft\" rel=\"noopener noreferrer\" href=\"https:\/\/hsdp.gov.co\/portal\/wp-content\/uploads\/2019\/06\/CRONOGRAMA-AUDIENCIA-P\u00daBLICA-RENDICI\u00d3N-DE-CUENTAS-VIGENCIA-2018-FIRMADO-ULTIMO.pdf\" target=\"_blank\" class=\"button primary expand\"  >\n    <span>DESARGAR<\/span>\n  <i class=\"icon-angle-right\" ><\/i><\/a>\n\n\n\n<\/div><\/div>\n\n<\/div>\n\n<\/div><\/div>\n\n<\/div>\n","protected":false},"excerpt":{"rendered":"","protected":false},"author":1,"featured_media":0,"parent":0,"menu_order":0,"comment_status":"closed","ping_status":"closed","template":"","meta":{"footnotes":""},"_links":{"self":[{"href":"https:\/\/hsdp.gov.co\/portal\/wp-json\/wp\/v2\/pages\/347"}],"collection":[{"href":"https:\/\/hsdp.gov.co\/portal\/wp-json\/wp\/v2\/pages"}],"about":[{"href":"https:\/\/hsdp.gov.co\/portal\/wp-json\/wp\/v2\/types\/page"}],"author":[{"embeddable":true,"href":"https:\/\/hsdp.gov.co\/portal\/wp-json\/wp\/v2\/users\/1"}],"replies":[{"embeddable":true,"href":"https:\/\/hsdp.gov.co\/portal\/wp-json\/wp\/v2\/comments?post=347"}],"version-history":[{"count":23,"href":"https:\/\/hsdp.gov.co\/portal\/wp-json\/wp\/v2\/pages\/347\/revisions"}],"predecessor-version":[{"id":6044,"href":"https:\/\/hsdp.gov.co\/portal\/wp-json\/wp\/v2\/pages\/347\/revisions\/6044"}],"wp:attachment":[{"href":"https:\/\/hsdp.gov.co\/portal\/wp-json\/wp\/v2\/media?parent=347"}],"curies":[{"name":"wp","href":"https:\/\/api.w.org\/{rel}","templated":true}]}}