{"id":3438,"date":"2021-01-16T19:12:00","date_gmt":"2021-01-16T18:12:00","guid":{"rendered":"http:\/\/hsdp.gov.co\/portal\/?page_id=3438"},"modified":"2021-01-22T17:09:19","modified_gmt":"2021-01-22T16:09:19","slug":"politica-de-participacion-social-mutiscua","status":"publish","type":"page","link":"https:\/\/hsdp.gov.co\/portal\/politica-de-participacion-social-mutiscua\/","title":{"rendered":"Pol\u00edtica de Participaci\u00f3n Social Mut\u00edscua"},"content":{"rendered":"\n<p>Evidencias<\/p>\n\n\n\n<div class=\"wp-block-file\"><a href=\"https:\/\/hsdp.gov.co\/portal\/wp-content\/uploads\/2021\/01\/101-RECURSO-HUMANO-PARA-LA-PPSS.pdf\">101-RECURSO-HUMANO-PARA-LA-PPSS<\/a><a href=\"https:\/\/hsdp.gov.co\/portal\/wp-content\/uploads\/2021\/01\/101-RECURSO-HUMANO-PARA-LA-PPSS.pdf\" class=\"wp-block-file__button\" download>Descarga<\/a><\/div>\n\n\n\n<div class=\"wp-block-file\"><a href=\"https:\/\/hsdp.gov.co\/portal\/wp-content\/uploads\/2021\/01\/102-ACTA-SOCIALIZACION-MANUAL-FUNCIONARIOS-CENTROS-DE-SALUD.pdf\">102-ACTA-SOCIALIZACION-MANUAL-FUNCIONARIOS-CENTROS-DE-SALUD<\/a><a href=\"https:\/\/hsdp.gov.co\/portal\/wp-content\/uploads\/2021\/01\/102-ACTA-SOCIALIZACION-MANUAL-FUNCIONARIOS-CENTROS-DE-SALUD.pdf\" class=\"wp-block-file__button\" download>Descarga<\/a><\/div>\n\n\n\n<div class=\"wp-block-file\"><a href=\"https:\/\/hsdp.gov.co\/portal\/wp-content\/uploads\/2021\/01\/102-ACTA-SOCIALIZACION-MANUAL-FUNCIONARIOS.pdf\">102-ACTA-SOCIALIZACION-MANUAL-FUNCIONARIOS<\/a><a href=\"https:\/\/hsdp.gov.co\/portal\/wp-content\/uploads\/2021\/01\/102-ACTA-SOCIALIZACION-MANUAL-FUNCIONARIOS.pdf\" class=\"wp-block-file__button\" download>Descarga<\/a><\/div>\n\n\n\n<div class=\"wp-block-file\"><a href=\"https:\/\/hsdp.gov.co\/portal\/wp-content\/uploads\/2021\/01\/103-GMAIL-CONVENIO-HOSPITAL-SENA.pdf\">103-GMAIL-CONVENIO-HOSPITAL-SENA<\/a><a href=\"https:\/\/hsdp.gov.co\/portal\/wp-content\/uploads\/2021\/01\/103-GMAIL-CONVENIO-HOSPITAL-SENA.pdf\" class=\"wp-block-file__button\" download>Descarga<\/a><\/div>\n\n\n\n<div class=\"wp-block-file\"><a href=\"https:\/\/hsdp.gov.co\/portal\/wp-content\/uploads\/2021\/01\/104-SALUD-PUBLICA-.pdf\">104-SALUD-PUBLICA-<\/a><a href=\"https:\/\/hsdp.gov.co\/portal\/wp-content\/uploads\/2021\/01\/104-SALUD-PUBLICA-.pdf\" class=\"wp-block-file__button\" download>Descarga<\/a><\/div>\n\n\n\n<div class=\"wp-block-file\"><a href=\"https:\/\/hsdp.gov.co\/portal\/wp-content\/uploads\/2021\/01\/154-CTSSS-CHITAGA-2020-SP-1-1.pdf\">104-CTSSS-CHITAGA-2020-SP-1-1<\/a><a href=\"https:\/\/hsdp.gov.co\/portal\/wp-content\/uploads\/2021\/01\/154-CTSSS-CHITAGA-2020-SP-1-1.pdf\" class=\"wp-block-file__button\" download>Descarga<\/a><\/div>\n\n\n\n<div class=\"wp-block-file\"><a href=\"https:\/\/hsdp.gov.co\/portal\/wp-content\/uploads\/2021\/01\/105-ACTA-SOCIALIZACION-ENFOQUE-DIFERENCIAL.pdf\">105-ACTA-SOCIALIZACION-ENFOQUE-DIFERENCIAL<\/a><a href=\"https:\/\/hsdp.gov.co\/portal\/wp-content\/uploads\/2021\/01\/105-ACTA-SOCIALIZACION-ENFOQUE-DIFERENCIAL.pdf\" class=\"wp-block-file__button\" download>Descarga<\/a><\/div>\n\n\n\n<div class=\"wp-block-file\"><a href=\"https:\/\/hsdp.gov.co\/portal\/wp-content\/uploads\/2021\/01\/105-ENFOQUE-DIFERENCIAL-MANUAL-DEL-USUARIO.pdf\">105-ENFOQUE-DIFERENCIAL-MANUAL-DEL-USUARIO<\/a><a href=\"https:\/\/hsdp.gov.co\/portal\/wp-content\/uploads\/2021\/01\/105-ENFOQUE-DIFERENCIAL-MANUAL-DEL-USUARIO.pdf\" class=\"wp-block-file__button\" download>Descarga<\/a><\/div>\n\n\n\n<div class=\"wp-block-file\"><a href=\"https:\/\/hsdp.gov.co\/portal\/wp-content\/uploads\/2021\/01\/106-ACTA-ENCUENTRO-ALIANZA.pdf\">106-ACTA-ENCUENTRO-ALIANZA<\/a><a href=\"https:\/\/hsdp.gov.co\/portal\/wp-content\/uploads\/2021\/01\/106-ACTA-ENCUENTRO-ALIANZA.pdf\" class=\"wp-block-file__button\" download>Descarga<\/a><\/div>\n\n\n\n<div class=\"wp-block-file\"><a href=\"https:\/\/hsdp.gov.co\/portal\/wp-content\/uploads\/2021\/01\/106-ACTA-REUNION-USUARIOS.pdf\">106-ACTA-REUNION-USUARIOS<\/a><a href=\"https:\/\/hsdp.gov.co\/portal\/wp-content\/uploads\/2021\/01\/106-ACTA-REUNION-USUARIOS.pdf\" class=\"wp-block-file__button\" download>Descarga<\/a><\/div>\n\n\n\n<div class=\"wp-block-file\"><a href=\"https:\/\/hsdp.gov.co\/portal\/wp-content\/uploads\/2021\/01\/106-ACTA-SOCIALIZACION-DERECHOS-Y-DEBERES-ALIANZA.pdf\">106-ACTA-SOCIALIZACION-DERECHOS-Y-DEBERES-ALIANZA<\/a><a href=\"https:\/\/hsdp.gov.co\/portal\/wp-content\/uploads\/2021\/01\/106-ACTA-SOCIALIZACION-DERECHOS-Y-DEBERES-ALIANZA.pdf\" class=\"wp-block-file__button\" download>Descarga<\/a><\/div>\n\n\n\n<div class=\"wp-block-file\"><a href=\"https:\/\/hsdp.gov.co\/portal\/wp-content\/uploads\/2021\/01\/108-SOCIALIZACION-PAGINA-WEB-ALIANZA.pdf\">108-SOCIALIZACION-PAGINA-WEB-ALIANZA<\/a><a href=\"https:\/\/hsdp.gov.co\/portal\/wp-content\/uploads\/2021\/01\/108-SOCIALIZACION-PAGINA-WEB-ALIANZA.pdf\" class=\"wp-block-file__button\" download>Descarga<\/a><\/div>\n\n\n\n<div class=\"wp-block-file\"><a href=\"https:\/\/hsdp.gov.co\/portal\/wp-content\/uploads\/2021\/01\/110-ASISTENCIA-CONFORMACION-DE-VEEDURIAS.pdf\">110-ASISTENCIA-CONFORMACION-DE-VEEDURIAS<\/a><a href=\"https:\/\/hsdp.gov.co\/portal\/wp-content\/uploads\/2021\/01\/110-ASISTENCIA-CONFORMACION-DE-VEEDURIAS.pdf\" class=\"wp-block-file__button\" download>Descarga<\/a><\/div>\n\n\n\n<div class=\"wp-block-file\"><a href=\"https:\/\/hsdp.gov.co\/portal\/wp-content\/uploads\/2021\/01\/110-PUBLICIDAD-VEEDURIA.pdf\">110-PUBLICIDAD-VEEDURIA<\/a><a href=\"https:\/\/hsdp.gov.co\/portal\/wp-content\/uploads\/2021\/01\/110-PUBLICIDAD-VEEDURIA.pdf\" class=\"wp-block-file__button\" download>Descarga<\/a><\/div>\n\n\n\n<div class=\"wp-block-file\"><a href=\"https:\/\/hsdp.gov.co\/portal\/wp-content\/uploads\/2021\/01\/111-ENCUENTRO-ALIANZA.pdf\">111-ENCUENTRO-ALIANZA<\/a><a href=\"https:\/\/hsdp.gov.co\/portal\/wp-content\/uploads\/2021\/01\/111-ENCUENTRO-ALIANZA.pdf\" class=\"wp-block-file__button\" download>Descarga<\/a><\/div>\n\n\n\n<div class=\"wp-block-file\"><a href=\"https:\/\/hsdp.gov.co\/portal\/wp-content\/uploads\/2021\/01\/111-REUNION-ALIANZA.pdf\">111-REUNION-ALIANZA<\/a><a href=\"https:\/\/hsdp.gov.co\/portal\/wp-content\/uploads\/2021\/01\/111-REUNION-ALIANZA.pdf\" class=\"wp-block-file__button\" download>Descarga<\/a><\/div>\n\n\n\n<div class=\"wp-block-file\"><a href=\"https:\/\/hsdp.gov.co\/portal\/wp-content\/uploads\/2021\/01\/112-PYP-MUTISCUA.pdf\">112-PYP-MUTISCUA<\/a><a href=\"https:\/\/hsdp.gov.co\/portal\/wp-content\/uploads\/2021\/01\/112-PYP-MUTISCUA.pdf\" class=\"wp-block-file__button\" download>Descarga<\/a><\/div>\n\n\n\n<div class=\"wp-block-file\"><a href=\"https:\/\/hsdp.gov.co\/portal\/wp-content\/uploads\/2021\/01\/113-SALUD-PUBLICA.pdf\">113-SALUD-PUBLICA<\/a><a href=\"https:\/\/hsdp.gov.co\/portal\/wp-content\/uploads\/2021\/01\/113-SALUD-PUBLICA.pdf\" class=\"wp-block-file__button\" download>Descarga<\/a><\/div>\n\n\n\n<div class=\"wp-block-file\"><a href=\"https:\/\/hsdp.gov.co\/portal\/wp-content\/uploads\/2021\/01\/114-STAND-INFORMATIVO-PYP-MUTISCUA.pdf\">114-STAND-INFORMATIVO-PYP-MUTISCUA<\/a><a href=\"https:\/\/hsdp.gov.co\/portal\/wp-content\/uploads\/2021\/01\/114-STAND-INFORMATIVO-PYP-MUTISCUA.pdf\" class=\"wp-block-file__button\" download>Descarga<\/a><\/div>\n\n\n\n<div class=\"wp-block-file\"><a href=\"https:\/\/hsdp.gov.co\/portal\/wp-content\/uploads\/2021\/01\/115-SALUD-PUBLICA.pdf\">115-SALUD-PUBLICA<\/a><a href=\"https:\/\/hsdp.gov.co\/portal\/wp-content\/uploads\/2021\/01\/115-SALUD-PUBLICA.pdf\" class=\"wp-block-file__button\" download>Descarga<\/a><\/div>\n\n\n\n<div class=\"wp-block-file\"><a href=\"https:\/\/hsdp.gov.co\/portal\/wp-content\/uploads\/2021\/01\/116-SALUD-PUBLICA.pdf\">116-SALUD-PUBLICA<\/a><a href=\"https:\/\/hsdp.gov.co\/portal\/wp-content\/uploads\/2021\/01\/116-SALUD-PUBLICA.pdf\" class=\"wp-block-file__button\" download>Descarga<\/a><\/div>\n\n\n\n<div class=\"wp-block-file\"><a href=\"https:\/\/hsdp.gov.co\/portal\/wp-content\/uploads\/2021\/01\/117-ASISTENCIA-RENDICION-DE-CUENTAS.pdf\">117-ASISTENCIA-RENDICION-DE-CUENTAS<\/a><a href=\"https:\/\/hsdp.gov.co\/portal\/wp-content\/uploads\/2021\/01\/117-ASISTENCIA-RENDICION-DE-CUENTAS.pdf\" class=\"wp-block-file__button\" download>Descarga<\/a><\/div>\n\n\n\n<div class=\"wp-block-file\"><a href=\"https:\/\/hsdp.gov.co\/portal\/wp-content\/uploads\/2021\/01\/117-INVITACION-RENDICION-DE-CUENTAS.pdf\">117-INVITACION-RENDICION-DE-CUENTAS<\/a><a href=\"https:\/\/hsdp.gov.co\/portal\/wp-content\/uploads\/2021\/01\/117-INVITACION-RENDICION-DE-CUENTAS.pdf\" class=\"wp-block-file__button\" download>Descarga<\/a><\/div>\n\n\n\n<div class=\"wp-block-file\"><a href=\"https:\/\/hsdp.gov.co\/portal\/wp-content\/uploads\/2021\/01\/117-PUBLICIDAD-RENDICION-DE-CUENTAS.pdf\">117-PUBLICIDAD-RENDICION-DE-CUENTAS<\/a><a href=\"https:\/\/hsdp.gov.co\/portal\/wp-content\/uploads\/2021\/01\/117-PUBLICIDAD-RENDICION-DE-CUENTAS.pdf\" class=\"wp-block-file__button\" download>Descarga<\/a><\/div>\n\n\n\n<div class=\"wp-block-file\"><a href=\"https:\/\/hsdp.gov.co\/portal\/wp-content\/uploads\/2021\/01\/118-PAGINA-WEB.pdf\">118-PAGINA-WEB<\/a><a href=\"https:\/\/hsdp.gov.co\/portal\/wp-content\/uploads\/2021\/01\/118-PAGINA-WEB.pdf\" class=\"wp-block-file__button\" download>Descarga<\/a><\/div>\n\n\n\n<div class=\"wp-block-file\"><a href=\"https:\/\/hsdp.gov.co\/portal\/wp-content\/uploads\/2021\/01\/119-CONFORMACION-VEEDURIA-BLOQUE.pdf\">119-CONFORMACION-VEEDURIA-BLOQUE<\/a><a href=\"https:\/\/hsdp.gov.co\/portal\/wp-content\/uploads\/2021\/01\/119-CONFORMACION-VEEDURIA-BLOQUE.pdf\" class=\"wp-block-file__button\" download>Descarga<\/a><\/div>\n\n\n\n<div class=\"wp-block-file\"><a href=\"https:\/\/hsdp.gov.co\/portal\/wp-content\/uploads\/2021\/01\/120-ACTA-COMITE-VEEDOR-PARA-COMPRAS-REMODELACIONES-Y-OTROS-PROYECTOS-DE-MENOR-CUANTIA.pdf\">120-ACTA-COMITE-VEEDOR-PARA-COMPRAS-REMODELACIONES-Y-OTROS-PROYECTOS-DE-MENOR-CUANTIA<\/a><a href=\"https:\/\/hsdp.gov.co\/portal\/wp-content\/uploads\/2021\/01\/120-ACTA-COMITE-VEEDOR-PARA-COMPRAS-REMODELACIONES-Y-OTROS-PROYECTOS-DE-MENOR-CUANTIA.pdf\" class=\"wp-block-file__button\" download>Descarga<\/a><\/div>\n\n\n\n<div class=\"wp-block-file\"><a href=\"https:\/\/hsdp.gov.co\/portal\/wp-content\/uploads\/2021\/01\/121-PANTALLAZOS-COMITE-DE-ETICA.pdf\">121-PANTALLAZOS-COMITE-DE-ETICA<\/a><a href=\"https:\/\/hsdp.gov.co\/portal\/wp-content\/uploads\/2021\/01\/121-PANTALLAZOS-COMITE-DE-ETICA.pdf\" class=\"wp-block-file__button\" download>Descarga<\/a><\/div>\n\n\n\n<div class=\"wp-block-file\"><a href=\"https:\/\/hsdp.gov.co\/portal\/wp-content\/uploads\/2021\/01\/122-RENDICION-DE-CUENTAS-FACEBOOK.pdf\">122-RENDICION-DE-CUENTAS-FACEBOOK<\/a><a href=\"https:\/\/hsdp.gov.co\/portal\/wp-content\/uploads\/2021\/01\/122-RENDICION-DE-CUENTAS-FACEBOOK.pdf\" class=\"wp-block-file__button\" download>Descarga<\/a><\/div>\n\n\n\n<div class=\"wp-block-file\"><a href=\"https:\/\/hsdp.gov.co\/portal\/wp-content\/uploads\/2021\/01\/123-PLAN-MEJORA-RENDICION-DE-CUENTAS.pdf\">123-PLAN-MEJORA-RENDICION-DE-CUENTAS<\/a><a href=\"https:\/\/hsdp.gov.co\/portal\/wp-content\/uploads\/2021\/01\/123-PLAN-MEJORA-RENDICION-DE-CUENTAS.pdf\" class=\"wp-block-file__button\" download>Descarga<\/a><\/div>\n\n\n\n<div class=\"wp-block-file\"><a href=\"https:\/\/hsdp.gov.co\/portal\/wp-content\/uploads\/2021\/01\/124-PANTALLAZO-COMITE-DE-ETICA.pdf\">124-PANTALLAZO-COMITE-DE-ETICA<\/a><a href=\"https:\/\/hsdp.gov.co\/portal\/wp-content\/uploads\/2021\/01\/124-PANTALLAZO-COMITE-DE-ETICA.pdf\" class=\"wp-block-file__button\" download>Descarga<\/a><\/div>\n\n\n\n<div class=\"wp-block-file\"><a href=\"https:\/\/hsdp.gov.co\/portal\/wp-content\/uploads\/2021\/01\/125-CONSOLIDADO-QRSF-ABRIL-A-JUNIO-DE-2020.pdf\">125-CONSOLIDADO-QRSF-ABRIL-A-JUNIO-DE-2020<\/a><a href=\"https:\/\/hsdp.gov.co\/portal\/wp-content\/uploads\/2021\/01\/125-CONSOLIDADO-QRSF-ABRIL-A-JUNIO-DE-2020.pdf\" class=\"wp-block-file__button\" download>Descarga<\/a><\/div>\n\n\n\n<div class=\"wp-block-file\"><a href=\"https:\/\/hsdp.gov.co\/portal\/wp-content\/uploads\/2021\/01\/125-CONSOLIDADO-QRSF-JULIO-A-SEPTIEMBRE-DE-2020.pdf\">125-CONSOLIDADO-QRSF-JULIO-A-SEPTIEMBRE-DE-2020<\/a><a href=\"https:\/\/hsdp.gov.co\/portal\/wp-content\/uploads\/2021\/01\/125-CONSOLIDADO-QRSF-JULIO-A-SEPTIEMBRE-DE-2020.pdf\" class=\"wp-block-file__button\" download>Descarga<\/a><\/div>\n\n\n\n<div class=\"wp-block-file\"><a href=\"https:\/\/hsdp.gov.co\/portal\/wp-content\/uploads\/2021\/01\/125-CONSOLIDADO-QRSF-OCTUBRE-A-DICIEMBRE-DE-2020.pdf\">125-CONSOLIDADO-QRSF-OCTUBRE-A-DICIEMBRE-DE-2020<\/a><a href=\"https:\/\/hsdp.gov.co\/portal\/wp-content\/uploads\/2021\/01\/125-CONSOLIDADO-QRSF-OCTUBRE-A-DICIEMBRE-DE-2020.pdf\" class=\"wp-block-file__button\" download>Descarga<\/a><\/div>\n","protected":false},"excerpt":{"rendered":"<p>Evidencias<\/p>\n","protected":false},"author":1,"featured_media":0,"parent":0,"menu_order":0,"comment_status":"closed","ping_status":"closed","template":"","meta":{"footnotes":""},"_links":{"self":[{"href":"https:\/\/hsdp.gov.co\/portal\/wp-json\/wp\/v2\/pages\/3438"}],"collection":[{"href":"https:\/\/hsdp.gov.co\/portal\/wp-json\/wp\/v2\/pages"}],"about":[{"href":"https:\/\/hsdp.gov.co\/portal\/wp-json\/wp\/v2\/types\/page"}],"author":[{"embeddable":true,"href":"https:\/\/hsdp.gov.co\/portal\/wp-json\/wp\/v2\/users\/1"}],"replies":[{"embeddable":true,"href":"https:\/\/hsdp.gov.co\/portal\/wp-json\/wp\/v2\/comments?post=3438"}],"version-history":[{"count":5,"href":"https:\/\/hsdp.gov.co\/portal\/wp-json\/wp\/v2\/pages\/3438\/revisions"}],"predecessor-version":[{"id":3645,"href":"https:\/\/hsdp.gov.co\/portal\/wp-json\/wp\/v2\/pages\/3438\/revisions\/3645"}],"wp:attachment":[{"href":"https:\/\/hsdp.gov.co\/portal\/wp-json\/wp\/v2\/media?parent=3438"}],"curies":[{"name":"wp","href":"https:\/\/api.w.org\/{rel}","templated":true}]}}