{"id":3373,"date":"2021-01-16T18:53:52","date_gmt":"2021-01-16T17:53:52","guid":{"rendered":"http:\/\/hsdp.gov.co\/portal\/?page_id=3373"},"modified":"2021-01-22T17:03:33","modified_gmt":"2021-01-22T16:03:33","slug":"poitica-de-participacion-social-chitaga","status":"publish","type":"page","link":"https:\/\/hsdp.gov.co\/portal\/poitica-de-participacion-social-chitaga\/","title":{"rendered":"Pol\u00edtica de Participaci\u00f3n Social Chitag\u00e1"},"content":{"rendered":"\n<p>Evidencias<\/p>\n\n\n\n<div class=\"wp-block-file\"><a href=\"https:\/\/hsdp.gov.co\/portal\/wp-content\/uploads\/2021\/01\/51-RECURSO-HUMANO-PARA-LA-PPSS.pdf\">51-RECURSO-HUMANO-PARA-LA-PPSS<\/a><a href=\"https:\/\/hsdp.gov.co\/portal\/wp-content\/uploads\/2021\/01\/51-RECURSO-HUMANO-PARA-LA-PPSS.pdf\" class=\"wp-block-file__button\" download>Descarga<\/a><\/div>\n\n\n\n<div class=\"wp-block-file\"><a href=\"https:\/\/hsdp.gov.co\/portal\/wp-content\/uploads\/2021\/01\/52-ACTA-SOCIALIZACION-MANUAL-FUNCIONARIOS-CENTROS-DE-SALUD.pdf\">52-ACTA-SOCIALIZACION-MANUAL-FUNCIONARIOS-CENTROS-DE-SALUD<\/a><a href=\"https:\/\/hsdp.gov.co\/portal\/wp-content\/uploads\/2021\/01\/52-ACTA-SOCIALIZACION-MANUAL-FUNCIONARIOS-CENTROS-DE-SALUD.pdf\" class=\"wp-block-file__button\" download>Descarga<\/a><\/div>\n\n\n\n<div class=\"wp-block-file\"><a href=\"https:\/\/hsdp.gov.co\/portal\/wp-content\/uploads\/2021\/01\/52-ACTA-SOCIALIZACION-MANUAL-FUNCIONARIOS.pdf\">52-ACTA-SOCIALIZACION-MANUAL-FUNCIONARIOS<\/a><a href=\"https:\/\/hsdp.gov.co\/portal\/wp-content\/uploads\/2021\/01\/52-ACTA-SOCIALIZACION-MANUAL-FUNCIONARIOS.pdf\" class=\"wp-block-file__button\" download>Descarga<\/a><\/div>\n\n\n\n<div class=\"wp-block-file\"><a href=\"https:\/\/hsdp.gov.co\/portal\/wp-content\/uploads\/2021\/01\/53-GMAIL-CONVENIO-HOSPITAL-SENA.pdf\">53-GMAIL-CONVENIO-HOSPITAL-SENA<\/a><a href=\"https:\/\/hsdp.gov.co\/portal\/wp-content\/uploads\/2021\/01\/53-GMAIL-CONVENIO-HOSPITAL-SENA.pdf\" class=\"wp-block-file__button\" download>Descarga<\/a><\/div>\n\n\n\n<div class=\"wp-block-file\"><a href=\"https:\/\/hsdp.gov.co\/portal\/wp-content\/uploads\/2021\/01\/154-CTSSS-CHITAGA-2020-SP-.pdf\">54-CTSSS-CHITAGA-2020-SP-<\/a><a href=\"https:\/\/hsdp.gov.co\/portal\/wp-content\/uploads\/2021\/01\/154-CTSSS-CHITAGA-2020-SP-.pdf\" class=\"wp-block-file__button\" download>Descarga<\/a><\/div>\n\n\n\n<div class=\"wp-block-file\"><a href=\"https:\/\/hsdp.gov.co\/portal\/wp-content\/uploads\/2021\/01\/54-SALUD-PUBLICA.pdf\">54-SALUD-PUBLICA<\/a><a href=\"https:\/\/hsdp.gov.co\/portal\/wp-content\/uploads\/2021\/01\/54-SALUD-PUBLICA.pdf\" class=\"wp-block-file__button\" download>Descarga<\/a><\/div>\n\n\n\n<div class=\"wp-block-file\"><a href=\"https:\/\/hsdp.gov.co\/portal\/wp-content\/uploads\/2021\/01\/55-ACTA-SOCIALIZACION-ENFOQUE-DIFERENCIAL.pdf\">55-ACTA-SOCIALIZACION-ENFOQUE-DIFERENCIAL<\/a><a href=\"https:\/\/hsdp.gov.co\/portal\/wp-content\/uploads\/2021\/01\/55-ACTA-SOCIALIZACION-ENFOQUE-DIFERENCIAL.pdf\" class=\"wp-block-file__button\" download>Descarga<\/a><\/div>\n\n\n\n<div class=\"wp-block-file\"><a href=\"https:\/\/hsdp.gov.co\/portal\/wp-content\/uploads\/2021\/01\/55-ENFOQUE-DIFERENCIAL-MANUAL-DEL-USUARIO.pdf\">55-ENFOQUE-DIFERENCIAL-MANUAL-DEL-USUARIO<\/a><a href=\"https:\/\/hsdp.gov.co\/portal\/wp-content\/uploads\/2021\/01\/55-ENFOQUE-DIFERENCIAL-MANUAL-DEL-USUARIO.pdf\" class=\"wp-block-file__button\" download>Descarga<\/a><\/div>\n\n\n\n<div class=\"wp-block-file\"><a href=\"https:\/\/hsdp.gov.co\/portal\/wp-content\/uploads\/2021\/01\/56-ACTA-ENCUENTRO-ALIANZA.pdf\">56-ACTA-ENCUENTRO-ALIANZA<\/a><a href=\"https:\/\/hsdp.gov.co\/portal\/wp-content\/uploads\/2021\/01\/56-ACTA-ENCUENTRO-ALIANZA.pdf\" class=\"wp-block-file__button\" download>Descarga<\/a><\/div>\n\n\n\n<div class=\"wp-block-file\"><a href=\"https:\/\/hsdp.gov.co\/portal\/wp-content\/uploads\/2021\/01\/56-ACTA-REUNION-USUARIOS.pdf\">56-ACTA-REUNION-USUARIOS<\/a><a href=\"https:\/\/hsdp.gov.co\/portal\/wp-content\/uploads\/2021\/01\/56-ACTA-REUNION-USUARIOS.pdf\" class=\"wp-block-file__button\" download>Descarga<\/a><\/div>\n\n\n\n<div class=\"wp-block-file\"><a href=\"https:\/\/hsdp.gov.co\/portal\/wp-content\/uploads\/2021\/01\/56-ACTA-SOCIALIZACION-DERECHOS-Y-DEBERES-ALIANZA.pdf\">56-ACTA-SOCIALIZACION-DERECHOS-Y-DEBERES-ALIANZA<\/a><a href=\"https:\/\/hsdp.gov.co\/portal\/wp-content\/uploads\/2021\/01\/56-ACTA-SOCIALIZACION-DERECHOS-Y-DEBERES-ALIANZA.pdf\" class=\"wp-block-file__button\" download>Descarga<\/a><\/div>\n\n\n\n<div class=\"wp-block-file\"><a href=\"https:\/\/hsdp.gov.co\/portal\/wp-content\/uploads\/2021\/01\/58-SOCIALIZACION-PAGINA-WEB-ALIANZA.pdf\">58-SOCIALIZACION-PAGINA-WEB-ALIANZA<\/a><a href=\"https:\/\/hsdp.gov.co\/portal\/wp-content\/uploads\/2021\/01\/58-SOCIALIZACION-PAGINA-WEB-ALIANZA.pdf\" class=\"wp-block-file__button\" download>Descarga<\/a><\/div>\n\n\n\n<div class=\"wp-block-file\"><a href=\"https:\/\/hsdp.gov.co\/portal\/wp-content\/uploads\/2021\/01\/60-ASISTENCIA-CONFORMACION-DE-VEEDURIAS.pdf\">60-ASISTENCIA-CONFORMACION-DE-VEEDURIAS<\/a><a href=\"https:\/\/hsdp.gov.co\/portal\/wp-content\/uploads\/2021\/01\/60-ASISTENCIA-CONFORMACION-DE-VEEDURIAS.pdf\" class=\"wp-block-file__button\" download>Descarga<\/a><\/div>\n\n\n\n<div class=\"wp-block-file\"><a href=\"https:\/\/hsdp.gov.co\/portal\/wp-content\/uploads\/2021\/01\/60-PUBLICIDAD-VEEDURIA.pdf\">60-PUBLICIDAD-VEEDURIA<\/a><a href=\"https:\/\/hsdp.gov.co\/portal\/wp-content\/uploads\/2021\/01\/60-PUBLICIDAD-VEEDURIA.pdf\" class=\"wp-block-file__button\" download>Descarga<\/a><\/div>\n\n\n\n<div class=\"wp-block-file\"><a href=\"https:\/\/hsdp.gov.co\/portal\/wp-content\/uploads\/2021\/01\/61-ENCUENTRO-ALIANZA.pdf\">61-ENCUENTRO-ALIANZA<\/a><a href=\"https:\/\/hsdp.gov.co\/portal\/wp-content\/uploads\/2021\/01\/61-ENCUENTRO-ALIANZA.pdf\" class=\"wp-block-file__button\" download>Descarga<\/a><\/div>\n\n\n\n<div class=\"wp-block-file\"><a href=\"https:\/\/hsdp.gov.co\/portal\/wp-content\/uploads\/2021\/01\/61-REUNION-ALIANZA.pdf\">61-REUNION-ALIANZA<\/a><a href=\"https:\/\/hsdp.gov.co\/portal\/wp-content\/uploads\/2021\/01\/61-REUNION-ALIANZA.pdf\" class=\"wp-block-file__button\" download>Descarga<\/a><\/div>\n\n\n\n<div class=\"wp-block-file\"><a href=\"https:\/\/hsdp.gov.co\/portal\/wp-content\/uploads\/2021\/01\/62-PYP-CHITAGA.pdf\">62-PYP-CHITAGA<\/a><a href=\"https:\/\/hsdp.gov.co\/portal\/wp-content\/uploads\/2021\/01\/62-PYP-CHITAGA.pdf\" class=\"wp-block-file__button\" download>Descarga<\/a><\/div>\n\n\n\n<div class=\"wp-block-file\"><a href=\"https:\/\/hsdp.gov.co\/portal\/wp-content\/uploads\/2021\/01\/63-SALUD-PUBLICA.pdf\">63-SALUD-PUBLICA<\/a><a href=\"https:\/\/hsdp.gov.co\/portal\/wp-content\/uploads\/2021\/01\/63-SALUD-PUBLICA.pdf\" class=\"wp-block-file__button\" download>Descarga<\/a><\/div>\n\n\n\n<div class=\"wp-block-file\"><a href=\"https:\/\/hsdp.gov.co\/portal\/wp-content\/uploads\/2021\/01\/64-STAND-INFORMATIVO-PYP-CHITAGA.pdf\">64-STAND-INFORMATIVO-PYP-CHITAGA<\/a><a href=\"https:\/\/hsdp.gov.co\/portal\/wp-content\/uploads\/2021\/01\/64-STAND-INFORMATIVO-PYP-CHITAGA.pdf\" class=\"wp-block-file__button\" download>Descarga<\/a><\/div>\n\n\n\n<div class=\"wp-block-file\"><a href=\"https:\/\/hsdp.gov.co\/portal\/wp-content\/uploads\/2021\/01\/65-SALUD-PUBLICA.pdf\">65-SALUD-PUBLICA<\/a><a href=\"https:\/\/hsdp.gov.co\/portal\/wp-content\/uploads\/2021\/01\/65-SALUD-PUBLICA.pdf\" class=\"wp-block-file__button\" download>Descarga<\/a><\/div>\n\n\n\n<div class=\"wp-block-file\"><a href=\"https:\/\/hsdp.gov.co\/portal\/wp-content\/uploads\/2021\/01\/66-SALUD-PUBLICA.pdf\">66-SALUD-PUBLICA<\/a><a href=\"https:\/\/hsdp.gov.co\/portal\/wp-content\/uploads\/2021\/01\/66-SALUD-PUBLICA.pdf\" class=\"wp-block-file__button\" download>Descarga<\/a><\/div>\n\n\n\n<div class=\"wp-block-file\"><a href=\"https:\/\/hsdp.gov.co\/portal\/wp-content\/uploads\/2021\/01\/67-ASISTENCIA-RENDICION-DE-CUENTAS.pdf\">67-ASISTENCIA-RENDICION-DE-CUENTAS<\/a><a href=\"https:\/\/hsdp.gov.co\/portal\/wp-content\/uploads\/2021\/01\/67-ASISTENCIA-RENDICION-DE-CUENTAS.pdf\" class=\"wp-block-file__button\" download>Descarga<\/a><\/div>\n\n\n\n<div class=\"wp-block-file\"><a href=\"https:\/\/hsdp.gov.co\/portal\/wp-content\/uploads\/2021\/01\/67-INVITACION-RENDICION-DE-CUENTAS.pdf\">67-INVITACION-RENDICION-DE-CUENTAS<\/a><a href=\"https:\/\/hsdp.gov.co\/portal\/wp-content\/uploads\/2021\/01\/67-INVITACION-RENDICION-DE-CUENTAS.pdf\" class=\"wp-block-file__button\" download>Descarga<\/a><\/div>\n\n\n\n<div class=\"wp-block-file\"><a href=\"https:\/\/hsdp.gov.co\/portal\/wp-content\/uploads\/2021\/01\/67-PUBLICIDAD-RENDICION-DE-CUENTAS.pdf\">67-PUBLICIDAD-RENDICION-DE-CUENTAS<\/a><a href=\"https:\/\/hsdp.gov.co\/portal\/wp-content\/uploads\/2021\/01\/67-PUBLICIDAD-RENDICION-DE-CUENTAS.pdf\" class=\"wp-block-file__button\" download>Descarga<\/a><\/div>\n\n\n\n<div class=\"wp-block-file\"><a href=\"https:\/\/hsdp.gov.co\/portal\/wp-content\/uploads\/2021\/01\/68-PAGINA-WEB.pdf\">68-PAGINA-WEB<\/a><a href=\"https:\/\/hsdp.gov.co\/portal\/wp-content\/uploads\/2021\/01\/68-PAGINA-WEB.pdf\" class=\"wp-block-file__button\" download>Descarga<\/a><\/div>\n\n\n\n<div class=\"wp-block-file\"><a href=\"https:\/\/hsdp.gov.co\/portal\/wp-content\/uploads\/2021\/01\/69-CONFORMACION-VEEDURIA-BLOQUE.pdf\">69-CONFORMACION-VEEDURIA-BLOQUE<\/a><a href=\"https:\/\/hsdp.gov.co\/portal\/wp-content\/uploads\/2021\/01\/69-CONFORMACION-VEEDURIA-BLOQUE.pdf\" class=\"wp-block-file__button\" download>Descarga<\/a><\/div>\n\n\n\n<div class=\"wp-block-file\"><a href=\"https:\/\/hsdp.gov.co\/portal\/wp-content\/uploads\/2021\/01\/70-ACTA-COMITE-VEEDOR-PARA-COMPRAS-REMODELACIONES-Y-OTROS-PROYECTOS-DE-MENOR-CUANTIA.pdf\">70-ACTA-COMITE-VEEDOR-PARA-COMPRAS-REMODELACIONES-Y-OTROS-PROYECTOS-DE-MENOR-CUANTIA<\/a><a href=\"https:\/\/hsdp.gov.co\/portal\/wp-content\/uploads\/2021\/01\/70-ACTA-COMITE-VEEDOR-PARA-COMPRAS-REMODELACIONES-Y-OTROS-PROYECTOS-DE-MENOR-CUANTIA.pdf\" class=\"wp-block-file__button\" download>Descarga<\/a><\/div>\n\n\n\n<div class=\"wp-block-file\"><a href=\"https:\/\/hsdp.gov.co\/portal\/wp-content\/uploads\/2021\/01\/71-PANTALLAZOS-COMITE-DE-ETICA.pdf\">71-PANTALLAZOS-COMITE-DE-ETICA<\/a><a href=\"https:\/\/hsdp.gov.co\/portal\/wp-content\/uploads\/2021\/01\/71-PANTALLAZOS-COMITE-DE-ETICA.pdf\" class=\"wp-block-file__button\" download>Descarga<\/a><\/div>\n\n\n\n<div class=\"wp-block-file\"><a href=\"https:\/\/hsdp.gov.co\/portal\/wp-content\/uploads\/2021\/01\/72-RENDICION-DE-CUENTAS-FACEBOOK.pdf\">72-RENDICION-DE-CUENTAS-FACEBOOK<\/a><a href=\"https:\/\/hsdp.gov.co\/portal\/wp-content\/uploads\/2021\/01\/72-RENDICION-DE-CUENTAS-FACEBOOK.pdf\" class=\"wp-block-file__button\" download>Descarga<\/a><\/div>\n\n\n\n<div class=\"wp-block-file\"><a href=\"https:\/\/hsdp.gov.co\/portal\/wp-content\/uploads\/2021\/01\/73-PLAN-MEJORA-RENDICION-DE-CUENTAS.pdf\">73-PLAN-MEJORA-RENDICION-DE-CUENTAS<\/a><a href=\"https:\/\/hsdp.gov.co\/portal\/wp-content\/uploads\/2021\/01\/73-PLAN-MEJORA-RENDICION-DE-CUENTAS.pdf\" class=\"wp-block-file__button\" download>Descarga<\/a><\/div>\n\n\n\n<div class=\"wp-block-file\"><a href=\"https:\/\/hsdp.gov.co\/portal\/wp-content\/uploads\/2021\/01\/74-PANTALLAZO-COMITE-DE-ETICA.pdf\">74-PANTALLAZO-COMITE-DE-ETICA<\/a><a href=\"https:\/\/hsdp.gov.co\/portal\/wp-content\/uploads\/2021\/01\/74-PANTALLAZO-COMITE-DE-ETICA.pdf\" class=\"wp-block-file__button\" download>Descarga<\/a><\/div>\n\n\n\n<div class=\"wp-block-file\"><a href=\"https:\/\/hsdp.gov.co\/portal\/wp-content\/uploads\/2021\/01\/75-CONSOLIDADO-QRSF-ABRIL-A-JUNIO-DE-2020.pdf\">75-CONSOLIDADO-QRSF-ABRIL-A-JUNIO-DE-2020<\/a><a href=\"https:\/\/hsdp.gov.co\/portal\/wp-content\/uploads\/2021\/01\/75-CONSOLIDADO-QRSF-ABRIL-A-JUNIO-DE-2020.pdf\" class=\"wp-block-file__button\" download>Descarga<\/a><\/div>\n\n\n\n<div class=\"wp-block-file\"><a href=\"https:\/\/hsdp.gov.co\/portal\/wp-content\/uploads\/2021\/01\/75-CONSOLIDADO-QRSF-JULIO-A-SEPTIEMBRE-DE-2020.pdf\">75-CONSOLIDADO-QRSF-JULIO-A-SEPTIEMBRE-DE-2020<\/a><a href=\"https:\/\/hsdp.gov.co\/portal\/wp-content\/uploads\/2021\/01\/75-CONSOLIDADO-QRSF-JULIO-A-SEPTIEMBRE-DE-2020.pdf\" class=\"wp-block-file__button\" download>Descarga<\/a><\/div>\n\n\n\n<div class=\"wp-block-file\"><a href=\"https:\/\/hsdp.gov.co\/portal\/wp-content\/uploads\/2021\/01\/75-CONSOLIDADO-QRSF-OCTUBRE-A-DICIEMBRE-DE-2020.pdf\">75-CONSOLIDADO-QRSF-OCTUBRE-A-DICIEMBRE-DE-2020<\/a><a href=\"https:\/\/hsdp.gov.co\/portal\/wp-content\/uploads\/2021\/01\/75-CONSOLIDADO-QRSF-OCTUBRE-A-DICIEMBRE-DE-2020.pdf\" class=\"wp-block-file__button\" download>Descarga<\/a><\/div>\n","protected":false},"excerpt":{"rendered":"<p>Evidencias<\/p>\n","protected":false},"author":1,"featured_media":0,"parent":0,"menu_order":0,"comment_status":"closed","ping_status":"closed","template":"","meta":{"footnotes":""},"_links":{"self":[{"href":"https:\/\/hsdp.gov.co\/portal\/wp-json\/wp\/v2\/pages\/3373"}],"collection":[{"href":"https:\/\/hsdp.gov.co\/portal\/wp-json\/wp\/v2\/pages"}],"about":[{"href":"https:\/\/hsdp.gov.co\/portal\/wp-json\/wp\/v2\/types\/page"}],"author":[{"embeddable":true,"href":"https:\/\/hsdp.gov.co\/portal\/wp-json\/wp\/v2\/users\/1"}],"replies":[{"embeddable":true,"href":"https:\/\/hsdp.gov.co\/portal\/wp-json\/wp\/v2\/comments?post=3373"}],"version-history":[{"count":4,"href":"https:\/\/hsdp.gov.co\/portal\/wp-json\/wp\/v2\/pages\/3373\/revisions"}],"predecessor-version":[{"id":3639,"href":"https:\/\/hsdp.gov.co\/portal\/wp-json\/wp\/v2\/pages\/3373\/revisions\/3639"}],"wp:attachment":[{"href":"https:\/\/hsdp.gov.co\/portal\/wp-json\/wp\/v2\/media?parent=3373"}],"curies":[{"name":"wp","href":"https:\/\/api.w.org\/{rel}","templated":true}]}}