{"id":3331,"date":"2021-01-16T18:18:55","date_gmt":"2021-01-16T17:18:55","guid":{"rendered":"http:\/\/hsdp.gov.co\/portal\/?page_id=3331"},"modified":"2021-01-22T17:01:22","modified_gmt":"2021-01-22T16:01:22","slug":"politica-de-participacion-social-cacota","status":"publish","type":"page","link":"https:\/\/hsdp.gov.co\/portal\/politica-de-participacion-social-cacota\/","title":{"rendered":"Pol\u00edtica de Participaci\u00f3n Social C\u00e1cota"},"content":{"rendered":"\n<p>Evidencias.<\/p>\n\n\n\n<div class=\"wp-block-file\"><a href=\"https:\/\/hsdp.gov.co\/portal\/wp-content\/uploads\/2021\/01\/ACTA-DE-INICIO-JULIO-SIN-VALOR-1.pdf\">151-RECURSO-HUMANO-PARA-LA-PPSS<\/a><a href=\"https:\/\/hsdp.gov.co\/portal\/wp-content\/uploads\/2021\/01\/ACTA-DE-INICIO-JULIO-SIN-VALOR-1.pdf\" class=\"wp-block-file__button\" download>Descarga<\/a><\/div>\n\n\n\n<div class=\"wp-block-file\"><a href=\"https:\/\/hsdp.gov.co\/portal\/wp-content\/uploads\/2021\/01\/152-ACTA-SOCIALIZACION-MANUAL-FUNCIONARIOS-CENTROS-DE-SALUD.pdf\">152-ACTA-SOCIALIZACION-MANUAL-FUNCIONARIOS-CENTROS-DE-SALUD<\/a><a href=\"https:\/\/hsdp.gov.co\/portal\/wp-content\/uploads\/2021\/01\/152-ACTA-SOCIALIZACION-MANUAL-FUNCIONARIOS-CENTROS-DE-SALUD.pdf\" class=\"wp-block-file__button\" download>Descarga<\/a><\/div>\n\n\n\n<div class=\"wp-block-file\"><a href=\"https:\/\/hsdp.gov.co\/portal\/wp-content\/uploads\/2021\/01\/152-ACTA-SOCIALIZACION-MANUAL-FUNCIONARIOS.pdf\">152-ACTA-SOCIALIZACION-MANUAL-FUNCIONARIOS<\/a><a href=\"https:\/\/hsdp.gov.co\/portal\/wp-content\/uploads\/2021\/01\/152-ACTA-SOCIALIZACION-MANUAL-FUNCIONARIOS.pdf\" class=\"wp-block-file__button\" download>Descarga<\/a><\/div>\n\n\n\n<div class=\"wp-block-file\"><a href=\"https:\/\/hsdp.gov.co\/portal\/wp-content\/uploads\/2021\/01\/153-GMAIL-CONVENIO-HOSPITAL-SENA.pdf\">153-GMAIL-CONVENIO-HOSPITAL-SENA<\/a><a href=\"https:\/\/hsdp.gov.co\/portal\/wp-content\/uploads\/2021\/01\/153-GMAIL-CONVENIO-HOSPITAL-SENA.pdf\" class=\"wp-block-file__button\" download>Descarga<\/a><\/div>\n\n\n\n<div class=\"wp-block-file\"><a href=\"https:\/\/hsdp.gov.co\/portal\/wp-content\/uploads\/2021\/01\/154-CTSSS-CHITAGA-2020-SP-1-1.pdf\">154-CTSSS-CHITAGA-2020-SP-1-1<\/a><a href=\"https:\/\/hsdp.gov.co\/portal\/wp-content\/uploads\/2021\/01\/154-CTSSS-CHITAGA-2020-SP-1-1.pdf\" class=\"wp-block-file__button\" download>Descarga<\/a><\/div>\n\n\n\n<div class=\"wp-block-file\"><a href=\"https:\/\/hsdp.gov.co\/portal\/wp-content\/uploads\/2021\/01\/154-SALUD-PUBLICA.pdf\">154-SALUD-PUBLICA<\/a><a href=\"https:\/\/hsdp.gov.co\/portal\/wp-content\/uploads\/2021\/01\/154-SALUD-PUBLICA.pdf\" class=\"wp-block-file__button\" download>Descarga<\/a><\/div>\n\n\n\n<div class=\"wp-block-file\"><a href=\"https:\/\/hsdp.gov.co\/portal\/wp-content\/uploads\/2021\/01\/155-ACTA-SOCIALIZACION-ENFOQUE-DIFERENCIAL.pdf\">155-ACTA-SOCIALIZACION-ENFOQUE-DIFERENCIAL<\/a><a href=\"https:\/\/hsdp.gov.co\/portal\/wp-content\/uploads\/2021\/01\/155-ACTA-SOCIALIZACION-ENFOQUE-DIFERENCIAL.pdf\" class=\"wp-block-file__button\" download>Descarga<\/a><\/div>\n\n\n\n<div class=\"wp-block-file\"><a href=\"https:\/\/hsdp.gov.co\/portal\/wp-content\/uploads\/2021\/01\/155-ENFOQUE-DIFERENCIAL-MANUAL-DEL-USUARIO.pdf\">155-ENFOQUE-DIFERENCIAL-MANUAL-DEL-USUARIO<\/a><a href=\"https:\/\/hsdp.gov.co\/portal\/wp-content\/uploads\/2021\/01\/155-ENFOQUE-DIFERENCIAL-MANUAL-DEL-USUARIO.pdf\" class=\"wp-block-file__button\" download>Descarga<\/a><\/div>\n\n\n\n<div class=\"wp-block-file\"><a href=\"https:\/\/hsdp.gov.co\/portal\/wp-content\/uploads\/2021\/01\/156-ACTA-ENCUENTRO-ALIANZA.pdf\">156-ACTA-ENCUENTRO-ALIANZA<\/a><a href=\"https:\/\/hsdp.gov.co\/portal\/wp-content\/uploads\/2021\/01\/156-ACTA-ENCUENTRO-ALIANZA.pdf\" class=\"wp-block-file__button\" download>Descarga<\/a><\/div>\n\n\n\n<div class=\"wp-block-file\"><a href=\"https:\/\/hsdp.gov.co\/portal\/wp-content\/uploads\/2021\/01\/156-ACTA-REUNION-USUARIOS.pdf\">156-ACTA-REUNION-USUARIOS<\/a><a href=\"https:\/\/hsdp.gov.co\/portal\/wp-content\/uploads\/2021\/01\/156-ACTA-REUNION-USUARIOS.pdf\" class=\"wp-block-file__button\" download>Descarga<\/a><\/div>\n\n\n\n<div class=\"wp-block-file\"><a href=\"https:\/\/hsdp.gov.co\/portal\/wp-content\/uploads\/2021\/01\/156-ACTA-SOCIALIZACION-DERECHOS-Y-DEBERES-ALIANZA.pdf\">156-ACTA-SOCIALIZACION-DERECHOS-Y-DEBERES-ALIANZA<\/a><a href=\"https:\/\/hsdp.gov.co\/portal\/wp-content\/uploads\/2021\/01\/156-ACTA-SOCIALIZACION-DERECHOS-Y-DEBERES-ALIANZA.pdf\" class=\"wp-block-file__button\" download>Descarga<\/a><\/div>\n\n\n\n<div class=\"wp-block-file\"><a href=\"https:\/\/hsdp.gov.co\/portal\/wp-content\/uploads\/2021\/01\/158-SOCIALIZACION-PAGINA-WEB-ALIANZA.pdf\">158-SOCIALIZACION-PAGINA-WEB-ALIANZA<\/a><a href=\"https:\/\/hsdp.gov.co\/portal\/wp-content\/uploads\/2021\/01\/158-SOCIALIZACION-PAGINA-WEB-ALIANZA.pdf\" class=\"wp-block-file__button\" download>Descarga<\/a><\/div>\n\n\n\n<div class=\"wp-block-file\"><a href=\"https:\/\/hsdp.gov.co\/portal\/wp-content\/uploads\/2021\/01\/160-ASISTENCIA-CONFORMACION-DE-VEEDURIAS.pdf\">160-ASISTENCIA-CONFORMACION-DE-VEEDURIAS<\/a><a href=\"https:\/\/hsdp.gov.co\/portal\/wp-content\/uploads\/2021\/01\/160-ASISTENCIA-CONFORMACION-DE-VEEDURIAS.pdf\" class=\"wp-block-file__button\" download>Descarga<\/a><\/div>\n\n\n\n<div class=\"wp-block-file\"><a href=\"https:\/\/hsdp.gov.co\/portal\/wp-content\/uploads\/2021\/01\/160-PUBLICIDAD-VEEDURIA.pdf\">160-PUBLICIDAD-VEEDURIA<\/a><a href=\"https:\/\/hsdp.gov.co\/portal\/wp-content\/uploads\/2021\/01\/160-PUBLICIDAD-VEEDURIA.pdf\" class=\"wp-block-file__button\" download>Descarga<\/a><\/div>\n\n\n\n<div class=\"wp-block-file\"><a href=\"https:\/\/hsdp.gov.co\/portal\/wp-content\/uploads\/2021\/01\/161-ENCUENTRO-ALIANZA.pdf\">161-ENCUENTRO-ALIANZA<\/a><a href=\"https:\/\/hsdp.gov.co\/portal\/wp-content\/uploads\/2021\/01\/161-ENCUENTRO-ALIANZA.pdf\" class=\"wp-block-file__button\" download>Descarga<\/a><\/div>\n\n\n\n<div class=\"wp-block-file\"><a href=\"https:\/\/hsdp.gov.co\/portal\/wp-content\/uploads\/2021\/01\/161-REUNION-ALIANZA.pdf\">161-REUNION-ALIANZA<\/a><a href=\"https:\/\/hsdp.gov.co\/portal\/wp-content\/uploads\/2021\/01\/161-REUNION-ALIANZA.pdf\" class=\"wp-block-file__button\" download>Descarga<\/a><\/div>\n\n\n\n<div class=\"wp-block-file\"><a href=\"https:\/\/hsdp.gov.co\/portal\/wp-content\/uploads\/2021\/01\/162-PYP-CACOTA.pdf\">162-PYP-CACOTA<\/a><a href=\"https:\/\/hsdp.gov.co\/portal\/wp-content\/uploads\/2021\/01\/162-PYP-CACOTA.pdf\" class=\"wp-block-file__button\" download>Descarga<\/a><\/div>\n\n\n\n<div class=\"wp-block-file\"><a href=\"https:\/\/hsdp.gov.co\/portal\/wp-content\/uploads\/2021\/01\/163-SALUD-PUBLICA.pdf\">163-SALUD-PUBLICA<\/a><a href=\"https:\/\/hsdp.gov.co\/portal\/wp-content\/uploads\/2021\/01\/163-SALUD-PUBLICA.pdf\" class=\"wp-block-file__button\" download>Descarga<\/a><\/div>\n\n\n\n<div class=\"wp-block-file\"><a href=\"https:\/\/hsdp.gov.co\/portal\/wp-content\/uploads\/2021\/01\/164-STAND-INFORMATIVO-PYP-CACOTA.pdf\">164-STAND-INFORMATIVO-PYP-CACOTA<\/a><a href=\"https:\/\/hsdp.gov.co\/portal\/wp-content\/uploads\/2021\/01\/164-STAND-INFORMATIVO-PYP-CACOTA.pdf\" class=\"wp-block-file__button\" download>Descarga<\/a><\/div>\n\n\n\n\n\n<div class=\"wp-block-file\"><a href=\"https:\/\/hsdp.gov.co\/portal\/wp-content\/uploads\/2021\/01\/165-SALUD-PUBLICA.pdf\">165-SALUD-PUBLICA<\/a><a href=\"https:\/\/hsdp.gov.co\/portal\/wp-content\/uploads\/2021\/01\/165-SALUD-PUBLICA.pdf\" class=\"wp-block-file__button\" download>Descarga<\/a><\/div>\n\n\n\n<div class=\"wp-block-file\"><a href=\"https:\/\/hsdp.gov.co\/portal\/wp-content\/uploads\/2021\/01\/166-SALUD-PUBLICA.pdf\">166-SALUD-PUBLICA<\/a><a href=\"https:\/\/hsdp.gov.co\/portal\/wp-content\/uploads\/2021\/01\/166-SALUD-PUBLICA.pdf\" class=\"wp-block-file__button\" download>Descarga<\/a><\/div>\n\n\n\n<div class=\"wp-block-file\"><a href=\"https:\/\/hsdp.gov.co\/portal\/wp-content\/uploads\/2021\/01\/167-ASISTENCIA-RENDICION-DE-CUENTAS.pdf\">167-ASISTENCIA-RENDICION-DE-CUENTAS<\/a><a href=\"https:\/\/hsdp.gov.co\/portal\/wp-content\/uploads\/2021\/01\/167-ASISTENCIA-RENDICION-DE-CUENTAS.pdf\" class=\"wp-block-file__button\" download>Descarga<\/a><\/div>\n\n\n\n<div class=\"wp-block-file\"><a href=\"https:\/\/hsdp.gov.co\/portal\/wp-content\/uploads\/2021\/01\/167-INVITACION-RENDICION-DE-CUENTAS.pdf\">167-INVITACION-RENDICION-DE-CUENTAS<\/a><a href=\"https:\/\/hsdp.gov.co\/portal\/wp-content\/uploads\/2021\/01\/167-INVITACION-RENDICION-DE-CUENTAS.pdf\" class=\"wp-block-file__button\" download>Descarga<\/a><\/div>\n\n\n\n<div class=\"wp-block-file\"><a href=\"https:\/\/hsdp.gov.co\/portal\/wp-content\/uploads\/2021\/01\/167-PUBLICIDAD-RENDICION-DE-CUENTAS.pdf\">167-PUBLICIDAD-RENDICION-DE-CUENTAS<\/a><a href=\"https:\/\/hsdp.gov.co\/portal\/wp-content\/uploads\/2021\/01\/167-PUBLICIDAD-RENDICION-DE-CUENTAS.pdf\" class=\"wp-block-file__button\" download>Descarga<\/a><\/div>\n\n\n\n<div class=\"wp-block-file\"><a href=\"https:\/\/hsdp.gov.co\/portal\/wp-content\/uploads\/2021\/01\/168-PAGINA-WEB.pdf\">168-PAGINA-WEB<\/a><a href=\"https:\/\/hsdp.gov.co\/portal\/wp-content\/uploads\/2021\/01\/168-PAGINA-WEB.pdf\" class=\"wp-block-file__button\" download>Descarga<\/a><\/div>\n\n\n\n<div class=\"wp-block-file\"><a href=\"https:\/\/hsdp.gov.co\/portal\/wp-content\/uploads\/2021\/01\/169-CONFORMACION-VEEDURIA-BLOQUE.pdf\">169-CONFORMACION-VEEDURIA-BLOQUE<\/a><a href=\"https:\/\/hsdp.gov.co\/portal\/wp-content\/uploads\/2021\/01\/169-CONFORMACION-VEEDURIA-BLOQUE.pdf\" class=\"wp-block-file__button\" download>Descarga<\/a><\/div>\n\n\n\n<div class=\"wp-block-file\"><a href=\"https:\/\/hsdp.gov.co\/portal\/wp-content\/uploads\/2021\/01\/170-ACTA-COMITE-VEEDOR-PARA-COMPRAS-REMODELACIONES-Y-OTROS-PROYECTOS-DE-MENOR-CUANTIA.pdf\">170-ACTA-COMITE-VEEDOR-PARA-COMPRAS-REMODELACIONES-Y-OTROS-PROYECTOS-DE-MENOR-CUANTIA<\/a><a href=\"https:\/\/hsdp.gov.co\/portal\/wp-content\/uploads\/2021\/01\/170-ACTA-COMITE-VEEDOR-PARA-COMPRAS-REMODELACIONES-Y-OTROS-PROYECTOS-DE-MENOR-CUANTIA.pdf\" class=\"wp-block-file__button\" download>Descarga<\/a><\/div>\n\n\n\n<div class=\"wp-block-file\"><a href=\"https:\/\/hsdp.gov.co\/portal\/wp-content\/uploads\/2021\/01\/171-PANTALLAZOS-COMITE-DE-ETICA.pdf\">171-PANTALLAZOS-COMITE-DE-ETICA<\/a><a href=\"https:\/\/hsdp.gov.co\/portal\/wp-content\/uploads\/2021\/01\/171-PANTALLAZOS-COMITE-DE-ETICA.pdf\" class=\"wp-block-file__button\" download>Descarga<\/a><\/div>\n\n\n\n<div class=\"wp-block-file\"><a href=\"https:\/\/hsdp.gov.co\/portal\/wp-content\/uploads\/2021\/01\/172-RENDICION-DE-CUENTAS-FACEBOOK.pdf\">172-RENDICION-DE-CUENTAS-FACEBOOK<\/a><a href=\"https:\/\/hsdp.gov.co\/portal\/wp-content\/uploads\/2021\/01\/172-RENDICION-DE-CUENTAS-FACEBOOK.pdf\" class=\"wp-block-file__button\" download>Descarga<\/a><\/div>\n\n\n\n<div class=\"wp-block-file\"><a href=\"https:\/\/hsdp.gov.co\/portal\/wp-content\/uploads\/2021\/01\/173-PLAN-MEJORA-RENDICION-DE-CUENTAS.pdf\">173-PLAN-MEJORA-RENDICION-DE-CUENTAS<\/a><a href=\"https:\/\/hsdp.gov.co\/portal\/wp-content\/uploads\/2021\/01\/173-PLAN-MEJORA-RENDICION-DE-CUENTAS.pdf\" class=\"wp-block-file__button\" download>Descarga<\/a><\/div>\n\n\n\n<div class=\"wp-block-file\"><a href=\"https:\/\/hsdp.gov.co\/portal\/wp-content\/uploads\/2021\/01\/174-PANTALLAZO-COMITE-DE-ETICA.pdf\">174-PANTALLAZO-COMITE-DE-ETICA<\/a><a href=\"https:\/\/hsdp.gov.co\/portal\/wp-content\/uploads\/2021\/01\/174-PANTALLAZO-COMITE-DE-ETICA.pdf\" class=\"wp-block-file__button\" download>Descarga<\/a><\/div>\n\n\n\n<div class=\"wp-block-file\"><a href=\"https:\/\/hsdp.gov.co\/portal\/wp-content\/uploads\/2021\/01\/175-CONSOLIDADO-QRSF-ABRIL-A-JUNIO-DE-2020.pdf\">175-CONSOLIDADO-QRSF-ABRIL-A-JUNIO-DE-2020<\/a><a href=\"https:\/\/hsdp.gov.co\/portal\/wp-content\/uploads\/2021\/01\/175-CONSOLIDADO-QRSF-ABRIL-A-JUNIO-DE-2020.pdf\" class=\"wp-block-file__button\" download>Descarga<\/a><\/div>\n\n\n\n<div class=\"wp-block-file\"><a href=\"https:\/\/hsdp.gov.co\/portal\/wp-content\/uploads\/2021\/01\/175-CONSOLIDADO-QRSF-JULIO-A-SEPTIEMBRE-DE-2020.pdf\">175-CONSOLIDADO-QRSF-JULIO-A-SEPTIEMBRE-DE-2020<\/a><a href=\"https:\/\/hsdp.gov.co\/portal\/wp-content\/uploads\/2021\/01\/175-CONSOLIDADO-QRSF-JULIO-A-SEPTIEMBRE-DE-2020.pdf\" class=\"wp-block-file__button\" download>Descarga<\/a><\/div>\n\n\n\n<div class=\"wp-block-file\"><a href=\"https:\/\/hsdp.gov.co\/portal\/wp-content\/uploads\/2021\/01\/175-CONSOLIDADO-QRSF-OCTUBRE-A-DICIEMBRE-DE-2020.pdf\">175-CONSOLIDADO-QRSF-OCTUBRE-A-DICIEMBRE-DE-2020<\/a><a href=\"https:\/\/hsdp.gov.co\/portal\/wp-content\/uploads\/2021\/01\/175-CONSOLIDADO-QRSF-OCTUBRE-A-DICIEMBRE-DE-2020.pdf\" class=\"wp-block-file__button\" download>Descarga<\/a><\/div>\n\n\n\n\n\n<p><\/p>\n","protected":false},"excerpt":{"rendered":"<p>Evidencias.<\/p>\n","protected":false},"author":1,"featured_media":0,"parent":0,"menu_order":0,"comment_status":"closed","ping_status":"closed","template":"","meta":{"footnotes":""},"_links":{"self":[{"href":"https:\/\/hsdp.gov.co\/portal\/wp-json\/wp\/v2\/pages\/3331"}],"collection":[{"href":"https:\/\/hsdp.gov.co\/portal\/wp-json\/wp\/v2\/pages"}],"about":[{"href":"https:\/\/hsdp.gov.co\/portal\/wp-json\/wp\/v2\/types\/page"}],"author":[{"embeddable":true,"href":"https:\/\/hsdp.gov.co\/portal\/wp-json\/wp\/v2\/users\/1"}],"replies":[{"embeddable":true,"href":"https:\/\/hsdp.gov.co\/portal\/wp-json\/wp\/v2\/comments?post=3331"}],"version-history":[{"count":4,"href":"https:\/\/hsdp.gov.co\/portal\/wp-json\/wp\/v2\/pages\/3331\/revisions"}],"predecessor-version":[{"id":3634,"href":"https:\/\/hsdp.gov.co\/portal\/wp-json\/wp\/v2\/pages\/3331\/revisions\/3634"}],"wp:attachment":[{"href":"https:\/\/hsdp.gov.co\/portal\/wp-json\/wp\/v2\/media?parent=3331"}],"curies":[{"name":"wp","href":"https:\/\/api.w.org\/{rel}","templated":true}]}}