{"id":3300,"date":"2021-01-16T00:24:36","date_gmt":"2021-01-15T23:24:36","guid":{"rendered":"http:\/\/hsdp.gov.co\/portal\/?page_id=3300"},"modified":"2022-09-02T18:09:22","modified_gmt":"2022-09-02T16:09:22","slug":"notificaciones-judiciales","status":"publish","type":"page","link":"https:\/\/hsdp.gov.co\/portal\/notificaciones-judiciales\/","title":{"rendered":"Notificaciones Judiciales"},"content":{"rendered":"\n<div class=\"container section-title-container\" style=\"margin-top:3px;margin-bottom:28px;\"><h4 class=\"section-title section-title-center\"><b><\/b><span class=\"section-title-main\" style=\"font-size:138%;color:rgb(96, 158, 30);\">Notificaciones Judiciales<\/span><b><\/b><\/h4><\/div><!-- .section-title -->\n\n<h4 class=\"lead\" style=\"text-align: left;\">La E.S.E. Hospital San Juan de Dios de Pamplona se permite informar a la comunidad en general que las <em><strong>Notificaciones Judiciales<\/strong><\/em> se tramitar\u00e1n a trav\u00e9s del correo electr\u00f3nico <strong><em>notificacionesjudiciales@hsdp.gov.co<\/em><\/strong><\/h4>\n<div class=\"text-center\"><div class=\"is-divider divider clearfix\" style=\"margin-top:0.8em;margin-bottom:0.8em;max-width:310px;background-color:rgb(96, 158, 30);\"><\/div><\/div><!-- .divider -->\n\n<div class=\"row\"  id=\"row-1288124530\">\n\n<div class=\"col medium-8 small-12 large-8\"  ><div class=\"col-inner\"  >\n\n\n<\/div><\/div>\n\n<\/div>\n\n","protected":false},"excerpt":{"rendered":"<p>La E.S.E. Hospital San Juan de Dios de Pamplona se permite informar a la comunidad en general que las Notificaciones Judiciales se tramitar\u00e1n a trav\u00e9s del correo electr\u00f3nico notificacionesjudiciales@hsdp.gov.co<\/p>\n","protected":false},"author":1,"featured_media":0,"parent":0,"menu_order":0,"comment_status":"closed","ping_status":"closed","template":"","meta":{"footnotes":""},"_links":{"self":[{"href":"https:\/\/hsdp.gov.co\/portal\/wp-json\/wp\/v2\/pages\/3300"}],"collection":[{"href":"https:\/\/hsdp.gov.co\/portal\/wp-json\/wp\/v2\/pages"}],"about":[{"href":"https:\/\/hsdp.gov.co\/portal\/wp-json\/wp\/v2\/types\/page"}],"author":[{"embeddable":true,"href":"https:\/\/hsdp.gov.co\/portal\/wp-json\/wp\/v2\/users\/1"}],"replies":[{"embeddable":true,"href":"https:\/\/hsdp.gov.co\/portal\/wp-json\/wp\/v2\/comments?post=3300"}],"version-history":[{"count":13,"href":"https:\/\/hsdp.gov.co\/portal\/wp-json\/wp\/v2\/pages\/3300\/revisions"}],"predecessor-version":[{"id":6528,"href":"https:\/\/hsdp.gov.co\/portal\/wp-json\/wp\/v2\/pages\/3300\/revisions\/6528"}],"wp:attachment":[{"href":"https:\/\/hsdp.gov.co\/portal\/wp-json\/wp\/v2\/media?parent=3300"}],"curies":[{"name":"wp","href":"https:\/\/api.w.org\/{rel}","templated":true}]}}