{"id":2953,"date":"2020-11-18T17:11:58","date_gmt":"2020-11-18T16:11:58","guid":{"rendered":"http:\/\/hsdp.gov.co\/portal\/?page_id=2953"},"modified":"2025-02-03T17:38:57","modified_gmt":"2025-02-03T22:38:57","slug":"horario-de-atencion","status":"publish","type":"page","link":"https:\/\/hsdp.gov.co\/portal\/horario-de-atencion\/","title":{"rendered":"Horario de Atenci\u00f3n"},"content":{"rendered":"\n<p>La ESE Hospital San Juan de Dios de Pamplona ofrece a sus usuarios una atenci\u00f3n humanizada y de calidad, para que la comunidad participe activamente de los servicios y tr\u00e1mites dispuestos en la Instituci\u00f3n. <\/p>\n\n\n\n\t<section class=\"section\" id=\"section_702505642\">\n\t\t<div class=\"bg section-bg fill bg-fill  bg-loaded\" >\n\n\t\t\t\n\t\t\t\n\t\t\t\n\n\t\t<\/div><!-- .section-bg -->\n\n\t\t<div class=\"section-content relative\">\n\t\t\t\n\n<div class=\"container section-title-container\" ><h2 class=\"section-title section-title-center\"><b><\/b><span class=\"section-title-main\" style=\"color:rgb(41, 109, 141);\">L\u00cdNEAS DE ATENCI\u00d3N EN SALUD<\/span><b><\/b><\/h2><\/div><!-- .section-title -->\n\n<div class=\"row\"  id=\"row-1561120543\">\n\n<div class=\"col medium-1 small-12 large-1\"  ><div class=\"col-inner\"  >\n\n\n<\/div><\/div>\n<div class=\"col medium-10 small-12 large-10\"  ><div class=\"col-inner\"  >\n\n\t<div class=\"img has-hover x md-x lg-x y md-y lg-y\" id=\"image_1094342853\">\n\t\t\t\t\t\t\t\t<div class=\"img-inner dark\" >\n\t\t\t<img loading=\"lazy\" decoding=\"async\" width=\"793\" height=\"613\" src=\"https:\/\/hsdp.gov.co\/portal\/wp-content\/uploads\/2025\/02\/Mesa-de-trabajo-9-100.jpg\" class=\"attachment-large size-large\" alt=\"\" srcset=\"https:\/\/hsdp.gov.co\/portal\/wp-content\/uploads\/2025\/02\/Mesa-de-trabajo-9-100.jpg 793w, https:\/\/hsdp.gov.co\/portal\/wp-content\/uploads\/2025\/02\/Mesa-de-trabajo-9-100-517x400.jpg 517w, https:\/\/hsdp.gov.co\/portal\/wp-content\/uploads\/2025\/02\/Mesa-de-trabajo-9-100-768x594.jpg 768w\" sizes=\"(max-width: 793px) 100vw, 793px\" \/>\t\t\t\t\t\t\n\t\t\t\t\t<\/div>\n\t\t\t\t\t\t\t\t\n<style scope=\"scope\">\n\n#image_1094342853 {\n  width: 100%;\n}\n<\/style>\n\t<\/div>\n\t\n\n\n<\/div><\/div>\n<div class=\"col medium-1 small-12 large-1\"  ><div class=\"col-inner\"  >\n\n\n<\/div><\/div>\n\n<\/div>\n<div class=\"row\"  id=\"row-593677014\">\n\n<div class=\"col medium-1 small-12 large-1\"  ><div class=\"col-inner\"  >\n\n\n<\/div><\/div>\n<div class=\"col medium-10 small-12 large-10\"  ><div class=\"col-inner\"  >\n\n\t<div class=\"img has-hover x md-x lg-x y md-y lg-y\" id=\"image_1426461148\">\n\t\t\t\t\t\t\t\t<div class=\"img-inner dark\" >\n\t\t\t<img loading=\"lazy\" decoding=\"async\" width=\"793\" height=\"613\" src=\"https:\/\/hsdp.gov.co\/portal\/wp-content\/uploads\/2025\/02\/Mesa-de-trabajo-4-100.jpg\" class=\"attachment-large size-large\" alt=\"\" srcset=\"https:\/\/hsdp.gov.co\/portal\/wp-content\/uploads\/2025\/02\/Mesa-de-trabajo-4-100.jpg 793w, https:\/\/hsdp.gov.co\/portal\/wp-content\/uploads\/2025\/02\/Mesa-de-trabajo-4-100-517x400.jpg 517w, https:\/\/hsdp.gov.co\/portal\/wp-content\/uploads\/2025\/02\/Mesa-de-trabajo-4-100-768x594.jpg 768w\" sizes=\"(max-width: 793px) 100vw, 793px\" \/>\t\t\t\t\t\t\n\t\t\t\t\t<\/div>\n\t\t\t\t\t\t\t\t\n<style scope=\"scope\">\n\n#image_1426461148 {\n  width: 100%;\n}\n<\/style>\n\t<\/div>\n\t\n\n\n<\/div><\/div>\n<div class=\"col medium-1 small-12 large-1\"  ><div class=\"col-inner\"  >\n\n\n<\/div><\/div>\n\n<\/div>\n<div class=\"text-center\"><div class=\"is-divider divider clearfix\" ><\/div><\/div><!-- .divider -->\n\n<div class=\"container section-title-container\" ><h2 class=\"section-title section-title-center\"><b><\/b><span class=\"section-title-main\" style=\"color:rgb(41, 109, 141);\">HORARIO DE ATENCI\u00d3N<\/span><b><\/b><\/h2><\/div><!-- .section-title -->\n\n<div class=\"row\"  id=\"row-743434980\">\n\n<div class=\"col medium-4 small-12 large-4\"  ><div class=\"col-inner\"  >\n\n\t<div class=\"box has-hover   has-hover box-text-bottom\" >\n\n\t\t<div class=\"box-image\" style=\"width:95%;\">\n\t\t\t\t\t\t<div class=\"\" >\n\t\t\t\t<img loading=\"lazy\" decoding=\"async\" width=\"1141\" height=\"637\" src=\"https:\/\/hsdp.gov.co\/portal\/wp-content\/uploads\/2022\/06\/externa.jpg\" class=\"attachment- size-\" alt=\"\" srcset=\"https:\/\/hsdp.gov.co\/portal\/wp-content\/uploads\/2022\/06\/externa.jpg 1141w, https:\/\/hsdp.gov.co\/portal\/wp-content\/uploads\/2022\/06\/externa-716x400.jpg 716w, https:\/\/hsdp.gov.co\/portal\/wp-content\/uploads\/2022\/06\/externa-768x429.jpg 768w\" sizes=\"(max-width: 1141px) 100vw, 1141px\" \/>\t\t\t\t\t\t\t\t\t\t\t<\/div>\n\t\t\t\t\t<\/div><!-- box-image -->\n\n\t\t<div class=\"box-text text-center\" >\n\t\t\t<div class=\"box-text-inner\">\n\t\t\t\t\n\n<h4>Consulta Externa<\/h4>\n<p>6:30 a.m. a 6:00 p.m<\/p>\n\n\t\t\t<\/div><!-- box-text-inner -->\n\t\t<\/div><!-- box-text -->\n\t<\/div><!-- .box  -->\n\t\n\n<\/div><\/div>\n<div class=\"col medium-4 small-12 large-4\"  ><div class=\"col-inner\"  >\n\n\t<div class=\"box has-hover   has-hover box-text-bottom\" >\n\n\t\t<div class=\"box-image\" style=\"width:95%;\">\n\t\t\t\t\t\t<div class=\"\" >\n\t\t\t\t<img loading=\"lazy\" decoding=\"async\" width=\"1141\" height=\"637\" src=\"https:\/\/hsdp.gov.co\/portal\/wp-content\/uploads\/2022\/06\/hosp.jpg\" class=\"attachment- size-\" alt=\"\" srcset=\"https:\/\/hsdp.gov.co\/portal\/wp-content\/uploads\/2022\/06\/hosp.jpg 1141w, https:\/\/hsdp.gov.co\/portal\/wp-content\/uploads\/2022\/06\/hosp-716x400.jpg 716w, https:\/\/hsdp.gov.co\/portal\/wp-content\/uploads\/2022\/06\/hosp-768x429.jpg 768w\" sizes=\"(max-width: 1141px) 100vw, 1141px\" \/>\t\t\t\t\t\t\t\t\t\t\t<\/div>\n\t\t\t\t\t<\/div><!-- box-image -->\n\n\t\t<div class=\"box-text text-center\" >\n\t\t\t<div class=\"box-text-inner\">\n\t\t\t\t\n\n<h4>Hospitalizaci\u00f3n<\/h4>\n<p> 24 Horas<\/p>\n\n\t\t\t<\/div><!-- box-text-inner -->\n\t\t<\/div><!-- box-text -->\n\t<\/div><!-- .box  -->\n\t\n\n<\/div><\/div>\n<div class=\"col medium-4 small-12 large-4\"  ><div class=\"col-inner\"  >\n\n\t<div class=\"box has-hover   has-hover box-text-bottom\" >\n\n\t\t<div class=\"box-image\" >\n\t\t\t\t\t\t<div class=\"\" >\n\t\t\t\t<img loading=\"lazy\" decoding=\"async\" width=\"1141\" height=\"637\" src=\"https:\/\/hsdp.gov.co\/portal\/wp-content\/uploads\/2022\/06\/urg.jpg\" class=\"attachment- size-\" alt=\"\" srcset=\"https:\/\/hsdp.gov.co\/portal\/wp-content\/uploads\/2022\/06\/urg.jpg 1141w, https:\/\/hsdp.gov.co\/portal\/wp-content\/uploads\/2022\/06\/urg-716x400.jpg 716w, https:\/\/hsdp.gov.co\/portal\/wp-content\/uploads\/2022\/06\/urg-768x429.jpg 768w\" sizes=\"(max-width: 1141px) 100vw, 1141px\" \/>\t\t\t\t\t\t\t\t\t\t\t<\/div>\n\t\t\t\t\t<\/div><!-- box-image -->\n\n\t\t<div class=\"box-text text-center\" >\n\t\t\t<div class=\"box-text-inner\">\n\t\t\t\t\n\n<\/p>\n<h4>Urgencias<\/h4>\n<p>24 Horas<\/p>\n\n\t\t\t<\/div><!-- box-text-inner -->\n\t\t<\/div><!-- box-text -->\n\t<\/div><!-- .box  -->\n\t\n\n<\/div><\/div>\n<div class=\"col medium-4 small-12 large-4\"  ><div class=\"col-inner\"  >\n\n\t<div class=\"box has-hover   has-hover box-text-bottom\" >\n\n\t\t<div class=\"box-image\" >\n\t\t\t\t\t\t<div class=\"\" >\n\t\t\t\t<img loading=\"lazy\" decoding=\"async\" width=\"1280\" height=\"720\" src=\"https:\/\/hsdp.gov.co\/portal\/wp-content\/uploads\/2020\/11\/pyp.jpeg\" class=\"attachment- size-\" alt=\"\" srcset=\"https:\/\/hsdp.gov.co\/portal\/wp-content\/uploads\/2020\/11\/pyp.jpeg 1280w, https:\/\/hsdp.gov.co\/portal\/wp-content\/uploads\/2020\/11\/pyp-711x400.jpeg 711w, https:\/\/hsdp.gov.co\/portal\/wp-content\/uploads\/2020\/11\/pyp-768x432.jpeg 768w\" sizes=\"(max-width: 1280px) 100vw, 1280px\" \/>\t\t\t\t\t\t\t\t\t\t\t<\/div>\n\t\t\t\t\t<\/div><!-- box-image -->\n\n\t\t<div class=\"box-text text-center\" >\n\t\t\t<div class=\"box-text-inner\">\n\t\t\t\t\n\n<\/p>\n<h4>Promoci\u00f3n y Prevenci\u00f3n<\/h4>\n<p>7:00 a.m. a 11:00 a.m. -1:00 p.m. a 5:00 p.m.<\/p>\n\n\t\t\t<\/div><!-- box-text-inner -->\n\t\t<\/div><!-- box-text -->\n\t<\/div><!-- .box  -->\n\t\n\n<\/div><\/div>\n<div class=\"col medium-4 small-12 large-4\"  ><div class=\"col-inner\"  >\n\n\t<div class=\"box has-hover   has-hover box-text-bottom\" >\n\n\t\t<div class=\"box-image\" >\n\t\t\t\t\t\t<div class=\"\" >\n\t\t\t\t<img loading=\"lazy\" decoding=\"async\" width=\"1141\" height=\"637\" src=\"https:\/\/hsdp.gov.co\/portal\/wp-content\/uploads\/2022\/06\/labo.jpg\" class=\"attachment- size-\" alt=\"\" srcset=\"https:\/\/hsdp.gov.co\/portal\/wp-content\/uploads\/2022\/06\/labo.jpg 1141w, https:\/\/hsdp.gov.co\/portal\/wp-content\/uploads\/2022\/06\/labo-716x400.jpg 716w, https:\/\/hsdp.gov.co\/portal\/wp-content\/uploads\/2022\/06\/labo-768x429.jpg 768w\" sizes=\"(max-width: 1141px) 100vw, 1141px\" \/>\t\t\t\t\t\t\t\t\t\t\t<\/div>\n\t\t\t\t\t<\/div><!-- box-image -->\n\n\t\t<div class=\"box-text text-center\" >\n\t\t\t<div class=\"box-text-inner\">\n\t\t\t\t\n\n<\/p>\n<h4>Laboratorio Cl\u00ednico<\/h4>\n<p>Lunes a sabado de 7:00 a.m. a 9:00 a.m.<\/p>\n\n\t\t\t<\/div><!-- box-text-inner -->\n\t\t<\/div><!-- box-text -->\n\t<\/div><!-- .box  -->\n\t\n\n<\/div><\/div>\n<div class=\"col medium-4 small-12 large-4\"  ><div class=\"col-inner\"  >\n\n\t<div class=\"box has-hover   has-hover box-text-bottom\" >\n\n\t\t<div class=\"box-image\" >\n\t\t\t\t\t\t<div class=\"\" >\n\t\t\t\t<img loading=\"lazy\" decoding=\"async\" width=\"1141\" height=\"637\" src=\"https:\/\/hsdp.gov.co\/portal\/wp-content\/uploads\/2022\/06\/odo.jpg\" class=\"attachment- size-\" alt=\"\" srcset=\"https:\/\/hsdp.gov.co\/portal\/wp-content\/uploads\/2022\/06\/odo.jpg 1141w, https:\/\/hsdp.gov.co\/portal\/wp-content\/uploads\/2022\/06\/odo-716x400.jpg 716w, https:\/\/hsdp.gov.co\/portal\/wp-content\/uploads\/2022\/06\/odo-768x429.jpg 768w\" sizes=\"(max-width: 1141px) 100vw, 1141px\" \/>\t\t\t\t\t\t\t\t\t\t\t<\/div>\n\t\t\t\t\t<\/div><!-- box-image -->\n\n\t\t<div class=\"box-text text-center\" >\n\t\t\t<div class=\"box-text-inner\">\n\t\t\t\t\n\n<h4>Odontolog\u00eda<\/h4>\n<p>Lunes a jueves de 6:20 a.m. a 3:00 p.m. 3:20 p.m. a 8:00 p.m<\/p>\n<p>Viernes 6:20 a.m. a 2:00 p.m<\/p>\n\n\t\t\t<\/div><!-- box-text-inner -->\n\t\t<\/div><!-- box-text -->\n\t<\/div><!-- .box  -->\n\t\n\n<\/div><\/div>\n\n<\/div>\n\n\t\t<\/div><!-- .section-content -->\n\n\t\t\n<style scope=\"scope\">\n\n#section_702505642 {\n  padding-top: 30px;\n  padding-bottom: 30px;\n}\n<\/style>\n\t<\/section>\n\t\n\n","protected":false},"excerpt":{"rendered":"<p>La ESE Hospital San Juan de Dios de Pamplona ofrece a sus usuarios una atenci\u00f3n humanizada y de calidad, para que la comunidad participe activamente de los servicios y tr\u00e1mites dispuestos en la Instituci\u00f3n.<\/p>\n","protected":false},"author":1,"featured_media":0,"parent":0,"menu_order":0,"comment_status":"closed","ping_status":"closed","template":"","meta":{"footnotes":""},"_links":{"self":[{"href":"https:\/\/hsdp.gov.co\/portal\/wp-json\/wp\/v2\/pages\/2953"}],"collection":[{"href":"https:\/\/hsdp.gov.co\/portal\/wp-json\/wp\/v2\/pages"}],"about":[{"href":"https:\/\/hsdp.gov.co\/portal\/wp-json\/wp\/v2\/types\/page"}],"author":[{"embeddable":true,"href":"https:\/\/hsdp.gov.co\/portal\/wp-json\/wp\/v2\/users\/1"}],"replies":[{"embeddable":true,"href":"https:\/\/hsdp.gov.co\/portal\/wp-json\/wp\/v2\/comments?post=2953"}],"version-history":[{"count":17,"href":"https:\/\/hsdp.gov.co\/portal\/wp-json\/wp\/v2\/pages\/2953\/revisions"}],"predecessor-version":[{"id":12391,"href":"https:\/\/hsdp.gov.co\/portal\/wp-json\/wp\/v2\/pages\/2953\/revisions\/12391"}],"wp:attachment":[{"href":"https:\/\/hsdp.gov.co\/portal\/wp-json\/wp\/v2\/media?parent=2953"}],"curies":[{"name":"wp","href":"https:\/\/api.w.org\/{rel}","templated":true}]}}