{"id":2903,"date":"2020-11-10T00:00:16","date_gmt":"2020-11-09T23:00:16","guid":{"rendered":"http:\/\/hsdp.gov.co\/portal\/?page_id=2903"},"modified":"2020-11-10T00:00:16","modified_gmt":"2020-11-09T23:00:16","slug":"seleccion-de-minima-cuantia","status":"publish","type":"page","link":"https:\/\/hsdp.gov.co\/portal\/seleccion-de-minima-cuantia\/","title":{"rendered":"Selecci\u00f3n de M\u00ednima Cuant\u00eda"},"content":{"rendered":"","protected":false},"excerpt":{"rendered":"","protected":false},"author":1,"featured_media":0,"parent":0,"menu_order":0,"comment_status":"closed","ping_status":"closed","template":"","meta":{"footnotes":""},"_links":{"self":[{"href":"https:\/\/hsdp.gov.co\/portal\/wp-json\/wp\/v2\/pages\/2903"}],"collection":[{"href":"https:\/\/hsdp.gov.co\/portal\/wp-json\/wp\/v2\/pages"}],"about":[{"href":"https:\/\/hsdp.gov.co\/portal\/wp-json\/wp\/v2\/types\/page"}],"author":[{"embeddable":true,"href":"https:\/\/hsdp.gov.co\/portal\/wp-json\/wp\/v2\/users\/1"}],"replies":[{"embeddable":true,"href":"https:\/\/hsdp.gov.co\/portal\/wp-json\/wp\/v2\/comments?post=2903"}],"version-history":[{"count":1,"href":"https:\/\/hsdp.gov.co\/portal\/wp-json\/wp\/v2\/pages\/2903\/revisions"}],"predecessor-version":[{"id":2905,"href":"https:\/\/hsdp.gov.co\/portal\/wp-json\/wp\/v2\/pages\/2903\/revisions\/2905"}],"wp:attachment":[{"href":"https:\/\/hsdp.gov.co\/portal\/wp-json\/wp\/v2\/media?parent=2903"}],"curies":[{"name":"wp","href":"https:\/\/api.w.org\/{rel}","templated":true}]}}