{"id":2802,"date":"2022-12-07T08:35:00","date_gmt":"2022-12-07T13:35:00","guid":{"rendered":"http:\/\/hsdp.gov.co\/portal\/?page_id=2802"},"modified":"2023-04-12T10:53:56","modified_gmt":"2023-04-12T15:53:56","slug":"manual-de-contratacion","status":"publish","type":"page","link":"https:\/\/hsdp.gov.co\/portal\/ley-de\/8-contratacion\/manual-de-contratacion\/","title":{"rendered":"Manual de Contrataci\u00f3n"},"content":{"rendered":"\n<h2 class=\"has-text-align-center wp-block-heading\">ACUERDO DE ACTUALIZACI\u00d3N Y ADOPCI\u00d3N<\/h2>\n\n\n\n<p class=\"has-text-align-center\"><code><div class=\"_df_book df-container df-loading \" id=\"df_7682\"  wpoptions=\"true\" ><\/div><script data-cfasync=\"false\">var option_df_7682 = {\"outline\":[],\"forceFit\":\"true\",\"autoEnableOutline\":\"false\",\"autoEnableThumbnail\":\"false\",\"overwritePDFOutline\":\"false\",\"direction\":\"1\",\"pageMode\":\"0\",\"source\":\"http:\\\/\\\/hsdp.gov.co\\\/portal\\\/wp-content\\\/uploads\\\/2023\\\/04\\\/ACUERDO-011-2022-ESTATUTO-CONTRACT..pdf\",\"wpOptions\":\"true\"}; if(window.DFLIP && DFLIP.parseBooks){DFLIP.parseBooks();}<\/script><\/code><\/p>\n\n\n\n<p><\/p>\n\n\n\n<h2 class=\"has-text-align-center wp-block-heading\">MANUAL DE CONTRATACI\u00d3N<\/h2>\n\n\n\n<p class=\"has-text-align-center\"><code><div class=\"_df_book df-container df-loading \" id=\"df_7684\"  wpoptions=\"true\" ><\/div><script data-cfasync=\"false\">var option_df_7684 = {\"outline\":[],\"forceFit\":\"true\",\"autoEnableOutline\":\"false\",\"autoEnableThumbnail\":\"false\",\"overwritePDFOutline\":\"false\",\"direction\":\"1\",\"pageMode\":\"0\",\"source\":\"http:\\\/\\\/hsdp.gov.co\\\/portal\\\/wp-content\\\/uploads\\\/2023\\\/04\\\/Res-402-7Dic22-Manual-de-Contratacion.pdf\",\"wpOptions\":\"true\"}; if(window.DFLIP && DFLIP.parseBooks){DFLIP.parseBooks();}<\/script><\/code><br><\/p>\n","protected":false},"excerpt":{"rendered":"<p>ACUERDO DE ACTUALIZACI\u00d3N Y ADOPCI\u00d3N MANUAL DE CONTRATACI\u00d3N<\/p>\n","protected":false},"author":1,"featured_media":0,"parent":2781,"menu_order":0,"comment_status":"closed","ping_status":"closed","template":"","meta":{"footnotes":""},"_links":{"self":[{"href":"https:\/\/hsdp.gov.co\/portal\/wp-json\/wp\/v2\/pages\/2802"}],"collection":[{"href":"https:\/\/hsdp.gov.co\/portal\/wp-json\/wp\/v2\/pages"}],"about":[{"href":"https:\/\/hsdp.gov.co\/portal\/wp-json\/wp\/v2\/types\/page"}],"author":[{"embeddable":true,"href":"https:\/\/hsdp.gov.co\/portal\/wp-json\/wp\/v2\/users\/1"}],"replies":[{"embeddable":true,"href":"https:\/\/hsdp.gov.co\/portal\/wp-json\/wp\/v2\/comments?post=2802"}],"version-history":[{"count":9,"href":"https:\/\/hsdp.gov.co\/portal\/wp-json\/wp\/v2\/pages\/2802\/revisions"}],"predecessor-version":[{"id":7694,"href":"https:\/\/hsdp.gov.co\/portal\/wp-json\/wp\/v2\/pages\/2802\/revisions\/7694"}],"up":[{"embeddable":true,"href":"https:\/\/hsdp.gov.co\/portal\/wp-json\/wp\/v2\/pages\/2781"}],"wp:attachment":[{"href":"https:\/\/hsdp.gov.co\/portal\/wp-json\/wp\/v2\/media?parent=2802"}],"curies":[{"name":"wp","href":"https:\/\/api.w.org\/{rel}","templated":true}]}}