{"id":2792,"date":"2020-10-15T06:02:01","date_gmt":"2020-10-15T04:02:01","guid":{"rendered":"http:\/\/hsdp.gov.co\/portal\/?page_id=2792"},"modified":"2022-09-30T05:49:24","modified_gmt":"2022-09-30T03:49:24","slug":"instrumentos-de-gestion-de-informacion-publica","status":"publish","type":"page","link":"https:\/\/hsdp.gov.co\/portal\/ley-de\/instrumentos-de-gestion-de-informacion-publica\/","title":{"rendered":"10. INSTRUMENTOS DE GESTION DE INFORMACION PUBLICA"},"content":{"rendered":"\n\t<section class=\"section\" id=\"section_1745957915\">\n\t\t<div class=\"bg section-bg fill bg-fill  bg-loaded\" >\n\n\t\t\t\n\t\t\t\n\t\t\t\n\n\t\t<\/div><!-- .section-bg -->\n\n\t\t<div class=\"section-content relative\">\n\t\t\t\n\n<div class=\"row\"  id=\"row-887134550\">\n\n<div class=\"col small-12 large-12\"  ><div class=\"col-inner\"  >\n\n<div class=\"container section-title-container\" ><h2 class=\"section-title section-title-center\"><b><\/b><span class=\"section-title-main\" style=\"color:rgb(97, 168, 72);\">Instrumentos de gesti\u00f3n de Informaci\u00f3n P\u00fablica<\/span><b><\/b><\/h2><\/div><!-- .section-title -->\n\n<div class=\"row row-box-shadow-3 row-box-shadow-5-hover\"  id=\"row-1672154431\">\n\n<div class=\"col medium-4 small-12 large-4\"  ><div class=\"col-inner text-center\" style=\"padding:9px 10px 3px 10px;margin:12px 0px 20px 0px;\" >\n\n<p>La informaci\u00f3n m\u00ednima requerida a publicar de que tratan los art\u00edculos 9\u00b0, 10 y 11 de la Ley 1712 de 2014<\/p>\n<a class=\"button success is-underline expand\"  >\n    <span>VER MAS<\/span>\n  <\/a>\n\n\n\n<\/div><\/div>\n<div class=\"col medium-4 small-12 large-4\"  ><div class=\"col-inner text-center\" style=\"padding:9px 10px 3px 10px;margin:12px 0px -28px 0px;\" >\n\n<p>\u00a0<\/p>\n<p>Registro de Activos de Informaci\u00f3n<\/p>\n<a href=\"https:\/\/hsdp.gov.co\/portal\/ley-de-transparencia\/instrumentos-de-gestion-de-informacion-publica\/registro-activos-de-informacion\/\" target=\"_self\" class=\"button success is-underline expand\"  >\n    <span>VER MAS<\/span>\n  <\/a>\n\n\n\n<\/div><\/div>\n<div class=\"col medium-4 small-12 large-4\"  ><div class=\"col-inner text-center\" style=\"padding:9px 10px 25px 10px;margin:12px 0px -53px 0px;\" >\n\n<p>\u00cdndice de Informaci\u00f3n Clasificada y Reservada<\/p>\n<a href=\"https:\/\/hsdp.gov.co\/portal\/wp-content\/uploads\/2021\/09\/Indice-de-Informacion-Reservada-y-Clasificada.xlsx\" target=\"_self\" class=\"button success is-underline expand\"  >\n    <span>VER MAS<\/span>\n  <\/a>\n\n\n\n<\/div><\/div>\n\n\n<style scope=\"scope\">\n\n<\/style>\n<\/div>\n<div class=\"row row-box-shadow-3 row-box-shadow-5-hover\"  id=\"row-2083215012\">\n\n<div class=\"col medium-4 small-12 large-4\"  ><div class=\"col-inner text-center\" style=\"padding:9px 10px 40px 10px;margin:9px 0px 17px 0px;\" >\n\n<p>Esquema de Publicaci\u00f3n de Informaci\u00f3n<\/p>\n<a href=\"https:\/\/hsdp.gov.co\/portal\/esquema-de-publicacion-de-informacion\/\" target=\"_self\" class=\"button success is-underline expand\"  >\n    <span>VER MAS<\/span>\n  <\/a>\n\n\n\n<\/div><\/div>\n<div class=\"col medium-4 small-12 large-4\"  ><div class=\"col-inner text-center\" style=\"padding:9px 10px 41px 10px;margin:9px 0px -28px 0px;\" >\n\n<p>Programa de Gesti\u00f3n Documental<\/p>\n<a href=\"https:\/\/hsdp.gov.co\/portal\/ley-de-transparencia\/instrumentos-de-gestion-de-informacion-publica\/gestion-documental\/\" target=\"_self\" class=\"button success is-underline expand\"  >\n    <span>VER MAS<\/span>\n  <\/a>\n\n\n\n<\/div><\/div>\n<div class=\"col medium-4 small-12 large-4\"  ><div class=\"col-inner text-center\" style=\"padding:9px 10px 18px 10px;margin:9px 0px -21px 0px;\" >\n\n<p>Tablas de Retenci\u00f3n Documental. Cuadro de clasificaci\u00f3n documental.<\/p>\n<a href=\"https:\/\/hsdp.gov.co\/portal\/wp-content\/uploads\/2020\/10\/TABLAS-DE-RETENCION-DOCUMENTAL.pdf\" target=\"_self\" class=\"button success is-underline expand\"  >\n    <span>VER MAS<\/span>\n  <\/a>\n\n\n\n<\/div><\/div>\n\n\n<style scope=\"scope\">\n\n<\/style>\n<\/div>\n<div class=\"row row-box-shadow-3 row-box-shadow-5-hover\"  id=\"row-1693671128\">\n\n<div class=\"col medium-4 small-12 large-4\"  ><div class=\"col-inner text-center\" style=\"padding:9px 10px 32px 10px;\" >\n\n<h4 style=\"text-align: center;\">Registro de publicaciones<\/h4>\n<p>El sujeto obligado debe publicar un registro de publicaciones que contenga los documentos publicados de conformidad con la ley 1712 de 2014 y autom\u00e1ticamente disponibles<\/p>\n<a class=\"button success is-underline expand\"  >\n    <span>VER MAS<\/span>\n  <\/a>\n\n\n\n<\/div><\/div>\n<div class=\"col medium-4 small-12 large-4\"  ><div class=\"col-inner text-center\" style=\"padding:9px 10px 6px 10px;margin:0px 0px -8px 0px;\" >\n\n<h4 style=\"text-align: center;\">Costos de reproducci\u00f3n<\/h4>\n<p>El sujeto obligado determina los costos de reproducci\u00f3n de la informaci\u00f3n p\u00fablica a trav\u00e9s de una motivaci\u00f3n, que debe ser establecida mediante acto administrativo o documento equivalente, suscrito por funcionario o empleado de nivel directivo<\/p>\n<a class=\"button success is-underline expand\"  >\n    <span>VER MAS<\/span>\n  <\/a>\n\n\n\n<\/div><\/div>\n<div class=\"col medium-4 small-12 large-4\"  ><div class=\"col-inner text-center\" style=\"padding:9px 10px 52px 10px;\" >\n\n<p>\u00a0<\/p>\n<p>Mecanismos e Informes de peticiones, quejas, reclamos y sugerencias.<\/p>\n<p>\u00a0<\/p>\n<a rel=\"noopener noreferrer\" href=\"https:\/\/hsdp.gov.co\/portal\/mecanismos-e-informes-de-peticiones-quejas-reclamos-sugenrencias-y-felicitaciones\/\" target=\"_blank\" class=\"button success is-underline expand\"  >\n    <span>VER MAS<\/span>\n  <\/a>\n\n\n\n<\/div><\/div>\n<div class=\"col medium-4 small-12 large-4\"  ><div class=\"col-inner text-center\" style=\"padding:9px 10px 52px 10px;\" >\n\n<p>Otros instrumentos y documentos de la gesti\u00f3n archivistica<\/p>\n<a rel=\"noopener noreferrer\" href=\"https:\/\/hsdp.gov.co\/portal\/resolucion-009-politica-de-gestion-documental\/\" target=\"_blank\" class=\"button success is-underline expand\"  >\n    <span>VER MAS<\/span>\n  <\/a>\n\n\n\n<\/div><\/div>\n\n\n<style scope=\"scope\">\n\n<\/style>\n<\/div>\n\n<\/div><\/div>\n\n<\/div>\n\n\t\t<\/div><!-- .section-content -->\n\n\t\t\n<style scope=\"scope\">\n\n#section_1745957915 {\n  padding-top: 30px;\n  padding-bottom: 30px;\n}\n<\/style>\n\t<\/section>\n\t\n\n","protected":false},"excerpt":{"rendered":"","protected":false},"author":1,"featured_media":0,"parent":696,"menu_order":0,"comment_status":"closed","ping_status":"closed","template":"","meta":{"footnotes":""},"_links":{"self":[{"href":"https:\/\/hsdp.gov.co\/portal\/wp-json\/wp\/v2\/pages\/2792"}],"collection":[{"href":"https:\/\/hsdp.gov.co\/portal\/wp-json\/wp\/v2\/pages"}],"about":[{"href":"https:\/\/hsdp.gov.co\/portal\/wp-json\/wp\/v2\/types\/page"}],"author":[{"embeddable":true,"href":"https:\/\/hsdp.gov.co\/portal\/wp-json\/wp\/v2\/users\/1"}],"replies":[{"embeddable":true,"href":"https:\/\/hsdp.gov.co\/portal\/wp-json\/wp\/v2\/comments?post=2792"}],"version-history":[{"count":24,"href":"https:\/\/hsdp.gov.co\/portal\/wp-json\/wp\/v2\/pages\/2792\/revisions"}],"predecessor-version":[{"id":6690,"href":"https:\/\/hsdp.gov.co\/portal\/wp-json\/wp\/v2\/pages\/2792\/revisions\/6690"}],"up":[{"embeddable":true,"href":"https:\/\/hsdp.gov.co\/portal\/wp-json\/wp\/v2\/pages\/696"}],"wp:attachment":[{"href":"https:\/\/hsdp.gov.co\/portal\/wp-json\/wp\/v2\/media?parent=2792"}],"curies":[{"name":"wp","href":"https:\/\/api.w.org\/{rel}","templated":true}]}}