{"id":1505,"date":"2020-02-12T18:20:25","date_gmt":"2020-02-12T17:20:25","guid":{"rendered":"http:\/\/hsdp.gov.co\/portal\/?page_id=1505"},"modified":"2026-04-10T10:48:04","modified_gmt":"2026-04-10T15:48:04","slug":"6-planeacion","status":"publish","type":"page","link":"https:\/\/hsdp.gov.co\/portal\/ley-de\/6-planeacion\/","title":{"rendered":"6- PLANEACI\u00d3N"},"content":{"rendered":"\n<div class=\"container section-title-container\" ><h1 class=\"section-title section-title-center\"><b><\/b><span class=\"section-title-main\" style=\"color:rgb(80, 178, 87);\">PLANES DE ACCI\u00d3N<\/span><b><\/b><\/h1><\/div><!-- .section-title -->\n\n<div class=\"text-center\"><div class=\"is-divider divider clearfix\" style=\"max-width:234px;background-color:rgb(60, 136, 167);\"><\/div><\/div><!-- .divider -->\n\n<p style=\"text-align: center;\">Planes de acci\u00f3n de la E.S.E. Hospital San Juan de Dios de Pamplona<\/p>\n<h4 style=\"text-align: center;\"><span style=\"color: #50b250;\"><strong><a style=\"color: #50b250;\" href=\"https:\/\/hsdp.gov.co\/portal\/sin-categoria\/plan-de-gestion-2024-2027\/\">PLAN DE GESTI\u00d3N 2024 &#8211; 2027<\/a><\/strong><\/span><\/h4>\n<div class=\"container section-title-container\" ><h3 class=\"section-title section-title-normal\"><b><\/b><span class=\"section-title-main\" style=\"color:rgb(41, 109, 141);\">GERENCIA<\/span><b><\/b><\/h3><\/div><!-- .section-title -->\n\n<div class=\"accordion\" rel=\"\">\n\n<div class=\"accordion-item\"><a href=\"#\" class=\"accordion-title plain\"><button class=\"toggle\"><i class=\"icon-angle-down\"><\/i><\/button><span>PLAN DE DESARROLLO<\/span><\/a><div class=\"accordion-inner\">\n\n<a href=\"https:\/\/hsdp.gov.co\/portal\/wp-content\/uploads\/2025\/02\/PLAN-DE-DESARROLLO-HSJDD-2024-2027-1.pdf\" target=\"_self\" class=\"button primary\"  >\n    <span>VIGENCIA 2024 - 2027<\/span>\n  <\/a>\n\n\n\n<\/div><\/div>\n\n<\/div>\n<div class=\"container section-title-container\" ><h3 class=\"section-title section-title-normal\"><b><\/b><span class=\"section-title-main\" style=\"color:rgb(41, 109, 141);\">SUBDIRECCI\u00d3N ADMINISTRATIVA<\/span><b><\/b><\/h3><\/div><!-- .section-title -->\n\n<div class=\"accordion\" rel=\"\">\n\n<div class=\"accordion-item\"><a href=\"#\" class=\"accordion-title plain\"><button class=\"toggle\"><i class=\"icon-angle-down\"><\/i><\/button><span>PROGRAMA DE TRANSPARENCIA Y \u00c9TICA P\u00daBLICA<\/span><\/a><div class=\"accordion-inner\">\n\n<a href=\"https:\/\/hsdp.gov.co\/portal\/ley-de-transparencia\/planeacion\/politicas-lineamientos-y-manuales\/planes-estrategicos\/programa-de-transparencia-y-etica-publica\/\" target=\"_self\" class=\"button primary\"  >\n    <span>VIGENCIA 2026<\/span>\n  <\/a>\n\n\n<a href=\"https:\/\/hsdp.gov.co\/portal\/sin-categoria\/programa-de-transparencia-y-etica-publica-2\/\" target=\"_self\" class=\"button primary\"  >\n    <span>VIGENCIA 2025<\/span>\n  <\/a>\n\n\n\n<\/div><\/div>\n<div class=\"accordion-item\"><a href=\"#\" class=\"accordion-title plain\"><button class=\"toggle\"><i class=\"icon-angle-down\"><\/i><\/button><span>PLAN ANTICORRUPCI\u00d3N Y DE ATENCI\u00d3N AL CIUDADANO<\/span><\/a><div class=\"accordion-inner\">\n\n<a href=\"https:\/\/hsdp.gov.co\/portal\/ley-de-transparencia\/planeacion\/politicas-lineamientos-y-manuales\/planes-estrategicos\/plan-anticorrupcion-atencion-ciudadano\/plan-anticorrupcion-y-de-atencion-al-ciudadano\/\" target=\"_self\" class=\"button primary\"  >\n    <span>VIGENCIA 2025<\/span>\n  <\/a>\n\n\n\n<\/div><\/div>\n<div class=\"accordion-item\"><a href=\"#\" class=\"accordion-title plain\"><button class=\"toggle\"><i class=\"icon-angle-down\"><\/i><\/button><span>PLAN DE ADQUISICIONES<\/span><\/a><div class=\"accordion-inner\">\n\n<a href=\"https:\/\/hsdp.gov.co\/portal\/ley-de-transparencia\/plan-de-adquisiciones\/\" target=\"_self\" class=\"button primary\"  >\n    <span>VIGENCIA 2026<\/span>\n  <\/a>\n\n\n\n<\/div><\/div>\n\n<\/div>\n<div class=\"text-center\"><div class=\"is-divider divider clearfix\" ><\/div><\/div><!-- .divider -->\n\n<div class=\"container section-title-container\" ><h3 class=\"section-title section-title-normal\"><b><\/b><span class=\"section-title-main\" style=\"color:rgb(41, 109, 141);\">GESTI\u00d3N DOCUMENTAL<\/span><b><\/b><\/h3><\/div><!-- .section-title -->\n\n<div class=\"accordion\" rel=\"\">\n\n<div class=\"accordion-item\"><a href=\"#\" class=\"accordion-title plain\"><button class=\"toggle\"><i class=\"icon-angle-down\"><\/i><\/button><span>PLAN INSTITUCIONAL DE ARCHIVO PINAR<\/span><\/a><div class=\"accordion-inner\">\n\n<a href=\"https:\/\/hsdp.gov.co\/portal\/ley-de-transparencia\/planeacion\/politicas-lineamientos-y-manuales\/planes-estrategicos\/plan-institucional-de-archivo-pinar-2\/\" target=\"_self\" class=\"button primary\"  >\n    <span>VIGENCIA 2026<\/span>\n  <\/a>\n\n\n<a href=\"https:\/\/hsdp.gov.co\/portal\/gestion-documental\/plan-de-archivo-pinar\/\" target=\"_self\" class=\"button primary\"  >\n    <span>VIGENCIA 2025<\/span>\n  <\/a>\n\n\n<a href=\"https:\/\/hsdp.gov.co\/portal\/sin-categoria\/plan-institucional-de-archivo-pinar\/\" target=\"_self\" class=\"button primary\"  >\n    <span>VIGENCIA 2024<\/span>\n  <\/a>\n\n\n\n<\/div><\/div>\n<div class=\"accordion-item\"><a href=\"#\" class=\"accordion-title plain\"><button class=\"toggle\"><i class=\"icon-angle-down\"><\/i><\/button><span>PROGRAMA DE GESTI\u00d3N DOCUMENTAL - PGD<\/span><\/a><div class=\"accordion-inner\">\n\n<a href=\"https:\/\/hsdp.gov.co\/portal\/sin-categoria\/programa-de-gestion-documental-pgd\/\" target=\"_self\" class=\"button primary\"  >\n    <span>VIGENCIA 2024<\/span>\n  <\/a>\n\n\n\n<\/div><\/div>\n<div class=\"accordion-item\"><a href=\"#\" class=\"accordion-title plain\"><button class=\"toggle\"><i class=\"icon-angle-down\"><\/i><\/button><span>SISTEMA INSTITUCIONAL DE CONSERVACI\u00d3N DOCUMENTAL<\/span><\/a><div class=\"accordion-inner\">\n\n<a href=\"https:\/\/hsdp.gov.co\/portal\/sin-categoria\/sistema-institucional-de-conservacion-documental-2024\/\" target=\"_self\" class=\"button primary\"  >\n    <span>vIGENCIA 2024<\/span>\n  <\/a>\n\n\n<a href=\"https:\/\/hsdp.gov.co\/portal\/sin-categoria\/sistema-institucional-de-conservacion\/\" target=\"_self\" class=\"button primary\"  >\n    <span>VIGENCIA 2025<\/span>\n  <\/a>\n\n\n\n<\/div><\/div>\n\n<\/div>\n<div class=\"text-center\"><div class=\"is-divider divider clearfix\" ><\/div><\/div><!-- .divider -->\n\n<div class=\"container section-title-container\" ><h3 class=\"section-title section-title-normal\"><b><\/b><span class=\"section-title-main\" style=\"color:rgb(41, 109, 141);\">PRESUPUESTO<\/span><b><\/b><\/h3><\/div><!-- .section-title -->\n\n<div class=\"accordion\" rel=\"\">\n\n<div class=\"accordion-item\"><a href=\"#\" class=\"accordion-title plain\"><button class=\"toggle\"><i class=\"icon-angle-down\"><\/i><\/button><span>PLAN DE GASTO P\u00daBLICO<\/span><\/a><div class=\"accordion-inner\">\n\n<a href=\"https:\/\/hsdp.gov.co\/portal\/ley-de-transparencia\/planeacion\/politicas-lineamientos-y-manuales\/planes-estrategicos\/plan-de-gasto-publico-4\/\" target=\"_self\" class=\"button primary\"  >\n    <span>VIGENCIA 2026<\/span>\n  <\/a>\n\n\n<a href=\"https:\/\/hsdp.gov.co\/portal\/ley-de-transparencia\/presupuesto\/plan-de-gasto-publico-3\/\" target=\"_self\" class=\"button primary\"  >\n    <span>VIGENCIA 2025<\/span>\n  <\/a>\n\n\n<a href=\"https:\/\/hsdp.gov.co\/portal\/ley-de-transparencia\/planeacion\/politicas-lineamientos-y-manuales\/planes-estrategicos\/plan-gasto-publico\/plan-de-gasto-publico-2024\/\" target=\"_self\" class=\"button primary\"  >\n    <span>VIGENCIA 2024<\/span>\n  <\/a>\n\n\n\n<\/div><\/div>\n\n<\/div>\n<div class=\"accordion\" rel=\"\">\n\n\n<\/div>\n<div class=\"text-center\"><div class=\"is-divider divider clearfix\" ><\/div><\/div><!-- .divider -->\n\n<div class=\"container section-title-container\" ><h3 class=\"section-title section-title-normal\"><b><\/b><span class=\"section-title-main\" style=\"color:rgb(41, 109, 141);\">GESTI\u00d3N HUMANA<\/span><b><\/b><\/h3><\/div><!-- .section-title -->\n\n<div class=\"accordion\" rel=\"\">\n\n<div class=\"accordion-item\"><a href=\"#\" class=\"accordion-title plain\"><button class=\"toggle\"><i class=\"icon-angle-down\"><\/i><\/button><span>PLAN DE BIENESTAR<\/span><\/a><div class=\"accordion-inner\">\n\n<a href=\"https:\/\/hsdp.gov.co\/portal\/ley-de-transparencia\/planeacion\/politicas-lineamientos-y-manuales\/planes-estrategicos\/plan-de-bienestar-2\/\" target=\"_self\" class=\"button primary\"  >\n    <span>VIGENCIA 2026<\/span>\n  <\/a>\n\n\n<a href=\"https:\/\/hsdp.gov.co\/portal\/ley-de-transparencia\/planeacion\/politicas-lineamientos-y-manuales\/planes-estrategicos\/plan-incentivos-institucionales\/plan-de-bienestar\/\" target=\"_self\" class=\"button primary\"  >\n    <span>VIGENCIA 2025<\/span>\n  <\/a>\n\n\n<a href=\"https:\/\/hsdp.gov.co\/portal\/sin-categoria\/plan-de-bienestar-e-incentivos-2\/\" target=\"_self\" class=\"button primary\"  >\n    <span>VIGENCIA 2024<\/span>\n  <\/a>\n\n\n\n<\/div><\/div>\n<div class=\"accordion-item\"><a href=\"#\" class=\"accordion-title plain\"><button class=\"toggle\"><i class=\"icon-angle-down\"><\/i><\/button><span>PLAN DE PREVISI\u00d3N DE RECURSOS HUMANOS<\/span><\/a><div class=\"accordion-inner\">\n\n<a href=\"https:\/\/hsdp.gov.co\/portal\/ley-de-transparencia\/planeacion\/politicas-lineamientos-y-manuales\/planes-estrategicos\/plan-de-prevision-de-recursos-humanos-3\/\" target=\"_self\" class=\"button primary\"  >\n    <span>VIGENCIA 2026<\/span>\n  <\/a>\n\n\n<a href=\"https:\/\/hsdp.gov.co\/portal\/gestion-talento-humano\/plan-de-prevision-de-recursos-humanos-2\/\" target=\"_self\" class=\"button primary\"  >\n    <span>VIGENCIA 2025<\/span>\n  <\/a>\n\n\n<a href=\"https:\/\/hsdp.gov.co\/portal\/sin-categoria\/plan-de-prevision-de-recursos-humanos\/\" target=\"_self\" class=\"button primary\"  >\n    <span>VIGENCIA 2024<\/span>\n  <\/a>\n\n\n\n<\/div><\/div>\n<div class=\"accordion-item\"><a href=\"#\" class=\"accordion-title plain\"><button class=\"toggle\"><i class=\"icon-angle-down\"><\/i><\/button><span>PLAN DE VACANTES<\/span><\/a><div class=\"accordion-inner\">\n\n<a href=\"https:\/\/hsdp.gov.co\/portal\/ley-de-transparencia\/planeacion\/politicas-lineamientos-y-manuales\/planes-estrategicos\/plan-de-vacantes-3\/\" target=\"_self\" class=\"button primary\"  >\n    <span>VIGENCIA 2026<\/span>\n  <\/a>\n\n\n<a href=\"https:\/\/hsdp.gov.co\/portal\/gestion-talento-humano\/plan-de-vacantes-2\/\" target=\"_self\" class=\"button primary\"  >\n    <span>VIGENCIA 2025<\/span>\n  <\/a>\n\n\n<a href=\"https:\/\/hsdp.gov.co\/portal\/sin-categoria\/plan-de-vacantes\/\" target=\"_self\" class=\"button primary\"  >\n    <span>VIGENCIA 2024<\/span>\n  <\/a>\n\n\n\n<\/div><\/div>\n<div class=\"accordion-item\"><a href=\"#\" class=\"accordion-title plain\"><button class=\"toggle\"><i class=\"icon-angle-down\"><\/i><\/button><span>PLAN ESTRAT\u00c9GICO DE TALENTO HUMANO<\/span><\/a><div class=\"accordion-inner\">\n\n<a href=\"https:\/\/hsdp.gov.co\/portal\/ley-de-transparencia\/planeacion\/politicas-lineamientos-y-manuales\/planes-estrategicos\/plan-estrategico-de-talento-humano-4\/\" target=\"_self\" class=\"button primary\"  >\n    <span>VIGENCIA 2026<\/span>\n  <\/a>\n\n\n<a href=\"https:\/\/hsdp.gov.co\/portal\/gestion-talento-humano\/plan-estrategico-de-talento-humano-3\/\" target=\"_self\" class=\"button primary\"  >\n    <span>VIGENCIA 2025<\/span>\n  <\/a>\n\n\n<a href=\"https:\/\/hsdp.gov.co\/portal\/sin-categoria\/plan-estrategicos-de-talento-humano\/\" target=\"_self\" class=\"button primary\"  >\n    <span>VIGENCIA 2024<\/span>\n  <\/a>\n\n\n\n<\/div><\/div>\n<div class=\"accordion-item\"><a href=\"#\" class=\"accordion-title plain\"><button class=\"toggle\"><i class=\"icon-angle-down\"><\/i><\/button><span>PLAN INSTITUCIONAL DE CAPACITACIONES - PIC<\/span><\/a><div class=\"accordion-inner\">\n\n<a href=\"https:\/\/hsdp.gov.co\/portal\/ley-de-transparencia\/planeacion\/politicas-lineamientos-y-manuales\/planes-estrategicos\/plan-institucional-de-capacitaciones-pic-2\/\" target=\"_self\" class=\"button primary\"  >\n    <span>VIGENCIA 2026<\/span>\n  <\/a>\n\n\n<a href=\"https:\/\/hsdp.gov.co\/portal\/gestion-talento-humano\/plan-institucional-de-capacitaciones-pic\/\" target=\"_self\" class=\"button primary\"  >\n    <span>VIGENCIA 2025<\/span>\n  <\/a>\n\n\n<a href=\"https:\/\/hsdp.gov.co\/portal\/sin-categoria\/plan-estrategicos-de-talento-humano\/\" target=\"_self\" class=\"button primary\"  >\n    <span>VIGENCIA 2024<\/span>\n  <\/a>\n\n\n\n<\/div><\/div>\n\n<\/div>\n<div class=\"text-center\"><div class=\"is-divider divider clearfix\" ><\/div><\/div><!-- .divider -->\n\n<div class=\"container section-title-container\" ><h3 class=\"section-title section-title-normal\"><b><\/b><span class=\"section-title-main\" style=\"color:rgb(41, 109, 141);\">SEGURIDAD Y SALUD EN EL TRABAJO<\/span><b><\/b><\/h3><\/div><!-- .section-title -->\n\n<div class=\"accordion\" rel=\"\">\n\n<div class=\"accordion-item\"><a href=\"#\" class=\"accordion-title plain\"><button class=\"toggle\"><i class=\"icon-angle-down\"><\/i><\/button><span>PLAN ANUAL DE SEGURIDAD Y SALUD EN EL TRABAJO<\/span><\/a><div class=\"accordion-inner\">\n\n<a href=\"https:\/\/hsdp.gov.co\/portal\/ley-de-transparencia\/planeacion\/politicas-lineamientos-y-manuales\/planes-estrategicos\/plan-anual-de-seguridad-y-salud-en-el-trabajo-3\/\" target=\"_self\" class=\"button primary\"  >\n    <span>VIGENCIA 2026<\/span>\n  <\/a>\n\n\n<a href=\"https:\/\/hsdp.gov.co\/portal\/procesos-de-apoyo\/plan-de-seguridad-y-salud-en-el-trabajo\/\" target=\"_self\" class=\"button primary\"  >\n    <span>VIGENCIA 2025<\/span>\n  <\/a>\n\n\n<a href=\"https:\/\/hsdp.gov.co\/portal\/sin-categoria\/plan-anual-de-seguridad-y-salud-en-el-trabajo-2024\/\" target=\"_self\" class=\"button primary\"  >\n    <span>VIGENCIA 2024<\/span>\n  <\/a>\n\n\n\n<\/div><\/div>\n\n<\/div>\n<div class=\"text-center\"><div class=\"is-divider divider clearfix\" ><\/div><\/div><!-- .divider -->\n\n<div class=\"container section-title-container\" ><h3 class=\"section-title section-title-normal\"><b><\/b><span class=\"section-title-main\" style=\"color:rgb(41, 109, 141);\">ATENCI\u00d3N AL CIUDADANO<\/span><b><\/b><\/h3><\/div><!-- .section-title -->\n\n<div class=\"accordion\" rel=\"\">\n\n<div class=\"accordion-item\"><a href=\"#\" class=\"accordion-title plain\"><button class=\"toggle\"><i class=\"icon-angle-down\"><\/i><\/button><span>PLAN DE ACCI\u00d3N ESTRATEGIA DE PARTICIPACI\u00d3N CIUDADANA<\/span><\/a><div class=\"accordion-inner\">\n\n<a href=\"https:\/\/hsdp.gov.co\/portal\/ley-de-transparencia\/planeacion\/politicas-lineamientos-y-manuales\/planes-estrategicos\/plan-de-accion-estrategia-de-participacion-ciudadana-4\/\" target=\"_self\" class=\"button primary\"  >\n    <span>VIGENCIA 2026<\/span>\n  <\/a>\n\n\n<a href=\"https:\/\/hsdp.gov.co\/portal\/ley-de-transparencia\/planeacion\/plan-participacion-ciudadana\/plan-de-accion-estrategia-de-participacion-ciudadana-3\/\" target=\"_self\" class=\"button primary\"  >\n    <span>VIGENCIA 2025<\/span>\n  <\/a>\n\n\n<a href=\"https:\/\/hsdp.gov.co\/portal\/sin-categoria\/plan-de-accion-estrategia-de-participacion-ciudadana-2\/\" target=\"_self\" class=\"button primary\"  >\n    <span>VIGENCIA 2024<\/span>\n  <\/a>\n\n\n\n<\/div><\/div>\n\n<\/div>\n<div class=\"text-center\"><div class=\"is-divider divider clearfix\" ><\/div><\/div><!-- .divider -->\n\n<div class=\"container section-title-container\" ><h3 class=\"section-title section-title-normal\"><b><\/b><span class=\"section-title-main\" style=\"color:rgb(41, 109, 141);\">INFORM\u00c1TICA Y ESTAD\u00cdSTICA<\/span><b><\/b><\/h3><\/div><!-- .section-title -->\n\n<div class=\"accordion\" rel=\"\">\n\n<div class=\"accordion-item\"><a href=\"#\" class=\"accordion-title plain\"><button class=\"toggle\"><i class=\"icon-angle-down\"><\/i><\/button><span>PLAN DE PRESERVACI\u00d3N DIGITAL<\/span><\/a><div class=\"accordion-inner\">\n\n<a href=\"https:\/\/hsdp.gov.co\/portal\/ley-de-transparencia\/planeacion\/politicas-lineamientos-y-manuales\/planes-estrategicos\/plan-de-preservacion-digital-3\/\" target=\"_self\" class=\"button primary\"  >\n    <span>vigencia 2026<\/span>\n  <\/a>\n\n\n<a href=\"https:\/\/hsdp.gov.co\/portal\/ley-de-transparencia\/planeacion\/politicas-lineamientos-y-manuales\/planes-estrategicos\/plan-de-preservacion-digital\/plan-de-preservacion-digital-2\/\" target=\"_self\" class=\"button primary\"  >\n    <span>VIGENCIA 2025<\/span>\n  <\/a>\n\n\n<a href=\"https:\/\/hsdp.gov.co\/portal\/sin-categoria\/plan-de-preservacion-digital-2024\/\" target=\"_self\" class=\"button primary\"  >\n    <span>VIGENCIA 2024<\/span>\n  <\/a>\n\n\n\n<\/div><\/div>\n<div class=\"accordion-item\"><a href=\"#\" class=\"accordion-title plain\"><button class=\"toggle\"><i class=\"icon-angle-down\"><\/i><\/button><span>PLAN ESTRAT\u00c9GICO DE TECNOLOG\u00cdAS DE LA INFORMACI\u00d3N - PETI<\/span><\/a><div class=\"accordion-inner\">\n\n<a href=\"https:\/\/hsdp.gov.co\/portal\/ley-de-transparencia\/planeacion\/politicas-lineamientos-y-manuales\/planes-estrategicos\/plan-estrategico-de-tecnologias-de-la-informacion-peti-2\/\" target=\"_self\" class=\"button primary\"  >\n    <span>vigencia 2026<\/span>\n  <\/a>\n\n\n<a href=\"https:\/\/hsdp.gov.co\/portal\/ley-de-transparencia\/planeacion\/politicas-lineamientos-y-manuales\/planes-estrategicos\/plan-estrategico-de-tecnologias-de-la-informacion-peti\/\" target=\"_self\" class=\"button primary\"  >\n    <span>VIGENCIA 2025<\/span>\n  <\/a>\n\n\n<a href=\"https:\/\/hsdp.gov.co\/portal\/sin-categoria\/plan-estrategico-de-tecnologias-de-la-informacion\/\" target=\"_self\" class=\"button primary\"  >\n    <span>VIGENCIA 2024<\/span>\n  <\/a>\n\n\n\n<\/div><\/div>\n<div class=\"accordion-item\"><a href=\"#\" class=\"accordion-title plain\"><button class=\"toggle\"><i class=\"icon-angle-down\"><\/i><\/button><span>PLAN TRATAMIENTO DE RIESGOS SEGURIDAD Y PRIVACIDAD DE LA INFORMACI\u00d3N<\/span><\/a><div class=\"accordion-inner\">\n\n<a href=\"https:\/\/hsdp.gov.co\/portal\/ley-de-transparencia\/planeacion\/politicas-lineamientos-y-manuales\/planes-estrategicos\/plan-estrategico-de-tecnologias-de-la-informacion-peti-2\/\" target=\"_self\" class=\"button primary\"  >\n    <span>vigencia 2026 - 2028<\/span>\n  <\/a>\n\n\n<a href=\"https:\/\/hsdp.gov.co\/portal\/ley-de-transparencia\/planeacion\/politicas-lineamientos-y-manuales\/planes-estrategicos\/plan-tratamiento-seguridad-informacion\/plan-tratamiento-de-riesgos-seguridad-y-privacidad-de-la-informacion\/\" target=\"_self\" class=\"button primary\"  >\n    <span>VIGENCIA 2025<\/span>\n  <\/a>\n\n\n<a href=\"https:\/\/hsdp.gov.co\/portal\/sin-categoria\/plan-tratamiento-de-riesgos-seguridad-y-privacidad-informacion-2024\/\" target=\"_self\" class=\"button primary\"  >\n    <span>VIGENCIA 2024<\/span>\n  <\/a>\n\n\n\n<\/div><\/div>\n<div class=\"accordion-item\"><a href=\"#\" class=\"accordion-title plain\"><button class=\"toggle\"><i class=\"icon-angle-down\"><\/i><\/button><span>PLAN DE SEGURIDAD Y PRIVACIDAD DE LA INFORMACI\u00d3N<\/span><\/a><div class=\"accordion-inner\">\n\n<a href=\"https:\/\/hsdp.gov.co\/portal\/ley-de-transparencia\/planeacion\/politicas-lineamientos-y-manuales\/planes-estrategicos\/plan-de-seguridad-y-privacidad-de-la-informacion-4\/\" target=\"_self\" class=\"button primary\"  >\n    <span>vigencia 2026<\/span>\n  <\/a>\n\n\n<a href=\"https:\/\/hsdp.gov.co\/portal\/wp-content\/uploads\/2025\/01\/4-Plan-de-Seguridad-y-Privacidad-de-laInformacion-2025.pdf\" target=\"_self\" class=\"button primary\"  >\n    <span>VIGENCIA 2025<\/span>\n  <\/a>\n\n\n<a href=\"https:\/\/hsdp.gov.co\/portal\/sin-categoria\/plan-de-seguridad-y-privacidad-de-la-informacion-2024\/\" target=\"_self\" class=\"button primary\"  >\n    <span>VIGENCIA 2024<\/span>\n  <\/a>\n\n\n\n<\/div><\/div>\n<div class=\"accordion-item\"><a href=\"#\" class=\"accordion-title plain\"><button class=\"toggle\"><i class=\"icon-angle-down\"><\/i><\/button><span>PLAN DE MANTENIMIENTO DE SERVICIOS TECNOL\u00d3GICOS<\/span><\/a><div class=\"accordion-inner\">\n\n<a href=\"https:\/\/hsdp.gov.co\/portal\/ley-de-transparencia\/planeacion\/politicas-lineamientos-y-manuales\/planes-estrategicos\/plan-de-mantenimiento-de-servicios-tecnologicos-4\/\" target=\"_self\" class=\"button primary\"  >\n    <span>VIGENCIA 2026<\/span>\n  <\/a>\n\n\n<a href=\"https:\/\/hsdp.gov.co\/portal\/ley-de-transparencia\/planeacion\/politicas-lineamientos-y-manuales\/planes-estrategicos\/plan-mantenimiento-servicios-tecnologicos\/plan-de-mantenimiento-de-servicios-tecnologicos-3\/\" target=\"_self\" class=\"button primary\"  >\n    <span>VIGENCIA 2025<\/span>\n  <\/a>\n\n\n<a href=\"https:\/\/hsdp.gov.co\/portal\/sin-categoria\/plan-de-mantenimiento-2024\/\" target=\"_self\" class=\"button primary\"  >\n    <span>VIGENCIA 2024<\/span>\n  <\/a>\n\n\n\n<\/div><\/div>\n\n<\/div>\n<div class=\"accordion\" rel=\"\">\n\n<div class=\"accordion-item\"><a href=\"#\" class=\"accordion-title plain\"><button class=\"toggle\"><i class=\"icon-angle-down\"><\/i><\/button><span>PLAN DE GESTI\u00d3N E INFORMACI\u00d3N ESTAD\u00cdSTICA<\/span><\/a><div class=\"accordion-inner\">\n\n<a href=\"https:\/\/hsdp.gov.co\/portal\/ley-de-transparencia\/planeacion\/politicas-lineamientos-y-manuales\/planes-estrategicos\/plan-de-gestion-e-informacion-estadistica\/\" target=\"_self\" class=\"button primary\"  >\n    <span>VIGENCIA 2026<\/span>\n  <\/a>\n\n\n\n<\/div><\/div>\n\n<\/div>\n<div class=\"text-center\"><div class=\"is-divider divider clearfix\" ><\/div><\/div><!-- .divider -->\n\n<div class=\"container section-title-container\" ><h3 class=\"section-title section-title-normal\"><b><\/b><span class=\"section-title-main\" style=\"color:rgb(41, 109, 141);\">GESTI\u00d3N AMBIENTAL<\/span><b><\/b><\/h3><\/div><!-- .section-title -->\n\n<div class=\"accordion\" rel=\"\">\n\n<div class=\"accordion-item\"><a href=\"#\" class=\"accordion-title plain\"><button class=\"toggle\"><i class=\"icon-angle-down\"><\/i><\/button><span>PLAN DE AUSTERIDAD Y  GESTI\u00d3N AMBIENTAL<\/span><\/a><div class=\"accordion-inner\">\n\n<a href=\"https:\/\/hsdp.gov.co\/portal\/ley-de-transparencia\/planeacion\/politicas-lineamientos-y-manuales\/planes-estrategicos\/plan-de-austeridad-y-gestion-ambiental-4\/\" target=\"_self\" class=\"button primary\"  >\n    <span>VIGENCIA 2026<\/span>\n  <\/a>\n\n\n<a href=\"https:\/\/hsdp.gov.co\/portal\/ley-de-transparencia\/planeacion\/politicas-lineamientos-y-manuales\/planes-estrategicos\/plan-austeridad-gestion-ambiental\/plan-de-austeridad-y-gestion-ambiental-3\/\" target=\"_self\" class=\"button primary\"  >\n    <span>vigencia 2025<\/span>\n  <\/a>\n\n\n<a href=\"https:\/\/hsdp.gov.co\/portal\/sin-categoria\/plan-de-austeridad-y-gestion-ambiental-2024\/\" target=\"_self\" class=\"button primary\"  >\n    <span>VIGENCIA 2024<\/span>\n  <\/a>\n\n\n\n<\/div><\/div>\n<div class=\"accordion-item\"><a href=\"#\" class=\"accordion-title plain\"><button class=\"toggle\"><i class=\"icon-angle-down\"><\/i><\/button><span>MPGIRASA<\/span><\/a><div class=\"accordion-inner\">\n\n<a href=\"https:\/\/hsdp.gov.co\/portal\/ley-de-transparencia\/planeacion\/politicas-lineamientos-y-manuales\/planes-estrategicos\/mpgirasa\/\" target=\"_self\" class=\"button primary\"  >\n    <span>VIGENCIA 2026<\/span>\n  <\/a>\n\n\n\n<\/div><\/div>\n\n<\/div>\n<div class=\"text-center\"><div class=\"is-divider divider clearfix\" ><\/div><\/div><!-- .divider -->\n\n<div class=\"container section-title-container\" ><h3 class=\"section-title section-title-normal\"><b><\/b><span class=\"section-title-main\" style=\"color:rgb(41, 109, 141);\">COMUNICACIONES<\/span><b><\/b><\/h3><\/div><!-- .section-title -->\n\n<div class=\"accordion\" rel=\"\">\n\n<div class=\"accordion-item\"><a href=\"#\" class=\"accordion-title plain\"><button class=\"toggle\"><i class=\"icon-angle-down\"><\/i><\/button><span>PLAN DE COMUNICACIONES<\/span><\/a><div class=\"accordion-inner\">\n\n<a href=\"https:\/\/hsdp.gov.co\/portal\/ley-de-transparencia\/planeacion\/politicas-lineamientos-y-manuales\/planes-estrategicos\/plan-de-comunicaciones-2026\/\" target=\"_self\" class=\"button primary\"  >\n    <span>VIGENCIA 2026<\/span>\n  <\/a>\n\n\n\n<\/div><\/div>\n\n<\/div>\n<div class=\"text-center\"><div class=\"is-divider divider clearfix\" style=\"max-width:234px;background-color:rgb(60, 136, 167);\"><\/div><\/div><!-- .divider -->\n\n<div class=\"container section-title-container\" ><h3 class=\"section-title section-title-normal\"><b><\/b><span class=\"section-title-main\" style=\"color:rgb(76, 150, 85);\">Mapa de riesgos institucional<\/span><b><\/b><\/h3><\/div><!-- .section-title -->\n\n<div class=\"accordion\" rel=\"\">\n\n<div class=\"accordion-item\"><a href=\"#\" class=\"accordion-title plain\"><button class=\"toggle\"><i class=\"icon-angle-down\"><\/i><\/button><span>MAPA DE RIEGOS<\/span><\/a><div class=\"accordion-inner\">\n\n<h5><a href=\"https:\/\/hsdp.gov.co\/portal\/ley-de-transparencia\/mapa-de-riesgos-2026\/\">VIENCIA 2026<\/a><\/h5>\n<h5><a href=\"https:\/\/hsdp.gov.co\/portal\/ley-de-transparencia\/planeacion\/mapa-de-riesgo-institucional\/\">VIGENCIA 2025<\/a><\/h5>\n<h5><a href=\"https:\/\/hsdp.gov.co\/portal\/sin-categoria\/mapa-de-riesgos-2024\/\">VIGENCIA 2024<\/a><\/h5>\n\n<\/div><\/div>\n\n<\/div>\n\n","protected":false},"excerpt":{"rendered":"<p>Planes de acci\u00f3n de la E.S.E. Hospital San Juan de Dios de Pamplona PLAN DE GESTI\u00d3N 2024 &#8211; 2027<\/p>\n","protected":false},"author":1,"featured_media":0,"parent":696,"menu_order":0,"comment_status":"closed","ping_status":"closed","template":"","meta":{"footnotes":""},"_links":{"self":[{"href":"https:\/\/hsdp.gov.co\/portal\/wp-json\/wp\/v2\/pages\/1505"}],"collection":[{"href":"https:\/\/hsdp.gov.co\/portal\/wp-json\/wp\/v2\/pages"}],"about":[{"href":"https:\/\/hsdp.gov.co\/portal\/wp-json\/wp\/v2\/types\/page"}],"author":[{"embeddable":true,"href":"https:\/\/hsdp.gov.co\/portal\/wp-json\/wp\/v2\/users\/1"}],"replies":[{"embeddable":true,"href":"https:\/\/hsdp.gov.co\/portal\/wp-json\/wp\/v2\/comments?post=1505"}],"version-history":[{"count":112,"href":"https:\/\/hsdp.gov.co\/portal\/wp-json\/wp\/v2\/pages\/1505\/revisions"}],"predecessor-version":[{"id":15881,"href":"https:\/\/hsdp.gov.co\/portal\/wp-json\/wp\/v2\/pages\/1505\/revisions\/15881"}],"up":[{"embeddable":true,"href":"https:\/\/hsdp.gov.co\/portal\/wp-json\/wp\/v2\/pages\/696"}],"wp:attachment":[{"href":"https:\/\/hsdp.gov.co\/portal\/wp-json\/wp\/v2\/media?parent=1505"}],"curies":[{"name":"wp","href":"https:\/\/api.w.org\/{rel}","templated":true}]}}