{"id":14090,"date":"2025-11-25T11:34:10","date_gmt":"2025-11-25T16:34:10","guid":{"rendered":"https:\/\/hsdp.gov.co\/portal\/?page_id=14090"},"modified":"2025-11-25T12:38:46","modified_gmt":"2025-11-25T17:38:46","slug":"certificado-de-nacido-vivo","status":"publish","type":"page","link":"https:\/\/hsdp.gov.co\/portal\/certificado-de-nacido-vivo\/","title":{"rendered":"CERTIFICADO DE NACIDO VIVO"},"content":{"rendered":"\n<div class=\"container section-title-container\" ><h3 class=\"section-title section-title-center\"><b><\/b><span class=\"section-title-main\" style=\"color:rgb(88, 178, 109);\">CERTIFICADO NACIDO VIVO<\/span><b><\/b><\/h3><\/div><!-- .section-title -->\n\n<h4 style=\"text-align: left;\">De manera presencial:<\/h4>\n<ul>\n<li style=\"text-align: left;\">Presencial en el tercer piso en el punto indicado por la instituci\u00f3n<\/li>\n<li style=\"text-align: left;\">Horario de atenci\u00f3n las 24 horas del d\u00eda, los 7 d\u00edas a la semana<\/li>\n<li style=\"text-align: left;\">Se entrega documento en f\u00edsico junto con el resultado del RH (hemoclasificaci\u00f3n)<\/li>\n<li style=\"text-align: left;\">Se brinda educaci\u00f3n sobre cuidado y gesti\u00f3n pr\u00f3xima a realizar con el documento entregado<\/li>\n<li style=\"text-align: left;\">Registro y firma del acudiente o Mam\u00e1 del menor a quien se entrega el certificado en el libro de Nacidos Vivos<\/li>\n<li style=\"text-align: left;\">Registro en la Historia Cl\u00ednica.<\/li>\n<\/ul>\n\n","protected":false},"excerpt":{"rendered":"<p>De manera presencial: Presencial en el tercer piso en el punto indicado por la instituci\u00f3n Horario de atenci\u00f3n las 24 horas del d\u00eda, los 7 d\u00edas a la semana Se entrega documento en f\u00edsico junto con el resultado del RH (hemoclasificaci\u00f3n) Se brinda educaci\u00f3n sobre cuidado y gesti\u00f3n pr\u00f3xima a realizar con el documento entregado [&#8230;]\n","protected":false},"author":1,"featured_media":0,"parent":0,"menu_order":0,"comment_status":"closed","ping_status":"closed","template":"","meta":{"footnotes":""},"_links":{"self":[{"href":"https:\/\/hsdp.gov.co\/portal\/wp-json\/wp\/v2\/pages\/14090"}],"collection":[{"href":"https:\/\/hsdp.gov.co\/portal\/wp-json\/wp\/v2\/pages"}],"about":[{"href":"https:\/\/hsdp.gov.co\/portal\/wp-json\/wp\/v2\/types\/page"}],"author":[{"embeddable":true,"href":"https:\/\/hsdp.gov.co\/portal\/wp-json\/wp\/v2\/users\/1"}],"replies":[{"embeddable":true,"href":"https:\/\/hsdp.gov.co\/portal\/wp-json\/wp\/v2\/comments?post=14090"}],"version-history":[{"count":2,"href":"https:\/\/hsdp.gov.co\/portal\/wp-json\/wp\/v2\/pages\/14090\/revisions"}],"predecessor-version":[{"id":14137,"href":"https:\/\/hsdp.gov.co\/portal\/wp-json\/wp\/v2\/pages\/14090\/revisions\/14137"}],"wp:attachment":[{"href":"https:\/\/hsdp.gov.co\/portal\/wp-json\/wp\/v2\/media?parent=14090"}],"curies":[{"name":"wp","href":"https:\/\/api.w.org\/{rel}","templated":true}]}}