{"id":1322,"date":"2020-01-31T06:08:56","date_gmt":"2020-01-31T05:08:56","guid":{"rendered":"http:\/\/hsdp.gov.co\/portal\/?page_id=1322"},"modified":"2022-09-30T13:42:53","modified_gmt":"2022-09-30T11:42:53","slug":"3-estructura-organica-y-talento-humano","status":"publish","type":"page","link":"https:\/\/hsdp.gov.co\/portal\/ley-de\/3-estructura-organica-y-talento-humano\/","title":{"rendered":"3 Estructura Organica"},"content":{"rendered":"\n\n  <div class=\"banner has-hover\" id=\"banner-648342658\">\n          <div class=\"banner-inner fill\">\n        <div class=\"banner-bg fill\" >\n            <div class=\"bg fill bg-fill \"><\/div>\n                        <div class=\"overlay\"><\/div>            \n                    <\/div><!-- bg-layers -->\n        <div class=\"banner-layers container\">\n            <div class=\"fill banner-link\"><\/div>            \n\n   <div id=\"text-box-1890785198\" class=\"text-box banner-layer x50 md-x50 lg-x50 y50 md-y50 lg-y50 res-text\">\n                     <div data-animate=\"fadeInDown\">           <div class=\"text dark\">\n              \n              <div class=\"text-inner text-center\">\n                  \n\n<h3 class=\"uppercase\">ESTRUCTURA ORGANICA Y TALENTO HUMANO<\/h3>\n\n              <\/div>\n           <\/div><!-- text-box-inner -->\n       <\/div>                     \n<style scope=\"scope\">\n\n#text-box-1890785198 .text {\n  background-color: rgba(0, 0, 0, 0.44);\n  font-size: 100%;\n}\n#text-box-1890785198 {\n  width: 60%;\n}\n\n\n@media (min-width:550px) {\n\n  #text-box-1890785198 {\n    width: 60%;\n  }\n\n}\n<\/style>\n    <\/div><!-- text-box -->\n \n\n        <\/div><!-- .banner-layers -->\n      <\/div><!-- .banner-inner -->\n\n            \n<style scope=\"scope\">\n\n#banner-648342658 {\n  padding-top: 200px;\n}\n#banner-648342658 .bg.bg-loaded {\n  background-image: 22866;\n}\n#banner-648342658 .overlay {\n  background-color: rgba(0, 0, 0, 0.09);\n}\n#banner-648342658 .bg {\n  background-position: 66% 51%;\n}\n<\/style>\n  <\/div><!-- .banner -->\n\n\n<div class=\"row\"  id=\"row-1394709190\">\n\n<div class=\"col small-12 large-12\"  ><div class=\"col-inner\"  >\n\n<p>Seg\u00fan lo dicta la Ley, la informaci\u00f3n generada por las entidades del Estado no podr\u00e1 ser reservada o limitada, por el contrario es de car\u00e1cter p\u00fablico. En este sitio se proporciona y facilita el acceso a la misma en los t\u00e9rminos m\u00e1s amplios posibles en el momento.<\/p>\n<h4 style=\"text-align: center;\">CUMPLIMIENTO LEY 1712\u200b<\/h4>\n<p style=\"text-align: center;\">Matriz de Transparencia y Acceso a la informaci\u00f3n\u200b\u200b<\/p>\n<p style=\"text-align: center;\"><a href=\"http:\/\/portal.gestiondelriesgo.gov.co\/Documents\/Atencion-al-Ciudadano\/Directiva_PGN_ITA_1_Transparencia-2019.pdf\" target=\"_blank\" rel=\"noopener noreferrer\">Directiva 006 de 2019 &#8211; Procuradur\u00eda General de la Naci\u00f3n<\/a><\/p>\n<div class=\"row\"  id=\"row-1491733506\">\n\n<div class=\"col medium-6 small-12 large-6\"  ><div class=\"col-inner\"  >\n\n<h2 style=\"text-align: center;\"><strong>Misi\u00f3n<\/strong><\/h2>\n<p style=\"text-align: justify;\">Misi\u00f3n: La E.S.E. Hospital San Juan de Dios de Pamplona es una IPS de mediana complejidad que presta servicios de salud eficientes, eficaces y de calidad,\u00a0 contribuyendo al mejoramiento del nivel de salud de la comunidad de su \u00e1rea de influencia, con sostenibilidad financiera, en beneficio de clientes, usuarios y proveedores, promoviendo el desarrollo cient\u00edfico a trav\u00e9s de convenios docencia servicio e investigaci\u00f3n.<\/p>\n\n<\/div><\/div>\n<div class=\"col medium-6 small-12 large-6\"  ><div class=\"col-inner\"  >\n\n<h2 style=\"text-align: center;\"><strong>Visi\u00f3n<\/strong><\/h2>\n<p>\u00a0<\/p>\n<p>La E.S.E. Hospital San Juan de Dios de Pamplona, en el a\u00f1o 2023 ser\u00e1 una instituci\u00f3n que presta servicios de salud con rentabilidad social y sostenibilidad financiera, proyectada a la acreditaci\u00f3n en la vigencia 2030.<\/p>\n<p>\u00a0<\/p>\n\n<\/div><\/div>\n\n<\/div>\n<div class=\"row row-box-shadow-2 row-box-shadow-3-hover\"  id=\"row-372491981\">\n\n<div class=\"col medium-4 small-12 large-4\"  ><div class=\"col-inner\"  >\n\n<h2><strong>3.2. Funciones y deberes<\/strong><\/h2>\n<p style=\"text-align: justify;\">\u00a0El Hospital San Juan de Dios publica para conocimiento a grupos de inter\u00e9s las funciones y deberes de acuerdo con la norma de creaci\u00f3n o reestructuraci\u00f3n de la entidad.<\/p>\n<a href=\"https:\/\/hsdp.gov.co\/portal\/ley-de-transparencia\/3-estructura-organica-y-talento-humano\/funciones-y-deberes\/\" target=\"_self\" class=\"button primary expand\"  >\n    <span>VER MAS<\/span>\n  <\/a>\n\n\n\n<\/div><\/div>\n<div class=\"col medium-4 small-12 large-4\"  ><div class=\"col-inner\"  >\n\n<h2><strong>3.3. Procesos y procedimientos para la toma de decisiones<\/strong><\/h2>\n<p style=\"text-align: justify;\">publicar la descripci\u00f3n de los procesos y procedimientos para la toma de decisiones en las diferentes \u00e1reas.<\/p>\n<a href=\"https:\/\/hsdp.gov.co\/portal\/ley-de-transparencia\/3-estructura-organica-y-talento-humano\/procesos-y-procedimientos-2\/\" target=\"_self\" class=\"button primary expand\"  >\n    <span>VER mas<\/span>\n  <\/a>\n\n\n\n<\/div><\/div>\n<div class=\"col medium-4 small-12 large-4\"  ><div class=\"col-inner\"  >\n\n<h2><strong>3.4. Organigrama<\/strong><\/h2>\n<p>\u00a0<\/p>\n<p>Se publica el organigrama con la finalidad de dar a conocer la jerarquia de la entidad y a su vez agilizar y facilitar procesos internos y externos.<\/p>\n<a href=\"https:\/\/hsdp.gov.co\/portal\/wp-content\/uploads\/2020\/02\/organigrama.png\" target=\"_self\" class=\"button primary expand\"  >\n    <span>VER MAS<\/span>\n  <\/a>\n\n\n\n<\/div><\/div>\n\n\n<style scope=\"scope\">\n\n<\/style>\n<\/div>\n<div class=\"row\"  id=\"row-542217071\">\n\n<div class=\"col medium-4 small-12 large-4\"  ><div class=\"col-inner\"  >\n\n<h2>3.5. Directorio de informaci\u00f3n de servidores p\u00fablicos y contratistas.<\/h2>\n<p style=\"text-align: justify;\">En el Sigep o Secop encontrara informacion de funcionarios y contratistas buscando por Hospital San Juan de Dios Pamplona.<\/p>\n<a rel=\"noopener noreferrer\" href=\"https:\/\/www.funcionpublica.gov.co\/dafpIndexerBHV\/?find=FindNext&#038;query=HOSPITAL+SAN+JUAN+DE+DIOS+PAMPLONA&#038;dptoSeleccionado=Norte+de+Santander&#038;entidadSeleccionado=&#038;munSeleccionado=PAMPLONA&#038;tipoAltaSeleccionado=Servidor+Publico&#038;bloquearFiltroDptoSeleccionado=&#038;bloquearFiltroEntidadSeleccionado=&#038;bloquearFiltroMunSeleccionado=&#038;bloquearFiltroTipoAltaSeleccionado=\" target=\"_blank\" class=\"button primary expand\"  >\n    <span>sigep servidor publico<\/span>\n  <\/a>\n\n\n<a rel=\"noopener noreferrer\" href=\"https:\/\/www.contratos.gov.co\/consultas\/inicioConsulta.do\" target=\"_blank\" class=\"button primary expand\"  >\n    <span>secop contratista<\/span>\n  <\/a>\n\n\n\n<\/div><\/div>\n<div class=\"col medium-4 small-12 large-4\"  ><div class=\"col-inner\"  >\n\n<h2>3.6 Directorio de entidades<\/h2>\n<ul>\n<li><a href=\"http:\/\/www.saludcolombia.com\/actual\/instituc\/instgob.htm#Viceministerio%20de%20Salud%20y%20Bienestar\"><span style=\"font-family: Arial;\"><strong>Viceministerio de Salud y Bienestar<\/strong><\/span><\/a><\/li>\n<li><a href=\"http:\/\/www.saludcolombia.com\/actual\/instituc\/instgob.htm#Superintendencia%20Nacional%20de%20Salud\"><span style=\"font-family: Arial;\"><strong>Superintendencia Nacional de Salud<\/strong><\/span><\/a><\/li>\n<li><a href=\"http:\/\/www.saludcolombia.com\/actual\/instituc\/instgob.htm#Instituto%20Nacional%20de%20Salud\"><span style=\"font-family: Arial;\"><strong>Instituto Nacional de Salud<\/strong><\/span><\/a><\/li>\n<li><a href=\"http:\/\/www.saludcolombia.com\/actual\/instituc\/instgob.htm#Instituto%20de%20Vigilancia%20de%20Alimentos\"><span style=\"font-family: Arial;\"><strong>Instituto de Vigilancia de Alimentos y Medicamentos (INVIMA)<\/strong><\/span><\/a><\/li>\n<li><a href=\"http:\/\/www.saludcolombia.com\/actual\/instituc\/instgob.htm#Departamento%20Nacional%20de%20Planeaci%C3%B3n\"><span style=\"font-family: Arial;\"><strong>Departamento Nacional de Planeaci\u00f3n<\/strong><\/span><\/a><\/li>\n<li><a href=\"http:\/\/www.saludcolombia.com\/actual\/instituc\/instgob.htm#Ministerio%20de%20Hacienda\"><span style=\"font-family: Arial;\"><strong>Ministerio de Hacienda<\/strong><\/span><\/a><\/li>\n<\/ul>\n\n<\/div><\/div>\n<div class=\"col medium-4 small-12 large-4\"  ><div class=\"col-inner\"  >\n\n<h2>3.7 Directorio de agremiaciones, asociaciones y otros grupos de inter\u00e9s.<\/h2>\n<p>Asociaci\u00f3n\u00a0 de usuarios\u00a0 la cual cuenta con una\u00a0 junta de\u00a0 directiva\u00a0 conformada\u00a0\u00a0 elegida en asamblea\u00a0 20 de\u00a0 junio del 2019<\/p>\n<a href=\"https:\/\/hsdp.gov.co\/portal\/ley-de-transparencia\/3-estructura-organica-y-talento-humano\/asociacion-de-usuarios\/\" target=\"_self\" class=\"button primary expand\"  >\n    <span>VER MAS<\/span>\n  <\/a>\n\n\n\n<\/div><\/div>\n\n<\/div>\n\t<section class=\"section\" id=\"section_1905930260\">\n\t\t<div class=\"bg section-bg fill bg-fill  bg-loaded\" >\n\n\t\t\t\n\t\t\t\n\t\t\t\n\n\t\t<\/div><!-- .section-bg -->\n\n\t\t<div class=\"section-content relative\">\n\t\t\t\n\n<div class=\"row\"  id=\"row-276612745\">\n\n<div class=\"col medium-4 small-12 large-4\"  ><div class=\"col-inner\"  >\n\n<p>3.8 GESTION DEL TALENTO HUMANO<\/p>\n<a href=\"https:\/\/hsdp.gov.co\/portal\/gestion-talento-humano\/actas-copasst\/\" target=\"_self\" class=\"button primary expand\"  >\n    <span>ver copasst<\/span>\n  <\/a>\n\n\n<a rel=\"noopener noreferrer\" href=\"https:\/\/hsdp.gov.co\/portal\/formulario-de-accidentes-incidentes-laborales\/\" target=\"_blank\" class=\"button primary\"  >\n    <span>Formato de reporte incidentes\/accidentes<\/span>\n  <\/a>\n\n\n\n<\/div><\/div>\n<div class=\"col medium-4 small-12 large-4\"  ><div class=\"col-inner\"  >\n\n\n<\/div><\/div>\n<div class=\"col medium-4 small-12 large-4\"  ><div class=\"col-inner\"  >\n\n\n<\/div><\/div>\n\n<\/div>\n\n\t\t<\/div><!-- .section-content -->\n\n\t\t\n<style scope=\"scope\">\n\n#section_1905930260 {\n  padding-top: 30px;\n  padding-bottom: 30px;\n}\n<\/style>\n\t<\/section>\n\t\n\n<\/div><\/div>\n\n<\/div>\n\n","protected":false},"excerpt":{"rendered":"","protected":false},"author":1,"featured_media":0,"parent":696,"menu_order":0,"comment_status":"closed","ping_status":"closed","template":"","meta":{"footnotes":""},"_links":{"self":[{"href":"https:\/\/hsdp.gov.co\/portal\/wp-json\/wp\/v2\/pages\/1322"}],"collection":[{"href":"https:\/\/hsdp.gov.co\/portal\/wp-json\/wp\/v2\/pages"}],"about":[{"href":"https:\/\/hsdp.gov.co\/portal\/wp-json\/wp\/v2\/types\/page"}],"author":[{"embeddable":true,"href":"https:\/\/hsdp.gov.co\/portal\/wp-json\/wp\/v2\/users\/1"}],"replies":[{"embeddable":true,"href":"https:\/\/hsdp.gov.co\/portal\/wp-json\/wp\/v2\/comments?post=1322"}],"version-history":[{"count":25,"href":"https:\/\/hsdp.gov.co\/portal\/wp-json\/wp\/v2\/pages\/1322\/revisions"}],"predecessor-version":[{"id":3133,"href":"https:\/\/hsdp.gov.co\/portal\/wp-json\/wp\/v2\/pages\/1322\/revisions\/3133"}],"up":[{"embeddable":true,"href":"https:\/\/hsdp.gov.co\/portal\/wp-json\/wp\/v2\/pages\/696"}],"wp:attachment":[{"href":"https:\/\/hsdp.gov.co\/portal\/wp-json\/wp\/v2\/media?parent=1322"}],"curies":[{"name":"wp","href":"https:\/\/api.w.org\/{rel}","templated":true}]}}