{"id":1284,"date":"2020-01-31T04:09:51","date_gmt":"2020-01-31T03:09:51","guid":{"rendered":"http:\/\/hsdp.gov.co\/portal\/?page_id=1284"},"modified":"2022-08-06T04:20:50","modified_gmt":"2022-08-06T02:20:50","slug":"2-informacion-de-interes","status":"publish","type":"page","link":"https:\/\/hsdp.gov.co\/portal\/ley-de\/2-informacion-de-interes\/","title":{"rendered":"2 Informacion de Interes"},"content":{"rendered":"\n\n  <div class=\"banner has-hover\" id=\"banner-509644830\">\n          <div class=\"banner-inner fill\">\n        <div class=\"banner-bg fill\" >\n            <div class=\"bg fill bg-fill \"><\/div>\n                        <div class=\"overlay\"><\/div>            \n                    <\/div><!-- bg-layers -->\n        <div class=\"banner-layers container\">\n            <div class=\"fill banner-link\"><\/div>            \n\n   <div id=\"text-box-1401716487\" class=\"text-box banner-layer x50 md-x50 lg-x50 y50 md-y50 lg-y50 res-text\">\n                     <div data-animate=\"fadeInDown\">           <div class=\"text dark\">\n              \n              <div class=\"text-inner text-center\">\n                  \n\n<h3 class=\"uppercase\">INFORMACION DE INTERES<\/h3>\n\n              <\/div>\n           <\/div><!-- text-box-inner -->\n       <\/div>                     \n<style scope=\"scope\">\n\n#text-box-1401716487 .text {\n  background-color: rgba(0, 0, 0, 0.44);\n  font-size: 100%;\n}\n#text-box-1401716487 {\n  width: 60%;\n}\n\n\n@media (min-width:550px) {\n\n  #text-box-1401716487 {\n    width: 47%;\n  }\n\n}\n<\/style>\n    <\/div><!-- text-box -->\n \n\n        <\/div><!-- .banner-layers -->\n      <\/div><!-- .banner-inner -->\n\n            \n<style scope=\"scope\">\n\n#banner-509644830 {\n  padding-top: 200px;\n}\n#banner-509644830 .bg.bg-loaded {\n  background-image: 22866;\n}\n#banner-509644830 .overlay {\n  background-color: rgba(0, 0, 0, 0.09);\n}\n#banner-509644830 .bg {\n  background-position: 66% 51%;\n}\n<\/style>\n  <\/div><!-- .banner -->\n\n\n<div class=\"row\"  id=\"row-809759669\">\n\n<div class=\"col small-12 large-12\"  ><div class=\"col-inner\"  >\n\n<p>Contiene los conjuntos de datos abiertos que publica el sujeto obligado, as\u00ed como aquella informaci\u00f3n adicional de inter\u00e9s para los ciudadanos, usuarios y grupos de inter\u00e9s disponibles. La siguiente informaci\u00f3n debe estar publicada y agrupada en una misma secci\u00f3n del sitio web del sujeto obligado:<\/p>\n<h4 style=\"text-align: center;\">CUMPLIMIENTO LEY 1712\u200b<\/h4>\n<p style=\"text-align: center;\">Matriz de Transparencia y Acceso a la informaci\u00f3n\u200b\u200b<\/p>\n<p style=\"text-align: center;\"><a href=\"http:\/\/portal.gestiondelriesgo.gov.co\/Documents\/Atencion-al-Ciudadano\/Directiva_PGN_ITA_1_Transparencia-2019.pdf\" target=\"_blank\" rel=\"noopener noreferrer\">Directiva 006 de 2019 &#8211; Procuradur\u00eda General de la Naci\u00f3n<\/a><\/p>\n<div class=\"is-divider divider clearfix\" style=\"max-width:100%;background-color:rgb(0, 0, 0);\"><\/div><!-- .divider -->\n\n<div class=\"row row-box-shadow-1 row-box-shadow-3-hover\"  id=\"row-2102833499\">\n\n<div class=\"col medium-4 small-12 large-4\"  ><div class=\"col-inner\"  >\n\n<h2 style=\"text-align: center;\">2.1. Publicaci\u00f3n de datos abiertos<\/h2>\n<p style=\"text-align: justify;\">Con el proyecto de Datos Abiertos, el Gobierno Colombiano promueve la transparencia, el acceso a la informaci\u00f3n p\u00fablica, la competitividad, el desarrollo econ\u00f3mico, y la generaci\u00f3n de impacto social.<\/p>\n<a rel=\"noopener noreferrer\" href=\"https:\/\/hsdp.gov.co\/portal\/ley-de-transparencia\/2-informacion-de-interes\/datos-abiertos\/\" target=\"_blank\" class=\"button primary is-small expand\"  >\n    <span>VER  MAS<\/span>\n  <\/a>\n\n\n\n<\/div><\/div>\n<div class=\"col medium-4 small-12 large-4\"  ><div class=\"col-inner\"  >\n\n<h2 style=\"text-align: center;\">2.2. Estudios, investigaciones y otras publicaciones<\/h2>\n<p style=\"text-align: justify;\">Informaci\u00f3n de estudios, investigaciones y otro tipo de publicaciones de inter\u00e9s para ciudadanos, usuarios y grupos de inter\u00e9s.&nbsp;<\/p>\n<a href=\"https:\/\/hsdp.gov.co\/portal\/ley-de-transparencia\/2-informacion-de-interes\/estudios-e-investigaciones\/\" target=\"_self\" class=\"button primary expand\"  >\n    <span>En Proceso<\/span>\n  <\/a>\n\n\n\n<\/div><\/div>\n<div class=\"col medium-4 small-12 large-4\"  ><div class=\"col-inner\"  >\n\n<h2 style=\"text-align: center;\">2.3 Convocatorias<\/h2>\n<p>&nbsp;<\/p>\n<p style=\"text-align: justify;\">informaci\u00f3n de convocatorias dirigidas a ciudadanos, usuarios y grupos de inter\u00e9s, especificando objetivos, requisitos y fechas de participaci\u00f3n en dichos espacios.<\/p>\n<a class=\"button primary is-outline expand\"  >\n    <span>En Proceso<\/span>\n  <\/a>\n\n\n\n<\/div><\/div>\n\n\n<style scope=\"scope\">\n\n<\/style>\n<\/div>\n<div class=\"gap-element clearfix\" style=\"display:block; height:auto; padding-top:40px\"><\/div>\n\n<div class=\"row row-box-shadow-1 row-box-shadow-3-hover\"  id=\"row-356111287\">\n\n<div class=\"col medium-4 small-12 large-4\"  ><div class=\"col-inner\"  >\n\n<h2 style=\"text-align: center;\"><span class=\"i_aj\">2.4 Preguntas y respuestas frecuentes<\/span><\/h2>\n<p style=\"text-align: justify;\">Lista de preguntas frecuentes con las respectivas respuestas, relacionadas con su gesti\u00f3n y los servicios y tr\u00e1mites que presta. Esta debe actualizarse peri\u00f3dicamente de acuerdo con las consultas realizadas por los usuarios, ciudadanos y grupos de inter\u00e9s a trav\u00e9s de los diferentes canales disponibles.<\/p>\n<a rel=\"noopener noreferrer\" href=\"https:\/\/hsdp.gov.co\/portal\/ley-de-transparencia\/2-informacion-de-interes\/preguntas-frecuentes\/\" target=\"_blank\" class=\"button primary expand\"  >\n    <span>Ver Mas<\/span>\n  <\/a>\n\n\n\n<\/div><\/div>\n<div class=\"col medium-4 small-12 large-4\"  ><div class=\"col-inner\"  >\n\n<h2 style=\"text-align: center;\"><strong><span class=\"i_aj\">2.5 Glosario<\/span><\/strong><\/h2>\n<p>&nbsp;<\/p>\n<p style=\"text-align: justify;\">El Hospital San Juan de Dios ofrece a sus usuarios un glosario que contiene el conjunto de t\u00e9rminos que se usa o que tienen relaci\u00f3n con nuestra actividad, para su f\u00e1cil entendimiento.<\/p>\n<a rel=\"noopener noreferrer\" href=\"https:\/\/hsdp.gov.co\/portal\/ley-de-transparencia\/2-informacion-de-interes\/glosario\/\" target=\"_blank\" class=\"button primary expand\"  >\n    <span>Ver Mas<\/span>\n  <\/a>\n\n\n\n<\/div><\/div>\n<div class=\"col medium-4 small-12 large-4\"  ><div class=\"col-inner\"  >\n\n<h2 style=\"text-align: center;\"><span class=\"i_aj\">2.6 Noticias &#8211; Boletines de Prensa<\/span><\/h2>\n<p style=\"text-align: justify;\">En este espacio se habilita una secci\u00f3n que contiene las noticias m\u00e1s relevantes e importantes para nuestros usuarios, ciudadanos y grupos de inter\u00e9s, ademas de personas que est\u00e9n relacionadas con nuestra actividad.<\/p>\n<a rel=\"noopener noreferrer\" href=\"https:\/\/hsdp.gov.co\/portal\/ley-de-transparencia\/2-informacion-de-interes\/noticias\/\" target=\"_blank\" class=\"button primary expand\"  >\n    <span>Ver Mas<\/span>\n  <\/a>\n\n\n\n<\/div><\/div>\n\n\n<style scope=\"scope\">\n\n<\/style>\n<\/div>\n<div class=\"gap-element clearfix\" style=\"display:block; height:auto; padding-top:40px\"><\/div>\n\n<div class=\"row row-box-shadow-1 row-box-shadow-3-hover\"  id=\"row-2067018881\">\n\n<div class=\"col medium-4 small-12 large-4\"  ><div class=\"col-inner\"  >\n\n<h2 style=\"text-align: center;\"><span class=\"i_aj\">2.7 Calendario de actividades<\/span><\/h2>\n<p style=\"text-align: justify;\">El Hospital San Juan de Dios habilita un calendario de eventos y fechas clave relacionadas con sus procesos misionales.<\/p>\n<a href=\"https:\/\/hsdp.gov.co\/portal\/ley-de-transparencia\/2-informacion-de-interes\/calendario-de-actividades\/\" target=\"_self\" class=\"button primary expand\"  >\n    <span>En proceso<\/span>\n  <\/a>\n\n\n\n<\/div><\/div>\n<div class=\"col medium-4 small-12 large-4\"  ><div class=\"col-inner\"  >\n\n<h2><span class=\"i_aj\">2.8 Informaci\u00f3n para ni\u00f1os, ni\u00f1as y adolescentes<\/span><\/h2>\n<p style=\"text-align: justify;\">El Hospital San Juan de Dios dise\u00f1a y publica informaci\u00f3n sobre sus servicios o sus actividades, dirigida a ni\u00f1os, ni\u00f1as y adolescentes de manera did\u00e1ctica.<\/p>\n<a rel=\"noopener noreferrer\" href=\"https:\/\/hsdp.gov.co\/portal\/ninos\/\" target=\"_blank\" class=\"button primary expand\"  >\n    <span>Ver mas<\/span>\n  <\/a>\n\n\n\n<\/div><\/div>\n<div class=\"col medium-4 small-12 large-4\"  ><div class=\"col-inner\"  >\n\n<h2><span class=\"i_aj\">2.9 Informaci\u00f3n adicional<\/span><\/h2>\n<p style=\"text-align: justify;\">EL Hospital San Juan de DIos&nbsp; en virtud del principio de la divulgaci\u00f3n proactiva de la informaci\u00f3n, mantiene actualizada esta seccion paral que resulte \u00fatil para los usuarios, ciudadanos o grupos de inter\u00e9s.<\/p>\n<a href=\"https:\/\/hsdp.gov.co\/portal\/informacion-adicional\/\" target=\"_self\" class=\"button primary expand\"  >\n    <span>VER M\u00c1S<\/span>\n  <\/a>\n\n\n\n<\/div><\/div>\n\n\n<style scope=\"scope\">\n\n<\/style>\n<\/div>\n\n<\/div><\/div>\n\n<\/div>\n\n","protected":false},"excerpt":{"rendered":"","protected":false},"author":1,"featured_media":0,"parent":696,"menu_order":0,"comment_status":"closed","ping_status":"closed","template":"","meta":{"footnotes":""},"_links":{"self":[{"href":"https:\/\/hsdp.gov.co\/portal\/wp-json\/wp\/v2\/pages\/1284"}],"collection":[{"href":"https:\/\/hsdp.gov.co\/portal\/wp-json\/wp\/v2\/pages"}],"about":[{"href":"https:\/\/hsdp.gov.co\/portal\/wp-json\/wp\/v2\/types\/page"}],"author":[{"embeddable":true,"href":"https:\/\/hsdp.gov.co\/portal\/wp-json\/wp\/v2\/users\/1"}],"replies":[{"embeddable":true,"href":"https:\/\/hsdp.gov.co\/portal\/wp-json\/wp\/v2\/comments?post=1284"}],"version-history":[{"count":29,"href":"https:\/\/hsdp.gov.co\/portal\/wp-json\/wp\/v2\/pages\/1284\/revisions"}],"predecessor-version":[{"id":6505,"href":"https:\/\/hsdp.gov.co\/portal\/wp-json\/wp\/v2\/pages\/1284\/revisions\/6505"}],"up":[{"embeddable":true,"href":"https:\/\/hsdp.gov.co\/portal\/wp-json\/wp\/v2\/pages\/696"}],"wp:attachment":[{"href":"https:\/\/hsdp.gov.co\/portal\/wp-json\/wp\/v2\/media?parent=1284"}],"curies":[{"name":"wp","href":"https:\/\/api.w.org\/{rel}","templated":true}]}}