{"id":12741,"date":"2025-06-10T16:32:58","date_gmt":"2025-06-10T21:32:58","guid":{"rendered":"https:\/\/hsdp.gov.co\/portal\/?page_id=12741"},"modified":"2025-12-16T13:19:17","modified_gmt":"2025-12-16T18:19:17","slug":"equipos-basicos-en-salud-hsjdp","status":"publish","type":"page","link":"https:\/\/hsdp.gov.co\/portal\/equipos-basicos-en-salud-hsjdp\/","title":{"rendered":"Equipos B\u00e1sicos en Salud HSJDP"},"content":{"rendered":"\n<div class=\"container section-title-container\" ><h2 class=\"section-title section-title-center\"><b><\/b><span class=\"section-title-main\" style=\"color:rgb(47, 137, 178);\">PROMOCI\u00d3N EQUIPOS B\u00c1SICOS EN SALUD<\/span><b><\/b><\/h2><\/div><!-- .section-title -->\n\n<p data-start=\"135\" data-end=\"313\">\ud83c\udfa7 <strong data-start=\"138\" data-end=\"162\">\u00a1Escucha y ent\u00e9rate!<\/strong><br data-start=\"162\" data-end=\"165\" \/>Te invitamos a conocer todos los detalles sobre nuestras <em data-start=\"222\" data-end=\"261\">Jornadas de Salud con Equipos B\u00e1sicos<\/em> a trav\u00e9s de estos audios informativos. \ud83e\ude7a\ud83d\udc69\u200d\u2695\ufe0f\ud83d\udc68\u200d\u2695\ufe0f<\/p>\n<p data-start=\"315\" data-end=\"525\">Profesionales de diferentes \u00e1reas estar\u00e1n visitando tu comunidad para ofrecer atenci\u00f3n integral, orientaci\u00f3n y servicios de promoci\u00f3n y prevenci\u00f3n en salud. \u00a1Una oportunidad para cuidarte y cuidar a tu familia!<\/p>\n<p data-start=\"315\" data-end=\"525\">\u00a1No te lo pierdas! Escucha, comparte e invita a otros. \ud83d\udcac\ud83e\udd1d<br data-start=\"678\" data-end=\"681\" \/>#SaludCercaDeTi #JornadasDeSalud #HumanizandoLaSalud<\/p>\n\n\n\n\n\n<figure class=\"wp-block-audio\"><audio controls src=\"https:\/\/hsdp.gov.co\/portal\/wp-content\/uploads\/2025\/06\/Promocion-de-Equipos-Basicos-en-Salud-HSJDP-1.mp3\"><\/audio><\/figure>\n\n\n\n<figure class=\"wp-block-audio\"><audio controls src=\"https:\/\/hsdp.gov.co\/portal\/wp-content\/uploads\/2025\/06\/Promocion-de-Equipos-Basicos-en-Salud-HSJDP-2.mp3\"><\/audio><\/figure>\n\n\n\n<figure class=\"wp-block-audio\"><audio controls src=\"https:\/\/hsdp.gov.co\/portal\/wp-content\/uploads\/2025\/06\/Promocion-de-Equipos-Basicos-en-Salud-HSJDP-3.mp3\"><\/audio><\/figure>\n\n\n\n<p>2025<\/p>\n\n\n\n<figure class=\"wp-block-audio\"><audio controls src=\"https:\/\/hsdp.gov.co\/portal\/wp-content\/uploads\/2025\/12\/EQUIPOS-BASICOS-2025-1.mp3\"><\/audio><\/figure>\n\n\n\n<figure class=\"wp-block-audio\"><audio controls src=\"https:\/\/hsdp.gov.co\/portal\/wp-content\/uploads\/2025\/12\/EQUIPOS-BASICOS-2025-2.mp3\"><\/audio><\/figure>\n\n\n\n<figure class=\"wp-block-audio\"><audio controls src=\"https:\/\/hsdp.gov.co\/portal\/wp-content\/uploads\/2025\/12\/EQUIPOS-BASICOS-2025-3-1.mp3\"><\/audio><\/figure>\n","protected":false},"excerpt":{"rendered":"<p>\ud83c\udfa7 \u00a1Escucha y ent\u00e9rate!Te invitamos a conocer todos los detalles sobre nuestras Jornadas de Salud con Equipos B\u00e1sicos a trav\u00e9s de estos audios informativos. \ud83e\ude7a\ud83d\udc69\u200d\u2695\ufe0f\ud83d\udc68\u200d\u2695\ufe0f Profesionales de diferentes \u00e1reas estar\u00e1n visitando tu comunidad para ofrecer atenci\u00f3n integral, orientaci\u00f3n y servicios de promoci\u00f3n y prevenci\u00f3n en salud. \u00a1Una oportunidad para cuidarte y cuidar a tu familia! [&#8230;]\n","protected":false},"author":1,"featured_media":0,"parent":0,"menu_order":0,"comment_status":"closed","ping_status":"closed","template":"","meta":{"footnotes":""},"_links":{"self":[{"href":"https:\/\/hsdp.gov.co\/portal\/wp-json\/wp\/v2\/pages\/12741"}],"collection":[{"href":"https:\/\/hsdp.gov.co\/portal\/wp-json\/wp\/v2\/pages"}],"about":[{"href":"https:\/\/hsdp.gov.co\/portal\/wp-json\/wp\/v2\/types\/page"}],"author":[{"embeddable":true,"href":"https:\/\/hsdp.gov.co\/portal\/wp-json\/wp\/v2\/users\/1"}],"replies":[{"embeddable":true,"href":"https:\/\/hsdp.gov.co\/portal\/wp-json\/wp\/v2\/comments?post=12741"}],"version-history":[{"count":5,"href":"https:\/\/hsdp.gov.co\/portal\/wp-json\/wp\/v2\/pages\/12741\/revisions"}],"predecessor-version":[{"id":14524,"href":"https:\/\/hsdp.gov.co\/portal\/wp-json\/wp\/v2\/pages\/12741\/revisions\/14524"}],"wp:attachment":[{"href":"https:\/\/hsdp.gov.co\/portal\/wp-json\/wp\/v2\/media?parent=12741"}],"curies":[{"name":"wp","href":"https:\/\/api.w.org\/{rel}","templated":true}]}}