{"id":12648,"date":"2025-05-07T16:08:43","date_gmt":"2025-05-07T21:08:43","guid":{"rendered":"https:\/\/hsdp.gov.co\/portal\/?page_id=12648"},"modified":"2026-01-15T09:43:58","modified_gmt":"2026-01-15T14:43:58","slug":"politicas-institucionales","status":"publish","type":"page","link":"https:\/\/hsdp.gov.co\/portal\/politicas-institucionales\/","title":{"rendered":"Pol\u00edticas Institucionales"},"content":{"rendered":"\n<div class=\"container section-title-container\" ><h3 class=\"section-title section-title-center\"><b><\/b><span class=\"section-title-main\" style=\"color:rgb(104, 153, 83);\">POL\u00cdTICAS INSTITUCIONALES<\/span><b><\/b><\/h3><\/div><!-- .section-title -->\n\n<div class=\"accordion\" rel=\"\">\n\n<div class=\"accordion-item\"><a href=\"#\" class=\"accordion-title plain\"><button class=\"toggle\"><i class=\"icon-angle-down\"><\/i><\/button><span>POL\u00cdTICA DE ADMINISTRACI\u00d3N DEL RIESGO<\/span><\/a><div class=\"accordion-inner\">\n\n<h4><a href=\"https:\/\/hsdp.gov.co\/portal\/wp-content\/uploads\/2025\/05\/RES-149-2021-ADOPCION-POLITICA-DE-ADMON-DEL-RIESGO-DE-LA-ESE_0001.pdf\">Resoluci\u00f3n 149 del 29 de abril del 2021<\/a><\/h4>\n<h4><a href=\"https:\/\/hsdp.gov.co\/portal\/wp-content\/uploads\/2025\/05\/RESOLUCION-POLITICA-ADMINISTRACION-DEL-RIESGO-2022.pdf\">Resoluci\u00f3n 132 del 26 de abril del 2022<\/a><\/h4>\n<h4><a href=\"https:\/\/hsdp.gov.co\/portal\/wp-content\/uploads\/2025\/05\/ANEXO-8.-POLITICA-ADMINISTRACION-DEL-RIESGO-2022.pdf\">Anexo 8 Pol\u00edtica de Adinistraci\u00f3n del Riesgo<\/a><\/h4>\n<h4><a href=\"https:\/\/hsdp.gov.co\/portal\/wp-content\/uploads\/2025\/05\/RES-064-2023-ACTUAL.-POL.-ADMON.-DEL-RIESGO-DE-LA-ESE-2023.pdf\">Resoluci\u00f3n 064 del 28 de febrero del 2023<\/a><\/h4>\n<a href=\"https:\/\/hsdp.gov.co\/portal\/ley-de-transparencia\/planeacion\/mapa-de-riesgo-institucional\/\" target=\"_self\" class=\"button primary\"  style=\"border-radius:99px;\">\n    <span>Conoce el mapa de riesgo Institucional 2025<\/span>\n  <\/a>\n\n\n\n<\/div><\/div>\n\n<\/div>\n<div class=\"accordion\" rel=\"\">\n\n<div class=\"accordion-item\"><a href=\"#\" class=\"accordion-title plain\"><button class=\"toggle\"><i class=\"icon-angle-down\"><\/i><\/button><span>POLITICA DE PRIVACIDAD DE LA INFORMACION Y PROTECCION DE DATOS PERSONALES<\/span><\/a><div class=\"accordion-inner\">\n\n<h4><a href=\"https:\/\/hsdp.gov.co\/portal\/ley-de-transparencia\/planeacion\/politicas\/politica-de-tratamiento-y-proteccion-de-datos-personales\/\">Pol\u00edtica de Datos Personales<\/a><br \/>Ley de Protecci\u00f3n de Datos Personales<br \/>\u00a0\u00a0 <a href=\"https:\/\/hsdp.gov.co\/portal\/wp-content\/uploads\/2025\/05\/Autorizacion_Ley_Proteccion_Datos_Personales.pdf\">Autorizaci\u00f3n Ley de Protecci\u00f3n de Datos E.S.E. HSJDP<\/a><br \/><a href=\"https:\/\/hsdp.gov.co\/portal\/wp-content\/uploads\/2025\/05\/Resolucion-270-tratamiento-de-datos.pdf\">Pol\u00edtica de Seguridad de la Informaci\u00f3n<\/a><\/h4>\n\n<\/div><\/div>\n<div class=\"accordion-item\"><a href=\"#\" class=\"accordion-title plain\"><button class=\"toggle\"><i class=\"icon-angle-down\"><\/i><\/button><span>POL\u00cdTICA AMBIENTAL Y SANITARIA<\/span><\/a><div class=\"accordion-inner\">\n\n<p><a href=\"https:\/\/hsdp.gov.co\/portal\/wp-content\/uploads\/2025\/07\/POLITICA-AMBIENTAL-Y-SANITARIA-2025.pdf\"><strong>Resoluci\u00f3n No 146 30 de Mayo de 2025 &#8211; Pol\u00edtica Ambiental y Sanitaria<\/strong><\/a><\/p>\n\n<\/div><\/div>\n<div class=\"accordion-item\"><a href=\"#\" class=\"accordion-title plain\"><button class=\"toggle\"><i class=\"icon-angle-down\"><\/i><\/button><span>POL\u00cdTICA DEFENSA JUR\u00cdDICA<\/span><\/a><div class=\"accordion-inner\">\n\n<h4><a href=\"https:\/\/hsdp.gov.co\/portal\/wp-content\/uploads\/2026\/01\/RESOLUCION-435-2024-POLITICA-DEFENSA-JURIDICA.pdf\">RESOLUCI\u00d3N 435 2024 POL\u00cdTICA DEFENSA JUR\u00cdDICA<\/a><\/h4>\n\n<\/div><\/div>\n<div class=\"accordion-item\"><a href=\"#\" class=\"accordion-title plain\"><button class=\"toggle\"><i class=\"icon-angle-down\"><\/i><\/button><span>POL\u00cdTICA DE PARTICIAPCI\u00d3N CIUDANADA<\/span><\/a><div class=\"accordion-inner\">\n\n<h4><a href=\"https:\/\/hsdp.gov.co\/portal\/wp-content\/uploads\/2026\/01\/RESOLUCION-358-2019-PARTICIAPCION-CIUDANADA.pdf\">RESOLUCI\u00d3N 358 2019 PARTICIPACI\u00d3N CIUDANADA<\/a><\/h4>\n\n<\/div><\/div>\n<div class=\"accordion-item\"><a href=\"#\" class=\"accordion-title plain\"><button class=\"toggle\"><i class=\"icon-angle-down\"><\/i><\/button><span>POL\u00cdTICA DE GESTI\u00d3N DOCUMENTAL<\/span><\/a><div class=\"accordion-inner\">\n\n<h4><a href=\"https:\/\/hsdp.gov.co\/portal\/wp-content\/uploads\/2026\/01\/RESOLUCION-218-POLITICA-DE-GESTIOON-DOCUMENTAL.pdf\">RESOLUCI\u00d3N 218 POL\u00cdTICA DE GESTI\u00d3N DOCUMENTAL<\/a><\/h4>\n\n<\/div><\/div>\n\n<\/div>\n<div class=\"accordion\" rel=\"\">\n\n<div class=\"accordion-item\"><a href=\"#\" class=\"accordion-title plain\"><button class=\"toggle\"><i class=\"icon-angle-down\"><\/i><\/button><span>POL\u00cdTICA DE EVALUCI\u00d3N Y DESEMPE\u00d1O<\/span><\/a><div class=\"accordion-inner\">\n\n<h4><a href=\"https:\/\/hsdp.gov.co\/portal\/wp-content\/uploads\/2026\/01\/RESOLUCION-217-EVALUCION-Y-DESEMPENO.pdf\">RESOLUCI\u00d3N 217 POL\u00cdTICA EVALUCI\u00d3N Y DESEMPE\u00d1O<\/a><\/h4>\n\n<\/div><\/div>\n<div class=\"accordion-item\"><a href=\"#\" class=\"accordion-title plain\"><button class=\"toggle\"><i class=\"icon-angle-down\"><\/i><\/button><span>POL\u00cdTICA DE CONTROL INTERNO<\/span><\/a><div class=\"accordion-inner\">\n\n<h4><a href=\"https:\/\/hsdp.gov.co\/portal\/wp-content\/uploads\/2026\/01\/RESOLUCION-216-POLITICA-DE-CONTROL-INTERNO.pdf\">RESOLUCI\u00d3N 216 POL\u00cdTICA DE CONTROL INTERNO<\/a><\/h4>\n\n<\/div><\/div>\n<div class=\"accordion-item\"><a href=\"#\" class=\"accordion-title plain\"><button class=\"toggle\"><i class=\"icon-angle-down\"><\/i><\/button><span>POLITICA DE GESTI\u00d3N DEL CONOCIMIENTO Y LA INNOVACI\u00d3N<\/span><\/a><div class=\"accordion-inner\">\n\n<h4>RESOLUCI\u00d3N 214 POL\u00cdTICA DE GESTI\u00d3N DEL CONOCIMIENTO Y LA INNOVACI\u00d3N<\/h4>\n\n<\/div><\/div>\n\n<\/div>\n<div class=\"accordion\" rel=\"\">\n\n<div class=\"accordion-item\"><a href=\"#\" class=\"accordion-title plain\"><button class=\"toggle\"><i class=\"icon-angle-down\"><\/i><\/button><span>POL\u00cdTICA GESTI\u00d3N ESTRAT\u00c9GICA DEL TALENTO HUMANO<\/span><\/a><div class=\"accordion-inner\">\n\n<h4><a href=\"https:\/\/hsdp.gov.co\/portal\/wp-content\/uploads\/2026\/01\/RESOLUCION-215-POLITICA-GESTION-ESTRATEGICA-DEL-TALENTO-HUMANO.pdf\">RESOLUCION 215 POL\u00cdTICA GESTI\u00d3N ESTRAT\u00c9GICA DEL TALENTO HUMANO<\/a><\/h4>\n\n<\/div><\/div>\n<div class=\"accordion-item\"><a href=\"#\" class=\"accordion-title plain\"><button class=\"toggle\"><i class=\"icon-angle-down\"><\/i><\/button><span>POL\u00cdTICA DE INTEGRIDAD<\/span><\/a><div class=\"accordion-inner\">\n\n<h4><a href=\"https:\/\/hsdp.gov.co\/portal\/wp-content\/uploads\/2026\/01\/RESOLUCION-213-POLITICA-DE-INTEGRIDAD.pdf\">RESOLUCI\u00d3N 213 POL\u00cdTICA DE INTEGRIDAD<\/a><\/h4>\n\n<\/div><\/div>\n<div class=\"accordion-item\"><a href=\"#\" class=\"accordion-title plain\"><button class=\"toggle\"><i class=\"icon-angle-down\"><\/i><\/button><span>POL\u00cdTICA DE GESTI\u00d3N DE LA INFORMACI\u00d3N ESTAD\u00cdSTICA<\/span><\/a><div class=\"accordion-inner\">\n\n<h4><a href=\"https:\/\/hsdp.gov.co\/portal\/wp-content\/uploads\/2026\/01\/RESOLUCION-196-POLITICA-DE-GESTION-DE-LA-INFORMACION-ESTADISTICA.pdf\">RESOLUCI\u00d3N 196 POL\u00cdTICA DE GESTI\u00d3N DE LA INFORMACI\u00d3N ESTAD\u00cdSTICA<\/a><\/h4>\n\n<\/div><\/div>\n\n<\/div>\n<div class=\"accordion\" rel=\"\">\n\n<div class=\"accordion-item\"><a href=\"#\" class=\"accordion-title plain\"><button class=\"toggle\"><i class=\"icon-angle-down\"><\/i><\/button><span>POL\u00cdTICA DE SEGURIDAD DIGITAL<\/span><\/a><div class=\"accordion-inner\">\n\n<p><a href=\"https:\/\/hsdp.gov.co\/portal\/wp-content\/uploads\/2026\/01\/RESOLUCION-183-POLITICA-DE-SEGURIDAD-DIGITAL.pdf\">RESOLUCI\u00d3N 183 POL\u00cdTICA DE SEGURIDAD DIGITAL<\/a><\/p>\n\n<\/div><\/div>\n<div class=\"accordion-item\"><a href=\"#\" class=\"accordion-title plain\"><button class=\"toggle\"><i class=\"icon-angle-down\"><\/i><\/button><span>POLIT\u00cdCA PLANEACI\u00d3N INSTITUCIONAL<\/span><\/a><div class=\"accordion-inner\">\n\n<p><a href=\"https:\/\/hsdp.gov.co\/portal\/wp-content\/uploads\/2026\/01\/RESOLUCION-179-POLITICA-PLANEACION-INSTITUCIONAL.pdf\">RESOLUCI\u00d3N 179 POL\u00cdTICA PLANEACI\u00d3N INSTITUCIONAL<\/a><\/p>\n\n<\/div><\/div>\n<div class=\"accordion-item\"><a href=\"#\" class=\"accordion-title plain\"><button class=\"toggle\"><i class=\"icon-angle-down\"><\/i><\/button><span>POL\u00cdTICA TRANSPARENCIA Y ACCESO A LA INFORMACI\u00d3N<\/span><\/a><div class=\"accordion-inner\">\n\n<p><a href=\"https:\/\/hsdp.gov.co\/portal\/wp-content\/uploads\/2026\/01\/RESOLUCION-178-POLITICA-TRANSPARENCIA-Y-ACCESO-A-LA-INFORMACION.pdf\">RESOLUCI\u00d3N 178 POL\u00cdTICA TRANSPARENCIA Y ACCESO A LA INFORMACI\u00d3N<\/a><\/p>\n\n<\/div><\/div>\n<div class=\"accordion-item\"><a href=\"#\" class=\"accordion-title plain\"><button class=\"toggle\"><i class=\"icon-angle-down\"><\/i><\/button><span>POL\u00cdTICA GOBIERNO DIGITAL<\/span><\/a><div class=\"accordion-inner\">\n\n<p><a href=\"https:\/\/hsdp.gov.co\/portal\/wp-content\/uploads\/2026\/01\/RESOLUCION-173-POLITICA-GOBIERNO-DIGITAL.pdf\">RESOLUCI\u00d3N 173 POL\u00cdTICA GOBIERNO DIGITAL<\/a><\/p>\n\n<\/div><\/div>\n\n<\/div>\n<div class=\"accordion\" rel=\"\">\n\n<div class=\"accordion-item\"><a href=\"#\" class=\"accordion-title plain\"><button class=\"toggle\"><i class=\"icon-angle-down\"><\/i><\/button><span>POL\u00cdTICA SERVICIO AL CIUADADANO<\/span><\/a><div class=\"accordion-inner\">\n\n<p><a href=\"https:\/\/hsdp.gov.co\/portal\/wp-content\/uploads\/2026\/01\/RESOLUCION-155-2025-POLITICA-SERVICIO-AL-CIUADADANO.pdf\">RESOLUCI\u00d3N 155 2025 POL\u00cdTICA SERVICIO AL CIUADADANO<\/a><\/p>\n\n<\/div><\/div>\n<div class=\"accordion-item\"><a href=\"#\" class=\"accordion-title plain\"><button class=\"toggle\"><i class=\"icon-angle-down\"><\/i><\/button><span>POL\u00cdTICA FORTALECIMIENTO ORGANIZACIONAL Y SIMPLIFIA PROCESOS<\/span><\/a><div class=\"accordion-inner\">\n\n<p><a href=\"https:\/\/hsdp.gov.co\/portal\/wp-content\/uploads\/2026\/01\/RESOLUCION-148-POLITICA-FORTALECIMIENTO-ORGANIZACIONAL-Y-SIMPLIFIA-PROCESOS.pdf\">RESOLUCI\u00d3N 148 POL\u00cdTICA FORTALECIMIENTO ORGANIZACIONAL Y SIMPLIFIA PROCESOS<\/a><\/p>\n\n<\/div><\/div>\n<div class=\"accordion-item\"><a href=\"#\" class=\"accordion-title plain\"><button class=\"toggle\"><i class=\"icon-angle-down\"><\/i><\/button><span>POL\u00cdTICA DE TR\u00c1MITES<\/span><\/a><div class=\"accordion-inner\">\n\n<p><a href=\"https:\/\/hsdp.gov.co\/portal\/wp-content\/uploads\/2026\/01\/RESOLUCION-185-POLITICA-DE-TRAMITES.pdf\">RESOLUCI\u00d3N 185 POL\u00cdTICA DE TR\u00c1MITES<\/a><\/p>\n\n<\/div><\/div>\n\n<\/div>\n<div class=\"accordion\" rel=\"\">\n\n<div class=\"accordion-item\"><a href=\"#\" class=\"accordion-title plain\"><button class=\"toggle\"><i class=\"icon-angle-down\"><\/i><\/button><span>POL\u00cdTICA MEJORA NORMATIVA<\/span><\/a><div class=\"accordion-inner\">\n\n<p><a href=\"https:\/\/hsdp.gov.co\/portal\/wp-content\/uploads\/2026\/01\/RESOLUCION-365-MEJORA-NORMATIVA.pdf\">RESOLUCI\u00d3N 365 MEJORA NORMATIVA<\/a><\/p>\n\n<\/div><\/div>\n\n<\/div>\n\n","protected":false},"excerpt":{"rendered":"","protected":false},"author":1,"featured_media":0,"parent":0,"menu_order":0,"comment_status":"closed","ping_status":"closed","template":"","meta":{"footnotes":""},"_links":{"self":[{"href":"https:\/\/hsdp.gov.co\/portal\/wp-json\/wp\/v2\/pages\/12648"}],"collection":[{"href":"https:\/\/hsdp.gov.co\/portal\/wp-json\/wp\/v2\/pages"}],"about":[{"href":"https:\/\/hsdp.gov.co\/portal\/wp-json\/wp\/v2\/types\/page"}],"author":[{"embeddable":true,"href":"https:\/\/hsdp.gov.co\/portal\/wp-json\/wp\/v2\/users\/1"}],"replies":[{"embeddable":true,"href":"https:\/\/hsdp.gov.co\/portal\/wp-json\/wp\/v2\/comments?post=12648"}],"version-history":[{"count":32,"href":"https:\/\/hsdp.gov.co\/portal\/wp-json\/wp\/v2\/pages\/12648\/revisions"}],"predecessor-version":[{"id":14578,"href":"https:\/\/hsdp.gov.co\/portal\/wp-json\/wp\/v2\/pages\/12648\/revisions\/14578"}],"wp:attachment":[{"href":"https:\/\/hsdp.gov.co\/portal\/wp-json\/wp\/v2\/media?parent=12648"}],"curies":[{"name":"wp","href":"https:\/\/api.w.org\/{rel}","templated":true}]}}