{"id":12619,"date":"2024-12-11T14:10:00","date_gmt":"2024-12-11T19:10:00","guid":{"rendered":"https:\/\/hsdp.gov.co\/portal\/?page_id=12619"},"modified":"2025-04-22T12:20:04","modified_gmt":"2025-04-22T17:20:04","slug":"resolucion-politica-defensa-juridica","status":"publish","type":"page","link":"https:\/\/hsdp.gov.co\/portal\/resolucion-politica-defensa-juridica\/","title":{"rendered":"RESOLUCION POLITICA DEFENSA JURIDICA"},"content":{"rendered":"\n<div class=\"container section-title-container\" ><h3 class=\"section-title section-title-center\"><b><\/b><span class=\"section-title-main\" style=\"color:rgb(83, 169, 68);\">RESOLUCI\u00d3N POL\u00cdTICA DEFENSA JUR\u00cdDICA<\/span><b><\/b><\/h3><\/div><!-- .section-title -->\n\n\n\n\n\n<div data-wp-interactive=\"\" class=\"wp-block-file\"><object data-wp-bind--hidden=\"!selectors.core.file.hasPdfPreview\" hidden class=\"wp-block-file__embed\" data=\"https:\/\/hsdp.gov.co\/portal\/wp-content\/uploads\/2025\/04\/RESOLUCION-POLITICA-DEFENSA-JURIDICA.pdf\" type=\"application\/pdf\" style=\"width:100%;height:600px\" aria-label=\"Incrustado de RESOLUCION POLITICA DEFENSA JURIDICA.\"><\/object><a id=\"wp-block-file--media-a6a720d6-7abf-4765-9d37-eb5a4fa8da08\" href=\"https:\/\/hsdp.gov.co\/portal\/wp-content\/uploads\/2025\/04\/RESOLUCION-POLITICA-DEFENSA-JURIDICA.pdf\">RESOLUCION POLITICA DEFENSA JURIDICA<\/a><a href=\"https:\/\/hsdp.gov.co\/portal\/wp-content\/uploads\/2025\/04\/RESOLUCION-POLITICA-DEFENSA-JURIDICA.pdf\" class=\"wp-block-file__button wp-element-button\" download aria-describedby=\"wp-block-file--media-a6a720d6-7abf-4765-9d37-eb5a4fa8da08\">Descarga<\/a><\/div>\n","protected":false},"excerpt":{"rendered":"","protected":false},"author":1,"featured_media":0,"parent":0,"menu_order":0,"comment_status":"closed","ping_status":"closed","template":"","meta":{"footnotes":""},"_links":{"self":[{"href":"https:\/\/hsdp.gov.co\/portal\/wp-json\/wp\/v2\/pages\/12619"}],"collection":[{"href":"https:\/\/hsdp.gov.co\/portal\/wp-json\/wp\/v2\/pages"}],"about":[{"href":"https:\/\/hsdp.gov.co\/portal\/wp-json\/wp\/v2\/types\/page"}],"author":[{"embeddable":true,"href":"https:\/\/hsdp.gov.co\/portal\/wp-json\/wp\/v2\/users\/1"}],"replies":[{"embeddable":true,"href":"https:\/\/hsdp.gov.co\/portal\/wp-json\/wp\/v2\/comments?post=12619"}],"version-history":[{"count":7,"href":"https:\/\/hsdp.gov.co\/portal\/wp-json\/wp\/v2\/pages\/12619\/revisions"}],"predecessor-version":[{"id":12636,"href":"https:\/\/hsdp.gov.co\/portal\/wp-json\/wp\/v2\/pages\/12619\/revisions\/12636"}],"wp:attachment":[{"href":"https:\/\/hsdp.gov.co\/portal\/wp-json\/wp\/v2\/media?parent=12619"}],"curies":[{"name":"wp","href":"https:\/\/api.w.org\/{rel}","templated":true}]}}