{"id":12575,"date":"2025-03-31T11:42:23","date_gmt":"2025-03-31T16:42:23","guid":{"rendered":"https:\/\/hsdp.gov.co\/portal\/?page_id=12575"},"modified":"2025-04-01T11:47:45","modified_gmt":"2025-04-01T16:47:45","slug":"procesos-de-encargo","status":"publish","type":"page","link":"https:\/\/hsdp.gov.co\/portal\/procesos-de-encargo\/","title":{"rendered":"Procesos de Encargo 2025"},"content":{"rendered":"\n<div class=\"container section-title-container\" ><h2 class=\"section-title section-title-center\"><b><\/b><span class=\"section-title-main\" style=\"color:rgb(46, 158, 46);\">PROCESOS DE ENCARGO 2025<\/span><b><\/b><\/h2><\/div><!-- .section-title -->\n\n<h4 style=\"text-align: center;\"><span style=\"color: #808080;\">El proceso de encargo es un mecanismo administrativo que permite a un servidor p\u00fablico desempe\u00f1ar temporalmente un empleo p\u00fablico diferente al que es titular.<span class=\"pjBG2e\" data-cid=\"756f9a45-7857-453b-9b79-8345129d2b1f\"><span class=\"UV3uM\">\u00a0<\/span><\/span><\/span><\/h4>\n<div class=\"row\"  id=\"row-1868912918\">\n\n<div class=\"col medium-6 small-12 large-6\"  ><div class=\"col-inner\"  >\n\n\t<div class=\"img has-hover x md-x lg-x y md-y lg-y\" id=\"image_566178475\">\n\t\t\t\t\t\t\t\t<div class=\"img-inner dark\" >\n\t\t\t<img loading=\"lazy\" decoding=\"async\" width=\"800\" height=\"800\" src=\"https:\/\/hsdp.gov.co\/portal\/wp-content\/uploads\/2025\/04\/ENCARGO-800x800.png\" class=\"attachment-large size-large\" alt=\"\" srcset=\"https:\/\/hsdp.gov.co\/portal\/wp-content\/uploads\/2025\/04\/ENCARGO-800x800.png 800w, https:\/\/hsdp.gov.co\/portal\/wp-content\/uploads\/2025\/04\/ENCARGO-400x400.png 400w, https:\/\/hsdp.gov.co\/portal\/wp-content\/uploads\/2025\/04\/ENCARGO-280x280.png 280w, https:\/\/hsdp.gov.co\/portal\/wp-content\/uploads\/2025\/04\/ENCARGO-768x768.png 768w, https:\/\/hsdp.gov.co\/portal\/wp-content\/uploads\/2025\/04\/ENCARGO.png 1425w\" sizes=\"(max-width: 800px) 100vw, 800px\" \/>\t\t\t\t\t\t\n\t\t\t\t\t<\/div>\n\t\t\t\t\t\t\t\t\n<style scope=\"scope\">\n\n#image_566178475 {\n  width: 100%;\n}\n<\/style>\n\t<\/div>\n\t\n\n\n<\/div><\/div>\n<div class=\"col medium-6 small-12 large-6\"  ><div class=\"col-inner\"  >\n\n<div class=\"text-center\"><div class=\"is-divider divider clearfix\" ><\/div><\/div><!-- .divider -->\n\n<a href=\"https:\/\/hsdp.gov.co\/portal\/wp-content\/uploads\/2025\/04\/001_CIRCULAR-011-del-2025.pdf\" target=\"_self\" class=\"button primary expand\"  style=\"border-radius:99px;\">\n    <span>001 CIRCULAR 011 DEL 2025<\/span>\n  <\/a>\n\n\n<a href=\"https:\/\/hsdp.gov.co\/portal\/wp-content\/uploads\/2025\/04\/002_CIRCULAR-014-del-2025.pdf\" target=\"_self\" class=\"button primary expand\"  style=\"border-radius:99px;\">\n    <span>002 CIRCULAR 014 del 2025<\/span>\n  <\/a>\n\n\n<a href=\"https:\/\/hsdp.gov.co\/portal\/wp-content\/uploads\/2025\/04\/003_ESTUDIO-DE-ENCARGOS-2025.pdf\" target=\"_self\" class=\"button primary expand\"  style=\"border-radius:99px;\">\n    <span>003 ESTUDIO DE ENCARGOS 2025<\/span>\n  <\/a>\n\n\n<a href=\"https:\/\/hsdp.gov.co\/portal\/wp-content\/uploads\/2025\/04\/004_ACTA_REVISION_PROCESO_DE_ENCARGOS.pdf\" target=\"_self\" class=\"button primary expand\"  style=\"border-radius:99px;\">\n    <span>004 ACTA REVISI\u00d3N PROCESO DE ENCARGOS<\/span>\n  <\/a>\n\n\n\n<\/div><\/div>\n\n<\/div>\n\n","protected":false},"excerpt":{"rendered":"<p>El proceso de encargo es un mecanismo administrativo que permite a un servidor p\u00fablico desempe\u00f1ar temporalmente un empleo p\u00fablico diferente al que es titular.\u00a0<\/p>\n","protected":false},"author":1,"featured_media":0,"parent":0,"menu_order":0,"comment_status":"closed","ping_status":"closed","template":"","meta":{"footnotes":""},"_links":{"self":[{"href":"https:\/\/hsdp.gov.co\/portal\/wp-json\/wp\/v2\/pages\/12575"}],"collection":[{"href":"https:\/\/hsdp.gov.co\/portal\/wp-json\/wp\/v2\/pages"}],"about":[{"href":"https:\/\/hsdp.gov.co\/portal\/wp-json\/wp\/v2\/types\/page"}],"author":[{"embeddable":true,"href":"https:\/\/hsdp.gov.co\/portal\/wp-json\/wp\/v2\/users\/1"}],"replies":[{"embeddable":true,"href":"https:\/\/hsdp.gov.co\/portal\/wp-json\/wp\/v2\/comments?post=12575"}],"version-history":[{"count":5,"href":"https:\/\/hsdp.gov.co\/portal\/wp-json\/wp\/v2\/pages\/12575\/revisions"}],"predecessor-version":[{"id":12582,"href":"https:\/\/hsdp.gov.co\/portal\/wp-json\/wp\/v2\/pages\/12575\/revisions\/12582"}],"wp:attachment":[{"href":"https:\/\/hsdp.gov.co\/portal\/wp-json\/wp\/v2\/media?parent=12575"}],"curies":[{"name":"wp","href":"https:\/\/api.w.org\/{rel}","templated":true}]}}