{"id":12534,"date":"2025-03-31T09:49:13","date_gmt":"2025-03-31T14:49:13","guid":{"rendered":"https:\/\/hsdp.gov.co\/portal\/?page_id=12534"},"modified":"2025-06-26T16:15:35","modified_gmt":"2025-06-26T21:15:35","slug":"audiencia-publica-de-rendicion-de-cuentas-v-2024","status":"publish","type":"page","link":"https:\/\/hsdp.gov.co\/portal\/audiencia-publica-de-rendicion-de-cuentas-v-2024\/","title":{"rendered":"Audiencia P\u00fablica de Rendici\u00f3n de Cuentas V-2024"},"content":{"rendered":"\n\t<div class=\"img has-hover x md-x lg-x y md-y lg-y\" id=\"image_841478559\">\n\t\t\t\t\t\t\t\t<div class=\"img-inner dark\" >\n\t\t\t<img loading=\"lazy\" decoding=\"async\" width=\"1020\" height=\"187\" src=\"https:\/\/hsdp.gov.co\/portal\/wp-content\/uploads\/2025\/03\/banner-para-pagina-1400x256.jpg\" class=\"attachment-large size-large\" alt=\"\" srcset=\"https:\/\/hsdp.gov.co\/portal\/wp-content\/uploads\/2025\/03\/banner-para-pagina-1400x256.jpg 1400w, https:\/\/hsdp.gov.co\/portal\/wp-content\/uploads\/2025\/03\/banner-para-pagina-800x147.jpg 800w, https:\/\/hsdp.gov.co\/portal\/wp-content\/uploads\/2025\/03\/banner-para-pagina-768x141.jpg 768w, https:\/\/hsdp.gov.co\/portal\/wp-content\/uploads\/2025\/03\/banner-para-pagina-1536x281.jpg 1536w, https:\/\/hsdp.gov.co\/portal\/wp-content\/uploads\/2025\/03\/banner-para-pagina-2048x375.jpg 2048w\" sizes=\"(max-width: 1020px) 100vw, 1020px\" \/>\t\t\t\t\t\t\n\t\t\t\t\t<\/div>\n\t\t\t\t\t\t\t\t\n<style scope=\"scope\">\n\n#image_841478559 {\n  width: 100%;\n}\n<\/style>\n\t<\/div>\n\t\n\n<div class=\"text-center\"><div class=\"is-divider divider clearfix\" ><\/div><\/div><!-- .divider -->\n\n<div class=\"row\"  id=\"row-675641032\">\n\n<div class=\"col medium-2 small-12 large-2\"  ><div class=\"col-inner\"  >\n\n\n<\/div><\/div>\n<div class=\"col medium-8 small-12 large-8\"  ><div class=\"col-inner\"  >\n\n\t<div class=\"img has-hover x md-x lg-x y md-y lg-y\" id=\"image_704968074\">\n\t\t<a class=\"\" href=\"https:\/\/docs.google.com\/forms\/d\/e\/1FAIpQLSfwNmFMohpCt2KtKF8QT0cB8DB6pyIK99ELxq46hVshZ7olOA\/viewform?usp=dialog\" target=\"_self\" >\t\t\t\t\t\t<div class=\"img-inner dark\" >\n\t\t\t<img loading=\"lazy\" decoding=\"async\" width=\"1020\" height=\"435\" src=\"https:\/\/hsdp.gov.co\/portal\/wp-content\/uploads\/2025\/03\/porrada-para-pagina-1400x597.jpg\" class=\"attachment-large size-large\" alt=\"\" srcset=\"https:\/\/hsdp.gov.co\/portal\/wp-content\/uploads\/2025\/03\/porrada-para-pagina-1400x597.jpg 1400w, https:\/\/hsdp.gov.co\/portal\/wp-content\/uploads\/2025\/03\/porrada-para-pagina-800x341.jpg 800w, https:\/\/hsdp.gov.co\/portal\/wp-content\/uploads\/2025\/03\/porrada-para-pagina-768x328.jpg 768w, https:\/\/hsdp.gov.co\/portal\/wp-content\/uploads\/2025\/03\/porrada-para-pagina-1536x655.jpg 1536w, https:\/\/hsdp.gov.co\/portal\/wp-content\/uploads\/2025\/03\/porrada-para-pagina-2048x873.jpg 2048w\" sizes=\"(max-width: 1020px) 100vw, 1020px\" \/>\t\t\t\t\t\t\n\t\t\t\t\t<\/div>\n\t\t\t\t\t\t<\/a>\t\t\n<style scope=\"scope\">\n\n#image_704968074 {\n  width: 100%;\n}\n<\/style>\n\t<\/div>\n\t\n\n\n<\/div><\/div>\n<div class=\"col medium-2 small-12 large-2\"  ><div class=\"col-inner\"  >\n\n\n<\/div><\/div>\n\n<\/div>\n<div class=\"container section-title-container\" ><h3 class=\"section-title section-title-center\"><b><\/b><span class=\"section-title-main\" style=\"color:rgb(21, 142, 174);\">informe de Rendici\u00f3n de cuentas vigencia 2024<\/span><b><\/b><\/h3><\/div><!-- .section-title -->\n\n<p style=\"text-align: center;\"><div class=\"_df_book df-container df-loading \" id=\"df_12546\"  wpoptions=\"true\" ><\/div><script data-cfasync=\"false\">var option_df_12546 = {\"outline\":[],\"forceFit\":\"true\",\"autoEnableOutline\":\"false\",\"autoEnableThumbnail\":\"false\",\"overwritePDFOutline\":\"false\",\"direction\":\"1\",\"pageMode\":\"0\",\"source\":\"https:\\\/\\\/hsdp.gov.co\\\/portal\\\/wp-content\\\/uploads\\\/2025\\\/03\\\/Rendicion_2024.pdf\",\"wpOptions\":\"true\"}; if(window.DFLIP && DFLIP.parseBooks){DFLIP.parseBooks();}<\/script>\n<div class=\"notranslate\" style=\"all: initial;\">\u00a0<\/div>\n<div class=\"container section-title-container\" ><h3 class=\"section-title section-title-center\"><b><\/b><span class=\"section-title-main\" style=\"color:rgb(21, 142, 174);\">Reglamento y Cronograma<\/span><b><\/b><\/h3><\/div><!-- .section-title -->\n\n<div class=\"row\"  id=\"row-2085140085\">\n\n<div class=\"col medium-6 small-12 large-6\"  ><div class=\"col-inner\"  >\n\n<a href=\"https:\/\/hsdp.gov.co\/portal\/wp-content\/uploads\/2025\/04\/REGLAMENTO-RENDICION-DE-CUENTAS-VIGENCIA-2024.pdf\" target=\"_self\" class=\"button primary expand\"  style=\"border-radius:99px;\">\n    <span>REGLAMENTO RENDICI\u00d3N DE CUENTAS VIGENCIA 2024<\/span>\n  <\/a>\n\n\n\n<\/div><\/div>\n<div class=\"col medium-6 small-12 large-6\"  ><div class=\"col-inner\"  >\n\n<a href=\"https:\/\/hsdp.gov.co\/portal\/wp-content\/uploads\/2025\/03\/Cronograma-Rendicion-de-Cuentas-V-2024.pdf\" target=\"_self\" class=\"button primary expand\"  style=\"border-radius:99px;\">\n    <span>CRONOGRAMA RENDICI\u00d3N DE CUENTAS VIGENCIA 2024<\/span>\n  <\/a>\n\n\n\n<\/div><\/div>\n\n<\/div>\n<div class=\"container section-title-container\" ><h3 class=\"section-title section-title-center\"><b><\/b><span class=\"section-title-main\" style=\"color:rgb(21, 142, 174);\">Informe Evaluaci\u00f3n Audiencia P\u00fablica Rendici\u00f3n de Cuentas 2024<\/span><b><\/b><\/h3><\/div><!-- .section-title -->\n\n<p style=\"text-align: center;\"><div class=\"_df_book df-container df-loading \" id=\"df_13165\"  wpoptions=\"true\" ><\/div><script data-cfasync=\"false\">var option_df_13165 = {\"outline\":[],\"forceFit\":\"true\",\"autoEnableOutline\":\"false\",\"autoEnableThumbnail\":\"false\",\"overwritePDFOutline\":\"false\",\"direction\":\"1\",\"pageMode\":\"0\",\"source\":\"https:\\\/\\\/hsdp.gov.co\\\/portal\\\/wp-content\\\/uploads\\\/2025\\\/06\\\/INFORME-R.C-2024.pdf\",\"wpOptions\":\"true\"}; if(window.DFLIP && DFLIP.parseBooks){DFLIP.parseBooks();}<\/script>\n<div class=\"notranslate\" style=\"all: initial;\">\u00a0<\/div>\n\n","protected":false},"excerpt":{"rendered":"<p>\u00a0 \u00a0<\/p>\n","protected":false},"author":1,"featured_media":0,"parent":0,"menu_order":0,"comment_status":"closed","ping_status":"closed","template":"","meta":{"footnotes":""},"_links":{"self":[{"href":"https:\/\/hsdp.gov.co\/portal\/wp-json\/wp\/v2\/pages\/12534"}],"collection":[{"href":"https:\/\/hsdp.gov.co\/portal\/wp-json\/wp\/v2\/pages"}],"about":[{"href":"https:\/\/hsdp.gov.co\/portal\/wp-json\/wp\/v2\/types\/page"}],"author":[{"embeddable":true,"href":"https:\/\/hsdp.gov.co\/portal\/wp-json\/wp\/v2\/users\/1"}],"replies":[{"embeddable":true,"href":"https:\/\/hsdp.gov.co\/portal\/wp-json\/wp\/v2\/comments?post=12534"}],"version-history":[{"count":7,"href":"https:\/\/hsdp.gov.co\/portal\/wp-json\/wp\/v2\/pages\/12534\/revisions"}],"predecessor-version":[{"id":13167,"href":"https:\/\/hsdp.gov.co\/portal\/wp-json\/wp\/v2\/pages\/12534\/revisions\/13167"}],"wp:attachment":[{"href":"https:\/\/hsdp.gov.co\/portal\/wp-json\/wp\/v2\/media?parent=12534"}],"curies":[{"name":"wp","href":"https:\/\/api.w.org\/{rel}","templated":true}]}}