{"id":12212,"date":"2024-12-13T10:47:57","date_gmt":"2024-12-13T15:47:57","guid":{"rendered":"https:\/\/hsdp.gov.co\/portal\/?page_id=12212"},"modified":"2025-05-12T11:57:58","modified_gmt":"2025-05-12T16:57:58","slug":"certificado-de-defuncion","status":"publish","type":"page","link":"https:\/\/hsdp.gov.co\/portal\/certificado-de-defuncion\/","title":{"rendered":"Certificado de defunci\u00f3n"},"content":{"rendered":"\n<div class=\"container section-title-container\" ><h3 class=\"section-title section-title-center\"><b><\/b><span class=\"section-title-main\" style=\"color:rgb(88, 178, 109);\">6. Certificado de defunci\u00f3n<\/span><b><\/b><\/h3><\/div><!-- .section-title -->\n\n<p style=\"text-align: center;\">Obtener la certificaci\u00f3n que da constancia del fallecimiento de una persona.<\/p>\n<div class=\"row\"  id=\"row-1464849034\">\n\n<div class=\"col medium-6 small-12 large-6\"  ><div class=\"col-inner\"  >\n\n<h5><span style=\"color: #003366;\">6.1. SI LA DEFUNCI\u00d3N OCURRE EN LAS INSTALACIONES DE LA ESE HSDP:<\/span><\/h5>\n<div>\u00a0<\/div>\n<p>6.1.1 Se solicita copia del documento de identidad del fallecido y del solicitante, documentos que acrediten parentesco en primer grado de consanguinidad (Registro civil, acta de matrimonio, declaraci\u00f3n de extra juicio). <br \/>6.1.2 M\u00e9dico general tratante o que tiene conocimiento del caso diligencia el certificado <br \/>6.1.3 Hace entrega al familiar o de la persona que acredite el parentesco<\/p>\n<h5><span style=\"color: #003366;\">6.2. SI LA DEFUNCI\u00d3N NO OCURRIO EN LAS INSTALACIONES DE LA ESE HSDP <br \/>PERO TIENE HISTORIA CLINICA EN EL SISTEMA:<\/span><\/h5>\n<p>6.2.1 Se solicita copia del documento de identidad del fallecido y del solicitante, documentos que acrediten parentesco en primer grado de consanguinidad (Registro civil, acta de matrimonio, declaraci\u00f3n de extra juicio). <br \/>6.2.2 M\u00e9dico general de turno y que tiene acceso a la HC puede verificar los antecedentes del fallecido y por informaci\u00f3n de los familiares diligencia el certificado <br \/>6.2.3 Hace entrega al familiar o de la persona que acredite el parentesco<\/p>\n<a class=\"button primary\"  style=\"border-radius:99px;\">\n    <span>Medio para el seguimiento del usuario<\/span>\n  <\/a>\n\n\n<ul>\n<li>Direcci\u00f3n Carrera 9 No 5-01 BARRIO URSUA<\/li>\n<li>Tel\u00e9fono:\u00a0<\/li>\n<li>Ventanilla \u00fanica: www.hsdp.gov.co<\/li>\n<li>Presencial en los puntos de atenci\u00f3n indicados por la instituci\u00f3n<\/li>\n<\/ul>\n\n<\/div><\/div>\n<div class=\"col medium-6 small-12 large-6\"  ><div class=\"col-inner\"  >\n\n<h5><span style=\"color: #003366;\">6.3. SI LA DEFUNCI\u00d3N NO OCURRIO EN LAS INSTALACIONES DE LA ESE HSDP <br \/>Y NO TIENE HISTORIA CLINICA EN EL SISTEMA: <\/span><\/h5>\n<p>6.3.1 Cuando una persona llega a perder la vida en el hogar se recomienda no mover el cuerpo y dejarlo en el lugar en que haya fallecido. <br \/>6.3.2 Una vez sucedido el deceso llama a los servicios de emergencia o de tenci\u00f3n <br \/>domiciliaria de la red de su EPS para que los profesionales puedan realizar su labor de valoraci\u00f3n del fallecido confirmando la muerte sus circunstancias de manera adecuada y generar un certificado de defunci\u00f3n confiable. <br \/>6.3.3 El personal de atenci\u00f3n domiciliaria hace entrega al familiar o de la persona que acredite el parentesco.<\/p>\n<h5><span style=\"color: #003366;\">6.4. SI LA DEFUNCI\u00d3N OCURRIO EN OTRO LUGAR: <\/span><\/h5>\n<p>6.4.1 Cuando una persona llega a perder la vida fuera del hogar se recomienda no mover el cuerpo y dejarlo en el lugar en que haya fallecido. <br \/>6.4.2 Se llama la autoridad: Polic\u00eda Nacional que se presenta en el sitio y\/o lugar de los hechos realiza inspecci\u00f3n y certifica que no observa signos de violencia, presenta una certificaci\u00f3n al servicio de atenci\u00f3n medica domiciliaria para realizar la valoraci\u00f3n del fallecido <br \/>6.4.3 Una vez sucedido el deceso llama a los servicios de emergencia o de atenci\u00f3n domiciliaria de la red de su EPS para que los profesionales puedan realizar su labor de valoraci\u00f3n del fallecido confirmando la muerte sus circunstancias de manera adecuada y generar un certificado de defunci\u00f3n confiable. <br \/>6.4.4 El personal de atenci\u00f3n domiciliaria hhace entrega al familiar o de la persona que acredite el parentesco.\u00a0<\/p>\n\n<\/div><\/div>\n\n<\/div>\n\n","protected":false},"excerpt":{"rendered":"<p>Obtener la certificaci\u00f3n que da constancia del fallecimiento de una persona.<\/p>\n","protected":false},"author":1,"featured_media":0,"parent":0,"menu_order":0,"comment_status":"closed","ping_status":"closed","template":"","meta":{"footnotes":""},"_links":{"self":[{"href":"https:\/\/hsdp.gov.co\/portal\/wp-json\/wp\/v2\/pages\/12212"}],"collection":[{"href":"https:\/\/hsdp.gov.co\/portal\/wp-json\/wp\/v2\/pages"}],"about":[{"href":"https:\/\/hsdp.gov.co\/portal\/wp-json\/wp\/v2\/types\/page"}],"author":[{"embeddable":true,"href":"https:\/\/hsdp.gov.co\/portal\/wp-json\/wp\/v2\/users\/1"}],"replies":[{"embeddable":true,"href":"https:\/\/hsdp.gov.co\/portal\/wp-json\/wp\/v2\/comments?post=12212"}],"version-history":[{"count":8,"href":"https:\/\/hsdp.gov.co\/portal\/wp-json\/wp\/v2\/pages\/12212\/revisions"}],"predecessor-version":[{"id":12683,"href":"https:\/\/hsdp.gov.co\/portal\/wp-json\/wp\/v2\/pages\/12212\/revisions\/12683"}],"wp:attachment":[{"href":"https:\/\/hsdp.gov.co\/portal\/wp-json\/wp\/v2\/media?parent=12212"}],"curies":[{"name":"wp","href":"https:\/\/api.w.org\/{rel}","templated":true}]}}