{"id":12204,"date":"2024-12-13T10:30:52","date_gmt":"2024-12-13T15:30:52","guid":{"rendered":"https:\/\/hsdp.gov.co\/portal\/?page_id=12204"},"modified":"2025-05-12T11:59:53","modified_gmt":"2025-05-12T16:59:53","slug":"examen-de-laboratorio-clinico","status":"publish","type":"page","link":"https:\/\/hsdp.gov.co\/portal\/examen-de-laboratorio-clinico\/","title":{"rendered":"Examen de laboratorio cl\u00ednico"},"content":{"rendered":"\n<div class=\"container section-title-container\" ><h3 class=\"section-title section-title-center\"><b><\/b><span class=\"section-title-main\" style=\"color:rgb(88, 178, 109);\">4. Examen de laboratorio cl\u00ednico<\/span><b><\/b><\/h3><\/div><!-- .section-title -->\n\n<p style=\"text-align: center;\">Acceder a la toma de muestras de sangre y\/o fluido corporal para ex\u00e1menes de laboratorio de baja, mediana y alta complejidad, para procesamiento y posterior valoraci\u00f3n m\u00e9dica.<\/p>\n<div class=\"row\"  id=\"row-1948412971\">\n\n<div class=\"col medium-6 small-12 large-6\"  ><div class=\"col-inner\"  >\n\n<h5><span style=\"color: #003366;\">4.1. Reunir los documentos y cumplir con las condiciones establecidas<\/span><\/h5>\n<p>4.1.1 Orden m\u00e9dica vigente <br \/>4.1.2 Autorizaci\u00f3n de la EPS vigente, en caso de no traer si direccional al 2 <br \/>piso (consulta externa) se le realiza gesti\u00f3n de la misma <br \/>4.1.3 Consentimiento informado firmado del examen a realizar (VIH) <br \/>4.1.4 Se brinda educaci\u00f3n con respecto al examen a realizar <br \/>4.1.5 Mayores de 60 a\u00f1os, ni\u00f1os, usuarios con alg\u00fan tipo de discapacidad se sugiere venir acompa\u00f1ado<\/p>\n<h5><span style=\"color: #003366;\">4.2. Asistir a la toma de muestra y presentar los documentos requeridos:<\/span><\/h5>\n<p>4.2.1 Presencial: 2 piso en el punto indicado por la instituci\u00f3n <br \/>4.2.2 Horario: 7:00 a.m. a 9:00 a.m. <br \/>4.2.3 Asistir con las indicaciones mencionadas <br \/>4.2.4 Asistir con el consentimiento informado firmado <br \/>4.2.5 Asistir acompa\u00f1ado si es mayor de 60 a\u00f1os, si es menor de edad o con alg\u00fan tipo de discapacidad<\/p>\n\n<\/div><\/div>\n<div class=\"col medium-6 small-12 large-6\"  ><div class=\"col-inner\"  >\n\n<h5><span style=\"color: #003366;\">4.3. Entrega de resultados: <\/span><\/h5>\n<div>4.3.1. Se brinda educaci\u00f3n sobre los resultados del examen, se entrega volante con instrucciones donde va anexo un c\u00f3digo para que el usuario pueda tener acceso a los resultados desde la p\u00e1gina web:<\/div>\n<ol>\n<li style=\"list-style-type: none;\">\n<ol>\n<li>Ingresar a la p\u00e1gina web del hospital -www.hsdp-gov.co<\/li>\n<li>Dar click en resultados de laboratorio<\/li>\n<li>Seleccione el modo que desea ingresar: <br \/>3.1 Ingresar al modo usuario <br \/>3.2 Digitalizar los siguientes datos: <br \/>3.2.1 Identificaci\u00f3n (ingresar n\u00famero de documento de identificaci\u00f3n) <br \/>3.2.2 C\u00f3digo de pacientes (ingresar n\u00famero que tiene el sticker)<\/li>\n<li>Dar click en Ingresar<\/li>\n<\/ol>\n<\/li>\n<\/ol>\n<div>4.3.2 Profesional de Medicina y\/o Especialista accede a los resultados por el sistema Kubat<\/div>\n<div>\u00a0<\/div>\n<div>\n<h5><span style=\"color: #003366;\">4.3. Si el paciente es particular: <\/span><\/h5>\n<p>4.4.2 Presentar orden m\u00e9dica o facturaci\u00f3n <br \/>4.4.3 Esperar toma del examen, indicaciones y\/o recomendaciones para el resultado del examen <br \/>4.4.4 Entrega de resultados en 1 hora o 1hora y 30 minutos <br \/>4.4.5 Recibe resultados en f\u00edsico<\/p>\n<\/div>\n\n<\/div><\/div>\n\n<\/div>\n<a class=\"button primary\"  style=\"border-radius:99px;\">\n    <span>Medio para seguimiento del usuario<\/span>\n  <\/a>\n\n\n<ul>\n<li>Direcci\u00f3n Carrera 9 No 5-01 BARRIO URSUA<\/li>\n<li>Ventanilla \u00fanica: www.hsdp.gov.co<\/li>\n<li>Web: Resultados laboratorio<\/li>\n<li>Presencial: En los puntos de atenci\u00f3n indicados por la instituci\u00f3n<\/li>\n<\/ul>\n\n","protected":false},"excerpt":{"rendered":"<p>Acceder a la toma de muestras de sangre y\/o fluido corporal para ex\u00e1menes de laboratorio de baja, mediana y alta complejidad, para procesamiento y posterior valoraci\u00f3n m\u00e9dica. Direcci\u00f3n Carrera 9 No 5-01 BARRIO URSUA Ventanilla \u00fanica: www.hsdp.gov.co Web: Resultados laboratorio Presencial: En los puntos de atenci\u00f3n indicados por la instituci\u00f3n<\/p>\n","protected":false},"author":1,"featured_media":0,"parent":0,"menu_order":0,"comment_status":"closed","ping_status":"closed","template":"","meta":{"footnotes":""},"_links":{"self":[{"href":"https:\/\/hsdp.gov.co\/portal\/wp-json\/wp\/v2\/pages\/12204"}],"collection":[{"href":"https:\/\/hsdp.gov.co\/portal\/wp-json\/wp\/v2\/pages"}],"about":[{"href":"https:\/\/hsdp.gov.co\/portal\/wp-json\/wp\/v2\/types\/page"}],"author":[{"embeddable":true,"href":"https:\/\/hsdp.gov.co\/portal\/wp-json\/wp\/v2\/users\/1"}],"replies":[{"embeddable":true,"href":"https:\/\/hsdp.gov.co\/portal\/wp-json\/wp\/v2\/comments?post=12204"}],"version-history":[{"count":12,"href":"https:\/\/hsdp.gov.co\/portal\/wp-json\/wp\/v2\/pages\/12204\/revisions"}],"predecessor-version":[{"id":12686,"href":"https:\/\/hsdp.gov.co\/portal\/wp-json\/wp\/v2\/pages\/12204\/revisions\/12686"}],"wp:attachment":[{"href":"https:\/\/hsdp.gov.co\/portal\/wp-json\/wp\/v2\/media?parent=12204"}],"curies":[{"name":"wp","href":"https:\/\/api.w.org\/{rel}","templated":true}]}}