{"id":12196,"date":"2024-12-13T10:17:13","date_gmt":"2024-12-13T15:17:13","guid":{"rendered":"https:\/\/hsdp.gov.co\/portal\/?page_id=12196"},"modified":"2025-05-12T12:00:00","modified_gmt":"2025-05-12T17:00:00","slug":"asignaicon-de-citas-para-la-prestacion-de-servicios-de-salud","status":"publish","type":"page","link":"https:\/\/hsdp.gov.co\/portal\/asignaicon-de-citas-para-la-prestacion-de-servicios-de-salud\/","title":{"rendered":"Asignaic\u00f3n de citas para la prestaci\u00f3n de servicios de salud"},"content":{"rendered":"\n<div class=\"container section-title-container\" ><h3 class=\"section-title section-title-center\"><b><\/b><span class=\"section-title-main\" style=\"color:rgb(88, 178, 109);\">5. Asignaic\u00f3n de citas para la prestaci\u00f3n de servicios de salud<\/span><b><\/b><\/h3><\/div><!-- .section-title -->\n\n<div class=\"row\"  id=\"row-337923030\">\n\n<div class=\"col medium-6 small-12 large-6\"  ><div class=\"col-inner\"  >\n\n<h5><span style=\"color: #003366;\">5.1. Reunir los documentos y cumplir con las condiciones establecidas<\/span><\/h5>\n<p><strong><em>5.1.2<\/em> De manera presencial en facturaci\u00f3n central (1 piso al ingresar a la Instituci\u00f3n)<\/strong> <br \/>5.1.2.1. Para mayores de 60 a\u00f1os, adulto mayor y usuarios del \u00e1rea rural <br \/>5.1.2.2. Presentar documento de identidad <br \/>5.1.2.3Horario de atenci\u00f3n: 7:00 am a 11:30 m y de 2:00 pm a 5:30 pm de lunes a viernes <br \/>5.1.2.4Se brinda educaci\u00f3n acerca del horario y lugar de la cita asignada<\/p>\n<p><strong><em>5.1.3 De manera presencial en el 1 piso al ingresar a la Instituci\u00f3n: <br \/><\/em><\/strong>5.1.3.1 Para Odontolog\u00eda, Medicina General, Nutrici\u00f3n y Psicolog\u00eda <br \/>5.1.3.2 Presentar documento de identidad <br \/>5.1.3.3 Horario de atenci\u00f3n: 8:00 am a 11:30 m y de 2:00 pm a 5:30 pm de lunes a viernes <br \/>5.1.3.4 Se brinda educaci\u00f3n acerca del horario y lugar de la cita asignada<\/p>\n<p><strong><em>5.1.4<\/em> De manera digital:<\/strong><br \/>5.1.4.1 Telef\u00f3nica: 3009131278<br \/>5.1.4.2 WhatsApp: 3229814086 <br \/>5.1.4.3 Horario de atenci\u00f3n: 7:00 a.m. a 11:30 a.m. \u2013 2:00 p.m. a 5:00 p.m. de lunes a viernes <br \/>5.1.4.4 Se brinda educaci\u00f3n acerca del horario y lugar de la cita asignada.<\/p>\n\n<\/div><\/div>\n<div class=\"col medium-6 small-12 large-6\"  ><div class=\"col-inner\"  >\n\n<h5><span style=\"color: #003366;\">5.2. Realizar la cancelaci\u00f3n de la cita<\/span><\/h5>\n<p>5.2.1 Canal de atenci\u00f3n presencial en el 1 piso<br \/>5.2.2 Telef\u00f3nica: 3009131278<br \/>5.2.3 WhatsApp: 3229814086<br \/>5.2.4 Horario de atenci\u00f3n: 7:00 a.m. a 11:30 a.m. \u2013 2:00 p.m. a 5:00 p.m. de lunes a viernes.<\/p>\n<h5><span style=\"color: #003366;\">5.3.<\/span><span style=\"color: #003366;\">\u00a0Realizar la cancelaci\u00f3n de la cita<\/span><\/h5>\n<p>5.3.1 Presentarse en el lugar asignado de la cita 20 minutos antes<br \/>5.3.2 Asistir seg\u00fan horario programado<br \/>5.3.3 Asistir acompa\u00f1ado si es mayor de 60 a\u00f1os, si es menor de edad o con alg\u00fan tipo de discapacidad <br \/>5.3.4 Presentar ex\u00e1menes de laboratorio cl\u00ednico, ex\u00e1menes de apoyo diagnostico etc. <br \/>5.3.5 Presentar autorizaci\u00f3n para citas con Especialidades<\/p>\n\n<\/div><\/div>\n\n<\/div>\n<a class=\"button primary\"  style=\"border-radius:99px;\">\n    <span>Medios para el seguimiento del usuario<\/span>\n  <\/a>\n\n\n<ul>\n<li>Telef\u00f3nico: 3009131278<\/li>\n<li>WhatsApp: 3229814086<\/li>\n<li>Horario de atenci\u00f3n: De lunes a viernes de 7:00 a.m. a 12:00 p.m &#8211; 2:00 p.m. a 6:00 p.m.<\/li>\n<li>Presencial Presencial en los puntos de atenci\u00f3n indicados por la instituci\u00f3n<\/li>\n<\/ul>\n\n","protected":false},"excerpt":{"rendered":"<p>Telef\u00f3nico: 3009131278 WhatsApp: 3229814086 Horario de atenci\u00f3n: De lunes a viernes de 7:00 a.m. a 12:00 p.m &#8211; 2:00 p.m. a 6:00 p.m. Presencial Presencial en los puntos de atenci\u00f3n indicados por la instituci\u00f3n<\/p>\n","protected":false},"author":1,"featured_media":0,"parent":0,"menu_order":0,"comment_status":"closed","ping_status":"closed","template":"","meta":{"footnotes":""},"_links":{"self":[{"href":"https:\/\/hsdp.gov.co\/portal\/wp-json\/wp\/v2\/pages\/12196"}],"collection":[{"href":"https:\/\/hsdp.gov.co\/portal\/wp-json\/wp\/v2\/pages"}],"about":[{"href":"https:\/\/hsdp.gov.co\/portal\/wp-json\/wp\/v2\/types\/page"}],"author":[{"embeddable":true,"href":"https:\/\/hsdp.gov.co\/portal\/wp-json\/wp\/v2\/users\/1"}],"replies":[{"embeddable":true,"href":"https:\/\/hsdp.gov.co\/portal\/wp-json\/wp\/v2\/comments?post=12196"}],"version-history":[{"count":11,"href":"https:\/\/hsdp.gov.co\/portal\/wp-json\/wp\/v2\/pages\/12196\/revisions"}],"predecessor-version":[{"id":12687,"href":"https:\/\/hsdp.gov.co\/portal\/wp-json\/wp\/v2\/pages\/12196\/revisions\/12687"}],"wp:attachment":[{"href":"https:\/\/hsdp.gov.co\/portal\/wp-json\/wp\/v2\/media?parent=12196"}],"curies":[{"name":"wp","href":"https:\/\/api.w.org\/{rel}","templated":true}]}}